{"id":65752,"date":"2025-03-20T20:10:11","date_gmt":"2025-03-20T23:10:11","guid":{"rendered":"https:\/\/passeiosbariloche.com\/?post_type=product&#038;p=65752"},"modified":"2026-04-13T11:18:59","modified_gmt":"2026-04-13T14:18:59","slug":"extremo-encantado-bariloche","status":"publish","type":"product","link":"https:\/\/passeiosbariloche.com\/en\/product\/enchanted-end\/","title":{"rendered":"Extremo Encantado: Snow, Fun and Andean Flavors"},"content":{"rendered":"<h3 data-start=\"467\" data-end=\"552\"><strong data-start=\"471\" data-end=\"552\">Experience the snow in Bariloche with an unforgettable excursion for the whole family.<\/strong><\/h3>\n<p data-start=\"554\" data-end=\"807\">Extremo Encantado is a perfect experience for first time visitors to Bariloche who want to enjoy the snow without complications. It combines fun, incredible scenery and a touch of local gastronomy, all in a magical mountain setting.<\/p>\n<p data-start=\"809\" data-end=\"1012\">Available every day from <strong data-start=\"844\" data-end=\"875\">June 10 to August 15<\/strong>, With two shifts to choose from, this outing is ideal for families, couples or groups that want to experience a special moment in Patagonia.<\/p>\n<h3 data-start=\"1019\" data-end=\"1050\">What does this adventure include?<\/h3>\n<p data-start=\"1052\" data-end=\"1221\"><strong data-start=\"1052\" data-end=\"1097\">Ascent by 4\u00d74 to Refugio Traves\u00eda:<\/strong> We start the tour in vehicles specially prepared for mountain roads, with unique views of the snowy forest.<\/p>\n<p data-start=\"1223\" data-end=\"1343\"><strong data-start=\"1223\" data-end=\"1249\">Sleds (culipatines):<\/strong> A fun, easy and safe activity for young and old, that guarantees laughter and excitement.<\/p>\n<p data-start=\"1345\" data-end=\"1477\"><strong data-start=\"1345\" data-end=\"1371\">Snowshoeing:<\/strong> We explore snowy trails on a gentle guided hike, with scenery that looks like something out of a postcard.<\/p>\n<p data-start=\"1479\" data-end=\"1641\"><strong data-start=\"1479\" data-end=\"1504\">Regional gastronomy:<\/strong> After the activity, a lunch or snack with typical Patagonian food is offered at the lodge, accompanied by live music.<\/p>\n<h3 data-start=\"1648\" data-end=\"1672\">Schedules available<\/h3>\n<ul data-start=\"1674\" data-end=\"1740\">\n<li data-start=\"1674\" data-end=\"1708\">\n<p data-start=\"1676\" data-end=\"1708\">Morning shift: 08:30 a.m. to 2:30 p.m.<\/p>\n<\/li>\n<li data-start=\"1709\" data-end=\"1740\">\n<p data-start=\"1711\" data-end=\"1740\">Afternoon shift: 12:30 to 18:30 hs.<\/p>\n<\/li>\n<\/ul>\n<p data-start=\"1742\" data-end=\"1893\"><strong data-start=\"1742\" data-end=\"1765\">Meeting point:<\/strong> The transfer departs from areas close to your accommodation, between downtown Bariloche and km 8 of Bustillo Av. or Pioneros Av.<\/p>\n<h3 data-start=\"1900\" data-end=\"1923\">Services included<\/h3>\n<ul data-start=\"1925\" data-end=\"2122\">\n<li data-start=\"1925\" data-end=\"1975\">\n<p data-start=\"1927\" data-end=\"1975\">Transportation to and from nearby points.<\/p>\n<\/li>\n<li data-start=\"1976\" data-end=\"1995\">\n<p data-start=\"1978\" data-end=\"1995\">Ascent in 4\u00d74.<\/p>\n<\/li>\n<li data-start=\"1996\" data-end=\"2022\">\n<p data-start=\"1998\" data-end=\"2022\">Snowshoeing.<\/p>\n<\/li>\n<li data-start=\"2023\" data-end=\"2049\">\n<p data-start=\"2025\" data-end=\"2049\">Sledding activity.<\/p>\n<\/li>\n<li data-start=\"2050\" data-end=\"2069\">\n<p data-start=\"2052\" data-end=\"2069\">Live music.<\/p>\n<\/li>\n<li data-start=\"2070\" data-end=\"2122\">\n<p data-start=\"2072\" data-end=\"2122\">Regional food (lunch or snack according to shift).<\/p>\n<\/li>\n<\/ul>\n<p data-start=\"2124\" data-end=\"2165\"><strong data-start=\"2124\" data-end=\"2139\">Does not include:<\/strong> snow clothes and beverages.<\/p>\n<h3 data-start=\"2172\" data-end=\"2196\">Frequently Asked Questions<\/h3>\n<p data-start=\"2198\" data-end=\"2340\"><strong data-start=\"2198\" data-end=\"2238\">Is it a safe activity for children?<\/strong><br data-start=\"2238\" data-end=\"2241\" \/>Yes, it is ideal for families with small children. Activities are safe, guided and supervised.<\/p>\n<p data-start=\"2342\" data-end=\"2469\"><strong data-start=\"2342\" data-end=\"2368\">What clothes should I wear?<\/strong><br data-start=\"2368\" data-end=\"2371\" \/>Warm and waterproof clothing, boots, gloves, hat and sunglasses. Snow clothing is not included.<\/p>\n<p data-start=\"2471\" data-end=\"2611\"><strong data-start=\"2471\" data-end=\"2503\">Do you need to speak Spanish?<\/strong><br data-start=\"2503\" data-end=\"2506\" \/>It is not necessary. Our guides are prepared to receive Brazilian tourists and help with the language.<\/p>\n<p data-start=\"2471\" data-end=\"2611\"><strong>Important Notice<\/strong>This tour is now available for pre-booking. Departures operate from June 15 to August 20, subject to seasonal calendar.<\/p>","protected":false},"excerpt":{"rendered":"<p><strong>Enchanted Extreme<\/strong> offers you an unparalleled winter experience. Experience the thrill of 4\u00d74, sledding and a guided hike, culminating with an exquisite culinary break. Connect with nature in an exceptional setting.<\/p>","protected":false},"featured_media":66645,"comment_status":"open","ping_status":"closed","template":"","meta":[],"product_brand":[],"product_cat":[105,124,131,115,106,118,108,127],"product_tag":[],"class_list":{"0":"post-65752","1":"product","2":"type-product","3":"status-publish","4":"has-post-thumbnail","6":"product_cat-adultos","7":"product_cat-aventura","8":"product_cat-con-comida","9":"product_cat-con-traslado","10":"product_cat-familia","11":"product_cat-invierno","12":"product_cat-ninos","13":"product_cat-terrestre","15":"first","16":"instock","17":"virtual","18":"sold-individually","19":"purchasable","20":"product-type-booking"},"booking_location":"","booking_location_type":"","booking_duration":1,"booking_duration_unit":"hour","booking_buffer":0,"booking_cost":0,"booking_resources":[],"exclude_global_add_ons":false,"addons":[{"name":"ADU | Adult","type":"input_multiplier","position":0,"required":false,"title_format":"label","default":"","description_enable":false,"description":"","placeholder_enable":false,"placeholder":"","display":"select","restrictions_type":"any_text","adjust_price":true,"price":"239500","price_type":"quantity_based","restrictions":false,"min":"0","max":"0","options":[],"id":1775049271},{"name":"MEN412 | from 04 to 12","type":"input_multiplier","position":1,"required":false,"title_format":"label","default":"","description_enable":false,"description":"","placeholder_enable":false,"placeholder":"","display":"select","restrictions_type":"any_text","adjust_price":true,"price":"179500","price_type":"quantity_based","restrictions":false,"min":"0","max":"0","options":[],"id":1775049272},{"name":"INF04 | 0 to 4","type":"input_multiplier","position":2,"required":false,"title_format":"label","default":"","description_enable":false,"description":"","placeholder_enable":false,"placeholder":"","display":"select","restrictions_type":"any_text","adjust_price":true,"price":"","price_type":"quantity_based","restrictions":false,"min":"0","max":"0","options":[],"id":1775049273}],"yoast_head":"<!-- This site is optimized with the Yoast SEO Premium plugin v24.5 (Yoast SEO v24.8) - https:\/\/yoast.com\/wordpress\/plugins\/seo\/ -->\n<title>Extremo Encantado: Nieve, Diversi\u00f3n y Sabores Andinos - Passeios em Bariloche | Neve, aventura e natureza na Argentina<\/title>\n<meta name=\"description\" content=\"Extremo Encantado: excursi\u00f3n en la nieve con trineos, raquetas, m\u00fasica en vivo y comida t\u00edpica. Ideal para turistas brasile\u00f1os que visitan Bariloche.\" \/>\n<meta name=\"robots\" content=\"index, follow, max-snippet:-1, max-image-preview:large, max-video-preview:-1\" \/>\n<link rel=\"canonical\" href=\"https:\/\/passeiosbariloche.com\/en\/product\/enchanted-end\/\" \/>\n<meta property=\"og:locale\" content=\"en_US\" \/>\n<meta property=\"og:type\" content=\"article\" \/>\n<meta property=\"og:title\" content=\"Extremo Encantado: Nieve, Diversi\u00f3n y Sabores Andinos\" \/>\n<meta property=\"og:description\" content=\"Extremo Encantado: excursi\u00f3n en la nieve con trineos, raquetas, m\u00fasica en vivo y comida t\u00edpica. Ideal para turistas brasile\u00f1os que visitan Bariloche.\" \/>\n<meta property=\"og:url\" content=\"https:\/\/passeiosbariloche.com\/en\/product\/enchanted-end\/\" \/>\n<meta property=\"og:site_name\" content=\"Passeios em Bariloche | Neve, aventura e natureza na Argentina\" \/>\n<meta property=\"article:modified_time\" content=\"2026-04-13T14:18:59+00:00\" \/>\n<meta property=\"og:image\" content=\"https:\/\/passeiosbariloche.com\/wp-content\/uploads\/2025\/03\/7-C-scaled.jpg\" \/>\n\t<meta property=\"og:image:width\" content=\"1920\" \/>\n\t<meta property=\"og:image:height\" content=\"2560\" \/>\n\t<meta property=\"og:image:type\" content=\"image\/jpeg\" \/>\n<meta name=\"twitter:card\" content=\"summary_large_image\" \/>\n<meta name=\"twitter:label1\" content=\"Price\" \/>\n\t<meta name=\"twitter:data1\" content=\"&#036;&nbsp;239.500,00\" \/>\n\t<meta name=\"twitter:label2\" content=\"Availability\" \/>\n\t<meta name=\"twitter:data2\" content=\"In stock\" \/>\n<script type=\"application\/ld+json\" class=\"yoast-schema-graph\">{\"@context\":\"https:\/\/schema.org\",\"@graph\":[{\"@type\":[\"WebPage\",\"ItemPage\"],\"@id\":\"https:\/\/passeiosbariloche.com\/product\/extremo-encantado-bariloche\/\",\"url\":\"https:\/\/passeiosbariloche.com\/product\/extremo-encantado-bariloche\/\",\"name\":\"Extremo Encantado: Nieve, Diversi\u00f3n y Sabores Andinos - Passeios em Bariloche | Neve, aventura e natureza na Argentina\",\"isPartOf\":{\"@id\":\"https:\/\/passeiosbariloche.com\/#website\"},\"primaryImageOfPage\":{\"@id\":\"https:\/\/passeiosbariloche.com\/product\/extremo-encantado-bariloche\/#primaryimage\"},\"image\":{\"@id\":\"https:\/\/passeiosbariloche.com\/product\/extremo-encantado-bariloche\/#primaryimage\"},\"thumbnailUrl\":\"https:\/\/passeiosbariloche.com\/wp-content\/uploads\/2025\/03\/7-C-scaled.jpg\",\"datePublished\":\"2025-03-20T23:10:11+00:00\",\"dateModified\":\"2026-04-13T14:18:59+00:00\",\"description\":\"Extremo Encantado: excursi\u00f3n en la nieve con trineos, raquetas, m\u00fasica en vivo y comida t\u00edpica. Ideal para turistas brasile\u00f1os que visitan Bariloche.\",\"breadcrumb\":{\"@id\":\"https:\/\/passeiosbariloche.com\/product\/extremo-encantado-bariloche\/#breadcrumb\"},\"inLanguage\":\"en-US\",\"potentialAction\":[{\"@type\":\"ReadAction\",\"target\":[\"https:\/\/passeiosbariloche.com\/product\/extremo-encantado-bariloche\/\"]}]},{\"@type\":\"ImageObject\",\"inLanguage\":\"en-US\",\"@id\":\"https:\/\/passeiosbariloche.com\/product\/extremo-encantado-bariloche\/#primaryimage\",\"url\":\"https:\/\/passeiosbariloche.com\/wp-content\/uploads\/2025\/03\/7-C-scaled.jpg\",\"contentUrl\":\"https:\/\/passeiosbariloche.com\/wp-content\/uploads\/2025\/03\/7-C-scaled.jpg\",\"width\":1920,\"height\":2560},{\"@type\":\"BreadcrumbList\",\"@id\":\"https:\/\/passeiosbariloche.com\/product\/extremo-encantado-bariloche\/#breadcrumb\",\"itemListElement\":[{\"@type\":\"ListItem\",\"position\":1,\"name\":\"Home\",\"item\":\"https:\/\/passeiosbariloche.com\/\"},{\"@type\":\"ListItem\",\"position\":2,\"name\":\"Lista de excursiones\",\"item\":\"https:\/\/passeiosbariloche.com\/shop\/\"},{\"@type\":\"ListItem\",\"position\":3,\"name\":\"Extremo Encantado: Nieve, Diversi\u00f3n y Sabores Andinos\"}]},{\"@type\":\"WebSite\",\"@id\":\"https:\/\/passeiosbariloche.com\/#website\",\"url\":\"https:\/\/passeiosbariloche.com\/\",\"name\":\"Passeios em Bariloche | Aventura e natureza na Argentina\",\"description\":\"Planeje sua viagem para Bariloche com os melhores passeios! Atividades na neve, aventura e paisagens deslumbrantes na Patag\u00f4nia.\",\"potentialAction\":[{\"@type\":\"SearchAction\",\"target\":{\"@type\":\"EntryPoint\",\"urlTemplate\":\"https:\/\/passeiosbariloche.com\/?s={search_term_string}\"},\"query-input\":{\"@type\":\"PropertyValueSpecification\",\"valueRequired\":true,\"valueName\":\"search_term_string\"}}],\"inLanguage\":\"en-US\"}]}<\/script>\n<meta property=\"product:price:amount\" content=\"239500.00\" \/>\n<meta property=\"product:price:currency\" content=\"ARS\" \/>\n<meta property=\"og:availability\" content=\"instock\" \/>\n<meta property=\"product:availability\" content=\"instock\" \/>\n<meta property=\"product:retailer_item_id\" content=\"ADV2025EXENCL99\" \/>\n<meta property=\"product:condition\" content=\"new\" \/>\n<!-- \/ Yoast SEO Premium plugin. -->","yoast_head_json":{"title":"Extremo Encantado: Snow, Fun and Andean Flavors - Passeios em Bariloche | Neve, aventura e natureza na Argentina","description":"Extremo Encantado: snow excursion with sledges, snowshoes, live music and typical food. Ideal for Brazilian tourists visiting Bariloche.","robots":{"index":"index","follow":"follow","max-snippet":"max-snippet:-1","max-image-preview":"max-image-preview:large","max-video-preview":"max-video-preview:-1"},"canonical":"https:\/\/passeiosbariloche.com\/en\/product\/enchanted-end\/","og_locale":"en_US","og_type":"article","og_title":"Extremo Encantado: Nieve, Diversi\u00f3n y Sabores Andinos","og_description":"Extremo Encantado: excursi\u00f3n en la nieve con trineos, raquetas, m\u00fasica en vivo y comida t\u00edpica. Ideal para turistas brasile\u00f1os que visitan Bariloche.","og_url":"https:\/\/passeiosbariloche.com\/en\/product\/enchanted-end\/","og_site_name":"Passeios em Bariloche | Neve, aventura e natureza na Argentina","article_modified_time":"2026-04-13T14:18:59+00:00","og_image":[{"width":1920,"height":2560,"url":"https:\/\/passeiosbariloche.com\/wp-content\/uploads\/2025\/03\/7-C-scaled.jpg","type":"image\/jpeg"}],"twitter_card":"summary_large_image","twitter_misc":{"Price":"&#36;&nbsp;239.500,00","Availability":"In stock"},"schema":{"@context":"https:\/\/schema.org","@graph":[{"@type":["WebPage","ItemPage"],"@id":"https:\/\/passeiosbariloche.com\/product\/extremo-encantado-bariloche\/","url":"https:\/\/passeiosbariloche.com\/product\/extremo-encantado-bariloche\/","name":"Extremo Encantado: Snow, Fun and Andean Flavors - Passeios em Bariloche | Neve, aventura e natureza na Argentina","isPartOf":{"@id":"https:\/\/passeiosbariloche.com\/#website"},"primaryImageOfPage":{"@id":"https:\/\/passeiosbariloche.com\/product\/extremo-encantado-bariloche\/#primaryimage"},"image":{"@id":"https:\/\/passeiosbariloche.com\/product\/extremo-encantado-bariloche\/#primaryimage"},"thumbnailUrl":"https:\/\/passeiosbariloche.com\/wp-content\/uploads\/2025\/03\/7-C-scaled.jpg","datePublished":"2025-03-20T23:10:11+00:00","dateModified":"2026-04-13T14:18:59+00:00","description":"Extremo Encantado: snow excursion with sledges, snowshoes, live music and typical food. Ideal for Brazilian tourists visiting Bariloche.","breadcrumb":{"@id":"https:\/\/passeiosbariloche.com\/product\/extremo-encantado-bariloche\/#breadcrumb"},"inLanguage":"en-US","potentialAction":[{"@type":"ReadAction","target":["https:\/\/passeiosbariloche.com\/product\/extremo-encantado-bariloche\/"]}]},{"@type":"ImageObject","inLanguage":"en-US","@id":"https:\/\/passeiosbariloche.com\/product\/extremo-encantado-bariloche\/#primaryimage","url":"https:\/\/passeiosbariloche.com\/wp-content\/uploads\/2025\/03\/7-C-scaled.jpg","contentUrl":"https:\/\/passeiosbariloche.com\/wp-content\/uploads\/2025\/03\/7-C-scaled.jpg","width":1920,"height":2560},{"@type":"BreadcrumbList","@id":"https:\/\/passeiosbariloche.com\/product\/extremo-encantado-bariloche\/#breadcrumb","itemListElement":[{"@type":"ListItem","position":1,"name":"Home","item":"https:\/\/passeiosbariloche.com\/"},{"@type":"ListItem","position":2,"name":"Lista de excursiones","item":"https:\/\/passeiosbariloche.com\/shop\/"},{"@type":"ListItem","position":3,"name":"Extremo Encantado: Nieve, Diversi\u00f3n y Sabores Andinos"}]},{"@type":"WebSite","@id":"https:\/\/passeiosbariloche.com\/#website","url":"https:\/\/passeiosbariloche.com\/","name":"Passeios em Bariloche : Adventure and nature in Argentina","description":"Plan your trip to Bariloche with the best tours! Snow activities, adventure and dazzling landscapes in Patagonia.","potentialAction":[{"@type":"SearchAction","target":{"@type":"EntryPoint","urlTemplate":"https:\/\/passeiosbariloche.com\/?s={search_term_string}"},"query-input":{"@type":"PropertyValueSpecification","valueRequired":true,"valueName":"search_term_string"}}],"inLanguage":"en-US"}]},"product_price_amount":"239500.00","product_price_currency":"ARS","og_availability":"instock","product_availability":"instock","product_retailer_item_id":"ADV2025EXENCL99","product_condition":"new"},"_links":{"self":[{"href":"https:\/\/passeiosbariloche.com\/en\/wp-json\/wp\/v2\/product\/65752","targetHints":{"allow":["GET"]}}],"collection":[{"href":"https:\/\/passeiosbariloche.com\/en\/wp-json\/wp\/v2\/product"}],"about":[{"href":"https:\/\/passeiosbariloche.com\/en\/wp-json\/wp\/v2\/types\/product"}],"replies":[{"embeddable":true,"href":"https:\/\/passeiosbariloche.com\/en\/wp-json\/wp\/v2\/comments?post=65752"}],"version-history":[{"count":8,"href":"https:\/\/passeiosbariloche.com\/en\/wp-json\/wp\/v2\/product\/65752\/revisions"}],"predecessor-version":[{"id":84471,"href":"https:\/\/passeiosbariloche.com\/en\/wp-json\/wp\/v2\/product\/65752\/revisions\/84471"}],"wp:featuredmedia":[{"embeddable":true,"href":"https:\/\/passeiosbariloche.com\/en\/wp-json\/wp\/v2\/media\/66645"}],"wp:attachment":[{"href":"https:\/\/passeiosbariloche.com\/en\/wp-json\/wp\/v2\/media?parent=65752"}],"wp:term":[{"taxonomy":"product_brand","embeddable":true,"href":"https:\/\/passeiosbariloche.com\/en\/wp-json\/wp\/v2\/product_brand?post=65752"},{"taxonomy":"product_cat","embeddable":true,"href":"https:\/\/passeiosbariloche.com\/en\/wp-json\/wp\/v2\/product_cat?post=65752"},{"taxonomy":"product_tag","embeddable":true,"href":"https:\/\/passeiosbariloche.com\/en\/wp-json\/wp\/v2\/product_tag?post=65752"}],"curies":[{"name":"wp","href":"https:\/\/api.w.org\/{rel}","templated":true}]}}