{"id":65758,"date":"2025-03-20T20:11:41","date_gmt":"2025-03-20T23:11:41","guid":{"rendered":"https:\/\/passeiosbariloche.com\/?post_type=product&#038;p=65758"},"modified":"2026-04-08T16:20:40","modified_gmt":"2026-04-08T19:20:40","slug":"puerto-blest-cascada-cantaros-lago-frias-sin-traslado","status":"publish","type":"product","link":"https:\/\/passeiosbariloche.com\/en\/product\/puerto-blest-waterfall-cantaros-lake-frias-without-transfer\/","title":{"rendered":"Excursion to Puerto Blest and Lago Frias without transfer"},"content":{"rendered":"<h3 data-start=\"434\" data-end=\"501\">Navigate two Patagonian lakes in an unforgettable excursion.<\/h3>\n<p data-start=\"502\" data-end=\"897\">If you are already in Bariloche and have your own mobility or want to organize your day with flexibility, this option is perfect. The tour starts at <strong data-start=\"649\" data-end=\"660\">9:00 a.m.<\/strong> at <strong data-start=\"664\" data-end=\"682\">Puerto Pa\u00f1uelo<\/strong>located at kilometer 25 of Bustillo Avenue. From there, you will embark on a modern catamaran to travel along the <strong data-start=\"794\" data-end=\"831\">Blest Arm of Lake Nahuel Huapi<\/strong>surrounded by mountains, forests and typical Patagonian landscapes.<\/p>\n<p data-start=\"899\" data-end=\"1284\">Then, from <strong data-start=\"912\" data-end=\"928\">Puerto Blest<\/strong>you embark again to cross the beautiful <strong data-start=\"973\" data-end=\"987\">Lake Frias<\/strong>famous for its intense green color, a product of the melting of the glaciers of the <strong data-start=\"1067\" data-end=\"1085\">Cerro Tronador<\/strong>. During the tour you will also have free time to explore the surrounding area and take the optional hike to the <strong data-start=\"1203\" data-end=\"1227\">Los C\u00e1ntaros Waterfall<\/strong>through safe trails in the middle of the Valdivian rainforest.<\/p>\n<p data-start=\"1286\" data-end=\"1559\">The entire tour is accompanied by English-speaking guides. The return is scheduled for <strong data-start=\"1372\" data-end=\"1384\">5:30 p.m.<\/strong>. It is an ideal option for those who travel by car, stay near Llao Llao or simply prefer a complete excursion, but with the freedom to arrive on their own.<\/p>\n<h3 data-start=\"1566\" data-end=\"1592\">Frequently Asked Questions<\/h3>\n<p data-start=\"1593\" data-end=\"1743\"><strong data-start=\"1593\" data-end=\"1638\">Where is Puerto Pa\u00f1uelo and how do I get there?<\/strong><br data-start=\"1638\" data-end=\"1641\" \/>It is 25 km from downtown Bariloche, on Bustillo Avenue. You can get there by car, cab, remis or bus.<\/p>\n<p data-start=\"1745\" data-end=\"1878\"><strong data-start=\"1745\" data-end=\"1777\">What does this tour include?<\/strong><br data-start=\"1777\" data-end=\"1780\" \/>Includes navigation to Puerto Blest and Lago Frias, guided hike to the waterfall and guide in Spanish.<\/p>\n<p data-start=\"1880\" data-end=\"2019\"><strong data-start=\"1880\" data-end=\"1906\">What is not included?<\/strong><br data-start=\"1906\" data-end=\"1909\" \/>Does not include transfer to the port, entrance fees to the National Park, boarding fees and meals.<\/p>\n<p data-start=\"2021\" data-end=\"2178\"><strong data-start=\"2021\" data-end=\"2081\">Is this tour suitable for families or seniors?<\/strong><br data-start=\"2081\" data-end=\"2084\" \/>Yes, it is a quiet and safe ride for all ages, with accessible and flexible options.<\/p>","protected":false},"excerpt":{"rendered":"<p data-start=\"2423\" data-end=\"2601\">Excursion from Puerto Pa\u00f1uelo without transfer. Includes navigation to Puerto Blest and Lago Frias, hike to Los Cantaros waterfall and guide. Flexible option for travelers from Brazil.<\/p>","protected":false},"featured_media":66623,"comment_status":"open","ping_status":"closed","template":"","meta":[],"product_brand":[],"product_cat":[105,106,107,125,108,132,116,121],"product_tag":[],"class_list":{"0":"post-65758","1":"product","2":"type-product","3":"status-publish","4":"has-post-thumbnail","6":"product_cat-adultos","7":"product_cat-familia","8":"product_cat-jubilados","9":"product_cat-lacustre","10":"product_cat-ninos","11":"product_cat-sin-comida","12":"product_cat-sin-traslado","13":"product_cat-todo-el-ano","15":"first","16":"instock","17":"virtual","18":"sold-individually","19":"purchasable","20":"product-type-booking"},"booking_location":"","booking_location_type":"","booking_duration":60,"booking_duration_unit":"minute","booking_buffer":0,"booking_cost":0,"booking_resources":[],"exclude_global_add_ons":false,"addons":[{"name":"ADU | Adult","type":"input_multiplier","position":0,"required":false,"title_format":"label","default":"","description_enable":false,"description":"","placeholder_enable":false,"placeholder":"","display":"select","restrictions_type":"any_text","adjust_price":true,"price":"190000","price_type":"quantity_based","restrictions":false,"min":"0","max":"0","options":[],"id":1773233364},{"name":"MEN512 | from 5 to 12","type":"input_multiplier","position":1,"required":false,"title_format":"label","default":"","description_enable":false,"description":"","placeholder_enable":false,"placeholder":"","display":"select","restrictions_type":"any_text","adjust_price":true,"price":"97000","price_type":"quantity_based","restrictions":false,"min":"0","max":"0","options":[],"id":1773233365},{"name":"ADUJ : Retired","type":"input_multiplier","position":2,"required":false,"title_format":"label","default":"","description_enable":false,"description":"","placeholder_enable":false,"placeholder":"","display":"select","restrictions_type":"any_text","adjust_price":true,"price":"97000","price_type":"quantity_based","restrictions":false,"min":"0","max":"0","options":[],"id":1773233366}],"yoast_head":"<!-- This site is optimized with the Yoast SEO Premium plugin v24.5 (Yoast SEO v24.8) - https:\/\/yoast.com\/wordpress\/plugins\/seo\/ -->\n<title>Excursi\u00f3n a Puerto Blest y Lago Fr\u00edas sin traslado - Passeios em Bariloche | Neve, aventura e natureza na Argentina<\/title>\n<meta name=\"description\" content=\"Excursi\u00f3n a Puerto Blest y Lago Fr\u00edas desde Puerto Pa\u00f1uelo. Dos navegaciones y caminata guiada. Ideal para turistas que llegan por su cuenta.\" \/>\n<meta name=\"robots\" content=\"index, follow, max-snippet:-1, max-image-preview:large, max-video-preview:-1\" \/>\n<link rel=\"canonical\" href=\"https:\/\/passeiosbariloche.com\/en\/product\/puerto-blest-waterfall-cantaros-lake-frias-without-transfer\/\" \/>\n<meta property=\"og:locale\" content=\"en_US\" \/>\n<meta property=\"og:type\" content=\"article\" \/>\n<meta property=\"og:title\" content=\"Excursi\u00f3n a Puerto Blest y Lago Fr\u00edas sin traslado\" \/>\n<meta property=\"og:description\" content=\"Excursi\u00f3n a Puerto Blest y Lago Fr\u00edas desde Puerto Pa\u00f1uelo. Dos navegaciones y caminata guiada. Ideal para turistas que llegan por su cuenta.\" \/>\n<meta property=\"og:url\" content=\"https:\/\/passeiosbariloche.com\/en\/product\/puerto-blest-waterfall-cantaros-lake-frias-without-transfer\/\" \/>\n<meta property=\"og:site_name\" content=\"Passeios em Bariloche | Neve, aventura e natureza na Argentina\" \/>\n<meta property=\"article:modified_time\" content=\"2026-04-08T19:20:40+00:00\" \/>\n<meta property=\"og:image\" content=\"https:\/\/passeiosbariloche.com\/wp-content\/uploads\/2025\/03\/1-A-WhatsApp-Image-2023-02-21-at-10.55.35-scaled.jpg\" \/>\n\t<meta property=\"og:image:width\" content=\"1920\" \/>\n\t<meta property=\"og:image:height\" content=\"2560\" \/>\n\t<meta property=\"og:image:type\" content=\"image\/jpeg\" \/>\n<meta name=\"twitter:card\" content=\"summary_large_image\" \/>\n<meta name=\"twitter:label1\" content=\"Price\" \/>\n\t<meta name=\"twitter:data1\" content=\"&#036;&nbsp;190.000,00\" \/>\n\t<meta name=\"twitter:label2\" content=\"Availability\" \/>\n\t<meta name=\"twitter:data2\" content=\"In stock\" \/>\n<script type=\"application\/ld+json\" class=\"yoast-schema-graph\">{\"@context\":\"https:\/\/schema.org\",\"@graph\":[{\"@type\":[\"WebPage\",\"ItemPage\"],\"@id\":\"https:\/\/passeiosbariloche.com\/product\/puerto-blest-cascada-cantaros-lago-frias-sin-traslado\/\",\"url\":\"https:\/\/passeiosbariloche.com\/product\/puerto-blest-cascada-cantaros-lago-frias-sin-traslado\/\",\"name\":\"Excursi\u00f3n a Puerto Blest y Lago Fr\u00edas sin traslado - Passeios em Bariloche | Neve, aventura e natureza na Argentina\",\"isPartOf\":{\"@id\":\"https:\/\/passeiosbariloche.com\/#website\"},\"primaryImageOfPage\":{\"@id\":\"https:\/\/passeiosbariloche.com\/product\/puerto-blest-cascada-cantaros-lago-frias-sin-traslado\/#primaryimage\"},\"image\":{\"@id\":\"https:\/\/passeiosbariloche.com\/product\/puerto-blest-cascada-cantaros-lago-frias-sin-traslado\/#primaryimage\"},\"thumbnailUrl\":\"https:\/\/passeiosbariloche.com\/wp-content\/uploads\/2025\/03\/1-A-WhatsApp-Image-2023-02-21-at-10.55.35-scaled.jpg\",\"datePublished\":\"2025-03-20T23:11:41+00:00\",\"dateModified\":\"2026-04-08T19:20:40+00:00\",\"description\":\"Excursi\u00f3n a Puerto Blest y Lago Fr\u00edas desde Puerto Pa\u00f1uelo. Dos navegaciones y caminata guiada. Ideal para turistas que llegan por su cuenta.\",\"breadcrumb\":{\"@id\":\"https:\/\/passeiosbariloche.com\/product\/puerto-blest-cascada-cantaros-lago-frias-sin-traslado\/#breadcrumb\"},\"inLanguage\":\"en-US\",\"potentialAction\":[{\"@type\":\"ReadAction\",\"target\":[\"https:\/\/passeiosbariloche.com\/product\/puerto-blest-cascada-cantaros-lago-frias-sin-traslado\/\"]}]},{\"@type\":\"ImageObject\",\"inLanguage\":\"en-US\",\"@id\":\"https:\/\/passeiosbariloche.com\/product\/puerto-blest-cascada-cantaros-lago-frias-sin-traslado\/#primaryimage\",\"url\":\"https:\/\/passeiosbariloche.com\/wp-content\/uploads\/2025\/03\/1-A-WhatsApp-Image-2023-02-21-at-10.55.35-scaled.jpg\",\"contentUrl\":\"https:\/\/passeiosbariloche.com\/wp-content\/uploads\/2025\/03\/1-A-WhatsApp-Image-2023-02-21-at-10.55.35-scaled.jpg\",\"width\":1920,\"height\":2560},{\"@type\":\"BreadcrumbList\",\"@id\":\"https:\/\/passeiosbariloche.com\/product\/puerto-blest-cascada-cantaros-lago-frias-sin-traslado\/#breadcrumb\",\"itemListElement\":[{\"@type\":\"ListItem\",\"position\":1,\"name\":\"Home\",\"item\":\"https:\/\/passeiosbariloche.com\/\"},{\"@type\":\"ListItem\",\"position\":2,\"name\":\"Lista de excursiones\",\"item\":\"https:\/\/passeiosbariloche.com\/shop\/\"},{\"@type\":\"ListItem\",\"position\":3,\"name\":\"Excursi\u00f3n a Puerto Blest y Lago Fr\u00edas sin traslado\"}]},{\"@type\":\"WebSite\",\"@id\":\"https:\/\/passeiosbariloche.com\/#website\",\"url\":\"https:\/\/passeiosbariloche.com\/\",\"name\":\"Passeios em Bariloche | Aventura e natureza na Argentina\",\"description\":\"Planeje sua viagem para Bariloche com os melhores passeios! Atividades na neve, aventura e paisagens deslumbrantes na Patag\u00f4nia.\",\"potentialAction\":[{\"@type\":\"SearchAction\",\"target\":{\"@type\":\"EntryPoint\",\"urlTemplate\":\"https:\/\/passeiosbariloche.com\/?s={search_term_string}\"},\"query-input\":{\"@type\":\"PropertyValueSpecification\",\"valueRequired\":true,\"valueName\":\"search_term_string\"}}],\"inLanguage\":\"en-US\"}]}<\/script>\n<meta property=\"product:price:amount\" content=\"190000.00\" \/>\n<meta property=\"product:price:currency\" content=\"ARS\" \/>\n<meta property=\"og:availability\" content=\"instock\" \/>\n<meta property=\"product:availability\" content=\"instock\" \/>\n<meta property=\"product:retailer_item_id\" content=\"ADV2025PUBLYC33V7\" \/>\n<meta property=\"product:condition\" content=\"new\" \/>\n<!-- \/ Yoast SEO Premium plugin. -->","yoast_head_json":{"title":"Excursion to Puerto Blest and Lago Frias without transfer - Passeios em Bariloche | Neve, aventura e natureza na Argentina","description":"Excursion to Puerto Blest and Lago Frias from Puerto Pa\u00f1uelo. Two navigations and guided hike. Ideal for tourists arriving on their own.","robots":{"index":"index","follow":"follow","max-snippet":"max-snippet:-1","max-image-preview":"max-image-preview:large","max-video-preview":"max-video-preview:-1"},"canonical":"https:\/\/passeiosbariloche.com\/en\/product\/puerto-blest-waterfall-cantaros-lake-frias-without-transfer\/","og_locale":"en_US","og_type":"article","og_title":"Excursi\u00f3n a Puerto Blest y Lago Fr\u00edas sin traslado","og_description":"Excursi\u00f3n a Puerto Blest y Lago Fr\u00edas desde Puerto Pa\u00f1uelo. Dos navegaciones y caminata guiada. Ideal para turistas que llegan por su cuenta.","og_url":"https:\/\/passeiosbariloche.com\/en\/product\/puerto-blest-waterfall-cantaros-lake-frias-without-transfer\/","og_site_name":"Passeios em Bariloche | Neve, aventura e natureza na Argentina","article_modified_time":"2026-04-08T19:20:40+00:00","og_image":[{"width":1920,"height":2560,"url":"https:\/\/passeiosbariloche.com\/wp-content\/uploads\/2025\/03\/1-A-WhatsApp-Image-2023-02-21-at-10.55.35-scaled.jpg","type":"image\/jpeg"}],"twitter_card":"summary_large_image","twitter_misc":{"Price":"&#36;&nbsp;190.000,00","Availability":"In stock"},"schema":{"@context":"https:\/\/schema.org","@graph":[{"@type":["WebPage","ItemPage"],"@id":"https:\/\/passeiosbariloche.com\/product\/puerto-blest-cascada-cantaros-lago-frias-sin-traslado\/","url":"https:\/\/passeiosbariloche.com\/product\/puerto-blest-cascada-cantaros-lago-frias-sin-traslado\/","name":"Excursion to Puerto Blest and Lago Frias without transfer - Passeios em Bariloche | Neve, aventura e natureza na Argentina","isPartOf":{"@id":"https:\/\/passeiosbariloche.com\/#website"},"primaryImageOfPage":{"@id":"https:\/\/passeiosbariloche.com\/product\/puerto-blest-cascada-cantaros-lago-frias-sin-traslado\/#primaryimage"},"image":{"@id":"https:\/\/passeiosbariloche.com\/product\/puerto-blest-cascada-cantaros-lago-frias-sin-traslado\/#primaryimage"},"thumbnailUrl":"https:\/\/passeiosbariloche.com\/wp-content\/uploads\/2025\/03\/1-A-WhatsApp-Image-2023-02-21-at-10.55.35-scaled.jpg","datePublished":"2025-03-20T23:11:41+00:00","dateModified":"2026-04-08T19:20:40+00:00","description":"Excursion to Puerto Blest and Lago Frias from Puerto Pa\u00f1uelo. Two navigations and guided hike. Ideal for tourists arriving on their own.","breadcrumb":{"@id":"https:\/\/passeiosbariloche.com\/product\/puerto-blest-cascada-cantaros-lago-frias-sin-traslado\/#breadcrumb"},"inLanguage":"en-US","potentialAction":[{"@type":"ReadAction","target":["https:\/\/passeiosbariloche.com\/product\/puerto-blest-cascada-cantaros-lago-frias-sin-traslado\/"]}]},{"@type":"ImageObject","inLanguage":"en-US","@id":"https:\/\/passeiosbariloche.com\/product\/puerto-blest-cascada-cantaros-lago-frias-sin-traslado\/#primaryimage","url":"https:\/\/passeiosbariloche.com\/wp-content\/uploads\/2025\/03\/1-A-WhatsApp-Image-2023-02-21-at-10.55.35-scaled.jpg","contentUrl":"https:\/\/passeiosbariloche.com\/wp-content\/uploads\/2025\/03\/1-A-WhatsApp-Image-2023-02-21-at-10.55.35-scaled.jpg","width":1920,"height":2560},{"@type":"BreadcrumbList","@id":"https:\/\/passeiosbariloche.com\/product\/puerto-blest-cascada-cantaros-lago-frias-sin-traslado\/#breadcrumb","itemListElement":[{"@type":"ListItem","position":1,"name":"Home","item":"https:\/\/passeiosbariloche.com\/"},{"@type":"ListItem","position":2,"name":"Lista de excursiones","item":"https:\/\/passeiosbariloche.com\/shop\/"},{"@type":"ListItem","position":3,"name":"Excursi\u00f3n a Puerto Blest y Lago Fr\u00edas sin traslado"}]},{"@type":"WebSite","@id":"https:\/\/passeiosbariloche.com\/#website","url":"https:\/\/passeiosbariloche.com\/","name":"Passeios em Bariloche : Adventure and nature in Argentina","description":"Plan your trip to Bariloche with the best tours! Snow activities, adventure and dazzling landscapes in Patagonia.","potentialAction":[{"@type":"SearchAction","target":{"@type":"EntryPoint","urlTemplate":"https:\/\/passeiosbariloche.com\/?s={search_term_string}"},"query-input":{"@type":"PropertyValueSpecification","valueRequired":true,"valueName":"search_term_string"}}],"inLanguage":"en-US"}]},"product_price_amount":"190000.00","product_price_currency":"ARS","og_availability":"instock","product_availability":"instock","product_retailer_item_id":"ADV2025PUBLYC33V7","product_condition":"new"},"_links":{"self":[{"href":"https:\/\/passeiosbariloche.com\/en\/wp-json\/wp\/v2\/product\/65758","targetHints":{"allow":["GET"]}}],"collection":[{"href":"https:\/\/passeiosbariloche.com\/en\/wp-json\/wp\/v2\/product"}],"about":[{"href":"https:\/\/passeiosbariloche.com\/en\/wp-json\/wp\/v2\/types\/product"}],"replies":[{"embeddable":true,"href":"https:\/\/passeiosbariloche.com\/en\/wp-json\/wp\/v2\/comments?post=65758"}],"version-history":[{"count":5,"href":"https:\/\/passeiosbariloche.com\/en\/wp-json\/wp\/v2\/product\/65758\/revisions"}],"predecessor-version":[{"id":84446,"href":"https:\/\/passeiosbariloche.com\/en\/wp-json\/wp\/v2\/product\/65758\/revisions\/84446"}],"wp:featuredmedia":[{"embeddable":true,"href":"https:\/\/passeiosbariloche.com\/en\/wp-json\/wp\/v2\/media\/66623"}],"wp:attachment":[{"href":"https:\/\/passeiosbariloche.com\/en\/wp-json\/wp\/v2\/media?parent=65758"}],"wp:term":[{"taxonomy":"product_brand","embeddable":true,"href":"https:\/\/passeiosbariloche.com\/en\/wp-json\/wp\/v2\/product_brand?post=65758"},{"taxonomy":"product_cat","embeddable":true,"href":"https:\/\/passeiosbariloche.com\/en\/wp-json\/wp\/v2\/product_cat?post=65758"},{"taxonomy":"product_tag","embeddable":true,"href":"https:\/\/passeiosbariloche.com\/en\/wp-json\/wp\/v2\/product_tag?post=65758"}],"curies":[{"name":"wp","href":"https:\/\/api.w.org\/{rel}","templated":true}]}}