{"id":65759,"date":"2025-03-20T20:11:58","date_gmt":"2025-03-20T23:11:58","guid":{"rendered":"https:\/\/passeiosbariloche.com\/?post_type=product&#038;p=65759"},"modified":"2026-04-09T09:16:46","modified_gmt":"2026-04-09T12:16:46","slug":"puerto-blest-y-cascada-los-cantaros-sin-traslado","status":"publish","type":"product","link":"https:\/\/passeiosbariloche.com\/en\/product\/puerto-blest-and-los-cantaros-waterfall-without-relocation\/","title":{"rendered":"Puerto Blest and Los C\u00e1ntaros waterfall without transfer (departure from Puerto Pa\u00f1uelo)."},"content":{"rendered":"<h3 data-start=\"518\" data-end=\"578\">Explore Patagonia with freedom and without complications<\/h3>\n<p data-start=\"579\" data-end=\"933\">If you are traveling in Bariloche and prefer to organize your own transportation, this option is ideal. The excursion starts directly in <strong data-start=\"714\" data-end=\"732\">Puerto Pa\u00f1uelo<\/strong>at kilometer 25 of Bustillo Avenue. From there you embark on a catamaran to sail along the <strong data-start=\"833\" data-end=\"854\">Nahuel Huapi Lake<\/strong>crossing the Brazo Blest, a place surrounded by mountains, forest and fresh air.<\/p>\n<p data-start=\"935\" data-end=\"1331\">During the tour, you will get to know the <strong data-start=\"974\" data-end=\"994\">Sentinel Islet<\/strong>The historical place where the remains of Perito Moreno rest. Arriving at <strong data-start=\"1070\" data-end=\"1086\">Puerto Blest<\/strong>you can take a guided hike to the <strong data-start=\"1129\" data-end=\"1153\">Los C\u00e1ntaros Waterfall<\/strong>surrounded by vegetation and safe walkways. You also have the option of adding the navigation to the <strong data-start=\"1248\" data-end=\"1262\">Lake Frias<\/strong>famous for its emerald green color and views of Cerro Tronador.<\/p>\n<p data-start=\"1333\" data-end=\"1570\">It is a very complete tour, ideal for those who want to enjoy the Patagonian landscapes on their own, without depending on transfers or closed excursions. The entire tour is accompanied by guides, with explanations in Spanish of course.<\/p>\n<h3 data-start=\"1577\" data-end=\"1603\">Frequently Asked Questions<\/h3>\n<p data-start=\"1604\" data-end=\"1770\"><strong data-start=\"1604\" data-end=\"1644\">How can I get to Puerto Pa\u00f1uelo?<\/strong><br data-start=\"1644\" data-end=\"1647\" \/>It is 25 km from downtown Bariloche, on Bustillo Avenue. It can be reached by car, cab, remis or public transportation.<\/p>\n<p data-start=\"1772\" data-end=\"1883\"><strong data-start=\"1772\" data-end=\"1800\">Is the excursion guided?<\/strong><br data-start=\"1800\" data-end=\"1803\" \/>Yes, the tour includes a guide in Spanish for both the navigation and the hike.<\/p>\n<p data-start=\"1885\" data-end=\"1984\"><strong data-start=\"1885\" data-end=\"1910\">Can I bring food?<\/strong><br data-start=\"1910\" data-end=\"1913\" \/>Yes, you can bring your own lunch. There is also a restaurant in Puerto Blest.<\/p>\n<p data-start=\"1986\" data-end=\"2118\"><strong data-start=\"1986\" data-end=\"2045\">Can I do the tour with children or elderly people?<\/strong><br data-start=\"2045\" data-end=\"2048\" \/>Yes, it is a quiet, accessible and safe walk for everyone.<\/p>","protected":false},"excerpt":{"rendered":"<p data-start=\"2354\" data-end=\"2552\">Excursion from Puerto Pa\u00f1uelo without transfer. Includes guided navigation on Nahuel Huapi Lake and hike to Los C\u00e1ntaros Waterfall. Option to add Frias Lake. Recommended for travelers from Brazil.<\/p>","protected":false},"featured_media":66620,"comment_status":"open","ping_status":"closed","template":"","meta":[],"product_brand":[],"product_cat":[105,106,107,125,108,132,116,121],"product_tag":[],"class_list":{"0":"post-65759","1":"product","2":"type-product","3":"status-publish","4":"has-post-thumbnail","6":"product_cat-adultos","7":"product_cat-familia","8":"product_cat-jubilados","9":"product_cat-lacustre","10":"product_cat-ninos","11":"product_cat-sin-comida","12":"product_cat-sin-traslado","13":"product_cat-todo-el-ano","15":"first","16":"instock","17":"virtual","18":"sold-individually","19":"purchasable","20":"product-type-booking"},"booking_location":"","booking_location_type":"","booking_duration":60,"booking_duration_unit":"minute","booking_buffer":0,"booking_cost":0,"booking_resources":[],"exclude_global_add_ons":false,"addons":[{"name":"ADU | Adult","type":"input_multiplier","position":0,"required":false,"title_format":"label","default":"","description_enable":false,"description":"","placeholder_enable":false,"placeholder":"","display":"select","restrictions_type":"any_text","adjust_price":true,"price":"136000","price_type":"quantity_based","restrictions":false,"min":"0","max":"0","options":[],"id":1773233626},{"name":"MEN512 | from 5 to 12","type":"input_multiplier","position":1,"required":false,"title_format":"label","default":"","description_enable":false,"description":"","placeholder_enable":false,"placeholder":"","display":"select","restrictions_type":"any_text","adjust_price":true,"price":"70000","price_type":"quantity_based","restrictions":false,"min":"0","max":"0","options":[],"id":1773233627},{"name":"ADUJ : Retired","type":"input_multiplier","position":2,"required":false,"title_format":"label","default":"","description_enable":false,"description":"","placeholder_enable":false,"placeholder":"","display":"select","restrictions_type":"any_text","adjust_price":true,"price":"70000","price_type":"quantity_based","restrictions":false,"min":"0","max":"0","options":[],"id":1773233628}],"yoast_head":"<!-- This site is optimized with the Yoast SEO Premium plugin v24.5 (Yoast SEO v24.8) - https:\/\/yoast.com\/wordpress\/plugins\/seo\/ -->\n<title>Puerto Blest y Cascada Los C\u00e1ntaros - Passeios em Bariloche | Neve, aventura e natureza na Argentina<\/title>\n<meta name=\"description\" content=\"Excursi\u00f3n a Puerto Blest y Cascada Los C\u00e1ntaros desde Puerto Pa\u00f1uelo. Ideal para turistas brasile\u00f1os que viajan por cuenta propia en Bariloche.\" \/>\n<meta name=\"robots\" content=\"index, follow, max-snippet:-1, max-image-preview:large, max-video-preview:-1\" \/>\n<link rel=\"canonical\" href=\"https:\/\/passeiosbariloche.com\/en\/product\/puerto-blest-and-los-cantaros-waterfall-without-relocation\/\" \/>\n<meta property=\"og:locale\" content=\"en_US\" \/>\n<meta property=\"og:type\" content=\"article\" \/>\n<meta property=\"og:title\" content=\"Puerto Blest y Cascada Los C\u00e1ntaros sin traslado (salida desde Puerto Pa\u00f1uelo)\" \/>\n<meta property=\"og:description\" content=\"Excursi\u00f3n a Puerto Blest y Cascada Los C\u00e1ntaros desde Puerto Pa\u00f1uelo. Ideal para turistas brasile\u00f1os que viajan por cuenta propia en Bariloche.\" \/>\n<meta property=\"og:url\" content=\"https:\/\/passeiosbariloche.com\/en\/product\/puerto-blest-and-los-cantaros-waterfall-without-relocation\/\" \/>\n<meta property=\"og:site_name\" content=\"Passeios em Bariloche | Neve, aventura e natureza na Argentina\" \/>\n<meta property=\"article:modified_time\" content=\"2026-04-09T12:16:46+00:00\" \/>\n<meta property=\"og:image\" content=\"https:\/\/passeiosbariloche.com\/wp-content\/uploads\/2025\/03\/8-B-WhatsApp-Image-2023-02-21-at-10.55.38-scaled.jpg\" \/>\n\t<meta property=\"og:image:width\" content=\"1920\" \/>\n\t<meta property=\"og:image:height\" content=\"2560\" \/>\n\t<meta property=\"og:image:type\" content=\"image\/jpeg\" \/>\n<meta name=\"twitter:card\" content=\"summary_large_image\" \/>\n<meta name=\"twitter:label1\" content=\"Price\" \/>\n\t<meta name=\"twitter:data1\" content=\"&#036;&nbsp;136.000,00\" \/>\n\t<meta name=\"twitter:label2\" content=\"Availability\" \/>\n\t<meta name=\"twitter:data2\" content=\"In stock\" \/>\n<script type=\"application\/ld+json\" class=\"yoast-schema-graph\">{\"@context\":\"https:\/\/schema.org\",\"@graph\":[{\"@type\":[\"WebPage\",\"ItemPage\"],\"@id\":\"https:\/\/passeiosbariloche.com\/product\/puerto-blest-y-cascada-los-cantaros-sin-traslado\/\",\"url\":\"https:\/\/passeiosbariloche.com\/product\/puerto-blest-y-cascada-los-cantaros-sin-traslado\/\",\"name\":\"Puerto Blest y Cascada Los C\u00e1ntaros - Passeios em Bariloche | Neve, aventura e natureza na Argentina\",\"isPartOf\":{\"@id\":\"https:\/\/passeiosbariloche.com\/#website\"},\"primaryImageOfPage\":{\"@id\":\"https:\/\/passeiosbariloche.com\/product\/puerto-blest-y-cascada-los-cantaros-sin-traslado\/#primaryimage\"},\"image\":{\"@id\":\"https:\/\/passeiosbariloche.com\/product\/puerto-blest-y-cascada-los-cantaros-sin-traslado\/#primaryimage\"},\"thumbnailUrl\":\"https:\/\/passeiosbariloche.com\/wp-content\/uploads\/2025\/03\/8-B-WhatsApp-Image-2023-02-21-at-10.55.38-scaled.jpg\",\"datePublished\":\"2025-03-20T23:11:58+00:00\",\"dateModified\":\"2026-04-09T12:16:46+00:00\",\"description\":\"Excursi\u00f3n a Puerto Blest y Cascada Los C\u00e1ntaros desde Puerto Pa\u00f1uelo. Ideal para turistas brasile\u00f1os que viajan por cuenta propia en Bariloche.\",\"breadcrumb\":{\"@id\":\"https:\/\/passeiosbariloche.com\/product\/puerto-blest-y-cascada-los-cantaros-sin-traslado\/#breadcrumb\"},\"inLanguage\":\"en-US\",\"potentialAction\":[{\"@type\":\"ReadAction\",\"target\":[\"https:\/\/passeiosbariloche.com\/product\/puerto-blest-y-cascada-los-cantaros-sin-traslado\/\"]}]},{\"@type\":\"ImageObject\",\"inLanguage\":\"en-US\",\"@id\":\"https:\/\/passeiosbariloche.com\/product\/puerto-blest-y-cascada-los-cantaros-sin-traslado\/#primaryimage\",\"url\":\"https:\/\/passeiosbariloche.com\/wp-content\/uploads\/2025\/03\/8-B-WhatsApp-Image-2023-02-21-at-10.55.38-scaled.jpg\",\"contentUrl\":\"https:\/\/passeiosbariloche.com\/wp-content\/uploads\/2025\/03\/8-B-WhatsApp-Image-2023-02-21-at-10.55.38-scaled.jpg\",\"width\":1920,\"height\":2560},{\"@type\":\"BreadcrumbList\",\"@id\":\"https:\/\/passeiosbariloche.com\/product\/puerto-blest-y-cascada-los-cantaros-sin-traslado\/#breadcrumb\",\"itemListElement\":[{\"@type\":\"ListItem\",\"position\":1,\"name\":\"Home\",\"item\":\"https:\/\/passeiosbariloche.com\/\"},{\"@type\":\"ListItem\",\"position\":2,\"name\":\"Lista de excursiones\",\"item\":\"https:\/\/passeiosbariloche.com\/shop\/\"},{\"@type\":\"ListItem\",\"position\":3,\"name\":\"Puerto Blest y Cascada Los C\u00e1ntaros sin traslado (salida desde Puerto Pa\u00f1uelo)\"}]},{\"@type\":\"WebSite\",\"@id\":\"https:\/\/passeiosbariloche.com\/#website\",\"url\":\"https:\/\/passeiosbariloche.com\/\",\"name\":\"Passeios em Bariloche | Aventura e natureza na Argentina\",\"description\":\"Planeje sua viagem para Bariloche com os melhores passeios! Atividades na neve, aventura e paisagens deslumbrantes na Patag\u00f4nia.\",\"potentialAction\":[{\"@type\":\"SearchAction\",\"target\":{\"@type\":\"EntryPoint\",\"urlTemplate\":\"https:\/\/passeiosbariloche.com\/?s={search_term_string}\"},\"query-input\":{\"@type\":\"PropertyValueSpecification\",\"valueRequired\":true,\"valueName\":\"search_term_string\"}}],\"inLanguage\":\"en-US\"}]}<\/script>\n<meta property=\"product:price:amount\" content=\"136000.00\" \/>\n<meta property=\"product:price:currency\" content=\"ARS\" \/>\n<meta property=\"og:availability\" content=\"instock\" \/>\n<meta property=\"product:availability\" content=\"instock\" \/>\n<meta property=\"product:retailer_item_id\" content=\"ADV2025PUBLYC297O\" \/>\n<meta property=\"product:condition\" content=\"new\" \/>\n<!-- \/ Yoast SEO Premium plugin. -->","yoast_head_json":{"title":"Puerto Blest and Los C\u00e1ntaros Waterfall - Passeios em Bariloche | Neve, aventura e natureza na Argentina","description":"Excursion to Puerto Blest and Los C\u00e1ntaros Waterfall from Puerto Pa\u00f1uelo. Ideal for Brazilian tourists traveling on their own in Bariloche.","robots":{"index":"index","follow":"follow","max-snippet":"max-snippet:-1","max-image-preview":"max-image-preview:large","max-video-preview":"max-video-preview:-1"},"canonical":"https:\/\/passeiosbariloche.com\/en\/product\/puerto-blest-and-los-cantaros-waterfall-without-relocation\/","og_locale":"en_US","og_type":"article","og_title":"Puerto Blest y Cascada Los C\u00e1ntaros sin traslado (salida desde Puerto Pa\u00f1uelo)","og_description":"Excursi\u00f3n a Puerto Blest y Cascada Los C\u00e1ntaros desde Puerto Pa\u00f1uelo. Ideal para turistas brasile\u00f1os que viajan por cuenta propia en Bariloche.","og_url":"https:\/\/passeiosbariloche.com\/en\/product\/puerto-blest-and-los-cantaros-waterfall-without-relocation\/","og_site_name":"Passeios em Bariloche | Neve, aventura e natureza na Argentina","article_modified_time":"2026-04-09T12:16:46+00:00","og_image":[{"width":1920,"height":2560,"url":"https:\/\/passeiosbariloche.com\/wp-content\/uploads\/2025\/03\/8-B-WhatsApp-Image-2023-02-21-at-10.55.38-scaled.jpg","type":"image\/jpeg"}],"twitter_card":"summary_large_image","twitter_misc":{"Price":"&#36;&nbsp;136.000,00","Availability":"In stock"},"schema":{"@context":"https:\/\/schema.org","@graph":[{"@type":["WebPage","ItemPage"],"@id":"https:\/\/passeiosbariloche.com\/product\/puerto-blest-y-cascada-los-cantaros-sin-traslado\/","url":"https:\/\/passeiosbariloche.com\/product\/puerto-blest-y-cascada-los-cantaros-sin-traslado\/","name":"Puerto Blest and Los C\u00e1ntaros Waterfall - Passeios em Bariloche | Neve, aventura e natureza na Argentina","isPartOf":{"@id":"https:\/\/passeiosbariloche.com\/#website"},"primaryImageOfPage":{"@id":"https:\/\/passeiosbariloche.com\/product\/puerto-blest-y-cascada-los-cantaros-sin-traslado\/#primaryimage"},"image":{"@id":"https:\/\/passeiosbariloche.com\/product\/puerto-blest-y-cascada-los-cantaros-sin-traslado\/#primaryimage"},"thumbnailUrl":"https:\/\/passeiosbariloche.com\/wp-content\/uploads\/2025\/03\/8-B-WhatsApp-Image-2023-02-21-at-10.55.38-scaled.jpg","datePublished":"2025-03-20T23:11:58+00:00","dateModified":"2026-04-09T12:16:46+00:00","description":"Excursion to Puerto Blest and Los C\u00e1ntaros Waterfall from Puerto Pa\u00f1uelo. Ideal for Brazilian tourists traveling on their own in Bariloche.","breadcrumb":{"@id":"https:\/\/passeiosbariloche.com\/product\/puerto-blest-y-cascada-los-cantaros-sin-traslado\/#breadcrumb"},"inLanguage":"en-US","potentialAction":[{"@type":"ReadAction","target":["https:\/\/passeiosbariloche.com\/product\/puerto-blest-y-cascada-los-cantaros-sin-traslado\/"]}]},{"@type":"ImageObject","inLanguage":"en-US","@id":"https:\/\/passeiosbariloche.com\/product\/puerto-blest-y-cascada-los-cantaros-sin-traslado\/#primaryimage","url":"https:\/\/passeiosbariloche.com\/wp-content\/uploads\/2025\/03\/8-B-WhatsApp-Image-2023-02-21-at-10.55.38-scaled.jpg","contentUrl":"https:\/\/passeiosbariloche.com\/wp-content\/uploads\/2025\/03\/8-B-WhatsApp-Image-2023-02-21-at-10.55.38-scaled.jpg","width":1920,"height":2560},{"@type":"BreadcrumbList","@id":"https:\/\/passeiosbariloche.com\/product\/puerto-blest-y-cascada-los-cantaros-sin-traslado\/#breadcrumb","itemListElement":[{"@type":"ListItem","position":1,"name":"Home","item":"https:\/\/passeiosbariloche.com\/"},{"@type":"ListItem","position":2,"name":"Lista de excursiones","item":"https:\/\/passeiosbariloche.com\/shop\/"},{"@type":"ListItem","position":3,"name":"Puerto Blest y Cascada Los C\u00e1ntaros sin traslado (salida desde Puerto Pa\u00f1uelo)"}]},{"@type":"WebSite","@id":"https:\/\/passeiosbariloche.com\/#website","url":"https:\/\/passeiosbariloche.com\/","name":"Passeios em Bariloche : Adventure and nature in Argentina","description":"Plan your trip to Bariloche with the best tours! Snow activities, adventure and dazzling landscapes in Patagonia.","potentialAction":[{"@type":"SearchAction","target":{"@type":"EntryPoint","urlTemplate":"https:\/\/passeiosbariloche.com\/?s={search_term_string}"},"query-input":{"@type":"PropertyValueSpecification","valueRequired":true,"valueName":"search_term_string"}}],"inLanguage":"en-US"}]},"product_price_amount":"136000.00","product_price_currency":"ARS","og_availability":"instock","product_availability":"instock","product_retailer_item_id":"ADV2025PUBLYC297O","product_condition":"new"},"_links":{"self":[{"href":"https:\/\/passeiosbariloche.com\/en\/wp-json\/wp\/v2\/product\/65759","targetHints":{"allow":["GET"]}}],"collection":[{"href":"https:\/\/passeiosbariloche.com\/en\/wp-json\/wp\/v2\/product"}],"about":[{"href":"https:\/\/passeiosbariloche.com\/en\/wp-json\/wp\/v2\/types\/product"}],"replies":[{"embeddable":true,"href":"https:\/\/passeiosbariloche.com\/en\/wp-json\/wp\/v2\/comments?post=65759"}],"version-history":[{"count":5,"href":"https:\/\/passeiosbariloche.com\/en\/wp-json\/wp\/v2\/product\/65759\/revisions"}],"predecessor-version":[{"id":84445,"href":"https:\/\/passeiosbariloche.com\/en\/wp-json\/wp\/v2\/product\/65759\/revisions\/84445"}],"wp:featuredmedia":[{"embeddable":true,"href":"https:\/\/passeiosbariloche.com\/en\/wp-json\/wp\/v2\/media\/66620"}],"wp:attachment":[{"href":"https:\/\/passeiosbariloche.com\/en\/wp-json\/wp\/v2\/media?parent=65759"}],"wp:term":[{"taxonomy":"product_brand","embeddable":true,"href":"https:\/\/passeiosbariloche.com\/en\/wp-json\/wp\/v2\/product_brand?post=65759"},{"taxonomy":"product_cat","embeddable":true,"href":"https:\/\/passeiosbariloche.com\/en\/wp-json\/wp\/v2\/product_cat?post=65759"},{"taxonomy":"product_tag","embeddable":true,"href":"https:\/\/passeiosbariloche.com\/en\/wp-json\/wp\/v2\/product_tag?post=65759"}],"curies":[{"name":"wp","href":"https:\/\/api.w.org\/{rel}","templated":true}]}}