{"id":65761,"date":"2025-03-20T20:12:28","date_gmt":"2025-03-20T23:12:28","guid":{"rendered":"https:\/\/passeiosbariloche.com\/?post_type=product&#038;p=65761"},"modified":"2026-04-08T16:21:33","modified_gmt":"2026-04-08T19:21:33","slug":"puerto-blest-y-cascada-los-cantaros-lago-frias-con-traslado","status":"publish","type":"product","link":"https:\/\/passeiosbariloche.com\/en\/product\/puerto-blest-and-waterfall-los-cantaros-lake-frias-with-transportation\/","title":{"rendered":"Excursion to Puerto Blest and Lago Frias with transfer from Bariloche."},"content":{"rendered":"<div data-elementor-type=\"product-post\" data-elementor-id=\"65761\" class=\"elementor elementor-65761\" data-elementor-post-type=\"product\">\n\t\t\t\t<div class=\"wd-negative-gap elementor-element elementor-element-419f291b e-flex e-con-boxed e-con e-parent\" data-id=\"419f291b\" data-element_type=\"container\" data-e-type=\"container\">\n\t\t\t\t\t<div class=\"e-con-inner\">\n\t\t\t\t<div class=\"elementor-element elementor-element-da777f1 color-scheme-inherit text-left elementor-widget elementor-widget-text-editor\" data-id=\"da777f1\" data-element_type=\"widget\" data-e-type=\"widget\" data-widget_type=\"text-editor.default\">\n\t\t\t\t<div class=\"elementor-widget-container\">\n\t\t\t\t\t\t\t\t\t<ul><li><h3 data-start=\"485\" data-end=\"561\">An unforgettable experience departing from key points in the city.<\/h3><p data-start=\"562\" data-end=\"911\">This tour starts at <strong data-start=\"592\" data-end=\"603\">8:30 a.m.<\/strong>with transfer included from <strong data-start=\"633\" data-end=\"670\">selected meeting points<\/strong> between downtown Bariloche and km 8 of Bustillo Av. or Pioneros Av. From there, we will comfortably take you to <strong data-start=\"787\" data-end=\"805\">Puerto Pa\u00f1uelo<\/strong>where you embark on a modern catamaran to begin the first navigation on the <strong data-start=\"889\" data-end=\"910\">Nahuel Huapi Lake<\/strong>.<\/p><p data-start=\"913\" data-end=\"1218\">During the tour, you will cross the <strong data-start=\"951\" data-end=\"966\">Blest Arm<\/strong>surrounded by mountains, Valdivian jungle and typical landscapes of the region. Arriving at <strong data-start=\"1051\" data-end=\"1067\">Puerto Blest<\/strong>you will embark again to cross the <strong data-start=\"1104\" data-end=\"1118\">Lake Frias<\/strong>a lake of green waters, unique in Patagonia, fed by glaciers of the <strong data-start=\"1199\" data-end=\"1217\">Cerro Tronador<\/strong>.<\/p><p data-start=\"1220\" data-end=\"1551\">You can also go on a guided hike to the <strong data-start=\"1272\" data-end=\"1296\">Los C\u00e1ntaros Waterfall<\/strong>The tour will be accompanied by guides in Spanish, ideal for explaining the history, geography and nature of each place. The entire tour is accompanied by guides in Spanish, ideal for explaining the history, geography and nature of each place. The return to the city is scheduled for <strong data-start=\"1521\" data-end=\"1533\">5:30 p.m.<\/strong>approximately.<\/p><h3 data-start=\"1558\" data-end=\"1584\">Frequently Asked Questions<\/h3><p data-start=\"1585\" data-end=\"1711\"><strong data-start=\"1585\" data-end=\"1619\">Where does the transfer depart from?<\/strong><br data-start=\"1619\" data-end=\"1622\" \/>From agreed points between downtown Bariloche and km 8 of Bustillo Av. or Pioneros.<\/p><p data-start=\"1713\" data-end=\"1842\"><strong data-start=\"1713\" data-end=\"1736\">What is included?<\/strong><br data-start=\"1736\" data-end=\"1739\" \/>Round trip transfer, navigation to Puerto Blest and Lago Frias, hike to the waterfall and guide in Spanish.<\/p><p data-start=\"1844\" data-end=\"1984\"><strong data-start=\"1844\" data-end=\"1886\">Is there a restaurant or should I bring food?<\/strong><br data-start=\"1886\" data-end=\"1889\" \/>Both options are valid. There is a restaurant in Puerto Blest or you can bring your own lunch.<\/p><p data-start=\"1986\" data-end=\"2099\"><strong data-start=\"1986\" data-end=\"2025\">Is it a walk for all ages?<\/strong><br data-start=\"2025\" data-end=\"2028\" \/>Yes, it is a safe, quiet excursion designed for all ages.<\/p><p>\u00a0<\/p><\/li><\/ul>\t\t\t\t\t\t\t\t<\/div>\n\t\t\t\t<\/div>\n\t\t\t\t\t<\/div>\n\t\t\t\t<\/div>\n\t\t\t\t<\/div>","protected":false},"excerpt":{"rendered":"<p data-start=\"2339\" data-end=\"2546\">Departure at 8:30 am from meeting points in Bariloche. Includes navigation to Puerto Blest and Lago Frias, guided hike to the waterfall and guide. Return at 5:30 pm. Perfect for visitors from Brazil!<\/p>","protected":false},"featured_media":66625,"comment_status":"open","ping_status":"closed","template":"","meta":[],"product_brand":[],"product_cat":[105,115,106,107,125,108,132,121],"product_tag":[],"class_list":{"0":"post-65761","1":"product","2":"type-product","3":"status-publish","4":"has-post-thumbnail","6":"product_cat-adultos","7":"product_cat-con-traslado","8":"product_cat-familia","9":"product_cat-jubilados","10":"product_cat-lacustre","11":"product_cat-ninos","12":"product_cat-sin-comida","13":"product_cat-todo-el-ano","15":"first","16":"instock","17":"virtual","18":"sold-individually","19":"purchasable","20":"product-type-booking"},"booking_location":"","booking_location_type":"","booking_duration":60,"booking_duration_unit":"minute","booking_buffer":0,"booking_cost":0,"booking_resources":[],"exclude_global_add_ons":false,"addons":[{"name":"ADU | Adult","type":"input_multiplier","position":0,"required":true,"title_format":"label","default":"","description_enable":false,"description":"","placeholder_enable":false,"placeholder":"","display":"select","restrictions_type":"any_text","adjust_price":true,"price":"212000","price_type":"quantity_based","restrictions":false,"min":"0","max":"0","options":[],"id":1773233993},{"name":"MEN512 | from 5 to 12","type":"input_multiplier","position":1,"required":false,"title_format":"label","default":"","description_enable":false,"description":"","placeholder_enable":false,"placeholder":"","display":"select","restrictions_type":"any_text","adjust_price":true,"price":"119000","price_type":"quantity_based","restrictions":false,"min":"0","max":"0","options":[],"id":1773233994},{"name":"ADUJ : Retired","type":"input_multiplier","position":2,"required":false,"title_format":"label","default":"","description_enable":false,"description":"","placeholder_enable":false,"placeholder":"","display":"select","restrictions_type":"any_text","adjust_price":true,"price":"119000","price_type":"quantity_based","restrictions":false,"min":"0","max":"0","options":[],"id":1773233995}],"yoast_head":"<!-- This site is optimized with the Yoast SEO Premium plugin v24.5 (Yoast SEO v24.8) - https:\/\/yoast.com\/wordpress\/plugins\/seo\/ -->\n<title>Excursi\u00f3n a Puerto Blest y Lago Fr\u00edas con traslado desde Bariloche - Passeios em Bariloche | Neve, aventura e natureza na Argentina<\/title>\n<meta name=\"description\" content=\"Excursi\u00f3n a Puerto Blest y Lago Fr\u00edas con traslado desde Bariloche. Incluye dos navegaciones, caminata guiada y gu\u00eda. Ideal para turistas brasile\u00f1os.\" \/>\n<meta name=\"robots\" content=\"index, follow, max-snippet:-1, max-image-preview:large, max-video-preview:-1\" \/>\n<link rel=\"canonical\" href=\"https:\/\/passeiosbariloche.com\/en\/product\/puerto-blest-and-waterfall-los-cantaros-lake-frias-with-transportation\/\" \/>\n<meta property=\"og:locale\" content=\"en_US\" \/>\n<meta property=\"og:type\" content=\"article\" \/>\n<meta property=\"og:title\" content=\"Excursi\u00f3n a Puerto Blest y Lago Fr\u00edas con traslado desde Bariloche\" \/>\n<meta property=\"og:description\" content=\"Excursi\u00f3n a Puerto Blest y Lago Fr\u00edas con traslado desde Bariloche. Incluye dos navegaciones, caminata guiada y gu\u00eda. Ideal para turistas brasile\u00f1os.\" \/>\n<meta property=\"og:url\" content=\"https:\/\/passeiosbariloche.com\/en\/product\/puerto-blest-and-waterfall-los-cantaros-lake-frias-with-transportation\/\" \/>\n<meta property=\"og:site_name\" content=\"Passeios em Bariloche | Neve, aventura e natureza na Argentina\" \/>\n<meta property=\"article:modified_time\" content=\"2026-04-08T19:21:33+00:00\" \/>\n<meta property=\"og:image\" content=\"https:\/\/passeiosbariloche.com\/wp-content\/uploads\/2025\/03\/1-C-20211209_123259-scaled.jpg\" \/>\n\t<meta property=\"og:image:width\" content=\"1920\" \/>\n\t<meta property=\"og:image:height\" content=\"2560\" \/>\n\t<meta property=\"og:image:type\" content=\"image\/jpeg\" \/>\n<meta name=\"twitter:card\" content=\"summary_large_image\" \/>\n<meta name=\"twitter:label1\" content=\"Price\" \/>\n\t<meta name=\"twitter:data1\" content=\"&#036;&nbsp;212.000,00\" \/>\n\t<meta name=\"twitter:label2\" content=\"Availability\" \/>\n\t<meta name=\"twitter:data2\" content=\"In stock\" \/>\n<script type=\"application\/ld+json\" class=\"yoast-schema-graph\">{\"@context\":\"https:\/\/schema.org\",\"@graph\":[{\"@type\":[\"WebPage\",\"ItemPage\"],\"@id\":\"https:\/\/passeiosbariloche.com\/product\/puerto-blest-y-cascada-los-cantaros-lago-frias-con-traslado\/\",\"url\":\"https:\/\/passeiosbariloche.com\/product\/puerto-blest-y-cascada-los-cantaros-lago-frias-con-traslado\/\",\"name\":\"Excursi\u00f3n a Puerto Blest y Lago Fr\u00edas con traslado desde Bariloche - Passeios em Bariloche | Neve, aventura e natureza na Argentina\",\"isPartOf\":{\"@id\":\"https:\/\/passeiosbariloche.com\/#website\"},\"primaryImageOfPage\":{\"@id\":\"https:\/\/passeiosbariloche.com\/product\/puerto-blest-y-cascada-los-cantaros-lago-frias-con-traslado\/#primaryimage\"},\"image\":{\"@id\":\"https:\/\/passeiosbariloche.com\/product\/puerto-blest-y-cascada-los-cantaros-lago-frias-con-traslado\/#primaryimage\"},\"thumbnailUrl\":\"https:\/\/passeiosbariloche.com\/wp-content\/uploads\/2025\/03\/1-C-20211209_123259-scaled.jpg\",\"datePublished\":\"2025-03-20T23:12:28+00:00\",\"dateModified\":\"2026-04-08T19:21:33+00:00\",\"description\":\"Excursi\u00f3n a Puerto Blest y Lago Fr\u00edas con traslado desde Bariloche. Incluye dos navegaciones, caminata guiada y gu\u00eda. Ideal para turistas brasile\u00f1os.\",\"breadcrumb\":{\"@id\":\"https:\/\/passeiosbariloche.com\/product\/puerto-blest-y-cascada-los-cantaros-lago-frias-con-traslado\/#breadcrumb\"},\"inLanguage\":\"en-US\",\"potentialAction\":[{\"@type\":\"ReadAction\",\"target\":[\"https:\/\/passeiosbariloche.com\/product\/puerto-blest-y-cascada-los-cantaros-lago-frias-con-traslado\/\"]}]},{\"@type\":\"ImageObject\",\"inLanguage\":\"en-US\",\"@id\":\"https:\/\/passeiosbariloche.com\/product\/puerto-blest-y-cascada-los-cantaros-lago-frias-con-traslado\/#primaryimage\",\"url\":\"https:\/\/passeiosbariloche.com\/wp-content\/uploads\/2025\/03\/1-C-20211209_123259-scaled.jpg\",\"contentUrl\":\"https:\/\/passeiosbariloche.com\/wp-content\/uploads\/2025\/03\/1-C-20211209_123259-scaled.jpg\",\"width\":1920,\"height\":2560},{\"@type\":\"BreadcrumbList\",\"@id\":\"https:\/\/passeiosbariloche.com\/product\/puerto-blest-y-cascada-los-cantaros-lago-frias-con-traslado\/#breadcrumb\",\"itemListElement\":[{\"@type\":\"ListItem\",\"position\":1,\"name\":\"Home\",\"item\":\"https:\/\/passeiosbariloche.com\/\"},{\"@type\":\"ListItem\",\"position\":2,\"name\":\"Lista de excursiones\",\"item\":\"https:\/\/passeiosbariloche.com\/shop\/\"},{\"@type\":\"ListItem\",\"position\":3,\"name\":\"Excursi\u00f3n a Puerto Blest y Lago Fr\u00edas con traslado desde Bariloche\"}]},{\"@type\":\"WebSite\",\"@id\":\"https:\/\/passeiosbariloche.com\/#website\",\"url\":\"https:\/\/passeiosbariloche.com\/\",\"name\":\"Passeios em Bariloche | Aventura e natureza na Argentina\",\"description\":\"Planeje sua viagem para Bariloche com os melhores passeios! Atividades na neve, aventura e paisagens deslumbrantes na Patag\u00f4nia.\",\"potentialAction\":[{\"@type\":\"SearchAction\",\"target\":{\"@type\":\"EntryPoint\",\"urlTemplate\":\"https:\/\/passeiosbariloche.com\/?s={search_term_string}\"},\"query-input\":{\"@type\":\"PropertyValueSpecification\",\"valueRequired\":true,\"valueName\":\"search_term_string\"}}],\"inLanguage\":\"en-US\"}]}<\/script>\n<meta property=\"product:price:amount\" content=\"212000.00\" \/>\n<meta property=\"product:price:currency\" content=\"ARS\" \/>\n<meta property=\"og:availability\" content=\"instock\" \/>\n<meta property=\"product:availability\" content=\"instock\" \/>\n<meta property=\"product:retailer_item_id\" content=\"ADV2025PUBLYC9CR1\" \/>\n<meta property=\"product:condition\" content=\"new\" \/>\n<!-- \/ Yoast SEO Premium plugin. -->","yoast_head_json":{"title":"Excursion to Puerto Blest and Lago Frias with transfer from Bariloche - Passeios em Bariloche | Neve, aventura e natureza na Argentina","description":"Excursion to Puerto Blest and Lago Frias with transfer from Bariloche. Includes two navigations, guided hike and guide. Ideal for Brazilian tourists.","robots":{"index":"index","follow":"follow","max-snippet":"max-snippet:-1","max-image-preview":"max-image-preview:large","max-video-preview":"max-video-preview:-1"},"canonical":"https:\/\/passeiosbariloche.com\/en\/product\/puerto-blest-and-waterfall-los-cantaros-lake-frias-with-transportation\/","og_locale":"en_US","og_type":"article","og_title":"Excursi\u00f3n a Puerto Blest y Lago Fr\u00edas con traslado desde Bariloche","og_description":"Excursi\u00f3n a Puerto Blest y Lago Fr\u00edas con traslado desde Bariloche. Incluye dos navegaciones, caminata guiada y gu\u00eda. Ideal para turistas brasile\u00f1os.","og_url":"https:\/\/passeiosbariloche.com\/en\/product\/puerto-blest-and-waterfall-los-cantaros-lake-frias-with-transportation\/","og_site_name":"Passeios em Bariloche | Neve, aventura e natureza na Argentina","article_modified_time":"2026-04-08T19:21:33+00:00","og_image":[{"width":1920,"height":2560,"url":"https:\/\/passeiosbariloche.com\/wp-content\/uploads\/2025\/03\/1-C-20211209_123259-scaled.jpg","type":"image\/jpeg"}],"twitter_card":"summary_large_image","twitter_misc":{"Price":"&#36;&nbsp;212.000,00","Availability":"In stock"},"schema":{"@context":"https:\/\/schema.org","@graph":[{"@type":["WebPage","ItemPage"],"@id":"https:\/\/passeiosbariloche.com\/product\/puerto-blest-y-cascada-los-cantaros-lago-frias-con-traslado\/","url":"https:\/\/passeiosbariloche.com\/product\/puerto-blest-y-cascada-los-cantaros-lago-frias-con-traslado\/","name":"Excursion to Puerto Blest and Lago Frias with transfer from Bariloche - Passeios em Bariloche | Neve, aventura e natureza na Argentina","isPartOf":{"@id":"https:\/\/passeiosbariloche.com\/#website"},"primaryImageOfPage":{"@id":"https:\/\/passeiosbariloche.com\/product\/puerto-blest-y-cascada-los-cantaros-lago-frias-con-traslado\/#primaryimage"},"image":{"@id":"https:\/\/passeiosbariloche.com\/product\/puerto-blest-y-cascada-los-cantaros-lago-frias-con-traslado\/#primaryimage"},"thumbnailUrl":"https:\/\/passeiosbariloche.com\/wp-content\/uploads\/2025\/03\/1-C-20211209_123259-scaled.jpg","datePublished":"2025-03-20T23:12:28+00:00","dateModified":"2026-04-08T19:21:33+00:00","description":"Excursion to Puerto Blest and Lago Frias with transfer from Bariloche. Includes two navigations, guided hike and guide. Ideal for Brazilian tourists.","breadcrumb":{"@id":"https:\/\/passeiosbariloche.com\/product\/puerto-blest-y-cascada-los-cantaros-lago-frias-con-traslado\/#breadcrumb"},"inLanguage":"en-US","potentialAction":[{"@type":"ReadAction","target":["https:\/\/passeiosbariloche.com\/product\/puerto-blest-y-cascada-los-cantaros-lago-frias-con-traslado\/"]}]},{"@type":"ImageObject","inLanguage":"en-US","@id":"https:\/\/passeiosbariloche.com\/product\/puerto-blest-y-cascada-los-cantaros-lago-frias-con-traslado\/#primaryimage","url":"https:\/\/passeiosbariloche.com\/wp-content\/uploads\/2025\/03\/1-C-20211209_123259-scaled.jpg","contentUrl":"https:\/\/passeiosbariloche.com\/wp-content\/uploads\/2025\/03\/1-C-20211209_123259-scaled.jpg","width":1920,"height":2560},{"@type":"BreadcrumbList","@id":"https:\/\/passeiosbariloche.com\/product\/puerto-blest-y-cascada-los-cantaros-lago-frias-con-traslado\/#breadcrumb","itemListElement":[{"@type":"ListItem","position":1,"name":"Home","item":"https:\/\/passeiosbariloche.com\/"},{"@type":"ListItem","position":2,"name":"Lista de excursiones","item":"https:\/\/passeiosbariloche.com\/shop\/"},{"@type":"ListItem","position":3,"name":"Excursi\u00f3n a Puerto Blest y Lago Fr\u00edas con traslado desde Bariloche"}]},{"@type":"WebSite","@id":"https:\/\/passeiosbariloche.com\/#website","url":"https:\/\/passeiosbariloche.com\/","name":"Passeios em Bariloche : Adventure and nature in Argentina","description":"Plan your trip to Bariloche with the best tours! Snow activities, adventure and dazzling landscapes in Patagonia.","potentialAction":[{"@type":"SearchAction","target":{"@type":"EntryPoint","urlTemplate":"https:\/\/passeiosbariloche.com\/?s={search_term_string}"},"query-input":{"@type":"PropertyValueSpecification","valueRequired":true,"valueName":"search_term_string"}}],"inLanguage":"en-US"}]},"product_price_amount":"212000.00","product_price_currency":"ARS","og_availability":"instock","product_availability":"instock","product_retailer_item_id":"ADV2025PUBLYC9CR1","product_condition":"new"},"_links":{"self":[{"href":"https:\/\/passeiosbariloche.com\/en\/wp-json\/wp\/v2\/product\/65761","targetHints":{"allow":["GET"]}}],"collection":[{"href":"https:\/\/passeiosbariloche.com\/en\/wp-json\/wp\/v2\/product"}],"about":[{"href":"https:\/\/passeiosbariloche.com\/en\/wp-json\/wp\/v2\/types\/product"}],"replies":[{"embeddable":true,"href":"https:\/\/passeiosbariloche.com\/en\/wp-json\/wp\/v2\/comments?post=65761"}],"version-history":[{"count":9,"href":"https:\/\/passeiosbariloche.com\/en\/wp-json\/wp\/v2\/product\/65761\/revisions"}],"predecessor-version":[{"id":84443,"href":"https:\/\/passeiosbariloche.com\/en\/wp-json\/wp\/v2\/product\/65761\/revisions\/84443"}],"wp:featuredmedia":[{"embeddable":true,"href":"https:\/\/passeiosbariloche.com\/en\/wp-json\/wp\/v2\/media\/66625"}],"wp:attachment":[{"href":"https:\/\/passeiosbariloche.com\/en\/wp-json\/wp\/v2\/media?parent=65761"}],"wp:term":[{"taxonomy":"product_brand","embeddable":true,"href":"https:\/\/passeiosbariloche.com\/en\/wp-json\/wp\/v2\/product_brand?post=65761"},{"taxonomy":"product_cat","embeddable":true,"href":"https:\/\/passeiosbariloche.com\/en\/wp-json\/wp\/v2\/product_cat?post=65761"},{"taxonomy":"product_tag","embeddable":true,"href":"https:\/\/passeiosbariloche.com\/en\/wp-json\/wp\/v2\/product_tag?post=65761"}],"curies":[{"name":"wp","href":"https:\/\/api.w.org\/{rel}","templated":true}]}}