{"id":65762,"date":"2025-03-20T20:12:48","date_gmt":"2025-03-20T23:12:48","guid":{"rendered":"https:\/\/passeiosbariloche.com\/?post_type=product&#038;p=65762"},"modified":"2026-04-08T16:20:40","modified_gmt":"2026-04-08T19:20:40","slug":"puerto-blest-cascada-cantaros-traslado","status":"publish","type":"product","link":"https:\/\/passeiosbariloche.com\/en\/product\/puerto-blest-cantaros-waterfall-transfer\/","title":{"rendered":"Visit Puerto Blest and Los C\u00e1ntaros Waterfall with transfer included."},"content":{"rendered":"<h3 data-start=\"471\" data-end=\"513\">Experience Patagonia without complications<\/h3>\n<p data-start=\"514\" data-end=\"766\">We start the tour with the transfer from your lodging or agreed point in Bariloche to Puerto Pa\u00f1uelo, just 25 km from downtown. The trip already anticipates the beauty of the landscape you are going to see: forests, lakes and mountains accompany you throughout the trip.<\/p>\n<p data-start=\"768\" data-end=\"1047\">From the port, we embark on a modern catamaran to navigate the Blest arm of Lake Nahuel Huapi, one of the greenest and quietest sectors of the national park. On the way, you will see the Centinela islet, where the remains of the Argentine explorer Perito Moreno rest.<\/p>\n<h3 data-start=\"1054\" data-end=\"1097\">Hikes, waterfalls and living nature<\/h3>\n<p data-start=\"1098\" data-end=\"1317\">After sailing, we arrive at Puerto Blest, where you can walk along well-marked trails to the Los C\u00e1ntaros Waterfall, surrounded by a jungle landscape. The hike is gentle and perfect for all ages.<\/p>\n<p data-start=\"1319\" data-end=\"1449\">If you wish, you can add the optional navigation to Frias Lake, with its emerald green waters, very close to the border with Chile.<\/p>\n<h3 data-start=\"1456\" data-end=\"1486\">To be enjoyed at leisure<\/h3>\n<p data-start=\"1487\" data-end=\"1698\">This tour is ideal for those who want to get to know the Patagonian lakes without worrying about transfers or planning. It is an organized and guided excursion, designed for travelers who want to relax and discover.<\/p>\n<h3 data-start=\"1705\" data-end=\"1731\">Practical information<\/h3>\n<p data-start=\"1732\" data-end=\"1800\"><strong data-start=\"1732\" data-end=\"1745\">Duration:<\/strong> from 9:00 a.m. to 5:00 p.m. approx.<br data-start=\"1783\" data-end=\"1786\" \/><strong data-start=\"1786\" data-end=\"1798\">Includes:<\/strong><\/p>\n<ul data-start=\"1801\" data-end=\"1949\">\n<li data-start=\"1801\" data-end=\"1858\">\n<p data-start=\"1803\" data-end=\"1858\">Transfer from Bariloche to the port and back<\/p>\n<\/li>\n<li data-start=\"1859\" data-end=\"1906\">\n<p data-start=\"1861\" data-end=\"1906\">Catamaran sailing with English speaking guide<\/p>\n<\/li>\n<li data-start=\"1907\" data-end=\"1949\">\n<p data-start=\"1909\" data-end=\"1949\">Hiking on trails to the waterfall<\/p>\n<\/li>\n<\/ul>\n<p data-start=\"1951\" data-end=\"1968\"><strong data-start=\"1951\" data-end=\"1966\">Does not include:<\/strong><\/p>\n<ul data-start=\"1969\" data-end=\"2158\">\n<li data-start=\"1969\" data-end=\"2008\">\n<p data-start=\"1971\" data-end=\"2008\">National park entrance fees<\/p>\n<\/li>\n<li data-start=\"2009\" data-end=\"2029\">\n<p data-start=\"2011\" data-end=\"2029\">Shipping rate<\/p>\n<\/li>\n<li data-start=\"2030\" data-end=\"2100\">\n<p data-start=\"2032\" data-end=\"2100\">Meals (there is a restaurant in Puerto Blest or you can bring your own lunch).<\/p>\n<\/li>\n<li data-start=\"2101\" data-end=\"2158\">\n<p data-start=\"2103\" data-end=\"2158\">Sailing to Lake Frias (optional with additional cost)<\/p>\n<\/li>\n<\/ul>\n<h3 data-start=\"2165\" data-end=\"2191\">Frequently Asked Questions<\/h3>\n<p data-start=\"2192\" data-end=\"2296\"><strong data-start=\"2192\" data-end=\"2244\">Is the tour suitable for children and senior citizens?<\/strong><br data-start=\"2244\" data-end=\"2247\" \/>Yes, it is quiet, safe and without physical difficulty.<\/p>\n<p data-start=\"2298\" data-end=\"2408\"><strong data-start=\"2298\" data-end=\"2319\">What to wear?<\/strong><br data-start=\"2319\" data-end=\"2322\" \/>Comfortable clothes, closed shoes and a jacket. The weather can change, even in summer.<\/p>\n<p data-start=\"2410\" data-end=\"2553\"><strong data-start=\"2410\" data-end=\"2456\">Is the tour available all year round?<\/strong><br data-start=\"2456\" data-end=\"2459\" \/>Yes, but in winter some trails may be restricted. We recommend consulting beforehand.<\/p>\n<p data-start=\"2555\" data-end=\"2638\"><strong data-start=\"2555\" data-end=\"2599\">Do I need to book in advance?<\/strong><br data-start=\"2599\" data-end=\"2602\" \/>Yes, especially in high season.<\/p>","protected":false},"excerpt":{"rendered":"<p data-start=\"2877\" data-end=\"3071\">Complete tour from Bariloche with transfer included. Includes navigation on Nahuel Huapi Lake, hike to Los C\u00e1ntaros Waterfall and Frias Lake option. Recommended for tourists from Brazil.<\/p>","protected":false},"featured_media":66621,"comment_status":"open","ping_status":"closed","template":"","meta":[],"product_brand":[],"product_cat":[105,106,107,125,108,132,116,121],"product_tag":[],"class_list":{"0":"post-65762","1":"product","2":"type-product","3":"status-publish","4":"has-post-thumbnail","6":"product_cat-adultos","7":"product_cat-familia","8":"product_cat-jubilados","9":"product_cat-lacustre","10":"product_cat-ninos","11":"product_cat-sin-comida","12":"product_cat-sin-traslado","13":"product_cat-todo-el-ano","15":"first","16":"instock","17":"virtual","18":"sold-individually","19":"purchasable","20":"product-type-booking"},"booking_location":"","booking_location_type":"","booking_duration":60,"booking_duration_unit":"minute","booking_buffer":0,"booking_cost":0,"booking_resources":[],"exclude_global_add_ons":false,"addons":[{"name":"ADU | Adult","type":"input_multiplier","position":0,"required":false,"title_format":"label","default":"","description_enable":false,"description":"","placeholder_enable":false,"placeholder":"","display":"select","restrictions_type":"any_text","adjust_price":true,"price":"158000","price_type":"quantity_based","restrictions":false,"min":"0","max":"0","options":[],"id":1773234438},{"name":"MEN512 | from 5 to 12","type":"input_multiplier","position":1,"required":false,"title_format":"label","default":"","description_enable":false,"description":"","placeholder_enable":false,"placeholder":"","display":"select","restrictions_type":"any_text","adjust_price":true,"price":"92000","price_type":"quantity_based","restrictions":false,"min":"0","max":"0","options":[],"id":1773234439},{"name":"ADUJ : Retired","type":"input_multiplier","position":2,"required":false,"title_format":"label","default":"","description_enable":false,"description":"","placeholder_enable":false,"placeholder":"","display":"select","restrictions_type":"any_text","adjust_price":true,"price":"92000","price_type":"quantity_based","restrictions":false,"min":"0","max":"0","options":[],"id":1773234440}],"yoast_head":"<!-- This site is optimized with the Yoast SEO Premium plugin v24.5 (Yoast SEO v24.8) - https:\/\/yoast.com\/wordpress\/plugins\/seo\/ -->\n<title>Conoc\u00e9 Puerto Blest y la Cascada los C\u00e1ntaros en Bariloche | - Passeios em Bariloche | Neve, aventura e natureza na Argentina<\/title>\n<meta name=\"description\" content=\"Excursi\u00f3n a Puerto Blest y Cascada Los C\u00e1ntaros desde Bariloche con traslado incluido. Navegaci\u00f3n, caminatas y paisajes \u00fanicos.\" \/>\n<meta name=\"robots\" content=\"index, follow, max-snippet:-1, max-image-preview:large, max-video-preview:-1\" \/>\n<link rel=\"canonical\" href=\"https:\/\/passeiosbariloche.com\/en\/product\/puerto-blest-cantaros-waterfall-transfer\/\" \/>\n<meta property=\"og:locale\" content=\"en_US\" \/>\n<meta property=\"og:type\" content=\"article\" \/>\n<meta property=\"og:title\" content=\"Conoc\u00e9 Puerto Blest y la Cascada Los C\u00e1ntaros con traslado incluido\" \/>\n<meta property=\"og:description\" content=\"Excursi\u00f3n a Puerto Blest y Cascada Los C\u00e1ntaros desde Bariloche con traslado incluido. Navegaci\u00f3n, caminatas y paisajes \u00fanicos.\" \/>\n<meta property=\"og:url\" content=\"https:\/\/passeiosbariloche.com\/en\/product\/puerto-blest-cantaros-waterfall-transfer\/\" \/>\n<meta property=\"og:site_name\" content=\"Passeios em Bariloche | Neve, aventura e natureza na Argentina\" \/>\n<meta property=\"article:modified_time\" content=\"2026-04-08T19:20:40+00:00\" \/>\n<meta property=\"og:image\" content=\"https:\/\/passeiosbariloche.com\/wp-content\/uploads\/2025\/03\/8-C-Cascada-de-los-Cantaros-scaled.jpg\" \/>\n\t<meta property=\"og:image:width\" content=\"1920\" \/>\n\t<meta property=\"og:image:height\" content=\"2560\" \/>\n\t<meta property=\"og:image:type\" content=\"image\/jpeg\" \/>\n<meta name=\"twitter:card\" content=\"summary_large_image\" \/>\n<meta name=\"twitter:label1\" content=\"Price\" \/>\n\t<meta name=\"twitter:data1\" content=\"&#036;&nbsp;158.000,00\" \/>\n\t<meta name=\"twitter:label2\" content=\"Availability\" \/>\n\t<meta name=\"twitter:data2\" content=\"In stock\" \/>\n<script type=\"application\/ld+json\" class=\"yoast-schema-graph\">{\"@context\":\"https:\/\/schema.org\",\"@graph\":[{\"@type\":[\"WebPage\",\"ItemPage\"],\"@id\":\"https:\/\/passeiosbariloche.com\/product\/puerto-blest-cascada-cantaros-traslado\/\",\"url\":\"https:\/\/passeiosbariloche.com\/product\/puerto-blest-cascada-cantaros-traslado\/\",\"name\":\"Conoc\u00e9 Puerto Blest y la Cascada los C\u00e1ntaros en Bariloche | - Passeios em Bariloche | Neve, aventura e natureza na Argentina\",\"isPartOf\":{\"@id\":\"https:\/\/passeiosbariloche.com\/#website\"},\"primaryImageOfPage\":{\"@id\":\"https:\/\/passeiosbariloche.com\/product\/puerto-blest-cascada-cantaros-traslado\/#primaryimage\"},\"image\":{\"@id\":\"https:\/\/passeiosbariloche.com\/product\/puerto-blest-cascada-cantaros-traslado\/#primaryimage\"},\"thumbnailUrl\":\"https:\/\/passeiosbariloche.com\/wp-content\/uploads\/2025\/03\/8-C-Cascada-de-los-Cantaros-scaled.jpg\",\"datePublished\":\"2025-03-20T23:12:48+00:00\",\"dateModified\":\"2026-04-08T19:20:40+00:00\",\"description\":\"Excursi\u00f3n a Puerto Blest y Cascada Los C\u00e1ntaros desde Bariloche con traslado incluido. Navegaci\u00f3n, caminatas y paisajes \u00fanicos.\",\"breadcrumb\":{\"@id\":\"https:\/\/passeiosbariloche.com\/product\/puerto-blest-cascada-cantaros-traslado\/#breadcrumb\"},\"inLanguage\":\"en-US\",\"potentialAction\":[{\"@type\":\"ReadAction\",\"target\":[\"https:\/\/passeiosbariloche.com\/product\/puerto-blest-cascada-cantaros-traslado\/\"]}]},{\"@type\":\"ImageObject\",\"inLanguage\":\"en-US\",\"@id\":\"https:\/\/passeiosbariloche.com\/product\/puerto-blest-cascada-cantaros-traslado\/#primaryimage\",\"url\":\"https:\/\/passeiosbariloche.com\/wp-content\/uploads\/2025\/03\/8-C-Cascada-de-los-Cantaros-scaled.jpg\",\"contentUrl\":\"https:\/\/passeiosbariloche.com\/wp-content\/uploads\/2025\/03\/8-C-Cascada-de-los-Cantaros-scaled.jpg\",\"width\":1920,\"height\":2560},{\"@type\":\"BreadcrumbList\",\"@id\":\"https:\/\/passeiosbariloche.com\/product\/puerto-blest-cascada-cantaros-traslado\/#breadcrumb\",\"itemListElement\":[{\"@type\":\"ListItem\",\"position\":1,\"name\":\"Home\",\"item\":\"https:\/\/passeiosbariloche.com\/\"},{\"@type\":\"ListItem\",\"position\":2,\"name\":\"Lista de excursiones\",\"item\":\"https:\/\/passeiosbariloche.com\/shop\/\"},{\"@type\":\"ListItem\",\"position\":3,\"name\":\"Conoc\u00e9 Puerto Blest y la Cascada Los C\u00e1ntaros con traslado incluido\"}]},{\"@type\":\"WebSite\",\"@id\":\"https:\/\/passeiosbariloche.com\/#website\",\"url\":\"https:\/\/passeiosbariloche.com\/\",\"name\":\"Passeios em Bariloche | Aventura e natureza na Argentina\",\"description\":\"Planeje sua viagem para Bariloche com os melhores passeios! Atividades na neve, aventura e paisagens deslumbrantes na Patag\u00f4nia.\",\"potentialAction\":[{\"@type\":\"SearchAction\",\"target\":{\"@type\":\"EntryPoint\",\"urlTemplate\":\"https:\/\/passeiosbariloche.com\/?s={search_term_string}\"},\"query-input\":{\"@type\":\"PropertyValueSpecification\",\"valueRequired\":true,\"valueName\":\"search_term_string\"}}],\"inLanguage\":\"en-US\"}]}<\/script>\n<meta property=\"product:price:amount\" content=\"158000.00\" \/>\n<meta property=\"product:price:currency\" content=\"ARS\" \/>\n<meta property=\"og:availability\" content=\"instock\" \/>\n<meta property=\"product:availability\" content=\"instock\" \/>\n<meta property=\"product:retailer_item_id\" content=\"ADV2025PUBLYCO2Q8\" \/>\n<meta property=\"product:condition\" content=\"new\" \/>\n<!-- \/ Yoast SEO Premium plugin. -->","yoast_head_json":{"title":"Visit Puerto Blest and Los C\u00e1ntaros Waterfall in Bariloche | - Passeios em Bariloche | Neve, aventura e natureza na Argentina","description":"Excursion to Puerto Blest and Los C\u00e1ntaros Waterfall from Bariloche with transfer included. Navigation, hiking and unique landscapes.","robots":{"index":"index","follow":"follow","max-snippet":"max-snippet:-1","max-image-preview":"max-image-preview:large","max-video-preview":"max-video-preview:-1"},"canonical":"https:\/\/passeiosbariloche.com\/en\/product\/puerto-blest-cantaros-waterfall-transfer\/","og_locale":"en_US","og_type":"article","og_title":"Conoc\u00e9 Puerto Blest y la Cascada Los C\u00e1ntaros con traslado incluido","og_description":"Excursi\u00f3n a Puerto Blest y Cascada Los C\u00e1ntaros desde Bariloche con traslado incluido. Navegaci\u00f3n, caminatas y paisajes \u00fanicos.","og_url":"https:\/\/passeiosbariloche.com\/en\/product\/puerto-blest-cantaros-waterfall-transfer\/","og_site_name":"Passeios em Bariloche | Neve, aventura e natureza na Argentina","article_modified_time":"2026-04-08T19:20:40+00:00","og_image":[{"width":1920,"height":2560,"url":"https:\/\/passeiosbariloche.com\/wp-content\/uploads\/2025\/03\/8-C-Cascada-de-los-Cantaros-scaled.jpg","type":"image\/jpeg"}],"twitter_card":"summary_large_image","twitter_misc":{"Price":"&#36;&nbsp;158.000,00","Availability":"In stock"},"schema":{"@context":"https:\/\/schema.org","@graph":[{"@type":["WebPage","ItemPage"],"@id":"https:\/\/passeiosbariloche.com\/product\/puerto-blest-cascada-cantaros-traslado\/","url":"https:\/\/passeiosbariloche.com\/product\/puerto-blest-cascada-cantaros-traslado\/","name":"Visit Puerto Blest and Los C\u00e1ntaros Waterfall in Bariloche | - Passeios em Bariloche | Neve, aventura e natureza na Argentina","isPartOf":{"@id":"https:\/\/passeiosbariloche.com\/#website"},"primaryImageOfPage":{"@id":"https:\/\/passeiosbariloche.com\/product\/puerto-blest-cascada-cantaros-traslado\/#primaryimage"},"image":{"@id":"https:\/\/passeiosbariloche.com\/product\/puerto-blest-cascada-cantaros-traslado\/#primaryimage"},"thumbnailUrl":"https:\/\/passeiosbariloche.com\/wp-content\/uploads\/2025\/03\/8-C-Cascada-de-los-Cantaros-scaled.jpg","datePublished":"2025-03-20T23:12:48+00:00","dateModified":"2026-04-08T19:20:40+00:00","description":"Excursion to Puerto Blest and Los C\u00e1ntaros Waterfall from Bariloche with transfer included. Navigation, hiking and unique landscapes.","breadcrumb":{"@id":"https:\/\/passeiosbariloche.com\/product\/puerto-blest-cascada-cantaros-traslado\/#breadcrumb"},"inLanguage":"en-US","potentialAction":[{"@type":"ReadAction","target":["https:\/\/passeiosbariloche.com\/product\/puerto-blest-cascada-cantaros-traslado\/"]}]},{"@type":"ImageObject","inLanguage":"en-US","@id":"https:\/\/passeiosbariloche.com\/product\/puerto-blest-cascada-cantaros-traslado\/#primaryimage","url":"https:\/\/passeiosbariloche.com\/wp-content\/uploads\/2025\/03\/8-C-Cascada-de-los-Cantaros-scaled.jpg","contentUrl":"https:\/\/passeiosbariloche.com\/wp-content\/uploads\/2025\/03\/8-C-Cascada-de-los-Cantaros-scaled.jpg","width":1920,"height":2560},{"@type":"BreadcrumbList","@id":"https:\/\/passeiosbariloche.com\/product\/puerto-blest-cascada-cantaros-traslado\/#breadcrumb","itemListElement":[{"@type":"ListItem","position":1,"name":"Home","item":"https:\/\/passeiosbariloche.com\/"},{"@type":"ListItem","position":2,"name":"Lista de excursiones","item":"https:\/\/passeiosbariloche.com\/shop\/"},{"@type":"ListItem","position":3,"name":"Conoc\u00e9 Puerto Blest y la Cascada Los C\u00e1ntaros con traslado incluido"}]},{"@type":"WebSite","@id":"https:\/\/passeiosbariloche.com\/#website","url":"https:\/\/passeiosbariloche.com\/","name":"Passeios em Bariloche : Adventure and nature in Argentina","description":"Plan your trip to Bariloche with the best tours! Snow activities, adventure and dazzling landscapes in Patagonia.","potentialAction":[{"@type":"SearchAction","target":{"@type":"EntryPoint","urlTemplate":"https:\/\/passeiosbariloche.com\/?s={search_term_string}"},"query-input":{"@type":"PropertyValueSpecification","valueRequired":true,"valueName":"search_term_string"}}],"inLanguage":"en-US"}]},"product_price_amount":"158000.00","product_price_currency":"ARS","og_availability":"instock","product_availability":"instock","product_retailer_item_id":"ADV2025PUBLYCO2Q8","product_condition":"new"},"_links":{"self":[{"href":"https:\/\/passeiosbariloche.com\/en\/wp-json\/wp\/v2\/product\/65762","targetHints":{"allow":["GET"]}}],"collection":[{"href":"https:\/\/passeiosbariloche.com\/en\/wp-json\/wp\/v2\/product"}],"about":[{"href":"https:\/\/passeiosbariloche.com\/en\/wp-json\/wp\/v2\/types\/product"}],"replies":[{"embeddable":true,"href":"https:\/\/passeiosbariloche.com\/en\/wp-json\/wp\/v2\/comments?post=65762"}],"version-history":[{"count":8,"href":"https:\/\/passeiosbariloche.com\/en\/wp-json\/wp\/v2\/product\/65762\/revisions"}],"predecessor-version":[{"id":84440,"href":"https:\/\/passeiosbariloche.com\/en\/wp-json\/wp\/v2\/product\/65762\/revisions\/84440"}],"wp:featuredmedia":[{"embeddable":true,"href":"https:\/\/passeiosbariloche.com\/en\/wp-json\/wp\/v2\/media\/66621"}],"wp:attachment":[{"href":"https:\/\/passeiosbariloche.com\/en\/wp-json\/wp\/v2\/media?parent=65762"}],"wp:term":[{"taxonomy":"product_brand","embeddable":true,"href":"https:\/\/passeiosbariloche.com\/en\/wp-json\/wp\/v2\/product_brand?post=65762"},{"taxonomy":"product_cat","embeddable":true,"href":"https:\/\/passeiosbariloche.com\/en\/wp-json\/wp\/v2\/product_cat?post=65762"},{"taxonomy":"product_tag","embeddable":true,"href":"https:\/\/passeiosbariloche.com\/en\/wp-json\/wp\/v2\/product_tag?post=65762"}],"curies":[{"name":"wp","href":"https:\/\/api.w.org\/{rel}","templated":true}]}}