{"id":65763,"date":"2025-03-20T20:13:05","date_gmt":"2025-03-20T23:13:05","guid":{"rendered":"https:\/\/passeiosbariloche.com\/?post_type=product&#038;p=65763"},"modified":"2026-04-08T16:21:05","modified_gmt":"2026-04-08T19:21:05","slug":"excursion-isla-victoria-bosque-arrayanes-bariloche","status":"publish","type":"product","link":"https:\/\/passeiosbariloche.com\/en\/product\/victoria-island-and-myrtle-forest-transfer\/","title":{"rendered":"Sailing to Victoria Island and the Arrayanes Forest - With Transfer"},"content":{"rendered":"<h3 data-start=\"471\" data-end=\"566\"><strong data-start=\"475\" data-end=\"566\">An unforgettable trip to Patagonia Argentina, ideal for your first time in Bariloche.<\/strong><\/h3>\n<p data-start=\"568\" data-end=\"906\">Discover the magic of sailing among dreamlike landscapes in this excursion that joins two of the most emblematic places of the Nahuel Huapi National Park: Victoria Island and the Arrayanes Forest. Designed for first-time visitors to Bariloche, this outing is perfect for combining nature, history and unique photo opportunities.<\/p>\n<h3 data-start=\"913\" data-end=\"954\">What will you experience?<\/h3>\n<p data-start=\"956\" data-end=\"1267\">The excursion begins with a one-hour navigation from Puerto Pa\u00f1uelo, bordering the Nahuel Huapi Lake until reaching the Quetrihu\u00e9 Peninsula, where the famous Arrayanes Forest is located: unique trees in the world, with cinnamon-colored bark and a special energy that inspired the creators of Bambi.<\/p>\n<p data-start=\"1269\" data-end=\"1497\">Then we continue to Victoria Island, where we walk along trails surrounded by ancient trees, visit Playa del Toro with its volcanic sand and discover cave paintings that connect us with the history of the region.<\/p>\n<h3 data-start=\"1504\" data-end=\"1537\">General information about the tour<\/h3>\n<ul data-start=\"1539\" data-end=\"1912\">\n<li data-start=\"1539\" data-end=\"1632\">\n<p data-start=\"1541\" data-end=\"1632\"><strong data-start=\"1541\" data-end=\"1552\">Schedule<\/strong>Departure from Puerto Pa\u00f1uelo at 13:00 hs, return around 19:00 hs.<\/p>\n<\/li>\n<li data-start=\"1633\" data-end=\"1732\">\n<p data-start=\"1635\" data-end=\"1732\"><strong data-start=\"1635\" data-end=\"1646\">Includes<\/strong>Transfer in and out from points near your lodging, local guide and navigation.<\/p>\n<\/li>\n<li data-start=\"1733\" data-end=\"1827\">\n<p data-start=\"1735\" data-end=\"1827\"><strong data-start=\"1735\" data-end=\"1749\">Does not include<\/strong>Boarding and National Park taxes (payable at the port), no meals.<\/p>\n<\/li>\n<li data-start=\"1828\" data-end=\"1912\">\n<p data-start=\"1830\" data-end=\"1912\"><strong data-start=\"1830\" data-end=\"1840\">Language<\/strong>Guided in neutral Spanish. Ask for a guide in Portuguese for groups.<\/p>\n<\/li>\n<\/ul>\n<h3 data-start=\"1919\" data-end=\"1943\">Frequently Asked Questions<\/h3>\n<p data-start=\"1945\" data-end=\"2077\"><strong data-start=\"1945\" data-end=\"1996\">Where do I pay the boarding and park fees?<\/strong><br data-start=\"1996\" data-end=\"1999\" \/>They are paid on the same day in Puerto Pa\u00f1uelo, in cash. It is a mandatory payment.<\/p>\n<p data-start=\"2079\" data-end=\"2231\"><strong data-start=\"2079\" data-end=\"2123\">Is it recommended for all ages?<\/strong><br data-start=\"2123\" data-end=\"2126\" \/>Yes, it is a quiet and accessible excursion for seniors, children and people with moderate mobility.<\/p>\n<p data-start=\"2233\" data-end=\"2339\"><strong data-start=\"2233\" data-end=\"2258\">Can I bring food?<\/strong><br data-start=\"2258\" data-end=\"2261\" \/>Of course, you can bring your own snacks or buy them at the paradores during the excursion.<\/p>","protected":false},"excerpt":{"rendered":"<p>Dare to discover the <strong>Victoria Island<\/strong> and the <strong>Arrayanes Forest<\/strong>where the natural scenery is revealed in its maximum expression. With transfer included, enjoy a guided walk on the lake and tours among the majestic flora of the forest. Book now and live the Patagonian experience you always dreamed of!<\/p>","protected":false},"featured_media":66615,"comment_status":"open","ping_status":"closed","template":"","meta":[],"product_brand":[],"product_cat":[105,115,106,107,125,108,132,121],"product_tag":[],"class_list":{"0":"post-65763","1":"product","2":"type-product","3":"status-publish","4":"has-post-thumbnail","6":"product_cat-adultos","7":"product_cat-con-traslado","8":"product_cat-familia","9":"product_cat-jubilados","10":"product_cat-lacustre","11":"product_cat-ninos","12":"product_cat-sin-comida","13":"product_cat-todo-el-ano","15":"first","16":"instock","17":"virtual","18":"sold-individually","19":"purchasable","20":"product-type-booking"},"booking_location":"","booking_location_type":"","booking_duration":60,"booking_duration_unit":"minute","booking_buffer":0,"booking_cost":0,"booking_resources":[],"exclude_global_add_ons":false,"addons":[{"name":"ADU | Adult","type":"input_multiplier","position":0,"required":false,"title_format":"label","default":"","description_enable":false,"description":"","placeholder_enable":false,"placeholder":"","display":"select","restrictions_type":"any_text","adjust_price":true,"price":"158000","price_type":"quantity_based","restrictions":false,"min":"0","max":"0","options":[],"id":1773234582},{"name":"MEN512 | from 5 to 12","type":"input_multiplier","position":1,"required":false,"title_format":"label","default":"","description_enable":false,"description":"","placeholder_enable":false,"placeholder":"","display":"select","restrictions_type":"any_text","adjust_price":true,"price":"92000","price_type":"quantity_based","restrictions":false,"min":"0","max":"0","options":[],"id":1773234583},{"name":"ADUJ : Retired","type":"input_multiplier","position":2,"required":false,"title_format":"label","default":"","description_enable":false,"description":"","placeholder_enable":false,"placeholder":"","display":"select","restrictions_type":"any_text","adjust_price":true,"price":"92000","price_type":"quantity_based","restrictions":false,"min":"0","max":"0","options":[],"id":1773234584}],"yoast_head":"<!-- This site is optimized with the Yoast SEO Premium plugin v24.5 (Yoast SEO v24.8) - https:\/\/yoast.com\/wordpress\/plugins\/seo\/ -->\n<title>Excursi\u00f3n Isla Victoria y Bosque de Arrayanes desde Bariloche - Passeios em Bariloche | Neve, aventura e natureza na Argentina<\/title>\n<meta name=\"description\" content=\"Naveg\u00e1 el Nahuel Huapi y descubr\u00ed Isla Victoria y el Bosque de Arrayanes. Excursi\u00f3n desde Bariloche con traslado, gu\u00eda local y paisajes \u00fanicos.\" \/>\n<meta name=\"robots\" content=\"index, follow, max-snippet:-1, max-image-preview:large, max-video-preview:-1\" \/>\n<link rel=\"canonical\" href=\"https:\/\/passeiosbariloche.com\/en\/product\/victoria-island-and-myrtle-forest-transfer\/\" \/>\n<meta property=\"og:locale\" content=\"en_US\" \/>\n<meta property=\"og:type\" content=\"article\" \/>\n<meta property=\"og:title\" content=\"Naveg\u00e1 hacia Isla Victoria y el Bosque de Arrayanes - Con Traslado\" \/>\n<meta property=\"og:description\" content=\"Naveg\u00e1 el Nahuel Huapi y descubr\u00ed Isla Victoria y el Bosque de Arrayanes. Excursi\u00f3n desde Bariloche con traslado, gu\u00eda local y paisajes \u00fanicos.\" \/>\n<meta property=\"og:url\" content=\"https:\/\/passeiosbariloche.com\/en\/product\/victoria-island-and-myrtle-forest-transfer\/\" \/>\n<meta property=\"og:site_name\" content=\"Passeios em Bariloche | Neve, aventura e natureza na Argentina\" \/>\n<meta property=\"article:modified_time\" content=\"2026-04-08T19:21:05+00:00\" \/>\n<meta property=\"og:image\" content=\"https:\/\/passeiosbariloche.com\/wp-content\/uploads\/2025\/03\/8-A-20230902_154311-scaled.jpg\" \/>\n\t<meta property=\"og:image:width\" content=\"1920\" \/>\n\t<meta property=\"og:image:height\" content=\"2560\" \/>\n\t<meta property=\"og:image:type\" content=\"image\/jpeg\" \/>\n<meta name=\"twitter:card\" content=\"summary_large_image\" \/>\n<meta name=\"twitter:label1\" content=\"Price\" \/>\n\t<meta name=\"twitter:data1\" content=\"&#036;&nbsp;158.000,00\" \/>\n\t<meta name=\"twitter:label2\" content=\"Availability\" \/>\n\t<meta name=\"twitter:data2\" content=\"In stock\" \/>\n<script type=\"application\/ld+json\" class=\"yoast-schema-graph\">{\"@context\":\"https:\/\/schema.org\",\"@graph\":[{\"@type\":[\"WebPage\",\"ItemPage\"],\"@id\":\"https:\/\/passeiosbariloche.com\/product\/excursion-isla-victoria-bosque-arrayanes-bariloche\/\",\"url\":\"https:\/\/passeiosbariloche.com\/product\/excursion-isla-victoria-bosque-arrayanes-bariloche\/\",\"name\":\"Excursi\u00f3n Isla Victoria y Bosque de Arrayanes desde Bariloche - Passeios em Bariloche | Neve, aventura e natureza na Argentina\",\"isPartOf\":{\"@id\":\"https:\/\/passeiosbariloche.com\/#website\"},\"primaryImageOfPage\":{\"@id\":\"https:\/\/passeiosbariloche.com\/product\/excursion-isla-victoria-bosque-arrayanes-bariloche\/#primaryimage\"},\"image\":{\"@id\":\"https:\/\/passeiosbariloche.com\/product\/excursion-isla-victoria-bosque-arrayanes-bariloche\/#primaryimage\"},\"thumbnailUrl\":\"https:\/\/passeiosbariloche.com\/wp-content\/uploads\/2025\/03\/8-A-20230902_154311-scaled.jpg\",\"datePublished\":\"2025-03-20T23:13:05+00:00\",\"dateModified\":\"2026-04-08T19:21:05+00:00\",\"description\":\"Naveg\u00e1 el Nahuel Huapi y descubr\u00ed Isla Victoria y el Bosque de Arrayanes. Excursi\u00f3n desde Bariloche con traslado, gu\u00eda local y paisajes \u00fanicos.\",\"breadcrumb\":{\"@id\":\"https:\/\/passeiosbariloche.com\/product\/excursion-isla-victoria-bosque-arrayanes-bariloche\/#breadcrumb\"},\"inLanguage\":\"en-US\",\"potentialAction\":[{\"@type\":\"ReadAction\",\"target\":[\"https:\/\/passeiosbariloche.com\/product\/excursion-isla-victoria-bosque-arrayanes-bariloche\/\"]}]},{\"@type\":\"ImageObject\",\"inLanguage\":\"en-US\",\"@id\":\"https:\/\/passeiosbariloche.com\/product\/excursion-isla-victoria-bosque-arrayanes-bariloche\/#primaryimage\",\"url\":\"https:\/\/passeiosbariloche.com\/wp-content\/uploads\/2025\/03\/8-A-20230902_154311-scaled.jpg\",\"contentUrl\":\"https:\/\/passeiosbariloche.com\/wp-content\/uploads\/2025\/03\/8-A-20230902_154311-scaled.jpg\",\"width\":1920,\"height\":2560},{\"@type\":\"BreadcrumbList\",\"@id\":\"https:\/\/passeiosbariloche.com\/product\/excursion-isla-victoria-bosque-arrayanes-bariloche\/#breadcrumb\",\"itemListElement\":[{\"@type\":\"ListItem\",\"position\":1,\"name\":\"Home\",\"item\":\"https:\/\/passeiosbariloche.com\/\"},{\"@type\":\"ListItem\",\"position\":2,\"name\":\"Lista de excursiones\",\"item\":\"https:\/\/passeiosbariloche.com\/shop\/\"},{\"@type\":\"ListItem\",\"position\":3,\"name\":\"Naveg\u00e1 hacia Isla Victoria y el Bosque de Arrayanes &#8211; Con Traslado\"}]},{\"@type\":\"WebSite\",\"@id\":\"https:\/\/passeiosbariloche.com\/#website\",\"url\":\"https:\/\/passeiosbariloche.com\/\",\"name\":\"Passeios em Bariloche | Aventura e natureza na Argentina\",\"description\":\"Planeje sua viagem para Bariloche com os melhores passeios! Atividades na neve, aventura e paisagens deslumbrantes na Patag\u00f4nia.\",\"potentialAction\":[{\"@type\":\"SearchAction\",\"target\":{\"@type\":\"EntryPoint\",\"urlTemplate\":\"https:\/\/passeiosbariloche.com\/?s={search_term_string}\"},\"query-input\":{\"@type\":\"PropertyValueSpecification\",\"valueRequired\":true,\"valueName\":\"search_term_string\"}}],\"inLanguage\":\"en-US\"}]}<\/script>\n<meta property=\"product:price:amount\" content=\"158000.00\" \/>\n<meta property=\"product:price:currency\" content=\"ARS\" \/>\n<meta property=\"og:availability\" content=\"instock\" \/>\n<meta property=\"product:availability\" content=\"instock\" \/>\n<meta property=\"product:retailer_item_id\" content=\"ADV2025ISVIYBMX11\" \/>\n<meta property=\"product:condition\" content=\"new\" \/>\n<!-- \/ Yoast SEO Premium plugin. -->","yoast_head_json":{"title":"Victoria Island and Arrayanes Forest Excursion from Bariloche - Passeios em Bariloche | Neve, aventura e natureza na Argentina","description":"Navigate the Nahuel Huapi and discover Victoria Island and the Arrayanes Forest. Excursion from Bariloche with transfer, local guide and unique landscapes.","robots":{"index":"index","follow":"follow","max-snippet":"max-snippet:-1","max-image-preview":"max-image-preview:large","max-video-preview":"max-video-preview:-1"},"canonical":"https:\/\/passeiosbariloche.com\/en\/product\/victoria-island-and-myrtle-forest-transfer\/","og_locale":"en_US","og_type":"article","og_title":"Naveg\u00e1 hacia Isla Victoria y el Bosque de Arrayanes - Con Traslado","og_description":"Naveg\u00e1 el Nahuel Huapi y descubr\u00ed Isla Victoria y el Bosque de Arrayanes. Excursi\u00f3n desde Bariloche con traslado, gu\u00eda local y paisajes \u00fanicos.","og_url":"https:\/\/passeiosbariloche.com\/en\/product\/victoria-island-and-myrtle-forest-transfer\/","og_site_name":"Passeios em Bariloche | Neve, aventura e natureza na Argentina","article_modified_time":"2026-04-08T19:21:05+00:00","og_image":[{"width":1920,"height":2560,"url":"https:\/\/passeiosbariloche.com\/wp-content\/uploads\/2025\/03\/8-A-20230902_154311-scaled.jpg","type":"image\/jpeg"}],"twitter_card":"summary_large_image","twitter_misc":{"Price":"&#36;&nbsp;158.000,00","Availability":"In stock"},"schema":{"@context":"https:\/\/schema.org","@graph":[{"@type":["WebPage","ItemPage"],"@id":"https:\/\/passeiosbariloche.com\/product\/excursion-isla-victoria-bosque-arrayanes-bariloche\/","url":"https:\/\/passeiosbariloche.com\/product\/excursion-isla-victoria-bosque-arrayanes-bariloche\/","name":"Victoria Island and Arrayanes Forest Excursion from Bariloche - Passeios em Bariloche | Neve, aventura e natureza na Argentina","isPartOf":{"@id":"https:\/\/passeiosbariloche.com\/#website"},"primaryImageOfPage":{"@id":"https:\/\/passeiosbariloche.com\/product\/excursion-isla-victoria-bosque-arrayanes-bariloche\/#primaryimage"},"image":{"@id":"https:\/\/passeiosbariloche.com\/product\/excursion-isla-victoria-bosque-arrayanes-bariloche\/#primaryimage"},"thumbnailUrl":"https:\/\/passeiosbariloche.com\/wp-content\/uploads\/2025\/03\/8-A-20230902_154311-scaled.jpg","datePublished":"2025-03-20T23:13:05+00:00","dateModified":"2026-04-08T19:21:05+00:00","description":"Navigate the Nahuel Huapi and discover Victoria Island and the Arrayanes Forest. Excursion from Bariloche with transfer, local guide and unique landscapes.","breadcrumb":{"@id":"https:\/\/passeiosbariloche.com\/product\/excursion-isla-victoria-bosque-arrayanes-bariloche\/#breadcrumb"},"inLanguage":"en-US","potentialAction":[{"@type":"ReadAction","target":["https:\/\/passeiosbariloche.com\/product\/excursion-isla-victoria-bosque-arrayanes-bariloche\/"]}]},{"@type":"ImageObject","inLanguage":"en-US","@id":"https:\/\/passeiosbariloche.com\/product\/excursion-isla-victoria-bosque-arrayanes-bariloche\/#primaryimage","url":"https:\/\/passeiosbariloche.com\/wp-content\/uploads\/2025\/03\/8-A-20230902_154311-scaled.jpg","contentUrl":"https:\/\/passeiosbariloche.com\/wp-content\/uploads\/2025\/03\/8-A-20230902_154311-scaled.jpg","width":1920,"height":2560},{"@type":"BreadcrumbList","@id":"https:\/\/passeiosbariloche.com\/product\/excursion-isla-victoria-bosque-arrayanes-bariloche\/#breadcrumb","itemListElement":[{"@type":"ListItem","position":1,"name":"Home","item":"https:\/\/passeiosbariloche.com\/"},{"@type":"ListItem","position":2,"name":"Lista de excursiones","item":"https:\/\/passeiosbariloche.com\/shop\/"},{"@type":"ListItem","position":3,"name":"Naveg\u00e1 hacia Isla Victoria y el Bosque de Arrayanes &#8211; Con Traslado"}]},{"@type":"WebSite","@id":"https:\/\/passeiosbariloche.com\/#website","url":"https:\/\/passeiosbariloche.com\/","name":"Passeios em Bariloche : Adventure and nature in Argentina","description":"Plan your trip to Bariloche with the best tours! Snow activities, adventure and dazzling landscapes in Patagonia.","potentialAction":[{"@type":"SearchAction","target":{"@type":"EntryPoint","urlTemplate":"https:\/\/passeiosbariloche.com\/?s={search_term_string}"},"query-input":{"@type":"PropertyValueSpecification","valueRequired":true,"valueName":"search_term_string"}}],"inLanguage":"en-US"}]},"product_price_amount":"158000.00","product_price_currency":"ARS","og_availability":"instock","product_availability":"instock","product_retailer_item_id":"ADV2025ISVIYBMX11","product_condition":"new"},"_links":{"self":[{"href":"https:\/\/passeiosbariloche.com\/en\/wp-json\/wp\/v2\/product\/65763","targetHints":{"allow":["GET"]}}],"collection":[{"href":"https:\/\/passeiosbariloche.com\/en\/wp-json\/wp\/v2\/product"}],"about":[{"href":"https:\/\/passeiosbariloche.com\/en\/wp-json\/wp\/v2\/types\/product"}],"replies":[{"embeddable":true,"href":"https:\/\/passeiosbariloche.com\/en\/wp-json\/wp\/v2\/comments?post=65763"}],"version-history":[{"count":7,"href":"https:\/\/passeiosbariloche.com\/en\/wp-json\/wp\/v2\/product\/65763\/revisions"}],"predecessor-version":[{"id":66919,"href":"https:\/\/passeiosbariloche.com\/en\/wp-json\/wp\/v2\/product\/65763\/revisions\/66919"}],"wp:featuredmedia":[{"embeddable":true,"href":"https:\/\/passeiosbariloche.com\/en\/wp-json\/wp\/v2\/media\/66615"}],"wp:attachment":[{"href":"https:\/\/passeiosbariloche.com\/en\/wp-json\/wp\/v2\/media?parent=65763"}],"wp:term":[{"taxonomy":"product_brand","embeddable":true,"href":"https:\/\/passeiosbariloche.com\/en\/wp-json\/wp\/v2\/product_brand?post=65763"},{"taxonomy":"product_cat","embeddable":true,"href":"https:\/\/passeiosbariloche.com\/en\/wp-json\/wp\/v2\/product_cat?post=65763"},{"taxonomy":"product_tag","embeddable":true,"href":"https:\/\/passeiosbariloche.com\/en\/wp-json\/wp\/v2\/product_tag?post=65763"}],"curies":[{"name":"wp","href":"https:\/\/api.w.org\/{rel}","templated":true}]}}