{"id":65764,"date":"2025-03-20T20:13:20","date_gmt":"2025-03-20T23:13:20","guid":{"rendered":"https:\/\/passeiosbariloche.com\/?post_type=product&#038;p=65764"},"modified":"2026-04-08T16:21:05","modified_gmt":"2026-04-08T19:21:05","slug":"paquete-promocional-3-dias-excursion","status":"publish","type":"product","link":"https:\/\/passeiosbariloche.com\/en\/product\/promotional-package-3-day-excursion\/","title":{"rendered":"3 Unforgettable Days Promotion - Discover Bariloche to the Maximum"},"content":{"rendered":"<h3 data-start=\"342\" data-end=\"469\">Three days, three unique adventures in Patagonia: ideal for those who visit from afar and want to make the most of every moment.<\/h3>\n<p data-start=\"471\" data-end=\"742\">This package was designed for those who come from Brazil or other international destinations and want to know the best of Bariloche in an organized, safe way and with expert guides. A balanced tour, with nature, landscapes, history and free time to enjoy.<\/p>\n<h3 data-start=\"749\" data-end=\"783\">Ideal itinerary for your trip<\/h3>\n<ul data-start=\"785\" data-end=\"1439\">\n<li data-start=\"785\" data-end=\"1020\">\n<p data-start=\"787\" data-end=\"1020\"><strong data-start=\"787\" data-end=\"836\">7 Lakes and San Mart\u00edn de los Andes Route<\/strong> - Departure at 08:00 am. A panoramic trip with views of lakes, mountains and forests. You will visit viewpoints, small towns and arrive at San Martin, a jewel of Patagonia.<\/p>\n<\/li>\n<li data-start=\"1022\" data-end=\"1221\">\n<p data-start=\"1024\" data-end=\"1221\"><strong data-start=\"1024\" data-end=\"1083\">Excursion to Cerro Tronador and Ventisquero Negro Glacier.<\/strong> - Departure at 09:00 am. A day among mountains, waterfalls and glaciers. Includes stops at viewpoints and time for lunch in Pampa Linda.<\/p>\n<\/li>\n<li data-start=\"1223\" data-end=\"1439\">\n<p data-start=\"1225\" data-end=\"1439\"><strong data-start=\"1225\" data-end=\"1275\">Circuito Chico with Cerro Campanario (optional)<\/strong> - Departure at 08:30 am. A classic ride around Bariloche, with unique views and the possibility of going up to the viewpoint with the best view of the city.<\/p>\n<\/li>\n<\/ul>\n<p data-start=\"1441\" data-end=\"1520\">You can choose the order of the excursions and adjust it according to your time or weather.<\/p>\n<h3 data-start=\"1527\" data-end=\"1547\">Useful information<\/h3>\n<p data-start=\"1549\" data-end=\"1944\"><strong data-start=\"1549\" data-end=\"1562\">Duration:<\/strong> 3 full days<br data-start=\"1579\" data-end=\"1582\" \/><strong data-start=\"1582\" data-end=\"1595\">Schedules:<\/strong> See outings by excursion<br data-start=\"1621\" data-end=\"1624\" \/><strong data-start=\"1624\" data-end=\"1647\">Meeting point:<\/strong> We coordinate the closest point to your lodging between downtown and km 8 of Bustillo or Pioneros Av.<br data-start=\"1748\" data-end=\"1751\" \/><strong data-start=\"1751\" data-end=\"1763\">Includes:<\/strong> Round trip transportation, Spanish speaking guide (Portuguese speaking guide option at additional cost), assistance<br data-start=\"1863\" data-end=\"1866\" \/><strong data-start=\"1866\" data-end=\"1881\">Does not include:<\/strong> Meals, National Park entrance tickets and chairlifts<\/p>\n<h3 data-start=\"1951\" data-end=\"1975\">Frequently Asked Questions<\/h3>\n<p data-start=\"1977\" data-end=\"2087\"><strong data-start=\"1977\" data-end=\"2010\">Is it suitable for families?<\/strong><br data-start=\"2010\" data-end=\"2013\" \/>Yes, it is suitable for all ages and requires no special physical condition.<\/p>\n<p data-start=\"2089\" data-end=\"2176\"><strong data-start=\"2089\" data-end=\"2128\">Are there guide options in Portuguese?<\/strong><br data-start=\"2128\" data-end=\"2131\" \/>Yes, with previous reservation and with additional cost.<\/p>\n<p data-start=\"2178\" data-end=\"2281\"><strong data-start=\"2178\" data-end=\"2208\">What clothes do I need to bring?<\/strong><br data-start=\"2208\" data-end=\"2211\" \/>Comfortable clothes for hiking, warm clothes according to season and sun protection.<\/p>\n<p data-start=\"2283\" data-end=\"2395\"><strong data-start=\"2283\" data-end=\"2318\">Where are the meals held?<\/strong><br data-start=\"2318\" data-end=\"2321\" \/>Lunch options are available at each stop. You can also bring your own lunch.<\/p>","protected":false},"excerpt":{"rendered":"<p>Immerse yourself in the wonderful Patagonia with our <strong>exclusive 3-day package<\/strong> of excursions. Discover <strong>San Martin de los Andes<\/strong>the <strong>Route of the 7 Lakes<\/strong>the <strong>Cerro Tronador<\/strong> and the <strong>Small Circuit<\/strong>as you adjust to your ideal plans.<\/p>","protected":false},"featured_media":66611,"comment_status":"open","ping_status":"closed","template":"","meta":[],"product_brand":[],"product_cat":[105,115,106,108,132,127,121],"product_tag":[],"class_list":{"0":"post-65764","1":"product","2":"type-product","3":"status-publish","4":"has-post-thumbnail","6":"product_cat-adultos","7":"product_cat-con-traslado","8":"product_cat-familia","9":"product_cat-ninos","10":"product_cat-sin-comida","11":"product_cat-terrestre","12":"product_cat-todo-el-ano","14":"first","15":"instock","16":"virtual","17":"sold-individually","18":"purchasable","19":"product-type-booking"},"booking_location":"","booking_location_type":"","booking_duration":1,"booking_duration_unit":"hour","booking_buffer":0,"booking_cost":0,"booking_resources":[],"exclude_global_add_ons":false,"addons":[{"name":"STD | Passengers","type":"input_multiplier","position":0,"required":false,"title_format":"label","default":"","description_enable":false,"description":"","placeholder_enable":false,"placeholder":"","display":"select","restrictions_type":"any_text","adjust_price":true,"price":"156000","price_type":"quantity_based","restrictions":false,"min":"0","max":"0","options":[],"id":1773234688}],"yoast_head":"<!-- This site is optimized with the Yoast SEO Premium plugin v24.5 (Yoast SEO v24.8) - https:\/\/yoast.com\/wordpress\/plugins\/seo\/ -->\n<title>Promoci\u00f3n 3 D\u00edas Inolvidables \u2013 Descubr\u00ed Bariloche al M\u00e1ximo - Passeios em Bariloche | Neve, aventura e natureza na Argentina<\/title>\n<meta name=\"description\" content=\"Promoci\u00f3n 3 d\u00edas en Bariloche para p\u00fablico brasile\u00f1o. Incluye excursiones a San Mart\u00edn, Tronador y Circuito Chico. Gu\u00edas, traslados y organizaci\u00f3n completa.\" \/>\n<meta name=\"robots\" content=\"index, follow, max-snippet:-1, max-image-preview:large, max-video-preview:-1\" \/>\n<link rel=\"canonical\" href=\"https:\/\/passeiosbariloche.com\/en\/product\/promotional-package-3-day-excursion\/\" \/>\n<meta property=\"og:locale\" content=\"en_US\" \/>\n<meta property=\"og:type\" content=\"article\" \/>\n<meta property=\"og:title\" content=\"Promoci\u00f3n 3 D\u00edas Inolvidables \u2013 Descubr\u00ed Bariloche al M\u00e1ximo\" \/>\n<meta property=\"og:description\" content=\"Promoci\u00f3n 3 d\u00edas en Bariloche para p\u00fablico brasile\u00f1o. Incluye excursiones a San Mart\u00edn, Tronador y Circuito Chico. Gu\u00edas, traslados y organizaci\u00f3n completa.\" \/>\n<meta property=\"og:url\" content=\"https:\/\/passeiosbariloche.com\/en\/product\/promotional-package-3-day-excursion\/\" \/>\n<meta property=\"og:site_name\" content=\"Passeios em Bariloche | Neve, aventura e natureza na Argentina\" \/>\n<meta property=\"article:modified_time\" content=\"2026-04-08T19:21:05+00:00\" \/>\n<meta property=\"og:image\" content=\"https:\/\/passeiosbariloche.com\/wp-content\/uploads\/2025\/03\/8-A-DSC_0814-scaled.jpg\" \/>\n\t<meta property=\"og:image:width\" content=\"1920\" \/>\n\t<meta property=\"og:image:height\" content=\"2560\" \/>\n\t<meta property=\"og:image:type\" content=\"image\/jpeg\" \/>\n<meta name=\"twitter:card\" content=\"summary_large_image\" \/>\n<meta name=\"twitter:label1\" content=\"Price\" \/>\n\t<meta name=\"twitter:data1\" content=\"&#036;&nbsp;156.000,00\" \/>\n\t<meta name=\"twitter:label2\" content=\"Availability\" \/>\n\t<meta name=\"twitter:data2\" content=\"In stock\" \/>\n<script type=\"application\/ld+json\" class=\"yoast-schema-graph\">{\"@context\":\"https:\/\/schema.org\",\"@graph\":[{\"@type\":[\"WebPage\",\"ItemPage\"],\"@id\":\"https:\/\/passeiosbariloche.com\/product\/paquete-promocional-3-dias-excursion\/\",\"url\":\"https:\/\/passeiosbariloche.com\/product\/paquete-promocional-3-dias-excursion\/\",\"name\":\"Promoci\u00f3n 3 D\u00edas Inolvidables \u2013 Descubr\u00ed Bariloche al M\u00e1ximo - Passeios em Bariloche | Neve, aventura e natureza na Argentina\",\"isPartOf\":{\"@id\":\"https:\/\/passeiosbariloche.com\/#website\"},\"primaryImageOfPage\":{\"@id\":\"https:\/\/passeiosbariloche.com\/product\/paquete-promocional-3-dias-excursion\/#primaryimage\"},\"image\":{\"@id\":\"https:\/\/passeiosbariloche.com\/product\/paquete-promocional-3-dias-excursion\/#primaryimage\"},\"thumbnailUrl\":\"https:\/\/passeiosbariloche.com\/wp-content\/uploads\/2025\/03\/8-A-DSC_0814-scaled.jpg\",\"datePublished\":\"2025-03-20T23:13:20+00:00\",\"dateModified\":\"2026-04-08T19:21:05+00:00\",\"description\":\"Promoci\u00f3n 3 d\u00edas en Bariloche para p\u00fablico brasile\u00f1o. Incluye excursiones a San Mart\u00edn, Tronador y Circuito Chico. Gu\u00edas, traslados y organizaci\u00f3n completa.\",\"breadcrumb\":{\"@id\":\"https:\/\/passeiosbariloche.com\/product\/paquete-promocional-3-dias-excursion\/#breadcrumb\"},\"inLanguage\":\"en-US\",\"potentialAction\":[{\"@type\":\"ReadAction\",\"target\":[\"https:\/\/passeiosbariloche.com\/product\/paquete-promocional-3-dias-excursion\/\"]}]},{\"@type\":\"ImageObject\",\"inLanguage\":\"en-US\",\"@id\":\"https:\/\/passeiosbariloche.com\/product\/paquete-promocional-3-dias-excursion\/#primaryimage\",\"url\":\"https:\/\/passeiosbariloche.com\/wp-content\/uploads\/2025\/03\/8-A-DSC_0814-scaled.jpg\",\"contentUrl\":\"https:\/\/passeiosbariloche.com\/wp-content\/uploads\/2025\/03\/8-A-DSC_0814-scaled.jpg\",\"width\":1920,\"height\":2560},{\"@type\":\"BreadcrumbList\",\"@id\":\"https:\/\/passeiosbariloche.com\/product\/paquete-promocional-3-dias-excursion\/#breadcrumb\",\"itemListElement\":[{\"@type\":\"ListItem\",\"position\":1,\"name\":\"Home\",\"item\":\"https:\/\/passeiosbariloche.com\/\"},{\"@type\":\"ListItem\",\"position\":2,\"name\":\"Lista de excursiones\",\"item\":\"https:\/\/passeiosbariloche.com\/shop\/\"},{\"@type\":\"ListItem\",\"position\":3,\"name\":\"Promoci\u00f3n 3 D\u00edas Inolvidables \u2013 Descubr\u00ed Bariloche al M\u00e1ximo\"}]},{\"@type\":\"WebSite\",\"@id\":\"https:\/\/passeiosbariloche.com\/#website\",\"url\":\"https:\/\/passeiosbariloche.com\/\",\"name\":\"Passeios em Bariloche | Aventura e natureza na Argentina\",\"description\":\"Planeje sua viagem para Bariloche com os melhores passeios! Atividades na neve, aventura e paisagens deslumbrantes na Patag\u00f4nia.\",\"potentialAction\":[{\"@type\":\"SearchAction\",\"target\":{\"@type\":\"EntryPoint\",\"urlTemplate\":\"https:\/\/passeiosbariloche.com\/?s={search_term_string}\"},\"query-input\":{\"@type\":\"PropertyValueSpecification\",\"valueRequired\":true,\"valueName\":\"search_term_string\"}}],\"inLanguage\":\"en-US\"}]}<\/script>\n<meta property=\"product:price:amount\" content=\"156000.00\" \/>\n<meta property=\"product:price:currency\" content=\"ARS\" \/>\n<meta property=\"og:availability\" content=\"instock\" \/>\n<meta property=\"product:availability\" content=\"instock\" \/>\n<meta property=\"product:retailer_item_id\" content=\"ADV2025PAPRDE20W5\" \/>\n<meta property=\"product:condition\" content=\"new\" \/>\n<!-- \/ Yoast SEO Premium plugin. -->","yoast_head_json":{"title":"3 Unforgettable Days - Discover Bariloche to the Maximum - Passeios em Bariloche | Neve, aventura e natureza na Argentina","description":"Promotion 3 days in Bariloche for Brazilian public. Includes excursions to San Mart\u00edn, Tronador and Circuito Chico. Guides, transfers and complete organization.","robots":{"index":"index","follow":"follow","max-snippet":"max-snippet:-1","max-image-preview":"max-image-preview:large","max-video-preview":"max-video-preview:-1"},"canonical":"https:\/\/passeiosbariloche.com\/en\/product\/promotional-package-3-day-excursion\/","og_locale":"en_US","og_type":"article","og_title":"Promoci\u00f3n 3 D\u00edas Inolvidables \u2013 Descubr\u00ed Bariloche al M\u00e1ximo","og_description":"Promoci\u00f3n 3 d\u00edas en Bariloche para p\u00fablico brasile\u00f1o. Incluye excursiones a San Mart\u00edn, Tronador y Circuito Chico. Gu\u00edas, traslados y organizaci\u00f3n completa.","og_url":"https:\/\/passeiosbariloche.com\/en\/product\/promotional-package-3-day-excursion\/","og_site_name":"Passeios em Bariloche | Neve, aventura e natureza na Argentina","article_modified_time":"2026-04-08T19:21:05+00:00","og_image":[{"width":1920,"height":2560,"url":"https:\/\/passeiosbariloche.com\/wp-content\/uploads\/2025\/03\/8-A-DSC_0814-scaled.jpg","type":"image\/jpeg"}],"twitter_card":"summary_large_image","twitter_misc":{"Price":"&#36;&nbsp;156.000,00","Availability":"In stock"},"schema":{"@context":"https:\/\/schema.org","@graph":[{"@type":["WebPage","ItemPage"],"@id":"https:\/\/passeiosbariloche.com\/product\/paquete-promocional-3-dias-excursion\/","url":"https:\/\/passeiosbariloche.com\/product\/paquete-promocional-3-dias-excursion\/","name":"3 Unforgettable Days - Discover Bariloche to the Maximum - Passeios em Bariloche | Neve, aventura e natureza na Argentina","isPartOf":{"@id":"https:\/\/passeiosbariloche.com\/#website"},"primaryImageOfPage":{"@id":"https:\/\/passeiosbariloche.com\/product\/paquete-promocional-3-dias-excursion\/#primaryimage"},"image":{"@id":"https:\/\/passeiosbariloche.com\/product\/paquete-promocional-3-dias-excursion\/#primaryimage"},"thumbnailUrl":"https:\/\/passeiosbariloche.com\/wp-content\/uploads\/2025\/03\/8-A-DSC_0814-scaled.jpg","datePublished":"2025-03-20T23:13:20+00:00","dateModified":"2026-04-08T19:21:05+00:00","description":"Promotion 3 days in Bariloche for Brazilian public. Includes excursions to San Mart\u00edn, Tronador and Circuito Chico. Guides, transfers and complete organization.","breadcrumb":{"@id":"https:\/\/passeiosbariloche.com\/product\/paquete-promocional-3-dias-excursion\/#breadcrumb"},"inLanguage":"en-US","potentialAction":[{"@type":"ReadAction","target":["https:\/\/passeiosbariloche.com\/product\/paquete-promocional-3-dias-excursion\/"]}]},{"@type":"ImageObject","inLanguage":"en-US","@id":"https:\/\/passeiosbariloche.com\/product\/paquete-promocional-3-dias-excursion\/#primaryimage","url":"https:\/\/passeiosbariloche.com\/wp-content\/uploads\/2025\/03\/8-A-DSC_0814-scaled.jpg","contentUrl":"https:\/\/passeiosbariloche.com\/wp-content\/uploads\/2025\/03\/8-A-DSC_0814-scaled.jpg","width":1920,"height":2560},{"@type":"BreadcrumbList","@id":"https:\/\/passeiosbariloche.com\/product\/paquete-promocional-3-dias-excursion\/#breadcrumb","itemListElement":[{"@type":"ListItem","position":1,"name":"Home","item":"https:\/\/passeiosbariloche.com\/"},{"@type":"ListItem","position":2,"name":"Lista de excursiones","item":"https:\/\/passeiosbariloche.com\/shop\/"},{"@type":"ListItem","position":3,"name":"Promoci\u00f3n 3 D\u00edas Inolvidables \u2013 Descubr\u00ed Bariloche al M\u00e1ximo"}]},{"@type":"WebSite","@id":"https:\/\/passeiosbariloche.com\/#website","url":"https:\/\/passeiosbariloche.com\/","name":"Passeios em Bariloche : Adventure and nature in Argentina","description":"Plan your trip to Bariloche with the best tours! Snow activities, adventure and dazzling landscapes in Patagonia.","potentialAction":[{"@type":"SearchAction","target":{"@type":"EntryPoint","urlTemplate":"https:\/\/passeiosbariloche.com\/?s={search_term_string}"},"query-input":{"@type":"PropertyValueSpecification","valueRequired":true,"valueName":"search_term_string"}}],"inLanguage":"en-US"}]},"product_price_amount":"156000.00","product_price_currency":"ARS","og_availability":"instock","product_availability":"instock","product_retailer_item_id":"ADV2025PAPRDE20W5","product_condition":"new"},"_links":{"self":[{"href":"https:\/\/passeiosbariloche.com\/en\/wp-json\/wp\/v2\/product\/65764","targetHints":{"allow":["GET"]}}],"collection":[{"href":"https:\/\/passeiosbariloche.com\/en\/wp-json\/wp\/v2\/product"}],"about":[{"href":"https:\/\/passeiosbariloche.com\/en\/wp-json\/wp\/v2\/types\/product"}],"replies":[{"embeddable":true,"href":"https:\/\/passeiosbariloche.com\/en\/wp-json\/wp\/v2\/comments?post=65764"}],"version-history":[{"count":6,"href":"https:\/\/passeiosbariloche.com\/en\/wp-json\/wp\/v2\/product\/65764\/revisions"}],"predecessor-version":[{"id":84438,"href":"https:\/\/passeiosbariloche.com\/en\/wp-json\/wp\/v2\/product\/65764\/revisions\/84438"}],"wp:featuredmedia":[{"embeddable":true,"href":"https:\/\/passeiosbariloche.com\/en\/wp-json\/wp\/v2\/media\/66611"}],"wp:attachment":[{"href":"https:\/\/passeiosbariloche.com\/en\/wp-json\/wp\/v2\/media?parent=65764"}],"wp:term":[{"taxonomy":"product_brand","embeddable":true,"href":"https:\/\/passeiosbariloche.com\/en\/wp-json\/wp\/v2\/product_brand?post=65764"},{"taxonomy":"product_cat","embeddable":true,"href":"https:\/\/passeiosbariloche.com\/en\/wp-json\/wp\/v2\/product_cat?post=65764"},{"taxonomy":"product_tag","embeddable":true,"href":"https:\/\/passeiosbariloche.com\/en\/wp-json\/wp\/v2\/product_tag?post=65764"}],"curies":[{"name":"wp","href":"https:\/\/api.w.org\/{rel}","templated":true}]}}