{"id":65771,"date":"2025-03-20T20:14:56","date_gmt":"2025-03-20T23:14:56","guid":{"rendered":"https:\/\/passeiosbariloche.com\/?post_type=product&#038;p=65771"},"modified":"2026-04-13T12:47:32","modified_gmt":"2026-04-13T15:47:32","slug":"descubri-el-rio-manso-desde-el-agua-experiencia-de-rafting-unica-en-la-patagonia-sin-traslado","status":"publish","type":"product","link":"https:\/\/passeiosbariloche.com\/en\/product\/discover-the-manso-river-from-the-water-unique-rafting-experience-in-patagonia-without-transfer\/","title":{"rendered":"Discover the Manso River from the Water - Unique Rafting Experience in Patagonia - without Transfer"},"content":{"rendered":"<h2>Natural Adventure in the Manso River<\/h2>\n<p>Embark on an unforgettable journey with the family through the <strong>light rafting on the Manso River<\/strong>where adventure and nature converge in a safe and exciting environment. This tour is designed for those who wish to live a first experience in rafting, being also ideal for the youngest, from 5 years old, thanks to its smooth rapids of grade 1 and 2.<\/p>\n<h3>Activity Characteristics<\/h3>\n<ul>\n<li><strong>Duration:<\/strong> Navigation of approximately 90 minutes.<\/li>\n<li><strong>Route:<\/strong> You will experience the majesty of 40 kilometers of natural landscapes and gentle rapids.<\/li>\n<li><strong>Equipment Provided:<\/strong> We include everything you need to ensure your well-being: wetsuits, helmet, and life jacket.<\/li>\n<\/ul>\n<h3>Beginning of the Day<\/h3>\n<p>Upon arrival at the designated meeting point, our highly trained staff will cordially greet you and provide detailed instruction to ensure a safe and enjoyable experience on the water. No previous experience is required, as every aspect of the experience is designed with your maximum safety and enjoyment in mind.<\/p>\n<h3>Useful Tips<\/h3>\n<p>Be sure to bring the following:<\/p>\n<ul>\n<li>Towel to dry off after the adventure.<\/li>\n<li>Extra clothing.<\/li>\n<li>Footwear that can get wet without inconvenience.<\/li>\n<\/ul>\n<h3>Independent Modality<\/h3>\n<p>We offer the possibility of attending on your own, where the meeting point is at our parador, located at the <strong data-start=\"372\" data-end=\"389\">Villegas Base<\/strong>on the <strong data-start=\"400\" data-end=\"417\">Route 83, Km 1<\/strong>. San Carlos de Bariloche, R\u00edo Negro.<br data-start=\"418\" data-end=\"421\" \/>Location on Google Maps: <a class=\"\" href=\"https:\/\/maps.app.goo.gl\/NqbsUN6VB5Fnt7hVA\" target=\"_new\" rel=\"noopener\" data-start=\"449\" data-end=\"535\">https:\/\/maps.app.goo.gl\/NqbsUN6VB5Fnt7hVA<\/a><\/p>\n<h3>Included and Not Included in the Tour<\/h3>\n<ul>\n<li><strong>What we include:<\/strong> Rafting activity complete with all necessary equipment (wetsuit, life jacket, protective jacket, neoprene boots, paddles and helmets).<\/li>\n<li><strong>Factors not included:<\/strong> Transfers, meals or snacks.<\/li>\n<\/ul>\n<h2>Frequently Asked Questions<\/h2>\n<h3>What options do I have if I want to go on my own?<\/h3>\n<p>We offer the possibility of attending on your own, where the meeting point is at our parador, located at the <strong data-start=\"372\" data-end=\"389\">Villegas Base<\/strong>on the <strong data-start=\"400\" data-end=\"417\">Route 83, Km 1<\/strong>. San Carlos de Bariloche, R\u00edo Negro.<br data-start=\"418\" data-end=\"421\" \/>Location on Google Maps: <a class=\"\" href=\"https:\/\/maps.app.goo.gl\/NqbsUN6VB5Fnt7hVA\" target=\"_new\" rel=\"noopener\" data-start=\"449\" data-end=\"535\">https:\/\/maps.app.goo.gl\/NqbsUN6VB5Fnt7hVA<\/a><\/p>\n<h3>Is it possible to bring companions who do not participate in the rafting?<\/h3>\n<p>Yes, the presence of accompanying persons not involved in the activity is permitted. They must pay a <strong>50%<\/strong> of the standard rate.<\/p>\n<p><strong>Important Notice<\/strong>This tour is currently available and has departures until April 30, according to the operating calendar.<\/p>","protected":false},"excerpt":{"rendered":"<p>Spend an unforgettable day with our light rafting activity on the Manso River, perfect for the whole family and ideal for children from 5 years old. With easy rapids, this experience promises fun in exceptional natural surroundings. We provide all the necessary equipment, from neoprene to vests, and our experienced guides will follow you on a 40 km route full of amazing landscapes.<\/p>\n<p>Enjoy the excitement of rafting on your own by reaching the meeting point at the YPF-ACA station. It will be a day to remember!<\/p>","protected":false},"featured_media":66544,"comment_status":"open","ping_status":"closed","template":"","meta":[],"product_brand":[],"product_cat":[105,124,106,108,119,120,132,116,122],"product_tag":[],"class_list":{"0":"post-65771","1":"product","2":"type-product","3":"status-publish","4":"has-post-thumbnail","6":"product_cat-adultos","7":"product_cat-aventura","8":"product_cat-familia","9":"product_cat-ninos","10":"product_cat-otono","11":"product_cat-primavera","12":"product_cat-sin-comida","13":"product_cat-sin-traslado","14":"product_cat-verano","16":"first","17":"instock","18":"virtual","19":"sold-individually","20":"purchasable","21":"product-type-booking"},"booking_location":"","booking_location_type":"","booking_duration":1,"booking_duration_unit":"hour","booking_buffer":0,"booking_cost":0,"booking_resources":[],"exclude_global_add_ons":false,"addons":[{"name":"ADU | Adult","type":"input_multiplier","position":0,"required":false,"title_format":"label","default":"","description_enable":false,"description":"","placeholder_enable":false,"placeholder":"","display":"select","restrictions_type":"any_text","adjust_price":true,"price":"75000","price_type":"quantity_based","restrictions":false,"min":"0","max":"0","options":[],"id":1773079069},{"name":"EXTRA | Companion","type":"input_multiplier","position":1,"required":false,"title_format":"label","default":"","description_enable":false,"description":"","placeholder_enable":false,"placeholder":"","display":"select","restrictions_type":"any_text","adjust_price":true,"price":"37500","price_type":"quantity_based","restrictions":false,"min":"0","max":"0","options":[],"id":1773079070},{"name":"MEN512 | from 5 to 12","type":"input_multiplier","position":2,"required":false,"title_format":"label","default":"","description_enable":false,"description":"","placeholder_enable":false,"placeholder":"","display":"select","restrictions_type":"any_text","adjust_price":true,"price":"75000","price_type":"quantity_based","restrictions":false,"min":"0","max":"0","options":[],"id":1773079071}],"yoast_head":"<!-- This site is optimized with the Yoast SEO Premium plugin v24.5 (Yoast SEO v24.8) - https:\/\/yoast.com\/wordpress\/plugins\/seo\/ -->\n<title>Rafting en el Rio Manso - Passeios em Bariloche | Neve, aventura e natureza na Argentina<\/title>\n<meta name=\"description\" content=\"Descenso por el R\u00edo Manso. Llega por tu cuenta a Base Villegas y disfruta una jornada segura, divertida y con paisajes \u00fanicos de la Patagonia.\" \/>\n<meta name=\"robots\" content=\"index, follow, max-snippet:-1, max-image-preview:large, max-video-preview:-1\" \/>\n<link rel=\"canonical\" href=\"https:\/\/passeiosbariloche.com\/en\/product\/discover-the-manso-river-from-the-water-unique-rafting-experience-in-patagonia-without-transfer\/\" \/>\n<meta property=\"og:locale\" content=\"en_US\" \/>\n<meta property=\"og:type\" content=\"article\" \/>\n<meta property=\"og:title\" content=\"Descubr\u00ed el R\u00edo Manso desde el Agua \u2013 Experiencia de Rafting \u00danica en la Patagonia- sin Traslado\" \/>\n<meta property=\"og:description\" content=\"Descenso por el R\u00edo Manso. Llega por tu cuenta a Base Villegas y disfruta una jornada segura, divertida y con paisajes \u00fanicos de la Patagonia.\" \/>\n<meta property=\"og:url\" content=\"https:\/\/passeiosbariloche.com\/en\/product\/discover-the-manso-river-from-the-water-unique-rafting-experience-in-patagonia-without-transfer\/\" \/>\n<meta property=\"og:site_name\" content=\"Passeios em Bariloche | Neve, aventura e natureza na Argentina\" \/>\n<meta property=\"article:modified_time\" content=\"2026-04-13T15:47:32+00:00\" \/>\n<meta property=\"og:image\" content=\"https:\/\/passeiosbariloche.com\/wp-content\/uploads\/2025\/03\/8-A-rafting-1-copia-scaled.jpg\" \/>\n\t<meta property=\"og:image:width\" content=\"1920\" \/>\n\t<meta property=\"og:image:height\" content=\"2560\" \/>\n\t<meta property=\"og:image:type\" content=\"image\/jpeg\" \/>\n<meta name=\"twitter:card\" content=\"summary_large_image\" \/>\n<meta name=\"twitter:label1\" content=\"Price\" \/>\n\t<meta name=\"twitter:data1\" content=\"&#036;&nbsp;75.000,00\" \/>\n\t<meta name=\"twitter:label2\" content=\"Availability\" \/>\n\t<meta name=\"twitter:data2\" content=\"In stock\" \/>\n<script type=\"application\/ld+json\" class=\"yoast-schema-graph\">{\"@context\":\"https:\/\/schema.org\",\"@graph\":[{\"@type\":[\"WebPage\",\"ItemPage\"],\"@id\":\"https:\/\/passeiosbariloche.com\/product\/descubri-el-rio-manso-desde-el-agua-experiencia-de-rafting-unica-en-la-patagonia-sin-traslado\/\",\"url\":\"https:\/\/passeiosbariloche.com\/product\/descubri-el-rio-manso-desde-el-agua-experiencia-de-rafting-unica-en-la-patagonia-sin-traslado\/\",\"name\":\"Rafting en el Rio Manso - Passeios em Bariloche | Neve, aventura e natureza na Argentina\",\"isPartOf\":{\"@id\":\"https:\/\/passeiosbariloche.com\/#website\"},\"primaryImageOfPage\":{\"@id\":\"https:\/\/passeiosbariloche.com\/product\/descubri-el-rio-manso-desde-el-agua-experiencia-de-rafting-unica-en-la-patagonia-sin-traslado\/#primaryimage\"},\"image\":{\"@id\":\"https:\/\/passeiosbariloche.com\/product\/descubri-el-rio-manso-desde-el-agua-experiencia-de-rafting-unica-en-la-patagonia-sin-traslado\/#primaryimage\"},\"thumbnailUrl\":\"https:\/\/passeiosbariloche.com\/wp-content\/uploads\/2025\/03\/8-A-rafting-1-copia-scaled.jpg\",\"datePublished\":\"2025-03-20T23:14:56+00:00\",\"dateModified\":\"2026-04-13T15:47:32+00:00\",\"description\":\"Descenso por el R\u00edo Manso. Llega por tu cuenta a Base Villegas y disfruta una jornada segura, divertida y con paisajes \u00fanicos de la Patagonia.\",\"breadcrumb\":{\"@id\":\"https:\/\/passeiosbariloche.com\/product\/descubri-el-rio-manso-desde-el-agua-experiencia-de-rafting-unica-en-la-patagonia-sin-traslado\/#breadcrumb\"},\"inLanguage\":\"en-US\",\"potentialAction\":[{\"@type\":\"ReadAction\",\"target\":[\"https:\/\/passeiosbariloche.com\/product\/descubri-el-rio-manso-desde-el-agua-experiencia-de-rafting-unica-en-la-patagonia-sin-traslado\/\"]}]},{\"@type\":\"ImageObject\",\"inLanguage\":\"en-US\",\"@id\":\"https:\/\/passeiosbariloche.com\/product\/descubri-el-rio-manso-desde-el-agua-experiencia-de-rafting-unica-en-la-patagonia-sin-traslado\/#primaryimage\",\"url\":\"https:\/\/passeiosbariloche.com\/wp-content\/uploads\/2025\/03\/8-A-rafting-1-copia-scaled.jpg\",\"contentUrl\":\"https:\/\/passeiosbariloche.com\/wp-content\/uploads\/2025\/03\/8-A-rafting-1-copia-scaled.jpg\",\"width\":1920,\"height\":2560},{\"@type\":\"BreadcrumbList\",\"@id\":\"https:\/\/passeiosbariloche.com\/product\/descubri-el-rio-manso-desde-el-agua-experiencia-de-rafting-unica-en-la-patagonia-sin-traslado\/#breadcrumb\",\"itemListElement\":[{\"@type\":\"ListItem\",\"position\":1,\"name\":\"Home\",\"item\":\"https:\/\/passeiosbariloche.com\/\"},{\"@type\":\"ListItem\",\"position\":2,\"name\":\"Lista de excursiones\",\"item\":\"https:\/\/passeiosbariloche.com\/shop\/\"},{\"@type\":\"ListItem\",\"position\":3,\"name\":\"Descubr\u00ed el R\u00edo Manso desde el Agua \u2013 Experiencia de Rafting \u00danica en la Patagonia- sin Traslado\"}]},{\"@type\":\"WebSite\",\"@id\":\"https:\/\/passeiosbariloche.com\/#website\",\"url\":\"https:\/\/passeiosbariloche.com\/\",\"name\":\"Passeios em Bariloche | Aventura e natureza na Argentina\",\"description\":\"Planeje sua viagem para Bariloche com os melhores passeios! Atividades na neve, aventura e paisagens deslumbrantes na Patag\u00f4nia.\",\"potentialAction\":[{\"@type\":\"SearchAction\",\"target\":{\"@type\":\"EntryPoint\",\"urlTemplate\":\"https:\/\/passeiosbariloche.com\/?s={search_term_string}\"},\"query-input\":{\"@type\":\"PropertyValueSpecification\",\"valueRequired\":true,\"valueName\":\"search_term_string\"}}],\"inLanguage\":\"en-US\"}]}<\/script>\n<meta property=\"product:price:amount\" content=\"75000.00\" \/>\n<meta property=\"product:price:currency\" content=\"ARS\" \/>\n<meta property=\"og:availability\" content=\"instock\" \/>\n<meta property=\"product:availability\" content=\"instock\" \/>\n<meta property=\"product:retailer_item_id\" content=\"ADV2025RALIENTUFA\" \/>\n<meta property=\"product:condition\" content=\"new\" \/>\n<!-- \/ Yoast SEO Premium plugin. -->","yoast_head_json":{"title":"Rafting in the Manso River - Passeios em Bariloche | Snow, aventura e natureza na Argentina","description":"Descent down the Manso River. Arrive on your own at Base Villegas and enjoy a safe and fun day with unique landscapes of Patagonia.","robots":{"index":"index","follow":"follow","max-snippet":"max-snippet:-1","max-image-preview":"max-image-preview:large","max-video-preview":"max-video-preview:-1"},"canonical":"https:\/\/passeiosbariloche.com\/en\/product\/discover-the-manso-river-from-the-water-unique-rafting-experience-in-patagonia-without-transfer\/","og_locale":"en_US","og_type":"article","og_title":"Descubr\u00ed el R\u00edo Manso desde el Agua \u2013 Experiencia de Rafting \u00danica en la Patagonia- sin Traslado","og_description":"Descenso por el R\u00edo Manso. Llega por tu cuenta a Base Villegas y disfruta una jornada segura, divertida y con paisajes \u00fanicos de la Patagonia.","og_url":"https:\/\/passeiosbariloche.com\/en\/product\/discover-the-manso-river-from-the-water-unique-rafting-experience-in-patagonia-without-transfer\/","og_site_name":"Passeios em Bariloche | Neve, aventura e natureza na Argentina","article_modified_time":"2026-04-13T15:47:32+00:00","og_image":[{"width":1920,"height":2560,"url":"https:\/\/passeiosbariloche.com\/wp-content\/uploads\/2025\/03\/8-A-rafting-1-copia-scaled.jpg","type":"image\/jpeg"}],"twitter_card":"summary_large_image","twitter_misc":{"Price":"&#36;&nbsp;75.000,00","Availability":"In stock"},"schema":{"@context":"https:\/\/schema.org","@graph":[{"@type":["WebPage","ItemPage"],"@id":"https:\/\/passeiosbariloche.com\/product\/descubri-el-rio-manso-desde-el-agua-experiencia-de-rafting-unica-en-la-patagonia-sin-traslado\/","url":"https:\/\/passeiosbariloche.com\/product\/descubri-el-rio-manso-desde-el-agua-experiencia-de-rafting-unica-en-la-patagonia-sin-traslado\/","name":"Rafting in the Manso River - Passeios em Bariloche | Snow, aventura e natureza na Argentina","isPartOf":{"@id":"https:\/\/passeiosbariloche.com\/#website"},"primaryImageOfPage":{"@id":"https:\/\/passeiosbariloche.com\/product\/descubri-el-rio-manso-desde-el-agua-experiencia-de-rafting-unica-en-la-patagonia-sin-traslado\/#primaryimage"},"image":{"@id":"https:\/\/passeiosbariloche.com\/product\/descubri-el-rio-manso-desde-el-agua-experiencia-de-rafting-unica-en-la-patagonia-sin-traslado\/#primaryimage"},"thumbnailUrl":"https:\/\/passeiosbariloche.com\/wp-content\/uploads\/2025\/03\/8-A-rafting-1-copia-scaled.jpg","datePublished":"2025-03-20T23:14:56+00:00","dateModified":"2026-04-13T15:47:32+00:00","description":"Descent down the Manso River. Arrive on your own at Base Villegas and enjoy a safe and fun day with unique landscapes of Patagonia.","breadcrumb":{"@id":"https:\/\/passeiosbariloche.com\/product\/descubri-el-rio-manso-desde-el-agua-experiencia-de-rafting-unica-en-la-patagonia-sin-traslado\/#breadcrumb"},"inLanguage":"en-US","potentialAction":[{"@type":"ReadAction","target":["https:\/\/passeiosbariloche.com\/product\/descubri-el-rio-manso-desde-el-agua-experiencia-de-rafting-unica-en-la-patagonia-sin-traslado\/"]}]},{"@type":"ImageObject","inLanguage":"en-US","@id":"https:\/\/passeiosbariloche.com\/product\/descubri-el-rio-manso-desde-el-agua-experiencia-de-rafting-unica-en-la-patagonia-sin-traslado\/#primaryimage","url":"https:\/\/passeiosbariloche.com\/wp-content\/uploads\/2025\/03\/8-A-rafting-1-copia-scaled.jpg","contentUrl":"https:\/\/passeiosbariloche.com\/wp-content\/uploads\/2025\/03\/8-A-rafting-1-copia-scaled.jpg","width":1920,"height":2560},{"@type":"BreadcrumbList","@id":"https:\/\/passeiosbariloche.com\/product\/descubri-el-rio-manso-desde-el-agua-experiencia-de-rafting-unica-en-la-patagonia-sin-traslado\/#breadcrumb","itemListElement":[{"@type":"ListItem","position":1,"name":"Home","item":"https:\/\/passeiosbariloche.com\/"},{"@type":"ListItem","position":2,"name":"Lista de excursiones","item":"https:\/\/passeiosbariloche.com\/shop\/"},{"@type":"ListItem","position":3,"name":"Descubr\u00ed el R\u00edo Manso desde el Agua \u2013 Experiencia de Rafting \u00danica en la Patagonia- sin Traslado"}]},{"@type":"WebSite","@id":"https:\/\/passeiosbariloche.com\/#website","url":"https:\/\/passeiosbariloche.com\/","name":"Passeios em Bariloche : Adventure and nature in Argentina","description":"Plan your trip to Bariloche with the best tours! Snow activities, adventure and dazzling landscapes in Patagonia.","potentialAction":[{"@type":"SearchAction","target":{"@type":"EntryPoint","urlTemplate":"https:\/\/passeiosbariloche.com\/?s={search_term_string}"},"query-input":{"@type":"PropertyValueSpecification","valueRequired":true,"valueName":"search_term_string"}}],"inLanguage":"en-US"}]},"product_price_amount":"75000.00","product_price_currency":"ARS","og_availability":"instock","product_availability":"instock","product_retailer_item_id":"ADV2025RALIENTUFA","product_condition":"new"},"_links":{"self":[{"href":"https:\/\/passeiosbariloche.com\/en\/wp-json\/wp\/v2\/product\/65771","targetHints":{"allow":["GET"]}}],"collection":[{"href":"https:\/\/passeiosbariloche.com\/en\/wp-json\/wp\/v2\/product"}],"about":[{"href":"https:\/\/passeiosbariloche.com\/en\/wp-json\/wp\/v2\/types\/product"}],"replies":[{"embeddable":true,"href":"https:\/\/passeiosbariloche.com\/en\/wp-json\/wp\/v2\/comments?post=65771"}],"version-history":[{"count":12,"href":"https:\/\/passeiosbariloche.com\/en\/wp-json\/wp\/v2\/product\/65771\/revisions"}],"predecessor-version":[{"id":84500,"href":"https:\/\/passeiosbariloche.com\/en\/wp-json\/wp\/v2\/product\/65771\/revisions\/84500"}],"wp:featuredmedia":[{"embeddable":true,"href":"https:\/\/passeiosbariloche.com\/en\/wp-json\/wp\/v2\/media\/66544"}],"wp:attachment":[{"href":"https:\/\/passeiosbariloche.com\/en\/wp-json\/wp\/v2\/media?parent=65771"}],"wp:term":[{"taxonomy":"product_brand","embeddable":true,"href":"https:\/\/passeiosbariloche.com\/en\/wp-json\/wp\/v2\/product_brand?post=65771"},{"taxonomy":"product_cat","embeddable":true,"href":"https:\/\/passeiosbariloche.com\/en\/wp-json\/wp\/v2\/product_cat?post=65771"},{"taxonomy":"product_tag","embeddable":true,"href":"https:\/\/passeiosbariloche.com\/en\/wp-json\/wp\/v2\/product_tag?post=65771"}],"curies":[{"name":"wp","href":"https:\/\/api.w.org\/{rel}","templated":true}]}}