{"id":65773,"date":"2025-03-20T20:15:20","date_gmt":"2025-03-20T23:15:20","guid":{"rendered":"https:\/\/passeiosbariloche.com\/?post_type=product&#038;p=65773"},"modified":"2026-04-09T09:16:45","modified_gmt":"2026-04-09T12:16:45","slug":"circuito-chico-y-cerro-campanario","status":"publish","type":"product","link":"https:\/\/passeiosbariloche.com\/en\/product\/circuito-chico-and-cerro-campanario\/","title":{"rendered":"Circuito Chico and Cerro Campanario: the perfect tour to fall in love with Bariloche"},"content":{"rendered":"<h3 data-start=\"497\" data-end=\"590\"><strong data-start=\"501\" data-end=\"590\">A visual, cultural and natural experience that connects with the essence of Patagonia.<\/strong><\/h3>\n<p data-start=\"592\" data-end=\"895\">If you are in Bariloche for the first time, this tour is simply the best way to see Bariloche. <strong data-start=\"657\" data-end=\"671\">not to be missed<\/strong>. In a few hours you will visit the most representative places of the city, with landscapes that seem to come out of a postcard: crystal clear lakes, native forests, imposing hills and panoramic views that thrill.<\/p>\n<p data-start=\"897\" data-end=\"1265\">The excursion starts from meeting points located between downtown and kilometer 8 of Bustillo or Pioneros avenues. Along the way you will go along the famous <strong data-start=\"1085\" data-end=\"1106\">Nahuel Huapi Lake<\/strong>passing by emblematic sites such as the <strong data-start=\"1148\" data-end=\"1167\">Hotel Llao Llao<\/strong>the <strong data-start=\"1172\" data-end=\"1195\">St. Edward's Chapel<\/strong> and the <strong data-start=\"1201\" data-end=\"1219\">Puerto Pa\u00f1uelo<\/strong>surrounded by a captivating natural landscape.<\/p>\n<p data-start=\"1267\" data-end=\"1423\">You will also learn about the <strong data-start=\"1296\" data-end=\"1311\">Villa Tacul<\/strong>the <strong data-start=\"1316\" data-end=\"1334\">Hidden Lake<\/strong> and the majestic <strong data-start=\"1351\" data-end=\"1366\">Cerro Lopez<\/strong>with time to take pictures and enjoy every corner.<\/p>\n<p data-start=\"1425\" data-end=\"1709\">The experience ends at the <strong data-start=\"1455\" data-end=\"1475\">Cerro Campanario<\/strong>where you have the option of taking a chairlift up to one of the <strong data-start=\"1538\" data-end=\"1572\">most beautiful viewpoints in the world<\/strong>. From the top you will see the immensity of Patagonia in all its splendor: mountains, lakes and forests in an unforgettable 360\u00b0 view.<\/p>\n<p data-start=\"1711\" data-end=\"1889\">The tour takes place in the morning (8:30 am to 12:30 pm) or in the afternoon (2:30 pm to 7:00 pm) and includes transportation and guide in Spanish. It does not include meals or the chairlift ticket (optional).<\/p>\n<h3 data-start=\"1896\" data-end=\"1924\"><strong data-start=\"1900\" data-end=\"1924\">Frequently asked questions<\/strong><\/h3>\n<p data-start=\"1926\" data-end=\"2043\"><strong data-start=\"1926\" data-end=\"1976\">Is the entrance fee to Cerro Campanario included?<\/strong><br data-start=\"1976\" data-end=\"1979\" \/>No, the chairlift is optional and the ticket is paid on the spot.<\/p>\n<p data-start=\"2045\" data-end=\"2169\"><strong data-start=\"2045\" data-end=\"2077\">Is it necessary to walk a lot?<\/strong><br data-start=\"2077\" data-end=\"2080\" \/>No, it is a comfortable excursion suitable for all ages. Highly recommended for families.<\/p>\n<p data-start=\"2171\" data-end=\"2297\"><strong data-start=\"2171\" data-end=\"2197\">Is the tour guided?<\/strong><br data-start=\"2197\" data-end=\"2200\" \/>Yes, it includes a guide in Spanish. If you need a guide in Portuguese, you can ask for an additional guide.<\/p>\n<p data-start=\"2299\" data-end=\"2458\"><strong data-start=\"2299\" data-end=\"2324\">What do I need to bring?<\/strong><br data-start=\"2324\" data-end=\"2327\" \/>Comfortable clothes and warm clothes, since it is usually cold at the top of the Campanario. It is also advisable to bring a camera or cell phone for photos.<\/p>","protected":false},"excerpt":{"rendered":"<p>Discover the best of Bariloche with the Circuito Chico and Cerro Campanario. Tour the iconic <strong>Bustillo Avenue<\/strong>admire the <strong>Hotel Llao Llao<\/strong> and get on the <strong>Cerro Campanario<\/strong> to marvel at memorable views. A ride that fuses nature, comfort and adventure in every kilometer.<\/p>","protected":false},"featured_media":66601,"comment_status":"open","ping_status":"closed","template":"","meta":[],"product_brand":[],"product_cat":[105,115,106,108,132,127,121],"product_tag":[],"class_list":{"0":"post-65773","1":"product","2":"type-product","3":"status-publish","4":"has-post-thumbnail","6":"product_cat-adultos","7":"product_cat-con-traslado","8":"product_cat-familia","9":"product_cat-ninos","10":"product_cat-sin-comida","11":"product_cat-terrestre","12":"product_cat-todo-el-ano","14":"first","15":"instock","16":"virtual","17":"sold-individually","18":"purchasable","19":"product-type-booking"},"booking_location":"","booking_location_type":"","booking_duration":1,"booking_duration_unit":"hour","booking_buffer":0,"booking_cost":0,"booking_resources":[],"exclude_global_add_ons":false,"addons":[{"name":"STD | Passengers","type":"input_multiplier","position":0,"required":false,"title_format":"label","default":"","description_enable":false,"description":"","placeholder_enable":false,"placeholder":"","display":"select","restrictions_type":"any_text","adjust_price":true,"price":"23400","price_type":"flat_fee","restrictions":false,"min":"0","max":"0","options":[],"id":1773236982}],"yoast_head":"<!-- This site is optimized with the Yoast SEO Premium plugin v24.5 (Yoast SEO v24.8) - https:\/\/yoast.com\/wordpress\/plugins\/seo\/ -->\n<title>Circuito Chico y Cerro Campanario en Bariloche - Passeios em Bariloche | Neve, aventura e natureza na Argentina<\/title>\n<meta name=\"description\" content=\"Excursi\u00f3n en Bariloche: Circuito Chico y Cerro Campanario. Paseo esc\u00e9nico con paisajes \u00fanicos y miradores espectaculares. Ideal para turistas brasile\u00f1os.\" \/>\n<meta name=\"robots\" content=\"index, follow, max-snippet:-1, max-image-preview:large, max-video-preview:-1\" \/>\n<link rel=\"canonical\" href=\"https:\/\/passeiosbariloche.com\/en\/product\/circuito-chico-and-cerro-campanario\/\" \/>\n<meta property=\"og:locale\" content=\"en_US\" \/>\n<meta property=\"og:type\" content=\"article\" \/>\n<meta property=\"og:title\" content=\"Circuito Chico y Cerro Campanario: el paseo perfecto para enamorarse de Bariloche\" \/>\n<meta property=\"og:description\" content=\"Excursi\u00f3n en Bariloche: Circuito Chico y Cerro Campanario. Paseo esc\u00e9nico con paisajes \u00fanicos y miradores espectaculares. Ideal para turistas brasile\u00f1os.\" \/>\n<meta property=\"og:url\" content=\"https:\/\/passeiosbariloche.com\/en\/product\/circuito-chico-and-cerro-campanario\/\" \/>\n<meta property=\"og:site_name\" content=\"Passeios em Bariloche | Neve, aventura e natureza na Argentina\" \/>\n<meta property=\"article:modified_time\" content=\"2026-04-09T12:16:45+00:00\" \/>\n<meta property=\"og:image\" content=\"https:\/\/passeiosbariloche.com\/wp-content\/uploads\/2025\/03\/8-C-IMG_1032-scaled.jpg\" \/>\n\t<meta property=\"og:image:width\" content=\"1920\" \/>\n\t<meta property=\"og:image:height\" content=\"2560\" \/>\n\t<meta property=\"og:image:type\" content=\"image\/jpeg\" \/>\n<meta name=\"twitter:card\" content=\"summary_large_image\" \/>\n<meta name=\"twitter:label1\" content=\"Price\" \/>\n\t<meta name=\"twitter:data1\" content=\"&#036;&nbsp;23.400,00\" \/>\n\t<meta name=\"twitter:label2\" content=\"Availability\" \/>\n\t<meta name=\"twitter:data2\" content=\"In stock\" \/>\n<script type=\"application\/ld+json\" class=\"yoast-schema-graph\">{\"@context\":\"https:\/\/schema.org\",\"@graph\":[{\"@type\":[\"WebPage\",\"ItemPage\"],\"@id\":\"https:\/\/passeiosbariloche.com\/product\/circuito-chico-y-cerro-campanario\/\",\"url\":\"https:\/\/passeiosbariloche.com\/product\/circuito-chico-y-cerro-campanario\/\",\"name\":\"Circuito Chico y Cerro Campanario en Bariloche - Passeios em Bariloche | Neve, aventura e natureza na Argentina\",\"isPartOf\":{\"@id\":\"https:\/\/passeiosbariloche.com\/#website\"},\"primaryImageOfPage\":{\"@id\":\"https:\/\/passeiosbariloche.com\/product\/circuito-chico-y-cerro-campanario\/#primaryimage\"},\"image\":{\"@id\":\"https:\/\/passeiosbariloche.com\/product\/circuito-chico-y-cerro-campanario\/#primaryimage\"},\"thumbnailUrl\":\"https:\/\/passeiosbariloche.com\/wp-content\/uploads\/2025\/03\/8-C-IMG_1032-scaled.jpg\",\"datePublished\":\"2025-03-20T23:15:20+00:00\",\"dateModified\":\"2026-04-09T12:16:45+00:00\",\"description\":\"Excursi\u00f3n en Bariloche: Circuito Chico y Cerro Campanario. Paseo esc\u00e9nico con paisajes \u00fanicos y miradores espectaculares. Ideal para turistas brasile\u00f1os.\",\"breadcrumb\":{\"@id\":\"https:\/\/passeiosbariloche.com\/product\/circuito-chico-y-cerro-campanario\/#breadcrumb\"},\"inLanguage\":\"en-US\",\"potentialAction\":[{\"@type\":\"ReadAction\",\"target\":[\"https:\/\/passeiosbariloche.com\/product\/circuito-chico-y-cerro-campanario\/\"]}]},{\"@type\":\"ImageObject\",\"inLanguage\":\"en-US\",\"@id\":\"https:\/\/passeiosbariloche.com\/product\/circuito-chico-y-cerro-campanario\/#primaryimage\",\"url\":\"https:\/\/passeiosbariloche.com\/wp-content\/uploads\/2025\/03\/8-C-IMG_1032-scaled.jpg\",\"contentUrl\":\"https:\/\/passeiosbariloche.com\/wp-content\/uploads\/2025\/03\/8-C-IMG_1032-scaled.jpg\",\"width\":1920,\"height\":2560},{\"@type\":\"BreadcrumbList\",\"@id\":\"https:\/\/passeiosbariloche.com\/product\/circuito-chico-y-cerro-campanario\/#breadcrumb\",\"itemListElement\":[{\"@type\":\"ListItem\",\"position\":1,\"name\":\"Home\",\"item\":\"https:\/\/passeiosbariloche.com\/\"},{\"@type\":\"ListItem\",\"position\":2,\"name\":\"Lista de excursiones\",\"item\":\"https:\/\/passeiosbariloche.com\/shop\/\"},{\"@type\":\"ListItem\",\"position\":3,\"name\":\"Circuito Chico y Cerro Campanario: el paseo perfecto para enamorarse de Bariloche\"}]},{\"@type\":\"WebSite\",\"@id\":\"https:\/\/passeiosbariloche.com\/#website\",\"url\":\"https:\/\/passeiosbariloche.com\/\",\"name\":\"Passeios em Bariloche | Aventura e natureza na Argentina\",\"description\":\"Planeje sua viagem para Bariloche com os melhores passeios! Atividades na neve, aventura e paisagens deslumbrantes na Patag\u00f4nia.\",\"potentialAction\":[{\"@type\":\"SearchAction\",\"target\":{\"@type\":\"EntryPoint\",\"urlTemplate\":\"https:\/\/passeiosbariloche.com\/?s={search_term_string}\"},\"query-input\":{\"@type\":\"PropertyValueSpecification\",\"valueRequired\":true,\"valueName\":\"search_term_string\"}}],\"inLanguage\":\"en-US\"}]}<\/script>\n<meta property=\"product:price:amount\" content=\"23400.00\" \/>\n<meta property=\"product:price:currency\" content=\"ARS\" \/>\n<meta property=\"og:availability\" content=\"instock\" \/>\n<meta property=\"product:availability\" content=\"instock\" \/>\n<meta property=\"product:retailer_item_id\" content=\"ADV2025CICHYC1KOR\" \/>\n<meta property=\"product:condition\" content=\"new\" \/>\n<!-- \/ Yoast SEO Premium plugin. -->","yoast_head_json":{"title":"Circuito Chico and Cerro Campanario in Bariloche - Passeios em Bariloche | Snow, adventure and nature in Argentina","description":"Excursion in Bariloche: Circuito Chico and Cerro Campanario. Scenic ride with unique landscapes and spectacular viewpoints. Ideal for Brazilian tourists.","robots":{"index":"index","follow":"follow","max-snippet":"max-snippet:-1","max-image-preview":"max-image-preview:large","max-video-preview":"max-video-preview:-1"},"canonical":"https:\/\/passeiosbariloche.com\/en\/product\/circuito-chico-and-cerro-campanario\/","og_locale":"en_US","og_type":"article","og_title":"Circuito Chico y Cerro Campanario: el paseo perfecto para enamorarse de Bariloche","og_description":"Excursi\u00f3n en Bariloche: Circuito Chico y Cerro Campanario. Paseo esc\u00e9nico con paisajes \u00fanicos y miradores espectaculares. Ideal para turistas brasile\u00f1os.","og_url":"https:\/\/passeiosbariloche.com\/en\/product\/circuito-chico-and-cerro-campanario\/","og_site_name":"Passeios em Bariloche | Neve, aventura e natureza na Argentina","article_modified_time":"2026-04-09T12:16:45+00:00","og_image":[{"width":1920,"height":2560,"url":"https:\/\/passeiosbariloche.com\/wp-content\/uploads\/2025\/03\/8-C-IMG_1032-scaled.jpg","type":"image\/jpeg"}],"twitter_card":"summary_large_image","twitter_misc":{"Price":"&#36;&nbsp;23.400,00","Availability":"In stock"},"schema":{"@context":"https:\/\/schema.org","@graph":[{"@type":["WebPage","ItemPage"],"@id":"https:\/\/passeiosbariloche.com\/product\/circuito-chico-y-cerro-campanario\/","url":"https:\/\/passeiosbariloche.com\/product\/circuito-chico-y-cerro-campanario\/","name":"Circuito Chico and Cerro Campanario in Bariloche - Passeios em Bariloche | Snow, adventure and nature in Argentina","isPartOf":{"@id":"https:\/\/passeiosbariloche.com\/#website"},"primaryImageOfPage":{"@id":"https:\/\/passeiosbariloche.com\/product\/circuito-chico-y-cerro-campanario\/#primaryimage"},"image":{"@id":"https:\/\/passeiosbariloche.com\/product\/circuito-chico-y-cerro-campanario\/#primaryimage"},"thumbnailUrl":"https:\/\/passeiosbariloche.com\/wp-content\/uploads\/2025\/03\/8-C-IMG_1032-scaled.jpg","datePublished":"2025-03-20T23:15:20+00:00","dateModified":"2026-04-09T12:16:45+00:00","description":"Excursion in Bariloche: Circuito Chico and Cerro Campanario. Scenic ride with unique landscapes and spectacular viewpoints. Ideal for Brazilian tourists.","breadcrumb":{"@id":"https:\/\/passeiosbariloche.com\/product\/circuito-chico-y-cerro-campanario\/#breadcrumb"},"inLanguage":"en-US","potentialAction":[{"@type":"ReadAction","target":["https:\/\/passeiosbariloche.com\/product\/circuito-chico-y-cerro-campanario\/"]}]},{"@type":"ImageObject","inLanguage":"en-US","@id":"https:\/\/passeiosbariloche.com\/product\/circuito-chico-y-cerro-campanario\/#primaryimage","url":"https:\/\/passeiosbariloche.com\/wp-content\/uploads\/2025\/03\/8-C-IMG_1032-scaled.jpg","contentUrl":"https:\/\/passeiosbariloche.com\/wp-content\/uploads\/2025\/03\/8-C-IMG_1032-scaled.jpg","width":1920,"height":2560},{"@type":"BreadcrumbList","@id":"https:\/\/passeiosbariloche.com\/product\/circuito-chico-y-cerro-campanario\/#breadcrumb","itemListElement":[{"@type":"ListItem","position":1,"name":"Home","item":"https:\/\/passeiosbariloche.com\/"},{"@type":"ListItem","position":2,"name":"Lista de excursiones","item":"https:\/\/passeiosbariloche.com\/shop\/"},{"@type":"ListItem","position":3,"name":"Circuito Chico y Cerro Campanario: el paseo perfecto para enamorarse de Bariloche"}]},{"@type":"WebSite","@id":"https:\/\/passeiosbariloche.com\/#website","url":"https:\/\/passeiosbariloche.com\/","name":"Passeios em Bariloche : Adventure and nature in Argentina","description":"Plan your trip to Bariloche with the best tours! Snow activities, adventure and dazzling landscapes in Patagonia.","potentialAction":[{"@type":"SearchAction","target":{"@type":"EntryPoint","urlTemplate":"https:\/\/passeiosbariloche.com\/?s={search_term_string}"},"query-input":{"@type":"PropertyValueSpecification","valueRequired":true,"valueName":"search_term_string"}}],"inLanguage":"en-US"}]},"product_price_amount":"23400.00","product_price_currency":"ARS","og_availability":"instock","product_availability":"instock","product_retailer_item_id":"ADV2025CICHYC1KOR","product_condition":"new"},"_links":{"self":[{"href":"https:\/\/passeiosbariloche.com\/en\/wp-json\/wp\/v2\/product\/65773","targetHints":{"allow":["GET"]}}],"collection":[{"href":"https:\/\/passeiosbariloche.com\/en\/wp-json\/wp\/v2\/product"}],"about":[{"href":"https:\/\/passeiosbariloche.com\/en\/wp-json\/wp\/v2\/types\/product"}],"replies":[{"embeddable":true,"href":"https:\/\/passeiosbariloche.com\/en\/wp-json\/wp\/v2\/comments?post=65773"}],"version-history":[{"count":7,"href":"https:\/\/passeiosbariloche.com\/en\/wp-json\/wp\/v2\/product\/65773\/revisions"}],"predecessor-version":[{"id":84430,"href":"https:\/\/passeiosbariloche.com\/en\/wp-json\/wp\/v2\/product\/65773\/revisions\/84430"}],"wp:featuredmedia":[{"embeddable":true,"href":"https:\/\/passeiosbariloche.com\/en\/wp-json\/wp\/v2\/media\/66601"}],"wp:attachment":[{"href":"https:\/\/passeiosbariloche.com\/en\/wp-json\/wp\/v2\/media?parent=65773"}],"wp:term":[{"taxonomy":"product_brand","embeddable":true,"href":"https:\/\/passeiosbariloche.com\/en\/wp-json\/wp\/v2\/product_brand?post=65773"},{"taxonomy":"product_cat","embeddable":true,"href":"https:\/\/passeiosbariloche.com\/en\/wp-json\/wp\/v2\/product_cat?post=65773"},{"taxonomy":"product_tag","embeddable":true,"href":"https:\/\/passeiosbariloche.com\/en\/wp-json\/wp\/v2\/product_tag?post=65773"}],"curies":[{"name":"wp","href":"https:\/\/api.w.org\/{rel}","templated":true}]}}