{"id":65777,"date":"2025-03-21T12:46:48","date_gmt":"2025-03-21T15:46:48","guid":{"rendered":"https:\/\/passeiosbariloche.com\/?post_type=product&#038;p=65777"},"modified":"2026-04-08T16:21:33","modified_gmt":"2026-04-08T19:21:33","slug":"bolson-y-lago-puelo","status":"publish","type":"product","link":"https:\/\/passeiosbariloche.com\/en\/product\/bolson-and-lago-puelo\/","title":{"rendered":"El Bols\u00f3n and Lago Puelo: a journey through magical landscapes, art and nature"},"content":{"rendered":"<h3 data-start=\"429\" data-end=\"523\"><strong data-start=\"433\" data-end=\"523\">A not-to-be-missed experience for those who wish to get to know the most authentic southern Patagonia.<\/strong><\/h3>\n<p data-start=\"525\" data-end=\"796\">On Tuesdays, Thursdays and Saturdays we depart from Bariloche to a region where the landscape changes, culture is in the air and nature becomes the protagonist. This excursion combines mountain roads, local traditions and lakes of an unforgettable color.<\/p>\n<p data-start=\"798\" data-end=\"1006\">From the beginning, the trip along National Route 40 is already part of the journey. You cross forests, valleys and admire the Guti\u00e9rrez, Mascardi and Guillelmo lakes, with views that seem to come out of a postcard.<\/p>\n<p data-start=\"1008\" data-end=\"1250\">At <strong data-start=\"1011\" data-end=\"1024\">El Bolson<\/strong>Everything has a different rhythm: the handicraft fair, the fine fruits, the bohemian and natural atmosphere make every visitor feel welcome. It is a charming village where creativity and tranquility go hand in hand.<\/p>\n<p data-start=\"1252\" data-end=\"1517\">We then continued on to the <strong data-start=\"1276\" data-end=\"1306\">Lago Puelo National Park<\/strong>The lake of emerald waters is surrounded by mountains. There you can walk calmly, rest in front of the water or simply breathe fresh air. It is a perfect place to connect with the deepest Patagonia.<\/p>\n<p data-start=\"1519\" data-end=\"1763\">Includes transportation from meeting points and Spanish speaking guide. You can also ask for a bilingual guide at an additional cost. Food and park entrance fee is not included and must be paid upon arrival. The tour is available even in rain or snow.<\/p>\n<h3 data-start=\"1770\" data-end=\"1798\"><strong data-start=\"1774\" data-end=\"1798\">Frequently asked questions<\/strong><\/h3>\n<p data-start=\"1800\" data-end=\"1937\"><strong data-start=\"1800\" data-end=\"1831\">What are the days of the tour?<\/strong><br data-start=\"1831\" data-end=\"1834\" \/>Every Tuesday, Thursday and Saturday. Departure in the morning and return around 6:30 pm.<\/p>\n<p data-start=\"1939\" data-end=\"2061\"><strong data-start=\"1939\" data-end=\"1962\">What is included?<\/strong><br data-start=\"1962\" data-end=\"1965\" \/>Round trip transportation from Bariloche and Spanish speaking guide. Bilingual guide available by reservation.<\/p>\n<p data-start=\"2063\" data-end=\"2177\"><strong data-start=\"2063\" data-end=\"2084\">What should I bring?<\/strong><br data-start=\"2084\" data-end=\"2087\" \/>Warm clothes, comfortable and waterproof shoes. The excursion can be done in any weather.<\/p>\n<p data-start=\"2179\" data-end=\"2288\"><strong data-start=\"2179\" data-end=\"2210\">Is there an entrance fee to the park?<\/strong><br data-start=\"2210\" data-end=\"2213\" \/>Yes, access to Lago Puelo National Park is paid directly upon arrival.<\/p>","protected":false},"excerpt":{"rendered":"<p>Live an unforgettable experience from San Carlos de Bariloche to the captivating Bolson and Lago Puelo. Explore spectacular views, local art and the essence of Patagonia on this exclusive adventure.<\/p>","protected":false},"featured_media":66587,"comment_status":"open","ping_status":"closed","template":"","meta":[],"product_brand":[],"product_cat":[105,115,106,108,132,127,121],"product_tag":[],"class_list":{"0":"post-65777","1":"product","2":"type-product","3":"status-publish","4":"has-post-thumbnail","6":"product_cat-adultos","7":"product_cat-con-traslado","8":"product_cat-familia","9":"product_cat-ninos","10":"product_cat-sin-comida","11":"product_cat-terrestre","12":"product_cat-todo-el-ano","14":"first","15":"instock","16":"virtual","17":"sold-individually","18":"purchasable","19":"product-type-booking"},"booking_location":"","booking_location_type":"","booking_duration":1,"booking_duration_unit":"hour","booking_buffer":0,"booking_cost":0,"booking_resources":[],"exclude_global_add_ons":false,"addons":[{"name":"STD | Passengers","type":"input_multiplier","position":0,"required":false,"title_format":"label","default":"","description_enable":false,"description":"","placeholder_enable":false,"placeholder":"","display":"select","restrictions_type":"any_text","adjust_price":true,"price":"59400","price_type":"flat_fee","restrictions":false,"min":"0","max":"0","options":[],"id":1773237174}],"yoast_head":"<!-- This site is optimized with the Yoast SEO Premium plugin v24.5 (Yoast SEO v24.8) - https:\/\/yoast.com\/wordpress\/plugins\/seo\/ -->\n<title>El Bols\u00f3n y Lago Puelo - Passeios em Bariloche | Neve, aventura e natureza na Argentina<\/title>\n<meta name=\"description\" content=\"Descubr\u00ed El Bols\u00f3n y Lago Puelo desde Bariloche: cultura, paisajes y naturaleza patag\u00f3nica. Excursi\u00f3n guiada con salidas semanales, ideal para turistas.\" \/>\n<meta name=\"robots\" content=\"index, follow, max-snippet:-1, max-image-preview:large, max-video-preview:-1\" \/>\n<link rel=\"canonical\" href=\"https:\/\/passeiosbariloche.com\/en\/product\/bolson-and-lago-puelo\/\" \/>\n<meta property=\"og:locale\" content=\"en_US\" \/>\n<meta property=\"og:type\" content=\"article\" \/>\n<meta property=\"og:title\" content=\"El Bols\u00f3n y Lago Puelo: un viaje entre paisajes m\u00e1gicos, arte y naturaleza\" \/>\n<meta property=\"og:description\" content=\"Descubr\u00ed El Bols\u00f3n y Lago Puelo desde Bariloche: cultura, paisajes y naturaleza patag\u00f3nica. Excursi\u00f3n guiada con salidas semanales, ideal para turistas.\" \/>\n<meta property=\"og:url\" content=\"https:\/\/passeiosbariloche.com\/en\/product\/bolson-and-lago-puelo\/\" \/>\n<meta property=\"og:site_name\" content=\"Passeios em Bariloche | Neve, aventura e natureza na Argentina\" \/>\n<meta property=\"article:modified_time\" content=\"2026-04-08T19:21:33+00:00\" \/>\n<meta property=\"og:image\" content=\"https:\/\/passeiosbariloche.com\/wp-content\/uploads\/2025\/03\/8-A-unnamed1-scaled.jpg\" \/>\n\t<meta property=\"og:image:width\" content=\"1920\" \/>\n\t<meta property=\"og:image:height\" content=\"2560\" \/>\n\t<meta property=\"og:image:type\" content=\"image\/jpeg\" \/>\n<meta name=\"twitter:card\" content=\"summary_large_image\" \/>\n<meta name=\"twitter:label1\" content=\"Price\" \/>\n\t<meta name=\"twitter:data1\" content=\"&#036;&nbsp;59.400,00\" \/>\n\t<meta name=\"twitter:label2\" content=\"Availability\" \/>\n\t<meta name=\"twitter:data2\" content=\"In stock\" \/>\n<script type=\"application\/ld+json\" class=\"yoast-schema-graph\">{\"@context\":\"https:\/\/schema.org\",\"@graph\":[{\"@type\":[\"WebPage\",\"ItemPage\"],\"@id\":\"https:\/\/passeiosbariloche.com\/product\/bolson-y-lago-puelo\/\",\"url\":\"https:\/\/passeiosbariloche.com\/product\/bolson-y-lago-puelo\/\",\"name\":\"El Bols\u00f3n y Lago Puelo - Passeios em Bariloche | Neve, aventura e natureza na Argentina\",\"isPartOf\":{\"@id\":\"https:\/\/passeiosbariloche.com\/#website\"},\"primaryImageOfPage\":{\"@id\":\"https:\/\/passeiosbariloche.com\/product\/bolson-y-lago-puelo\/#primaryimage\"},\"image\":{\"@id\":\"https:\/\/passeiosbariloche.com\/product\/bolson-y-lago-puelo\/#primaryimage\"},\"thumbnailUrl\":\"https:\/\/passeiosbariloche.com\/wp-content\/uploads\/2025\/03\/8-A-unnamed1-scaled.jpg\",\"datePublished\":\"2025-03-21T15:46:48+00:00\",\"dateModified\":\"2026-04-08T19:21:33+00:00\",\"description\":\"Descubr\u00ed El Bols\u00f3n y Lago Puelo desde Bariloche: cultura, paisajes y naturaleza patag\u00f3nica. Excursi\u00f3n guiada con salidas semanales, ideal para turistas.\",\"breadcrumb\":{\"@id\":\"https:\/\/passeiosbariloche.com\/product\/bolson-y-lago-puelo\/#breadcrumb\"},\"inLanguage\":\"en-US\",\"potentialAction\":[{\"@type\":\"ReadAction\",\"target\":[\"https:\/\/passeiosbariloche.com\/product\/bolson-y-lago-puelo\/\"]}]},{\"@type\":\"ImageObject\",\"inLanguage\":\"en-US\",\"@id\":\"https:\/\/passeiosbariloche.com\/product\/bolson-y-lago-puelo\/#primaryimage\",\"url\":\"https:\/\/passeiosbariloche.com\/wp-content\/uploads\/2025\/03\/8-A-unnamed1-scaled.jpg\",\"contentUrl\":\"https:\/\/passeiosbariloche.com\/wp-content\/uploads\/2025\/03\/8-A-unnamed1-scaled.jpg\",\"width\":1920,\"height\":2560},{\"@type\":\"BreadcrumbList\",\"@id\":\"https:\/\/passeiosbariloche.com\/product\/bolson-y-lago-puelo\/#breadcrumb\",\"itemListElement\":[{\"@type\":\"ListItem\",\"position\":1,\"name\":\"Home\",\"item\":\"https:\/\/passeiosbariloche.com\/\"},{\"@type\":\"ListItem\",\"position\":2,\"name\":\"Lista de excursiones\",\"item\":\"https:\/\/passeiosbariloche.com\/shop\/\"},{\"@type\":\"ListItem\",\"position\":3,\"name\":\"El Bols\u00f3n y Lago Puelo: un viaje entre paisajes m\u00e1gicos, arte y naturaleza\"}]},{\"@type\":\"WebSite\",\"@id\":\"https:\/\/passeiosbariloche.com\/#website\",\"url\":\"https:\/\/passeiosbariloche.com\/\",\"name\":\"Passeios em Bariloche | Aventura e natureza na Argentina\",\"description\":\"Planeje sua viagem para Bariloche com os melhores passeios! Atividades na neve, aventura e paisagens deslumbrantes na Patag\u00f4nia.\",\"potentialAction\":[{\"@type\":\"SearchAction\",\"target\":{\"@type\":\"EntryPoint\",\"urlTemplate\":\"https:\/\/passeiosbariloche.com\/?s={search_term_string}\"},\"query-input\":{\"@type\":\"PropertyValueSpecification\",\"valueRequired\":true,\"valueName\":\"search_term_string\"}}],\"inLanguage\":\"en-US\"}]}<\/script>\n<meta property=\"product:price:amount\" content=\"59400.00\" \/>\n<meta property=\"product:price:currency\" content=\"ARS\" \/>\n<meta property=\"og:availability\" content=\"instock\" \/>\n<meta property=\"product:availability\" content=\"instock\" \/>\n<meta property=\"product:retailer_item_id\" content=\"ADV2025BOYLAPYFHS\" \/>\n<meta property=\"product:condition\" content=\"new\" \/>\n<!-- \/ Yoast SEO Premium plugin. -->","yoast_head_json":{"title":"El Bols\u00f3n and Lago Puelo - Passeios em Bariloche | Neve, aventura e natureza na Argentina","description":"Discover El Bols\u00f3n and Lago Puelo from Bariloche: culture, landscapes and Patagonian nature. Guided tour with weekly departures, ideal for tourists.","robots":{"index":"index","follow":"follow","max-snippet":"max-snippet:-1","max-image-preview":"max-image-preview:large","max-video-preview":"max-video-preview:-1"},"canonical":"https:\/\/passeiosbariloche.com\/en\/product\/bolson-and-lago-puelo\/","og_locale":"en_US","og_type":"article","og_title":"El Bols\u00f3n y Lago Puelo: un viaje entre paisajes m\u00e1gicos, arte y naturaleza","og_description":"Descubr\u00ed El Bols\u00f3n y Lago Puelo desde Bariloche: cultura, paisajes y naturaleza patag\u00f3nica. Excursi\u00f3n guiada con salidas semanales, ideal para turistas.","og_url":"https:\/\/passeiosbariloche.com\/en\/product\/bolson-and-lago-puelo\/","og_site_name":"Passeios em Bariloche | Neve, aventura e natureza na Argentina","article_modified_time":"2026-04-08T19:21:33+00:00","og_image":[{"width":1920,"height":2560,"url":"https:\/\/passeiosbariloche.com\/wp-content\/uploads\/2025\/03\/8-A-unnamed1-scaled.jpg","type":"image\/jpeg"}],"twitter_card":"summary_large_image","twitter_misc":{"Price":"&#36;&nbsp;59.400,00","Availability":"In stock"},"schema":{"@context":"https:\/\/schema.org","@graph":[{"@type":["WebPage","ItemPage"],"@id":"https:\/\/passeiosbariloche.com\/product\/bolson-y-lago-puelo\/","url":"https:\/\/passeiosbariloche.com\/product\/bolson-y-lago-puelo\/","name":"El Bols\u00f3n and Lago Puelo - Passeios em Bariloche | Neve, aventura e natureza na Argentina","isPartOf":{"@id":"https:\/\/passeiosbariloche.com\/#website"},"primaryImageOfPage":{"@id":"https:\/\/passeiosbariloche.com\/product\/bolson-y-lago-puelo\/#primaryimage"},"image":{"@id":"https:\/\/passeiosbariloche.com\/product\/bolson-y-lago-puelo\/#primaryimage"},"thumbnailUrl":"https:\/\/passeiosbariloche.com\/wp-content\/uploads\/2025\/03\/8-A-unnamed1-scaled.jpg","datePublished":"2025-03-21T15:46:48+00:00","dateModified":"2026-04-08T19:21:33+00:00","description":"Discover El Bols\u00f3n and Lago Puelo from Bariloche: culture, landscapes and Patagonian nature. Guided tour with weekly departures, ideal for tourists.","breadcrumb":{"@id":"https:\/\/passeiosbariloche.com\/product\/bolson-y-lago-puelo\/#breadcrumb"},"inLanguage":"en-US","potentialAction":[{"@type":"ReadAction","target":["https:\/\/passeiosbariloche.com\/product\/bolson-y-lago-puelo\/"]}]},{"@type":"ImageObject","inLanguage":"en-US","@id":"https:\/\/passeiosbariloche.com\/product\/bolson-y-lago-puelo\/#primaryimage","url":"https:\/\/passeiosbariloche.com\/wp-content\/uploads\/2025\/03\/8-A-unnamed1-scaled.jpg","contentUrl":"https:\/\/passeiosbariloche.com\/wp-content\/uploads\/2025\/03\/8-A-unnamed1-scaled.jpg","width":1920,"height":2560},{"@type":"BreadcrumbList","@id":"https:\/\/passeiosbariloche.com\/product\/bolson-y-lago-puelo\/#breadcrumb","itemListElement":[{"@type":"ListItem","position":1,"name":"Home","item":"https:\/\/passeiosbariloche.com\/"},{"@type":"ListItem","position":2,"name":"Lista de excursiones","item":"https:\/\/passeiosbariloche.com\/shop\/"},{"@type":"ListItem","position":3,"name":"El Bols\u00f3n y Lago Puelo: un viaje entre paisajes m\u00e1gicos, arte y naturaleza"}]},{"@type":"WebSite","@id":"https:\/\/passeiosbariloche.com\/#website","url":"https:\/\/passeiosbariloche.com\/","name":"Passeios em Bariloche : Adventure and nature in Argentina","description":"Plan your trip to Bariloche with the best tours! Snow activities, adventure and dazzling landscapes in Patagonia.","potentialAction":[{"@type":"SearchAction","target":{"@type":"EntryPoint","urlTemplate":"https:\/\/passeiosbariloche.com\/?s={search_term_string}"},"query-input":{"@type":"PropertyValueSpecification","valueRequired":true,"valueName":"search_term_string"}}],"inLanguage":"en-US"}]},"product_price_amount":"59400.00","product_price_currency":"ARS","og_availability":"instock","product_availability":"instock","product_retailer_item_id":"ADV2025BOYLAPYFHS","product_condition":"new"},"_links":{"self":[{"href":"https:\/\/passeiosbariloche.com\/en\/wp-json\/wp\/v2\/product\/65777","targetHints":{"allow":["GET"]}}],"collection":[{"href":"https:\/\/passeiosbariloche.com\/en\/wp-json\/wp\/v2\/product"}],"about":[{"href":"https:\/\/passeiosbariloche.com\/en\/wp-json\/wp\/v2\/types\/product"}],"replies":[{"embeddable":true,"href":"https:\/\/passeiosbariloche.com\/en\/wp-json\/wp\/v2\/comments?post=65777"}],"version-history":[{"count":6,"href":"https:\/\/passeiosbariloche.com\/en\/wp-json\/wp\/v2\/product\/65777\/revisions"}],"predecessor-version":[{"id":84426,"href":"https:\/\/passeiosbariloche.com\/en\/wp-json\/wp\/v2\/product\/65777\/revisions\/84426"}],"wp:featuredmedia":[{"embeddable":true,"href":"https:\/\/passeiosbariloche.com\/en\/wp-json\/wp\/v2\/media\/66587"}],"wp:attachment":[{"href":"https:\/\/passeiosbariloche.com\/en\/wp-json\/wp\/v2\/media?parent=65777"}],"wp:term":[{"taxonomy":"product_brand","embeddable":true,"href":"https:\/\/passeiosbariloche.com\/en\/wp-json\/wp\/v2\/product_brand?post=65777"},{"taxonomy":"product_cat","embeddable":true,"href":"https:\/\/passeiosbariloche.com\/en\/wp-json\/wp\/v2\/product_cat?post=65777"},{"taxonomy":"product_tag","embeddable":true,"href":"https:\/\/passeiosbariloche.com\/en\/wp-json\/wp\/v2\/product_tag?post=65777"}],"curies":[{"name":"wp","href":"https:\/\/api.w.org\/{rel}","templated":true}]}}