{"id":66252,"date":"2025-05-05T17:41:43","date_gmt":"2025-05-05T20:41:43","guid":{"rendered":"https:\/\/passeiosbariloche.com\/?post_type=product&#038;p=66252"},"modified":"2026-02-04T10:21:40","modified_gmt":"2026-02-04T13:21:40","slug":"seguro-de-cancelacion","status":"publish","type":"product","link":"https:\/\/passeiosbariloche.com\/en\/product\/cancellation-insurance\/","title":{"rendered":"Cancellation Insurance"},"content":{"rendered":"<p>Can't make it to your excursion? With the Cancellation Insurance, you get a refund of 80% of the amount paid if you cancel before 7pm the day before.<br \/>\n\u2705 Ideal for unforeseen events.<br \/>\n\u2705 Easy and uncomplicated procedure.<\/p>\n<p>This insurance is valid for one (1) passenger for one (1) excursion. It can be purchased up to 30 minutes after issuing your voucher. Without this insurance, the company will not refund for cancellations.<\/p>","protected":false},"excerpt":{"rendered":"<p>Cancel your tour in advance and you will recover a portion of the amount paid.<\/p>","protected":false},"featured_media":84310,"comment_status":"closed","ping_status":"closed","template":"","meta":[],"product_brand":[],"product_cat":[103],"product_tag":[],"class_list":{"0":"post-66252","1":"product","2":"type-product","3":"status-publish","4":"has-post-thumbnail","6":"product_cat-otros","8":"first","9":"instock","10":"virtual","11":"purchasable","12":"product-type-simple"},"booking_location":null,"booking_location_type":null,"booking_duration":null,"booking_duration_unit":null,"booking_buffer":null,"booking_cost":null,"booking_resources":null,"exclude_global_add_ons":[],"addons":[],"yoast_head":"<!-- This site is optimized with the Yoast SEO Premium plugin v24.5 (Yoast SEO v24.8) - https:\/\/yoast.com\/wordpress\/plugins\/seo\/ -->\n<title>Seguro de Cancelaci\u00f3n - Passeios em Bariloche | Neve, aventura e natureza na Argentina<\/title>\n<meta name=\"robots\" content=\"index, follow, max-snippet:-1, max-image-preview:large, max-video-preview:-1\" \/>\n<link rel=\"canonical\" href=\"https:\/\/passeiosbariloche.com\/en\/product\/cancellation-insurance\/\" \/>\n<meta property=\"og:locale\" content=\"en_US\" \/>\n<meta property=\"og:type\" content=\"article\" \/>\n<meta property=\"og:title\" content=\"Seguro de Cancelaci\u00f3n\" \/>\n<meta property=\"og:description\" content=\"Cancel\u00e1 tu excursi\u00f3n con anticipaci\u00f3n y recuper\u00e1 una parte del monto abonado.\" \/>\n<meta property=\"og:url\" content=\"https:\/\/passeiosbariloche.com\/en\/product\/cancellation-insurance\/\" \/>\n<meta property=\"og:site_name\" content=\"Passeios em Bariloche | Neve, aventura e natureza na Argentina\" \/>\n<meta property=\"article:modified_time\" content=\"2026-02-04T13:21:40+00:00\" \/>\n<meta property=\"og:image\" content=\"https:\/\/passeiosbariloche.com\/wp-content\/uploads\/2025\/05\/8-cerro-catedral_44668236864_o-scaled.jpg\" \/>\n\t<meta property=\"og:image:width\" content=\"1920\" \/>\n\t<meta property=\"og:image:height\" content=\"2560\" \/>\n\t<meta property=\"og:image:type\" content=\"image\/jpeg\" \/>\n<meta name=\"twitter:card\" content=\"summary_large_image\" \/>\n<meta name=\"twitter:label1\" content=\"Price\" \/>\n\t<meta name=\"twitter:data1\" content=\"&#036;&nbsp;15.000,00\" \/>\n\t<meta name=\"twitter:label2\" content=\"Availability\" \/>\n\t<meta name=\"twitter:data2\" content=\"In stock\" \/>\n<script type=\"application\/ld+json\" class=\"yoast-schema-graph\">{\"@context\":\"https:\/\/schema.org\",\"@graph\":[{\"@type\":[\"WebPage\",\"ItemPage\"],\"@id\":\"https:\/\/passeiosbariloche.com\/product\/seguro-de-cancelacion\/\",\"url\":\"https:\/\/passeiosbariloche.com\/product\/seguro-de-cancelacion\/\",\"name\":\"Seguro de Cancelaci\u00f3n - Passeios em Bariloche | Neve, aventura e natureza na Argentina\",\"isPartOf\":{\"@id\":\"https:\/\/passeiosbariloche.com\/#website\"},\"primaryImageOfPage\":{\"@id\":\"https:\/\/passeiosbariloche.com\/product\/seguro-de-cancelacion\/#primaryimage\"},\"image\":{\"@id\":\"https:\/\/passeiosbariloche.com\/product\/seguro-de-cancelacion\/#primaryimage\"},\"thumbnailUrl\":\"https:\/\/passeiosbariloche.com\/wp-content\/uploads\/2025\/05\/Sin-titulo-232-scaled.jpg\",\"datePublished\":\"2025-05-05T20:41:43+00:00\",\"dateModified\":\"2026-02-04T13:21:40+00:00\",\"breadcrumb\":{\"@id\":\"https:\/\/passeiosbariloche.com\/product\/seguro-de-cancelacion\/#breadcrumb\"},\"inLanguage\":\"en-US\",\"potentialAction\":[{\"@type\":\"ReadAction\",\"target\":[\"https:\/\/passeiosbariloche.com\/product\/seguro-de-cancelacion\/\"]}]},{\"@type\":\"ImageObject\",\"inLanguage\":\"en-US\",\"@id\":\"https:\/\/passeiosbariloche.com\/product\/seguro-de-cancelacion\/#primaryimage\",\"url\":\"https:\/\/passeiosbariloche.com\/wp-content\/uploads\/2025\/05\/Sin-titulo-232-scaled.jpg\",\"contentUrl\":\"https:\/\/passeiosbariloche.com\/wp-content\/uploads\/2025\/05\/Sin-titulo-232-scaled.jpg\",\"width\":1920,\"height\":2560,\"caption\":\"Processed with VSCO with hb1 preset\"},{\"@type\":\"BreadcrumbList\",\"@id\":\"https:\/\/passeiosbariloche.com\/product\/seguro-de-cancelacion\/#breadcrumb\",\"itemListElement\":[{\"@type\":\"ListItem\",\"position\":1,\"name\":\"Home\",\"item\":\"https:\/\/passeiosbariloche.com\/\"},{\"@type\":\"ListItem\",\"position\":2,\"name\":\"Lista de excursiones\",\"item\":\"https:\/\/passeiosbariloche.com\/shop\/\"},{\"@type\":\"ListItem\",\"position\":3,\"name\":\"Seguro de Cancelaci\u00f3n\"}]},{\"@type\":\"WebSite\",\"@id\":\"https:\/\/passeiosbariloche.com\/#website\",\"url\":\"https:\/\/passeiosbariloche.com\/\",\"name\":\"Passeios em Bariloche | Aventura e natureza na Argentina\",\"description\":\"Planeje sua viagem para Bariloche com os melhores passeios! Atividades na neve, aventura e paisagens deslumbrantes na Patag\u00f4nia.\",\"potentialAction\":[{\"@type\":\"SearchAction\",\"target\":{\"@type\":\"EntryPoint\",\"urlTemplate\":\"https:\/\/passeiosbariloche.com\/?s={search_term_string}\"},\"query-input\":{\"@type\":\"PropertyValueSpecification\",\"valueRequired\":true,\"valueName\":\"search_term_string\"}}],\"inLanguage\":\"en-US\"}]}<\/script>\n<meta property=\"product:price:amount\" content=\"15000.00\" \/>\n<meta property=\"product:price:currency\" content=\"ARS\" \/>\n<meta property=\"og:availability\" content=\"instock\" \/>\n<meta property=\"product:availability\" content=\"instock\" \/>\n<meta property=\"product:condition\" content=\"new\" \/>\n<!-- \/ Yoast SEO Premium plugin. -->","yoast_head_json":{"title":"Cancellation Insurance - Passeios em Bariloche | Neve, aventura e natureza na Argentina","robots":{"index":"index","follow":"follow","max-snippet":"max-snippet:-1","max-image-preview":"max-image-preview:large","max-video-preview":"max-video-preview:-1"},"canonical":"https:\/\/passeiosbariloche.com\/en\/product\/cancellation-insurance\/","og_locale":"en_US","og_type":"article","og_title":"Seguro de Cancelaci\u00f3n","og_description":"Cancel\u00e1 tu excursi\u00f3n con anticipaci\u00f3n y recuper\u00e1 una parte del monto abonado.","og_url":"https:\/\/passeiosbariloche.com\/en\/product\/cancellation-insurance\/","og_site_name":"Passeios em Bariloche | Neve, aventura e natureza na Argentina","article_modified_time":"2026-02-04T13:21:40+00:00","og_image":[{"width":1920,"height":2560,"url":"https:\/\/passeiosbariloche.com\/wp-content\/uploads\/2025\/05\/8-cerro-catedral_44668236864_o-scaled.jpg","type":"image\/jpeg"}],"twitter_card":"summary_large_image","twitter_misc":{"Price":"&#36;&nbsp;15.000,00","Availability":"In stock"},"schema":{"@context":"https:\/\/schema.org","@graph":[{"@type":["WebPage","ItemPage"],"@id":"https:\/\/passeiosbariloche.com\/product\/seguro-de-cancelacion\/","url":"https:\/\/passeiosbariloche.com\/product\/seguro-de-cancelacion\/","name":"Cancellation Insurance - Passeios em Bariloche | Neve, aventura e natureza na Argentina","isPartOf":{"@id":"https:\/\/passeiosbariloche.com\/#website"},"primaryImageOfPage":{"@id":"https:\/\/passeiosbariloche.com\/product\/seguro-de-cancelacion\/#primaryimage"},"image":{"@id":"https:\/\/passeiosbariloche.com\/product\/seguro-de-cancelacion\/#primaryimage"},"thumbnailUrl":"https:\/\/passeiosbariloche.com\/wp-content\/uploads\/2025\/05\/Sin-titulo-232-scaled.jpg","datePublished":"2025-05-05T20:41:43+00:00","dateModified":"2026-02-04T13:21:40+00:00","breadcrumb":{"@id":"https:\/\/passeiosbariloche.com\/product\/seguro-de-cancelacion\/#breadcrumb"},"inLanguage":"en-US","potentialAction":[{"@type":"ReadAction","target":["https:\/\/passeiosbariloche.com\/product\/seguro-de-cancelacion\/"]}]},{"@type":"ImageObject","inLanguage":"en-US","@id":"https:\/\/passeiosbariloche.com\/product\/seguro-de-cancelacion\/#primaryimage","url":"https:\/\/passeiosbariloche.com\/wp-content\/uploads\/2025\/05\/Sin-titulo-232-scaled.jpg","contentUrl":"https:\/\/passeiosbariloche.com\/wp-content\/uploads\/2025\/05\/Sin-titulo-232-scaled.jpg","width":1920,"height":2560,"caption":"Processed with VSCO with hb1 preset"},{"@type":"BreadcrumbList","@id":"https:\/\/passeiosbariloche.com\/product\/seguro-de-cancelacion\/#breadcrumb","itemListElement":[{"@type":"ListItem","position":1,"name":"Home","item":"https:\/\/passeiosbariloche.com\/"},{"@type":"ListItem","position":2,"name":"Lista de excursiones","item":"https:\/\/passeiosbariloche.com\/shop\/"},{"@type":"ListItem","position":3,"name":"Seguro de Cancelaci\u00f3n"}]},{"@type":"WebSite","@id":"https:\/\/passeiosbariloche.com\/#website","url":"https:\/\/passeiosbariloche.com\/","name":"Passeios em Bariloche : Adventure and nature in Argentina","description":"Plan your trip to Bariloche with the best tours! Snow activities, adventure and dazzling landscapes in Patagonia.","potentialAction":[{"@type":"SearchAction","target":{"@type":"EntryPoint","urlTemplate":"https:\/\/passeiosbariloche.com\/?s={search_term_string}"},"query-input":{"@type":"PropertyValueSpecification","valueRequired":true,"valueName":"search_term_string"}}],"inLanguage":"en-US"}]},"product_price_amount":"15000.00","product_price_currency":"ARS","og_availability":"instock","product_availability":"instock","product_condition":"new"},"_links":{"self":[{"href":"https:\/\/passeiosbariloche.com\/en\/wp-json\/wp\/v2\/product\/66252","targetHints":{"allow":["GET"]}}],"collection":[{"href":"https:\/\/passeiosbariloche.com\/en\/wp-json\/wp\/v2\/product"}],"about":[{"href":"https:\/\/passeiosbariloche.com\/en\/wp-json\/wp\/v2\/types\/product"}],"replies":[{"embeddable":true,"href":"https:\/\/passeiosbariloche.com\/en\/wp-json\/wp\/v2\/comments?post=66252"}],"version-history":[{"count":1,"href":"https:\/\/passeiosbariloche.com\/en\/wp-json\/wp\/v2\/product\/66252\/revisions"}],"predecessor-version":[{"id":66257,"href":"https:\/\/passeiosbariloche.com\/en\/wp-json\/wp\/v2\/product\/66252\/revisions\/66257"}],"wp:featuredmedia":[{"embeddable":true,"href":"https:\/\/passeiosbariloche.com\/en\/wp-json\/wp\/v2\/media\/84310"}],"wp:attachment":[{"href":"https:\/\/passeiosbariloche.com\/en\/wp-json\/wp\/v2\/media?parent=66252"}],"wp:term":[{"taxonomy":"product_brand","embeddable":true,"href":"https:\/\/passeiosbariloche.com\/en\/wp-json\/wp\/v2\/product_brand?post=66252"},{"taxonomy":"product_cat","embeddable":true,"href":"https:\/\/passeiosbariloche.com\/en\/wp-json\/wp\/v2\/product_cat?post=66252"},{"taxonomy":"product_tag","embeddable":true,"href":"https:\/\/passeiosbariloche.com\/en\/wp-json\/wp\/v2\/product_tag?post=66252"}],"curies":[{"name":"wp","href":"https:\/\/api.w.org\/{rel}","templated":true}]}}