{"id":66264,"date":"2025-05-14T10:16:53","date_gmt":"2025-05-14T13:16:53","guid":{"rendered":"https:\/\/passeiosbariloche.com\/?post_type=product&#038;p=66264"},"modified":"2026-04-17T10:20:56","modified_gmt":"2026-04-17T13:20:56","slug":"rafting-rio-limay-bariloche","status":"publish","type":"product","link":"https:\/\/passeiosbariloche.com\/en\/product\/limay-rafting-through-the-patagonian-steppe\/","title":{"rendered":"Limay Rafting through the Patagonian steppe"},"content":{"rendered":"<h2>Discover the majesty of Patagonia with an unforgettable experience.<\/h2>\n<p>Immerse yourself in an exclusive adventure on the Limay River, where gentle rapids and serene waters merge to offer a safe, exciting and comfortable experience. Ideal for families, groups and beginners, this tour brings you closer to nature in its purest and most spectacular state.<\/p>\n<h3>Excursion Details<\/h3>\n<ul>\n<li><strong>Route:<\/strong> Low-difficulty rafting along the Limay River, with Class I\/II rapids.<\/li>\n<li><strong>Schedule:<\/strong> Start at 13:00 hours.<\/li>\n<li><strong>Minimum age:<\/strong> 3 years.<\/li>\n<\/ul>\n<h3>What's Included<\/h3>\n<ul>\n<li><strong>Complete activity:<\/strong> Rafting tour in an incomparable natural environment.<\/li>\n<li><strong>Equipment:<\/strong> Life jacket, paddles and support at all times.<\/li>\n<li><strong>Service:<\/strong> Transfer, meeting point and breakfast or snack included.<\/li>\n<\/ul>\n<p><strong>Does not include:<\/strong> Lunch.<\/p>\n<h3>Frequently Asked Questions (FAQ's)<\/h3>\n<ul>\n<li><strong>Is it suitable for children?<\/strong>Yes, the activity is designed for all ages, with a minimum age of 3 years old, guaranteeing a safe environment for the little ones.<\/li>\n<li><strong>What should I bring?<\/strong>It is recommended to wear comfortable clothing and footwear suitable for water activities. Don't forget sunscreen and a change of dry clothes.<\/li>\n<li><strong>Is the experience safe?<\/strong>We have a professional team and rigorous safety protocols, ensuring that each participant enjoys the activity in a reliable and protected way.<\/li>\n<\/ul>\n<p><strong>Important Notice<\/strong>This tour is now available for pre-booking. Departures operate from April 30 to September 30, subject to seasonal calendar.<\/p>","protected":false},"excerpt":{"rendered":"<p>Experience rafting on the Limay River and let yourself be carried away by the perfect combination of nature, comfort and adventure in the Patagonian steppe. A unique experience designed to inspire and thrill.<\/p>","protected":false},"featured_media":66553,"comment_status":"open","ping_status":"closed","template":"","meta":[],"product_brand":[],"product_cat":[105,124,115,106,125,108,119,132,117,123,122],"product_tag":[],"class_list":{"0":"post-66264","1":"product","2":"type-product","3":"status-publish","4":"has-post-thumbnail","6":"product_cat-adultos","7":"product_cat-aventura","8":"product_cat-con-traslado","9":"product_cat-familia","10":"product_cat-lacustre","11":"product_cat-ninos","12":"product_cat-otono","13":"product_cat-sin-comida","14":"product_cat-temporada","15":"product_cat-tipo","16":"product_cat-verano","18":"first","19":"instock","20":"virtual","21":"sold-individually","22":"purchasable","23":"product-type-booking"},"booking_location":"","booking_location_type":"","booking_duration":1,"booking_duration_unit":"hour","booking_buffer":0,"booking_cost":0,"booking_resources":[],"exclude_global_add_ons":false,"addons":[{"name":"ADU | Adult","type":"input_multiplier","position":0,"required":false,"title_format":"label","default":"","description_enable":false,"description":"","placeholder_enable":false,"placeholder":"","display":"select","restrictions_type":"any_text","adjust_price":true,"price":"99500","price_type":"quantity_based","restrictions":false,"min":"0","max":"0","options":[],"id":1776078824}],"yoast_head":"<!-- This site is optimized with the Yoast SEO Premium plugin v24.5 (Yoast SEO v24.8) - https:\/\/yoast.com\/wordpress\/plugins\/seo\/ -->\n<title>Rafting R\u00edo Limay Bariloche: aventura segura y paisajes \u00fanicos - Passeios em Bariloche | Neve, aventura e natureza na Argentina<\/title>\n<meta name=\"description\" content=\"Viv\u00ed el rafting en el R\u00edo Limay Bariloche: r\u00e1pidos suaves, paisajes patag\u00f3nicos y diversi\u00f3n segura para toda la familia. Traslado, equipo y gu\u00eda incluidos.\" \/>\n<meta name=\"robots\" content=\"index, follow, max-snippet:-1, max-image-preview:large, max-video-preview:-1\" \/>\n<link rel=\"canonical\" href=\"https:\/\/passeiosbariloche.com\/en\/product\/limay-rafting-through-the-patagonian-steppe\/\" \/>\n<meta property=\"og:locale\" content=\"en_US\" \/>\n<meta property=\"og:type\" content=\"article\" \/>\n<meta property=\"og:title\" content=\"Rafting Limay por la estepa patag\u00f3nica\" \/>\n<meta property=\"og:description\" content=\"Viv\u00ed el rafting en el R\u00edo Limay Bariloche: r\u00e1pidos suaves, paisajes patag\u00f3nicos y diversi\u00f3n segura para toda la familia. Traslado, equipo y gu\u00eda incluidos.\" \/>\n<meta property=\"og:url\" content=\"https:\/\/passeiosbariloche.com\/en\/product\/limay-rafting-through-the-patagonian-steppe\/\" \/>\n<meta property=\"og:site_name\" content=\"Passeios em Bariloche | Neve, aventura e natureza na Argentina\" \/>\n<meta property=\"article:modified_time\" content=\"2026-04-17T13:20:56+00:00\" \/>\n<meta property=\"og:image\" content=\"https:\/\/passeiosbariloche.com\/wp-content\/uploads\/2025\/05\/8-B-GOPR2576-copia-scaled.jpg\" \/>\n\t<meta property=\"og:image:width\" content=\"1920\" \/>\n\t<meta property=\"og:image:height\" content=\"2560\" \/>\n\t<meta property=\"og:image:type\" content=\"image\/jpeg\" \/>\n<meta name=\"twitter:card\" content=\"summary_large_image\" \/>\n<meta name=\"twitter:label1\" content=\"Price\" \/>\n\t<meta name=\"twitter:data1\" content=\"&#036;&nbsp;99.500,00\" \/>\n\t<meta name=\"twitter:label2\" content=\"Availability\" \/>\n\t<meta name=\"twitter:data2\" content=\"In stock\" \/>\n<script type=\"application\/ld+json\" class=\"yoast-schema-graph\">{\"@context\":\"https:\/\/schema.org\",\"@graph\":[{\"@type\":[\"WebPage\",\"ItemPage\"],\"@id\":\"https:\/\/passeiosbariloche.com\/product\/rafting-rio-limay-bariloche\/\",\"url\":\"https:\/\/passeiosbariloche.com\/product\/rafting-rio-limay-bariloche\/\",\"name\":\"Rafting R\u00edo Limay Bariloche: aventura segura y paisajes \u00fanicos - Passeios em Bariloche | Neve, aventura e natureza na Argentina\",\"isPartOf\":{\"@id\":\"https:\/\/passeiosbariloche.com\/#website\"},\"primaryImageOfPage\":{\"@id\":\"https:\/\/passeiosbariloche.com\/product\/rafting-rio-limay-bariloche\/#primaryimage\"},\"image\":{\"@id\":\"https:\/\/passeiosbariloche.com\/product\/rafting-rio-limay-bariloche\/#primaryimage\"},\"thumbnailUrl\":\"https:\/\/passeiosbariloche.com\/wp-content\/uploads\/2025\/05\/8-B-GOPR2576-copia-scaled.jpg\",\"datePublished\":\"2025-05-14T13:16:53+00:00\",\"dateModified\":\"2026-04-17T13:20:56+00:00\",\"description\":\"Viv\u00ed el rafting en el R\u00edo Limay Bariloche: r\u00e1pidos suaves, paisajes patag\u00f3nicos y diversi\u00f3n segura para toda la familia. Traslado, equipo y gu\u00eda incluidos.\",\"breadcrumb\":{\"@id\":\"https:\/\/passeiosbariloche.com\/product\/rafting-rio-limay-bariloche\/#breadcrumb\"},\"inLanguage\":\"en-US\",\"potentialAction\":[{\"@type\":\"ReadAction\",\"target\":[\"https:\/\/passeiosbariloche.com\/product\/rafting-rio-limay-bariloche\/\"]}]},{\"@type\":\"ImageObject\",\"inLanguage\":\"en-US\",\"@id\":\"https:\/\/passeiosbariloche.com\/product\/rafting-rio-limay-bariloche\/#primaryimage\",\"url\":\"https:\/\/passeiosbariloche.com\/wp-content\/uploads\/2025\/05\/8-B-GOPR2576-copia-scaled.jpg\",\"contentUrl\":\"https:\/\/passeiosbariloche.com\/wp-content\/uploads\/2025\/05\/8-B-GOPR2576-copia-scaled.jpg\",\"width\":1920,\"height\":2560,\"caption\":\"t\/sdcard\/DCIM\/100GOPRO\/GOPR2576\"},{\"@type\":\"BreadcrumbList\",\"@id\":\"https:\/\/passeiosbariloche.com\/product\/rafting-rio-limay-bariloche\/#breadcrumb\",\"itemListElement\":[{\"@type\":\"ListItem\",\"position\":1,\"name\":\"Home\",\"item\":\"https:\/\/passeiosbariloche.com\/\"},{\"@type\":\"ListItem\",\"position\":2,\"name\":\"Lista de excursiones\",\"item\":\"https:\/\/passeiosbariloche.com\/shop\/\"},{\"@type\":\"ListItem\",\"position\":3,\"name\":\"Rafting Limay por la estepa patag\u00f3nica\"}]},{\"@type\":\"WebSite\",\"@id\":\"https:\/\/passeiosbariloche.com\/#website\",\"url\":\"https:\/\/passeiosbariloche.com\/\",\"name\":\"Passeios em Bariloche | Aventura e natureza na Argentina\",\"description\":\"Planeje sua viagem para Bariloche com os melhores passeios! Atividades na neve, aventura e paisagens deslumbrantes na Patag\u00f4nia.\",\"potentialAction\":[{\"@type\":\"SearchAction\",\"target\":{\"@type\":\"EntryPoint\",\"urlTemplate\":\"https:\/\/passeiosbariloche.com\/?s={search_term_string}\"},\"query-input\":{\"@type\":\"PropertyValueSpecification\",\"valueRequired\":true,\"valueName\":\"search_term_string\"}}],\"inLanguage\":\"en-US\"}]}<\/script>\n<meta property=\"product:price:amount\" content=\"99500.00\" \/>\n<meta property=\"product:price:currency\" content=\"ARS\" \/>\n<meta property=\"og:availability\" content=\"instock\" \/>\n<meta property=\"product:availability\" content=\"instock\" \/>\n<meta property=\"product:retailer_item_id\" content=\"ADV2025RALIPO7XQ4\" \/>\n<meta property=\"product:condition\" content=\"new\" \/>\n<!-- \/ Yoast SEO Premium plugin. -->","yoast_head_json":{"title":"Rafting Limay River Bariloche: safe adventure and unique landscapes - Passeios em Bariloche | Neve, aventura e natureza na Argentina","description":"Experience rafting on the Limay River in Bariloche: gentle rapids, Patagonian landscapes and safe fun for the whole family. Transfer, equipment and guide included.","robots":{"index":"index","follow":"follow","max-snippet":"max-snippet:-1","max-image-preview":"max-image-preview:large","max-video-preview":"max-video-preview:-1"},"canonical":"https:\/\/passeiosbariloche.com\/en\/product\/limay-rafting-through-the-patagonian-steppe\/","og_locale":"en_US","og_type":"article","og_title":"Rafting Limay por la estepa patag\u00f3nica","og_description":"Viv\u00ed el rafting en el R\u00edo Limay Bariloche: r\u00e1pidos suaves, paisajes patag\u00f3nicos y diversi\u00f3n segura para toda la familia. Traslado, equipo y gu\u00eda incluidos.","og_url":"https:\/\/passeiosbariloche.com\/en\/product\/limay-rafting-through-the-patagonian-steppe\/","og_site_name":"Passeios em Bariloche | Neve, aventura e natureza na Argentina","article_modified_time":"2026-04-17T13:20:56+00:00","og_image":[{"width":1920,"height":2560,"url":"https:\/\/passeiosbariloche.com\/wp-content\/uploads\/2025\/05\/8-B-GOPR2576-copia-scaled.jpg","type":"image\/jpeg"}],"twitter_card":"summary_large_image","twitter_misc":{"Price":"&#36;&nbsp;99.500,00","Availability":"In stock"},"schema":{"@context":"https:\/\/schema.org","@graph":[{"@type":["WebPage","ItemPage"],"@id":"https:\/\/passeiosbariloche.com\/product\/rafting-rio-limay-bariloche\/","url":"https:\/\/passeiosbariloche.com\/product\/rafting-rio-limay-bariloche\/","name":"Rafting Limay River Bariloche: safe adventure and unique landscapes - Passeios em Bariloche | Neve, aventura e natureza na Argentina","isPartOf":{"@id":"https:\/\/passeiosbariloche.com\/#website"},"primaryImageOfPage":{"@id":"https:\/\/passeiosbariloche.com\/product\/rafting-rio-limay-bariloche\/#primaryimage"},"image":{"@id":"https:\/\/passeiosbariloche.com\/product\/rafting-rio-limay-bariloche\/#primaryimage"},"thumbnailUrl":"https:\/\/passeiosbariloche.com\/wp-content\/uploads\/2025\/05\/8-B-GOPR2576-copia-scaled.jpg","datePublished":"2025-05-14T13:16:53+00:00","dateModified":"2026-04-17T13:20:56+00:00","description":"Experience rafting on the Limay River in Bariloche: gentle rapids, Patagonian landscapes and safe fun for the whole family. Transfer, equipment and guide included.","breadcrumb":{"@id":"https:\/\/passeiosbariloche.com\/product\/rafting-rio-limay-bariloche\/#breadcrumb"},"inLanguage":"en-US","potentialAction":[{"@type":"ReadAction","target":["https:\/\/passeiosbariloche.com\/product\/rafting-rio-limay-bariloche\/"]}]},{"@type":"ImageObject","inLanguage":"en-US","@id":"https:\/\/passeiosbariloche.com\/product\/rafting-rio-limay-bariloche\/#primaryimage","url":"https:\/\/passeiosbariloche.com\/wp-content\/uploads\/2025\/05\/8-B-GOPR2576-copia-scaled.jpg","contentUrl":"https:\/\/passeiosbariloche.com\/wp-content\/uploads\/2025\/05\/8-B-GOPR2576-copia-scaled.jpg","width":1920,"height":2560,"caption":"t\/sdcard\/DCIM\/100GOPRO\/GOPR2576"},{"@type":"BreadcrumbList","@id":"https:\/\/passeiosbariloche.com\/product\/rafting-rio-limay-bariloche\/#breadcrumb","itemListElement":[{"@type":"ListItem","position":1,"name":"Home","item":"https:\/\/passeiosbariloche.com\/"},{"@type":"ListItem","position":2,"name":"Lista de excursiones","item":"https:\/\/passeiosbariloche.com\/shop\/"},{"@type":"ListItem","position":3,"name":"Rafting Limay por la estepa patag\u00f3nica"}]},{"@type":"WebSite","@id":"https:\/\/passeiosbariloche.com\/#website","url":"https:\/\/passeiosbariloche.com\/","name":"Passeios em Bariloche : Adventure and nature in Argentina","description":"Plan your trip to Bariloche with the best tours! Snow activities, adventure and dazzling landscapes in Patagonia.","potentialAction":[{"@type":"SearchAction","target":{"@type":"EntryPoint","urlTemplate":"https:\/\/passeiosbariloche.com\/?s={search_term_string}"},"query-input":{"@type":"PropertyValueSpecification","valueRequired":true,"valueName":"search_term_string"}}],"inLanguage":"en-US"}]},"product_price_amount":"99500.00","product_price_currency":"ARS","og_availability":"instock","product_availability":"instock","product_retailer_item_id":"ADV2025RALIPO7XQ4","product_condition":"new"},"_links":{"self":[{"href":"https:\/\/passeiosbariloche.com\/en\/wp-json\/wp\/v2\/product\/66264","targetHints":{"allow":["GET"]}}],"collection":[{"href":"https:\/\/passeiosbariloche.com\/en\/wp-json\/wp\/v2\/product"}],"about":[{"href":"https:\/\/passeiosbariloche.com\/en\/wp-json\/wp\/v2\/types\/product"}],"replies":[{"embeddable":true,"href":"https:\/\/passeiosbariloche.com\/en\/wp-json\/wp\/v2\/comments?post=66264"}],"version-history":[{"count":4,"href":"https:\/\/passeiosbariloche.com\/en\/wp-json\/wp\/v2\/product\/66264\/revisions"}],"predecessor-version":[{"id":84490,"href":"https:\/\/passeiosbariloche.com\/en\/wp-json\/wp\/v2\/product\/66264\/revisions\/84490"}],"wp:featuredmedia":[{"embeddable":true,"href":"https:\/\/passeiosbariloche.com\/en\/wp-json\/wp\/v2\/media\/66553"}],"wp:attachment":[{"href":"https:\/\/passeiosbariloche.com\/en\/wp-json\/wp\/v2\/media?parent=66264"}],"wp:term":[{"taxonomy":"product_brand","embeddable":true,"href":"https:\/\/passeiosbariloche.com\/en\/wp-json\/wp\/v2\/product_brand?post=66264"},{"taxonomy":"product_cat","embeddable":true,"href":"https:\/\/passeiosbariloche.com\/en\/wp-json\/wp\/v2\/product_cat?post=66264"},{"taxonomy":"product_tag","embeddable":true,"href":"https:\/\/passeiosbariloche.com\/en\/wp-json\/wp\/v2\/product_tag?post=66264"}],"curies":[{"name":"wp","href":"https:\/\/api.w.org\/{rel}","templated":true}]}}