{"id":66265,"date":"2025-05-14T10:16:59","date_gmt":"2025-05-14T13:16:59","guid":{"rendered":"https:\/\/passeiosbariloche.com\/?post_type=product&#038;p=66265"},"modified":"2026-04-13T11:16:59","modified_gmt":"2026-04-13T14:16:59","slug":"villa-la-angostura-y-cerro-bayo","status":"publish","type":"product","link":"https:\/\/passeiosbariloche.com\/en\/product\/villa-la-angostura-and-cerro-bayo\/","title":{"rendered":"Villa La Angostura and Cerro Bayo with transfer from Bariloche"},"content":{"rendered":"<h2 data-start=\"335\" data-end=\"417\"><strong data-start=\"335\" data-end=\"417\">Discover the snowy Patagonia in a complete, safe and uncomplicated tour.<\/strong><\/h2>\n<h3 data-start=\"424\" data-end=\"467\">Enjoy the snow with everything organized<\/h3>\n<p data-start=\"468\" data-end=\"719\">The tour starts at <strong data-start=\"496\" data-end=\"508\">08:00 hs<\/strong>with transfer from <strong data-start=\"529\" data-end=\"637\">pre-established meeting points in downtown Bariloche and up to km 8 of Bustillo or Pioneros Av.<\/strong>. From there we travel comfortably to the north of Nahuel Huapi National Park.<\/p>\n<p data-start=\"721\" data-end=\"1074\">The first stop is in the charming village of <strong data-start=\"769\" data-end=\"791\">Villa La Angostura<\/strong>famous for its mountain scenery, its wooden houses and its snowy forests. Then we continue to the ski center <strong data-start=\"912\" data-end=\"926\">Cerro Bayo<\/strong>You will have free time to enjoy the snow, take pictures, hike or hire optional activities such as a chairlift ride.<\/p>\n<p data-start=\"1076\" data-end=\"1288\">Throughout the excursion you will be accompanied by a guide in Spanish, who will provide explanations about the places visited and assist the group. The return to Bariloche is scheduled for around <strong data-start=\"1275\" data-end=\"1287\">18:00 hs<\/strong>.<\/p>\n<h3 data-start=\"1295\" data-end=\"1314\">What does it include?<\/h3>\n<ul data-start=\"1315\" data-end=\"1462\">\n<li data-start=\"1315\" data-end=\"1371\">\n<p data-start=\"1317\" data-end=\"1371\">Transfer to and from the meeting points.<\/p>\n<\/li>\n<li data-start=\"1372\" data-end=\"1417\">\n<p data-start=\"1374\" data-end=\"1417\">Visit to Villa La Angostura and Cerro Bayo.<\/p>\n<\/li>\n<li data-start=\"1418\" data-end=\"1462\">\n<p data-start=\"1420\" data-end=\"1462\">English speaking guide throughout the tour.<\/p>\n<\/li>\n<\/ul>\n<h3 data-start=\"1469\" data-end=\"1485\">Does not include<\/h3>\n<ul data-start=\"1486\" data-end=\"1627\">\n<li data-start=\"1486\" data-end=\"1498\">\n<p data-start=\"1488\" data-end=\"1498\">Meals.<\/p>\n<\/li>\n<li data-start=\"1499\" data-end=\"1539\">\n<p data-start=\"1501\" data-end=\"1539\">National Park entrance fees.<\/p>\n<\/li>\n<li data-start=\"1540\" data-end=\"1577\">\n<p data-start=\"1542\" data-end=\"1577\">Ascent in Cerro Bayo (optional).<\/p>\n<\/li>\n<li data-start=\"1578\" data-end=\"1627\">\n<p data-start=\"1580\" data-end=\"1627\">Snow clothes (can be rented in Bariloche).<\/p>\n<\/li>\n<\/ul>\n<h3 data-start=\"1634\" data-end=\"1660\">Practical information<\/h3>\n<ul data-start=\"1661\" data-end=\"1885\">\n<li data-start=\"1661\" data-end=\"1710\">\n<p data-start=\"1663\" data-end=\"1710\"><strong data-start=\"1663\" data-end=\"1677\">Season:<\/strong> winter (June to September).<\/p>\n<\/li>\n<li data-start=\"1711\" data-end=\"1772\">\n<p data-start=\"1713\" data-end=\"1772\"><strong data-start=\"1713\" data-end=\"1732\">Departure days:<\/strong> Mondays, Wednesdays, Fridays and Sundays.<\/p>\n<\/li>\n<li data-start=\"1773\" data-end=\"1808\">\n<p data-start=\"1775\" data-end=\"1808\"><strong data-start=\"1775\" data-end=\"1788\">Duration:<\/strong> 08:00 to 18:00 hs.<\/p>\n<\/li>\n<li data-start=\"1809\" data-end=\"1885\">\n<p data-start=\"1811\" data-end=\"1885\"><strong data-start=\"1811\" data-end=\"1829\">Recommendation:<\/strong> bring warm clothes or rent snow equipment.<\/p>\n<\/li>\n<\/ul>\n<h3 data-start=\"1892\" data-end=\"1918\">Frequently Asked Questions<\/h3>\n<p data-start=\"1920\" data-end=\"2032\"><strong data-start=\"1920\" data-end=\"1962\">Do I need to have experience with snow?<\/strong><br data-start=\"1962\" data-end=\"1965\" \/>No. It is a land tour, snow activities are optional.<\/p>\n<p data-start=\"2034\" data-end=\"2135\"><strong data-start=\"2034\" data-end=\"2068\">Where does the transfer depart from?<\/strong><br data-start=\"2068\" data-end=\"2071\" \/>From defined meeting points. No hotel pick up.<\/p>\n<p data-start=\"2137\" data-end=\"2231\"><strong data-start=\"2137\" data-end=\"2181\">Is the ascent in Cerro Bayo included?<\/strong><br data-start=\"2181\" data-end=\"2184\" \/>No. You can hire it on site if you wish.<\/p>\n<p data-start=\"2233\" data-end=\"2320\"><strong data-start=\"2233\" data-end=\"2260\">Is it suitable for families?<\/strong><br data-start=\"2260\" data-end=\"2263\" \/>Yes, the ride is quiet and safe for all ages.<\/p>\n<p data-start=\"2233\" data-end=\"2320\"><strong>Important Notice<\/strong>This tour is now available for pre-booking. Departures operate from June 15 to August 20, subject to seasonal calendar.<\/p>","protected":false},"excerpt":{"rendered":"<p>Explore the charm of Patagonia in winter with this exclusive guided tour by <strong>Villa La Angostura<\/strong> and the winter center <strong>Cerro Bayo<\/strong>. Enjoy snowy landscapes, comfort and adventure in a tour designed to provide a unique experience, live the splendor of the region in a safe and exciting way!<\/p>","protected":false},"featured_media":66556,"comment_status":"open","ping_status":"closed","template":"","meta":[],"product_brand":[],"product_cat":[105,115,106,118,108,132,127],"product_tag":[],"class_list":{"0":"post-66265","1":"product","2":"type-product","3":"status-publish","4":"has-post-thumbnail","6":"product_cat-adultos","7":"product_cat-con-traslado","8":"product_cat-familia","9":"product_cat-invierno","10":"product_cat-ninos","11":"product_cat-sin-comida","12":"product_cat-terrestre","14":"first","15":"instock","16":"virtual","17":"sold-individually","18":"purchasable","19":"product-type-booking"},"booking_location":"","booking_location_type":"","booking_duration":1,"booking_duration_unit":"hour","booking_buffer":0,"booking_cost":0,"booking_resources":[],"exclude_global_add_ons":false,"addons":[{"name":"ADU | Adult","type":"input_multiplier","position":0,"required":false,"title_format":"label","default":"","description_enable":false,"description":"","placeholder_enable":false,"placeholder":"","display":"select","restrictions_type":"any_text","adjust_price":true,"price":"59400","price_type":"quantity_based","restrictions":false,"min":"0","max":"0","options":[],"id":1775560921}],"yoast_head":"<!-- This site is optimized with the Yoast SEO Premium plugin v24.5 (Yoast SEO v24.8) - https:\/\/yoast.com\/wordpress\/plugins\/seo\/ -->\n<title>Villa La Angostura y Cerro Bayo con traslado desde Bariloche - Passeios em Bariloche | Neve, aventura e natureza na Argentina<\/title>\n<meta name=\"description\" content=\"Excursi\u00f3n a Villa La Angostura y Cerro Bayo con traslado desde Bariloche. Gu\u00eda en espa\u00f1ol, nieve y paisajes patag\u00f3nicos. Ideal para turistas brasile\u00f1os.\" \/>\n<meta name=\"robots\" content=\"index, follow, max-snippet:-1, max-image-preview:large, max-video-preview:-1\" \/>\n<link rel=\"canonical\" href=\"https:\/\/passeiosbariloche.com\/en\/product\/villa-la-angostura-and-cerro-bayo\/\" \/>\n<meta property=\"og:locale\" content=\"en_US\" \/>\n<meta property=\"og:type\" content=\"article\" \/>\n<meta property=\"og:title\" content=\"Villa La Angostura y Cerro Bayo con traslado desde Bariloche\" \/>\n<meta property=\"og:description\" content=\"Excursi\u00f3n a Villa La Angostura y Cerro Bayo con traslado desde Bariloche. Gu\u00eda en espa\u00f1ol, nieve y paisajes patag\u00f3nicos. Ideal para turistas brasile\u00f1os.\" \/>\n<meta property=\"og:url\" content=\"https:\/\/passeiosbariloche.com\/en\/product\/villa-la-angostura-and-cerro-bayo\/\" \/>\n<meta property=\"og:site_name\" content=\"Passeios em Bariloche | Neve, aventura e natureza na Argentina\" \/>\n<meta property=\"article:modified_time\" content=\"2026-04-13T14:16:59+00:00\" \/>\n<meta property=\"og:image\" content=\"https:\/\/passeiosbariloche.com\/wp-content\/uploads\/2025\/05\/8-A-209211930485a6c23dc4e94351bb14f9885cd22ca46-scaled.jpg\" \/>\n\t<meta property=\"og:image:width\" content=\"1920\" \/>\n\t<meta property=\"og:image:height\" content=\"2560\" \/>\n\t<meta property=\"og:image:type\" content=\"image\/jpeg\" \/>\n<meta name=\"twitter:card\" content=\"summary_large_image\" \/>\n<meta name=\"twitter:label1\" content=\"Price\" \/>\n\t<meta name=\"twitter:data1\" content=\"&#036;&nbsp;59.400,00\" \/>\n\t<meta name=\"twitter:label2\" content=\"Availability\" \/>\n\t<meta name=\"twitter:data2\" content=\"In stock\" \/>\n<script type=\"application\/ld+json\" class=\"yoast-schema-graph\">{\"@context\":\"https:\/\/schema.org\",\"@graph\":[{\"@type\":[\"WebPage\",\"ItemPage\"],\"@id\":\"https:\/\/passeiosbariloche.com\/product\/villa-la-angostura-y-cerro-bayo\/\",\"url\":\"https:\/\/passeiosbariloche.com\/product\/villa-la-angostura-y-cerro-bayo\/\",\"name\":\"Villa La Angostura y Cerro Bayo con traslado desde Bariloche - Passeios em Bariloche | Neve, aventura e natureza na Argentina\",\"isPartOf\":{\"@id\":\"https:\/\/passeiosbariloche.com\/#website\"},\"primaryImageOfPage\":{\"@id\":\"https:\/\/passeiosbariloche.com\/product\/villa-la-angostura-y-cerro-bayo\/#primaryimage\"},\"image\":{\"@id\":\"https:\/\/passeiosbariloche.com\/product\/villa-la-angostura-y-cerro-bayo\/#primaryimage\"},\"thumbnailUrl\":\"https:\/\/passeiosbariloche.com\/wp-content\/uploads\/2025\/05\/8-A-209211930485a6c23dc4e94351bb14f9885cd22ca46-scaled.jpg\",\"datePublished\":\"2025-05-14T13:16:59+00:00\",\"dateModified\":\"2026-04-13T14:16:59+00:00\",\"description\":\"Excursi\u00f3n a Villa La Angostura y Cerro Bayo con traslado desde Bariloche. Gu\u00eda en espa\u00f1ol, nieve y paisajes patag\u00f3nicos. Ideal para turistas brasile\u00f1os.\",\"breadcrumb\":{\"@id\":\"https:\/\/passeiosbariloche.com\/product\/villa-la-angostura-y-cerro-bayo\/#breadcrumb\"},\"inLanguage\":\"en-US\",\"potentialAction\":[{\"@type\":\"ReadAction\",\"target\":[\"https:\/\/passeiosbariloche.com\/product\/villa-la-angostura-y-cerro-bayo\/\"]}]},{\"@type\":\"ImageObject\",\"inLanguage\":\"en-US\",\"@id\":\"https:\/\/passeiosbariloche.com\/product\/villa-la-angostura-y-cerro-bayo\/#primaryimage\",\"url\":\"https:\/\/passeiosbariloche.com\/wp-content\/uploads\/2025\/05\/8-A-209211930485a6c23dc4e94351bb14f9885cd22ca46-scaled.jpg\",\"contentUrl\":\"https:\/\/passeiosbariloche.com\/wp-content\/uploads\/2025\/05\/8-A-209211930485a6c23dc4e94351bb14f9885cd22ca46-scaled.jpg\",\"width\":1920,\"height\":2560},{\"@type\":\"BreadcrumbList\",\"@id\":\"https:\/\/passeiosbariloche.com\/product\/villa-la-angostura-y-cerro-bayo\/#breadcrumb\",\"itemListElement\":[{\"@type\":\"ListItem\",\"position\":1,\"name\":\"Home\",\"item\":\"https:\/\/passeiosbariloche.com\/\"},{\"@type\":\"ListItem\",\"position\":2,\"name\":\"Lista de excursiones\",\"item\":\"https:\/\/passeiosbariloche.com\/shop\/\"},{\"@type\":\"ListItem\",\"position\":3,\"name\":\"Villa La Angostura y Cerro Bayo con traslado desde Bariloche\"}]},{\"@type\":\"WebSite\",\"@id\":\"https:\/\/passeiosbariloche.com\/#website\",\"url\":\"https:\/\/passeiosbariloche.com\/\",\"name\":\"Passeios em Bariloche | Aventura e natureza na Argentina\",\"description\":\"Planeje sua viagem para Bariloche com os melhores passeios! Atividades na neve, aventura e paisagens deslumbrantes na Patag\u00f4nia.\",\"potentialAction\":[{\"@type\":\"SearchAction\",\"target\":{\"@type\":\"EntryPoint\",\"urlTemplate\":\"https:\/\/passeiosbariloche.com\/?s={search_term_string}\"},\"query-input\":{\"@type\":\"PropertyValueSpecification\",\"valueRequired\":true,\"valueName\":\"search_term_string\"}}],\"inLanguage\":\"en-US\"}]}<\/script>\n<meta property=\"product:price:amount\" content=\"59400.00\" \/>\n<meta property=\"product:price:currency\" content=\"ARS\" \/>\n<meta property=\"og:availability\" content=\"instock\" \/>\n<meta property=\"product:availability\" content=\"instock\" \/>\n<meta property=\"product:retailer_item_id\" content=\"ADV2025VILAANM9K2\" \/>\n<meta property=\"product:condition\" content=\"new\" \/>\n<!-- \/ Yoast SEO Premium plugin. -->","yoast_head_json":{"title":"Villa La Angostura and Cerro Bayo with transfer from Bariloche - Passeios em Bariloche | Neve, aventura e natureza na Argentina","description":"Excursion to Villa La Angostura and Cerro Bayo with transfer from Bariloche. Guide in Spanish, snow and Patagonian landscapes. Ideal for Brazilian tourists.","robots":{"index":"index","follow":"follow","max-snippet":"max-snippet:-1","max-image-preview":"max-image-preview:large","max-video-preview":"max-video-preview:-1"},"canonical":"https:\/\/passeiosbariloche.com\/en\/product\/villa-la-angostura-and-cerro-bayo\/","og_locale":"en_US","og_type":"article","og_title":"Villa La Angostura y Cerro Bayo con traslado desde Bariloche","og_description":"Excursi\u00f3n a Villa La Angostura y Cerro Bayo con traslado desde Bariloche. Gu\u00eda en espa\u00f1ol, nieve y paisajes patag\u00f3nicos. Ideal para turistas brasile\u00f1os.","og_url":"https:\/\/passeiosbariloche.com\/en\/product\/villa-la-angostura-and-cerro-bayo\/","og_site_name":"Passeios em Bariloche | Neve, aventura e natureza na Argentina","article_modified_time":"2026-04-13T14:16:59+00:00","og_image":[{"width":1920,"height":2560,"url":"https:\/\/passeiosbariloche.com\/wp-content\/uploads\/2025\/05\/8-A-209211930485a6c23dc4e94351bb14f9885cd22ca46-scaled.jpg","type":"image\/jpeg"}],"twitter_card":"summary_large_image","twitter_misc":{"Price":"&#36;&nbsp;59.400,00","Availability":"In stock"},"schema":{"@context":"https:\/\/schema.org","@graph":[{"@type":["WebPage","ItemPage"],"@id":"https:\/\/passeiosbariloche.com\/product\/villa-la-angostura-y-cerro-bayo\/","url":"https:\/\/passeiosbariloche.com\/product\/villa-la-angostura-y-cerro-bayo\/","name":"Villa La Angostura and Cerro Bayo with transfer from Bariloche - Passeios em Bariloche | Neve, aventura e natureza na Argentina","isPartOf":{"@id":"https:\/\/passeiosbariloche.com\/#website"},"primaryImageOfPage":{"@id":"https:\/\/passeiosbariloche.com\/product\/villa-la-angostura-y-cerro-bayo\/#primaryimage"},"image":{"@id":"https:\/\/passeiosbariloche.com\/product\/villa-la-angostura-y-cerro-bayo\/#primaryimage"},"thumbnailUrl":"https:\/\/passeiosbariloche.com\/wp-content\/uploads\/2025\/05\/8-A-209211930485a6c23dc4e94351bb14f9885cd22ca46-scaled.jpg","datePublished":"2025-05-14T13:16:59+00:00","dateModified":"2026-04-13T14:16:59+00:00","description":"Excursion to Villa La Angostura and Cerro Bayo with transfer from Bariloche. Guide in Spanish, snow and Patagonian landscapes. Ideal for Brazilian tourists.","breadcrumb":{"@id":"https:\/\/passeiosbariloche.com\/product\/villa-la-angostura-y-cerro-bayo\/#breadcrumb"},"inLanguage":"en-US","potentialAction":[{"@type":"ReadAction","target":["https:\/\/passeiosbariloche.com\/product\/villa-la-angostura-y-cerro-bayo\/"]}]},{"@type":"ImageObject","inLanguage":"en-US","@id":"https:\/\/passeiosbariloche.com\/product\/villa-la-angostura-y-cerro-bayo\/#primaryimage","url":"https:\/\/passeiosbariloche.com\/wp-content\/uploads\/2025\/05\/8-A-209211930485a6c23dc4e94351bb14f9885cd22ca46-scaled.jpg","contentUrl":"https:\/\/passeiosbariloche.com\/wp-content\/uploads\/2025\/05\/8-A-209211930485a6c23dc4e94351bb14f9885cd22ca46-scaled.jpg","width":1920,"height":2560},{"@type":"BreadcrumbList","@id":"https:\/\/passeiosbariloche.com\/product\/villa-la-angostura-y-cerro-bayo\/#breadcrumb","itemListElement":[{"@type":"ListItem","position":1,"name":"Home","item":"https:\/\/passeiosbariloche.com\/"},{"@type":"ListItem","position":2,"name":"Lista de excursiones","item":"https:\/\/passeiosbariloche.com\/shop\/"},{"@type":"ListItem","position":3,"name":"Villa La Angostura y Cerro Bayo con traslado desde Bariloche"}]},{"@type":"WebSite","@id":"https:\/\/passeiosbariloche.com\/#website","url":"https:\/\/passeiosbariloche.com\/","name":"Passeios em Bariloche : Adventure and nature in Argentina","description":"Plan your trip to Bariloche with the best tours! Snow activities, adventure and dazzling landscapes in Patagonia.","potentialAction":[{"@type":"SearchAction","target":{"@type":"EntryPoint","urlTemplate":"https:\/\/passeiosbariloche.com\/?s={search_term_string}"},"query-input":{"@type":"PropertyValueSpecification","valueRequired":true,"valueName":"search_term_string"}}],"inLanguage":"en-US"}]},"product_price_amount":"59400.00","product_price_currency":"ARS","og_availability":"instock","product_availability":"instock","product_retailer_item_id":"ADV2025VILAANM9K2","product_condition":"new"},"_links":{"self":[{"href":"https:\/\/passeiosbariloche.com\/en\/wp-json\/wp\/v2\/product\/66265","targetHints":{"allow":["GET"]}}],"collection":[{"href":"https:\/\/passeiosbariloche.com\/en\/wp-json\/wp\/v2\/product"}],"about":[{"href":"https:\/\/passeiosbariloche.com\/en\/wp-json\/wp\/v2\/types\/product"}],"replies":[{"embeddable":true,"href":"https:\/\/passeiosbariloche.com\/en\/wp-json\/wp\/v2\/comments?post=66265"}],"version-history":[{"count":8,"href":"https:\/\/passeiosbariloche.com\/en\/wp-json\/wp\/v2\/product\/66265\/revisions"}],"predecessor-version":[{"id":84491,"href":"https:\/\/passeiosbariloche.com\/en\/wp-json\/wp\/v2\/product\/66265\/revisions\/84491"}],"wp:featuredmedia":[{"embeddable":true,"href":"https:\/\/passeiosbariloche.com\/en\/wp-json\/wp\/v2\/media\/66556"}],"wp:attachment":[{"href":"https:\/\/passeiosbariloche.com\/en\/wp-json\/wp\/v2\/media?parent=66265"}],"wp:term":[{"taxonomy":"product_brand","embeddable":true,"href":"https:\/\/passeiosbariloche.com\/en\/wp-json\/wp\/v2\/product_brand?post=66265"},{"taxonomy":"product_cat","embeddable":true,"href":"https:\/\/passeiosbariloche.com\/en\/wp-json\/wp\/v2\/product_cat?post=66265"},{"taxonomy":"product_tag","embeddable":true,"href":"https:\/\/passeiosbariloche.com\/en\/wp-json\/wp\/v2\/product_tag?post=66265"}],"curies":[{"name":"wp","href":"https:\/\/api.w.org\/{rel}","templated":true}]}}