{"id":66266,"date":"2025-05-14T10:17:06","date_gmt":"2025-05-14T13:17:06","guid":{"rendered":"https:\/\/passeiosbariloche.com\/?post_type=product&#038;p=66266"},"modified":"2026-04-13T11:18:04","modified_gmt":"2026-04-13T14:18:04","slug":"escuelita-ski-snowboard-ninos-bariloche","status":"publish","type":"product","link":"https:\/\/passeiosbariloche.com\/en\/product\/full-day-ski-and-snowboard-school-for-children\/","title":{"rendered":"A snow adventure for kids: lessons, games and lots of fun in the mountains"},"content":{"rendered":"<h3 data-start=\"547\" data-end=\"588\"><strong data-start=\"551\" data-end=\"588\">Delightful moments in the snow<\/strong><\/h3>\n<p data-start=\"590\" data-end=\"850\">A complete experience designed for the little ones to live an unforgettable day. Ski or snowboard lessons with expert instructors, games in the snow, lunch included and everything they need to learn and have fun in a safe and natural environment.<\/p>\n<h3 data-start=\"857\" data-end=\"941\"><strong data-start=\"861\" data-end=\"941\">The first contact with the snow, careful and accompanied<\/strong><\/h3>\n<p data-start=\"943\" data-end=\"1228\">The school is specially designed for children between 4 and 11 years old who want to learn to ski or snowboard while enjoying a different day in the mountains. Everything is prepared so that families can rely on a safe, fun and well-organized experience.<\/p>\n<p data-start=\"1230\" data-end=\"1528\">The tour starts from meeting points near the lodging (located on Bustillo Avenue or Pioneros Avenue up to km 8), from where we depart to the activity center. Upon arrival, the technical equipment is handed out and the children are grouped in small groups with professional instructors.<\/p>\n<p data-start=\"1530\" data-end=\"1766\">During the morning, there are two hours of classes adapted to each level. At noon, the children break for lunch, which is included in the excursion, and then continue with games and recreational activities until the end of the day.<\/p>\n<p data-start=\"1768\" data-end=\"1947\">Includes transportation from the established points, complete ski or snowboard equipment, lessons, recreation and lunch. It does not include snow clothing or the lift ticket.<\/p>\n<h3 data-start=\"1954\" data-end=\"1984\"><strong data-start=\"1958\" data-end=\"1984\">What you need to know<\/strong><\/h3>\n<p data-start=\"1986\" data-end=\"2184\"><strong data-start=\"1986\" data-end=\"2020\">What does this experience include?<\/strong><br data-start=\"2020\" data-end=\"2023\" \/>Transportation from points near the lodging, complete technical equipment, two-hour group classes, supervised activities and lunch for participants.<\/p>\n<p data-start=\"2186\" data-end=\"2276\"><strong data-start=\"2186\" data-end=\"2222\">How old should children be?<\/strong><br data-start=\"2222\" data-end=\"2225\" \/>Between 4 and 11 years old. No previous experience is required.<\/p>\n<p data-start=\"2278\" data-end=\"2427\"><strong data-start=\"2278\" data-end=\"2300\">What should they wear?<\/strong><br data-start=\"2300\" data-end=\"2303\" \/>Thermal or waterproof clothing, gloves, hat and appropriate footwear. Snow clothing and chairlift ticket are not included.<\/p>\n<p data-start=\"2429\" data-end=\"2625\"><strong data-start=\"2429\" data-end=\"2480\">Is it a safe activity for children?<\/strong><br data-start=\"2480\" data-end=\"2483\" \/>Yes, all groups are accompanied by trained instructors, in spaces adapted to their age, with constant and personalized attention.<\/p>\n<p data-start=\"2429\" data-end=\"2625\"><strong>Important Notice<\/strong>This tour is now available for pre-booking. Departures operate from June 15 to August 20, subject to seasonal calendar.<\/p>","protected":false},"excerpt":{"rendered":"<p>Discover an exclusive day in the snow where children will learn and have fun in a safe and adapted environment. Enjoy a complete winter experience, with group lessons, transfer and lunch, designed to encourage adventure and learning in the mountains.<\/p>","protected":false},"featured_media":66560,"comment_status":"open","ping_status":"closed","template":"","meta":[],"product_brand":[],"product_cat":[124,131,115,118,108,127],"product_tag":[],"class_list":{"0":"post-66266","1":"product","2":"type-product","3":"status-publish","4":"has-post-thumbnail","6":"product_cat-aventura","7":"product_cat-con-comida","8":"product_cat-con-traslado","9":"product_cat-invierno","10":"product_cat-ninos","11":"product_cat-terrestre","13":"first","14":"instock","15":"virtual","16":"sold-individually","17":"purchasable","18":"product-type-booking"},"booking_location":"","booking_location_type":"","booking_duration":1,"booking_duration_unit":"hour","booking_buffer":0,"booking_cost":0,"booking_resources":[],"exclude_global_add_ons":false,"addons":[{"name":"MEN411 | From 4 to 11","type":"input_multiplier","position":0,"required":false,"title_format":"label","default":"","description_enable":false,"description":"","placeholder_enable":false,"placeholder":"","display":"select","restrictions_type":"any_text","adjust_price":true,"price":"345600","price_type":"quantity_based","restrictions":false,"min":"0","max":"0","options":[],"id":1776079015}],"yoast_head":"<!-- This site is optimized with the Yoast SEO Premium plugin v24.5 (Yoast SEO v24.8) - https:\/\/yoast.com\/wordpress\/plugins\/seo\/ -->\n<title>Escuelita de Ski y Snowboard Bariloche: clases, juegos y diversi\u00f3n - Passeios em Bariloche | Neve, aventura e natureza na Argentina<\/title>\n<meta name=\"description\" content=\"Escuelita de ski y snowboard en Bariloche para ni\u00f1os de 4 a 11 a\u00f1os. Incluye clases, equipo, almuerzo y traslado. Un d\u00eda de diversi\u00f3n en la nieve.\" \/>\n<meta name=\"robots\" content=\"index, follow, max-snippet:-1, max-image-preview:large, max-video-preview:-1\" \/>\n<link rel=\"canonical\" href=\"https:\/\/passeiosbariloche.com\/en\/product\/full-day-ski-and-snowboard-school-for-children\/\" \/>\n<meta property=\"og:locale\" content=\"en_US\" \/>\n<meta property=\"og:type\" content=\"article\" \/>\n<meta property=\"og:title\" content=\"Una aventura de nieve para ni\u00f1os: clases, juegos y mucha diversi\u00f3n en la monta\u00f1a\" \/>\n<meta property=\"og:description\" content=\"Escuelita de ski y snowboard en Bariloche para ni\u00f1os de 4 a 11 a\u00f1os. Incluye clases, equipo, almuerzo y traslado. Un d\u00eda de diversi\u00f3n en la nieve.\" \/>\n<meta property=\"og:url\" content=\"https:\/\/passeiosbariloche.com\/en\/product\/full-day-ski-and-snowboard-school-for-children\/\" \/>\n<meta property=\"og:site_name\" content=\"Passeios em Bariloche | Neve, aventura e natureza na Argentina\" \/>\n<meta property=\"article:modified_time\" content=\"2026-04-13T14:18:04+00:00\" \/>\n<meta property=\"og:image\" content=\"https:\/\/passeiosbariloche.com\/wp-content\/uploads\/2025\/05\/8-A-Escuela-de-Ski-y-Snowboard-copia-scaled.jpg\" \/>\n\t<meta property=\"og:image:width\" content=\"1920\" \/>\n\t<meta property=\"og:image:height\" content=\"2560\" \/>\n\t<meta property=\"og:image:type\" content=\"image\/jpeg\" \/>\n<meta name=\"twitter:card\" content=\"summary_large_image\" \/>\n<meta name=\"twitter:label1\" content=\"Price\" \/>\n\t<meta name=\"twitter:data1\" content=\"&#036;&nbsp;345.600,00\" \/>\n\t<meta name=\"twitter:label2\" content=\"Availability\" \/>\n\t<meta name=\"twitter:data2\" content=\"In stock\" \/>\n<script type=\"application\/ld+json\" class=\"yoast-schema-graph\">{\"@context\":\"https:\/\/schema.org\",\"@graph\":[{\"@type\":[\"WebPage\",\"ItemPage\"],\"@id\":\"https:\/\/passeiosbariloche.com\/product\/escuelita-ski-snowboard-ninos-bariloche\/\",\"url\":\"https:\/\/passeiosbariloche.com\/product\/escuelita-ski-snowboard-ninos-bariloche\/\",\"name\":\"Escuelita de Ski y Snowboard Bariloche: clases, juegos y diversi\u00f3n - Passeios em Bariloche | Neve, aventura e natureza na Argentina\",\"isPartOf\":{\"@id\":\"https:\/\/passeiosbariloche.com\/#website\"},\"primaryImageOfPage\":{\"@id\":\"https:\/\/passeiosbariloche.com\/product\/escuelita-ski-snowboard-ninos-bariloche\/#primaryimage\"},\"image\":{\"@id\":\"https:\/\/passeiosbariloche.com\/product\/escuelita-ski-snowboard-ninos-bariloche\/#primaryimage\"},\"thumbnailUrl\":\"https:\/\/passeiosbariloche.com\/wp-content\/uploads\/2025\/05\/8-A-Escuela-de-Ski-y-Snowboard-copia-scaled.jpg\",\"datePublished\":\"2025-05-14T13:17:06+00:00\",\"dateModified\":\"2026-04-13T14:18:04+00:00\",\"description\":\"Escuelita de ski y snowboard en Bariloche para ni\u00f1os de 4 a 11 a\u00f1os. Incluye clases, equipo, almuerzo y traslado. Un d\u00eda de diversi\u00f3n en la nieve.\",\"breadcrumb\":{\"@id\":\"https:\/\/passeiosbariloche.com\/product\/escuelita-ski-snowboard-ninos-bariloche\/#breadcrumb\"},\"inLanguage\":\"en-US\",\"potentialAction\":[{\"@type\":\"ReadAction\",\"target\":[\"https:\/\/passeiosbariloche.com\/product\/escuelita-ski-snowboard-ninos-bariloche\/\"]}]},{\"@type\":\"ImageObject\",\"inLanguage\":\"en-US\",\"@id\":\"https:\/\/passeiosbariloche.com\/product\/escuelita-ski-snowboard-ninos-bariloche\/#primaryimage\",\"url\":\"https:\/\/passeiosbariloche.com\/wp-content\/uploads\/2025\/05\/8-A-Escuela-de-Ski-y-Snowboard-copia-scaled.jpg\",\"contentUrl\":\"https:\/\/passeiosbariloche.com\/wp-content\/uploads\/2025\/05\/8-A-Escuela-de-Ski-y-Snowboard-copia-scaled.jpg\",\"width\":1920,\"height\":2560},{\"@type\":\"BreadcrumbList\",\"@id\":\"https:\/\/passeiosbariloche.com\/product\/escuelita-ski-snowboard-ninos-bariloche\/#breadcrumb\",\"itemListElement\":[{\"@type\":\"ListItem\",\"position\":1,\"name\":\"Home\",\"item\":\"https:\/\/passeiosbariloche.com\/\"},{\"@type\":\"ListItem\",\"position\":2,\"name\":\"Lista de excursiones\",\"item\":\"https:\/\/passeiosbariloche.com\/shop\/\"},{\"@type\":\"ListItem\",\"position\":3,\"name\":\"Una aventura de nieve para ni\u00f1os: clases, juegos y mucha diversi\u00f3n en la monta\u00f1a\"}]},{\"@type\":\"WebSite\",\"@id\":\"https:\/\/passeiosbariloche.com\/#website\",\"url\":\"https:\/\/passeiosbariloche.com\/\",\"name\":\"Passeios em Bariloche | Aventura e natureza na Argentina\",\"description\":\"Planeje sua viagem para Bariloche com os melhores passeios! Atividades na neve, aventura e paisagens deslumbrantes na Patag\u00f4nia.\",\"potentialAction\":[{\"@type\":\"SearchAction\",\"target\":{\"@type\":\"EntryPoint\",\"urlTemplate\":\"https:\/\/passeiosbariloche.com\/?s={search_term_string}\"},\"query-input\":{\"@type\":\"PropertyValueSpecification\",\"valueRequired\":true,\"valueName\":\"search_term_string\"}}],\"inLanguage\":\"en-US\"}]}<\/script>\n<meta property=\"product:price:amount\" content=\"345600.00\" \/>\n<meta property=\"product:price:currency\" content=\"ARS\" \/>\n<meta property=\"og:availability\" content=\"instock\" \/>\n<meta property=\"product:availability\" content=\"instock\" \/>\n<meta property=\"product:retailer_item_id\" content=\"ADV2025ESSKSNJ9L2\" \/>\n<meta property=\"product:condition\" content=\"new\" \/>\n<!-- \/ Yoast SEO Premium plugin. -->","yoast_head_json":{"title":"Ski and Snowboard School Bariloche: classes, games and fun - Passeios em Bariloche | Neve, aventura e natureza na Argentina","description":"Ski and snowboard school in Bariloche for children from 4 to 11 years old. Includes lessons, equipment, lunch and transfer. A day of fun in the snow.","robots":{"index":"index","follow":"follow","max-snippet":"max-snippet:-1","max-image-preview":"max-image-preview:large","max-video-preview":"max-video-preview:-1"},"canonical":"https:\/\/passeiosbariloche.com\/en\/product\/full-day-ski-and-snowboard-school-for-children\/","og_locale":"en_US","og_type":"article","og_title":"Una aventura de nieve para ni\u00f1os: clases, juegos y mucha diversi\u00f3n en la monta\u00f1a","og_description":"Escuelita de ski y snowboard en Bariloche para ni\u00f1os de 4 a 11 a\u00f1os. Incluye clases, equipo, almuerzo y traslado. Un d\u00eda de diversi\u00f3n en la nieve.","og_url":"https:\/\/passeiosbariloche.com\/en\/product\/full-day-ski-and-snowboard-school-for-children\/","og_site_name":"Passeios em Bariloche | Neve, aventura e natureza na Argentina","article_modified_time":"2026-04-13T14:18:04+00:00","og_image":[{"width":1920,"height":2560,"url":"https:\/\/passeiosbariloche.com\/wp-content\/uploads\/2025\/05\/8-A-Escuela-de-Ski-y-Snowboard-copia-scaled.jpg","type":"image\/jpeg"}],"twitter_card":"summary_large_image","twitter_misc":{"Price":"&#36;&nbsp;345.600,00","Availability":"In stock"},"schema":{"@context":"https:\/\/schema.org","@graph":[{"@type":["WebPage","ItemPage"],"@id":"https:\/\/passeiosbariloche.com\/product\/escuelita-ski-snowboard-ninos-bariloche\/","url":"https:\/\/passeiosbariloche.com\/product\/escuelita-ski-snowboard-ninos-bariloche\/","name":"Ski and Snowboard School Bariloche: classes, games and fun - Passeios em Bariloche | Neve, aventura e natureza na Argentina","isPartOf":{"@id":"https:\/\/passeiosbariloche.com\/#website"},"primaryImageOfPage":{"@id":"https:\/\/passeiosbariloche.com\/product\/escuelita-ski-snowboard-ninos-bariloche\/#primaryimage"},"image":{"@id":"https:\/\/passeiosbariloche.com\/product\/escuelita-ski-snowboard-ninos-bariloche\/#primaryimage"},"thumbnailUrl":"https:\/\/passeiosbariloche.com\/wp-content\/uploads\/2025\/05\/8-A-Escuela-de-Ski-y-Snowboard-copia-scaled.jpg","datePublished":"2025-05-14T13:17:06+00:00","dateModified":"2026-04-13T14:18:04+00:00","description":"Ski and snowboard school in Bariloche for children from 4 to 11 years old. Includes lessons, equipment, lunch and transfer. A day of fun in the snow.","breadcrumb":{"@id":"https:\/\/passeiosbariloche.com\/product\/escuelita-ski-snowboard-ninos-bariloche\/#breadcrumb"},"inLanguage":"en-US","potentialAction":[{"@type":"ReadAction","target":["https:\/\/passeiosbariloche.com\/product\/escuelita-ski-snowboard-ninos-bariloche\/"]}]},{"@type":"ImageObject","inLanguage":"en-US","@id":"https:\/\/passeiosbariloche.com\/product\/escuelita-ski-snowboard-ninos-bariloche\/#primaryimage","url":"https:\/\/passeiosbariloche.com\/wp-content\/uploads\/2025\/05\/8-A-Escuela-de-Ski-y-Snowboard-copia-scaled.jpg","contentUrl":"https:\/\/passeiosbariloche.com\/wp-content\/uploads\/2025\/05\/8-A-Escuela-de-Ski-y-Snowboard-copia-scaled.jpg","width":1920,"height":2560},{"@type":"BreadcrumbList","@id":"https:\/\/passeiosbariloche.com\/product\/escuelita-ski-snowboard-ninos-bariloche\/#breadcrumb","itemListElement":[{"@type":"ListItem","position":1,"name":"Home","item":"https:\/\/passeiosbariloche.com\/"},{"@type":"ListItem","position":2,"name":"Lista de excursiones","item":"https:\/\/passeiosbariloche.com\/shop\/"},{"@type":"ListItem","position":3,"name":"Una aventura de nieve para ni\u00f1os: clases, juegos y mucha diversi\u00f3n en la monta\u00f1a"}]},{"@type":"WebSite","@id":"https:\/\/passeiosbariloche.com\/#website","url":"https:\/\/passeiosbariloche.com\/","name":"Passeios em Bariloche : Adventure and nature in Argentina","description":"Plan your trip to Bariloche with the best tours! Snow activities, adventure and dazzling landscapes in Patagonia.","potentialAction":[{"@type":"SearchAction","target":{"@type":"EntryPoint","urlTemplate":"https:\/\/passeiosbariloche.com\/?s={search_term_string}"},"query-input":{"@type":"PropertyValueSpecification","valueRequired":true,"valueName":"search_term_string"}}],"inLanguage":"en-US"}]},"product_price_amount":"345600.00","product_price_currency":"ARS","og_availability":"instock","product_availability":"instock","product_retailer_item_id":"ADV2025ESSKSNJ9L2","product_condition":"new"},"_links":{"self":[{"href":"https:\/\/passeiosbariloche.com\/en\/wp-json\/wp\/v2\/product\/66266","targetHints":{"allow":["GET"]}}],"collection":[{"href":"https:\/\/passeiosbariloche.com\/en\/wp-json\/wp\/v2\/product"}],"about":[{"href":"https:\/\/passeiosbariloche.com\/en\/wp-json\/wp\/v2\/types\/product"}],"replies":[{"embeddable":true,"href":"https:\/\/passeiosbariloche.com\/en\/wp-json\/wp\/v2\/comments?post=66266"}],"version-history":[{"count":8,"href":"https:\/\/passeiosbariloche.com\/en\/wp-json\/wp\/v2\/product\/66266\/revisions"}],"predecessor-version":[{"id":84493,"href":"https:\/\/passeiosbariloche.com\/en\/wp-json\/wp\/v2\/product\/66266\/revisions\/84493"}],"wp:featuredmedia":[{"embeddable":true,"href":"https:\/\/passeiosbariloche.com\/en\/wp-json\/wp\/v2\/media\/66560"}],"wp:attachment":[{"href":"https:\/\/passeiosbariloche.com\/en\/wp-json\/wp\/v2\/media?parent=66266"}],"wp:term":[{"taxonomy":"product_brand","embeddable":true,"href":"https:\/\/passeiosbariloche.com\/en\/wp-json\/wp\/v2\/product_brand?post=66266"},{"taxonomy":"product_cat","embeddable":true,"href":"https:\/\/passeiosbariloche.com\/en\/wp-json\/wp\/v2\/product_cat?post=66266"},{"taxonomy":"product_tag","embeddable":true,"href":"https:\/\/passeiosbariloche.com\/en\/wp-json\/wp\/v2\/product_tag?post=66266"}],"curies":[{"name":"wp","href":"https:\/\/api.w.org\/{rel}","templated":true}]}}