{"id":84288,"date":"2026-01-28T12:43:08","date_gmt":"2026-01-28T15:43:08","guid":{"rendered":"https:\/\/passeiosbariloche.com\/?post_type=product&#038;p=84288"},"modified":"2026-04-08T16:21:33","modified_gmt":"2026-04-08T19:21:33","slug":"buceo-bautismo-bariloche","status":"publish","type":"product","link":"https:\/\/passeiosbariloche.com\/en\/product\/diving-baptism-bariloche\/","title":{"rendered":"Discover Scuba Diving in Bariloche"},"content":{"rendered":"<h2><strong>Dive into the crystal clear waters of Lago Moreno and discover a new world under the surface with our <em data-start=\"551\" data-end=\"580\">Discover Scuba Diving in Bariloche<\/em>.<\/strong><\/h2>\n<p data-start=\"681\" data-end=\"855\">A fascinating experience for those who have never dived before, accompanied by certified instructors who will guide you step by step to fully enjoy the moment.<\/p>\n<p data-start=\"857\" data-end=\"1150\">For approximately two hours -including 20 to 30 minutes of real immersion- you will feel the incredible sensation of floating among the unique underwater landscapes of Patagonia.<br data-start=\"1041\" data-end=\"1044\" \/>Ideal for couples, families or adventurers looking for something different during their trip to Bariloche.<\/p>\n<h3 data-start=\"1157\" data-end=\"1199\"><strong data-start=\"1164\" data-end=\"1199\">Why choose this experience<\/strong><\/h3>\n<ul data-start=\"1201\" data-end=\"1477\">\n<li data-start=\"1201\" data-end=\"1248\">\n<p data-start=\"1203\" data-end=\"1248\">Quiet activity accessible to all.<\/p>\n<\/li>\n<li data-start=\"1249\" data-end=\"1326\">\n<p data-start=\"1251\" data-end=\"1326\">Ideal for those who want to try something new and connect with nature.<\/p>\n<\/li>\n<li data-start=\"1327\" data-end=\"1385\">\n<p data-start=\"1329\" data-end=\"1385\">Certified instructors and full equipment included.<\/p>\n<\/li>\n<li data-start=\"1386\" data-end=\"1477\">\n<p data-start=\"1388\" data-end=\"1477\">Incomparable scenery: the pure waters of Lake Moreno surrounded by mountains and forests.<\/p>\n<\/li>\n<\/ul>\n<h3 data-start=\"1484\" data-end=\"1511\"><strong data-start=\"1491\" data-end=\"1511\">What your day will be like<\/strong><\/h3>\n<p data-start=\"1513\" data-end=\"1782\">The tour starts at the agreed meeting point, from downtown Bariloche to km 8 of Bustillo Avenue. There you will be welcomed by our specialized guides, who will introduce you to the equipment and explain the activity in a simple and pleasant way.<\/p>\n<p data-start=\"1784\" data-end=\"2046\">After a brief surface practice, you will begin your dive accompanied by an instructor. For about 20 to 30 minutes you will explore Moreno Lake, admiring the reflections of the sun underwater, the rock formations and the serenity of the Patagonian environment.<\/p>\n<p data-start=\"2048\" data-end=\"2276\">The entire experience lasts about two hours and includes transportation and all the necessary equipment. At the end, you will be able to relax by the lake and enjoy the scenery with a unique feeling of connection with the natural environment.<\/p>\n<h3 data-start=\"2283\" data-end=\"2314\"><strong data-start=\"2290\" data-end=\"2314\">Practical information<\/strong><\/h3>\n<ul data-start=\"2316\" data-end=\"2885\">\n<li data-start=\"2316\" data-end=\"2392\">\n<p data-start=\"2318\" data-end=\"2392\"><strong data-start=\"2318\" data-end=\"2331\">Schedules:<\/strong> 11:00 to 15:00 \/ 13:00 to 17:00 (Monday, Wednesday and Sunday).<\/p>\n<\/li>\n<li data-start=\"2393\" data-end=\"2450\">\n<p data-start=\"2395\" data-end=\"2450\"><strong data-start=\"2395\" data-end=\"2408\">Duration:<\/strong> Approximately 2 hours (20-30 min of immersion).<\/p>\n<\/li>\n<li data-start=\"2451\" data-end=\"2478\">\n<p data-start=\"2453\" data-end=\"2478\"><strong data-start=\"2453\" data-end=\"2469\">Minimum age:<\/strong> 8 years.<\/p>\n<\/li>\n<li data-start=\"2479\" data-end=\"2591\">\n<p data-start=\"2481\" data-end=\"2591\"><strong data-start=\"2481\" data-end=\"2504\">Meeting point:<\/strong> from downtown Bariloche to km 8 of Bustillo Avenue (consult other points).<\/p>\n<\/li>\n<li data-start=\"2592\" data-end=\"2676\">\n<p data-start=\"2594\" data-end=\"2676\"><strong data-start=\"2594\" data-end=\"2606\">Includes:<\/strong> certified instructors, complete technical equipment and transportation.<\/p>\n<\/li>\n<li data-start=\"2677\" data-end=\"2715\">\n<p data-start=\"2679\" data-end=\"2715\"><strong data-start=\"2679\" data-end=\"2694\">Does not include:<\/strong> food and beverages.<\/p>\n<\/li>\n<li data-start=\"2716\" data-end=\"2800\">\n<p data-start=\"2718\" data-end=\"2800\"><strong data-start=\"2718\" data-end=\"2733\">Important:<\/strong> perform the activity at least 12 hours before taking a flight.<\/p>\n<\/li>\n<\/ul>\n<h3 data-start=\"2892\" data-end=\"2922\"><strong data-start=\"2898\" data-end=\"2922\">Frequently Asked Questions<\/strong><\/h3>\n<p data-start=\"2924\" data-end=\"3029\"><strong data-start=\"2924\" data-end=\"2957\">Do I need previous experience?<\/strong><br data-start=\"2957\" data-end=\"2960\" \/>No, it is specially designed for first time divers.<\/p>\n<p data-start=\"3031\" data-end=\"3127\"><strong data-start=\"3031\" data-end=\"3060\">Can children participate?<\/strong><br data-start=\"3060\" data-end=\"3063\" \/>Yes, from 8 years old, always accompanied by an adult.<\/p>\n<p data-start=\"3129\" data-end=\"3240\"><strong data-start=\"3129\" data-end=\"3155\">What do I need to bring?<\/strong><br data-start=\"3155\" data-end=\"3158\" \/>Waterproof clothes, towel and light coat for after the activity.<\/p>\n<p data-start=\"3416\" data-end=\"3539\"><strong data-start=\"3416\" data-end=\"3450\">Where exactly does it take place?<\/strong><br data-start=\"3450\" data-end=\"3453\" \/>At Moreno Lake, with meeting point and schedules coordinated according to your lodging.<\/p>","protected":false},"excerpt":{"rendered":"<p>A diving experience for beginners in Moreno Lake, with certified instructors, full equipment and transfer included.<\/p>","protected":false},"featured_media":84289,"comment_status":"open","ping_status":"closed","template":"","meta":[],"product_brand":[],"product_cat":[105,124,115,106,108,132,122],"product_tag":[],"class_list":{"0":"post-84288","1":"product","2":"type-product","3":"status-publish","4":"has-post-thumbnail","6":"product_cat-adultos","7":"product_cat-aventura","8":"product_cat-con-traslado","9":"product_cat-familia","10":"product_cat-ninos","11":"product_cat-sin-comida","12":"product_cat-verano","14":"first","15":"instock","16":"virtual","17":"sold-individually","18":"purchasable","19":"product-type-booking"},"booking_location":"","booking_location_type":"","booking_duration":1,"booking_duration_unit":"hour","booking_buffer":0,"booking_cost":0,"booking_resources":[],"exclude_global_add_ons":false,"addons":[{"name":"STD | Passengers","type":"input_multiplier","position":0,"required":false,"title_format":"label","default":"","description_enable":false,"description":"","placeholder_enable":false,"placeholder":"","display":"select","restrictions_type":"any_text","adjust_price":true,"price":"132000","price_type":"quantity_based","restrictions":false,"min":"0","max":"0","options":[],"id":1773231509}],"yoast_head":"<!-- This site is optimized with the Yoast SEO Premium plugin v24.5 (Yoast SEO v24.8) - https:\/\/yoast.com\/wordpress\/plugins\/seo\/ -->\n<title>Buceo Bautismo en Bariloche - Passeios em Bariloche | Neve, aventura e natureza na Argentina<\/title>\n<meta name=\"description\" content=\"Viv\u00ed el buceo bautismo en Bariloche. Sumergite en el Lago Moreno con instructores certificados y descubr\u00ed un mundo natural de calma y belleza patag\u00f3nica.\" \/>\n<meta name=\"robots\" content=\"index, follow, max-snippet:-1, max-image-preview:large, max-video-preview:-1\" \/>\n<link rel=\"canonical\" href=\"https:\/\/passeiosbariloche.com\/en\/product\/diving-baptism-bariloche\/\" \/>\n<meta property=\"og:locale\" content=\"en_US\" \/>\n<meta property=\"og:type\" content=\"article\" \/>\n<meta property=\"og:title\" content=\"Buceo Bautismo en Bariloche\" \/>\n<meta property=\"og:description\" content=\"Viv\u00ed el buceo bautismo en Bariloche. Sumergite en el Lago Moreno con instructores certificados y descubr\u00ed un mundo natural de calma y belleza patag\u00f3nica.\" \/>\n<meta property=\"og:url\" content=\"https:\/\/passeiosbariloche.com\/en\/product\/diving-baptism-bariloche\/\" \/>\n<meta property=\"og:site_name\" content=\"Passeios em Bariloche | Neve, aventura e natureza na Argentina\" \/>\n<meta property=\"article:modified_time\" content=\"2026-04-08T19:21:33+00:00\" \/>\n<meta property=\"og:image\" content=\"https:\/\/passeiosbariloche.com\/wp-content\/uploads\/2026\/01\/tikiprincipal.jpeg\" \/>\n\t<meta property=\"og:image:width\" content=\"1120\" \/>\n\t<meta property=\"og:image:height\" content=\"1280\" \/>\n\t<meta property=\"og:image:type\" content=\"image\/jpeg\" \/>\n<meta name=\"twitter:card\" content=\"summary_large_image\" \/>\n<meta name=\"twitter:label1\" content=\"Price\" \/>\n\t<meta name=\"twitter:data1\" content=\"&#036;&nbsp;132.000,00\" \/>\n\t<meta name=\"twitter:label2\" content=\"Availability\" \/>\n\t<meta name=\"twitter:data2\" content=\"In stock\" \/>\n<script type=\"application\/ld+json\" class=\"yoast-schema-graph\">{\"@context\":\"https:\/\/schema.org\",\"@graph\":[{\"@type\":[\"WebPage\",\"ItemPage\"],\"@id\":\"https:\/\/passeiosbariloche.com\/product\/buceo-bautismo-bariloche\/\",\"url\":\"https:\/\/passeiosbariloche.com\/product\/buceo-bautismo-bariloche\/\",\"name\":\"Buceo Bautismo en Bariloche - Passeios em Bariloche | Neve, aventura e natureza na Argentina\",\"isPartOf\":{\"@id\":\"https:\/\/passeiosbariloche.com\/#website\"},\"primaryImageOfPage\":{\"@id\":\"https:\/\/passeiosbariloche.com\/product\/buceo-bautismo-bariloche\/#primaryimage\"},\"image\":{\"@id\":\"https:\/\/passeiosbariloche.com\/product\/buceo-bautismo-bariloche\/#primaryimage\"},\"thumbnailUrl\":\"https:\/\/passeiosbariloche.com\/wp-content\/uploads\/2026\/01\/tikiprincipal.jpeg\",\"datePublished\":\"2026-01-28T15:43:08+00:00\",\"dateModified\":\"2026-04-08T19:21:33+00:00\",\"description\":\"Viv\u00ed el buceo bautismo en Bariloche. Sumergite en el Lago Moreno con instructores certificados y descubr\u00ed un mundo natural de calma y belleza patag\u00f3nica.\",\"breadcrumb\":{\"@id\":\"https:\/\/passeiosbariloche.com\/product\/buceo-bautismo-bariloche\/#breadcrumb\"},\"inLanguage\":\"en-US\",\"potentialAction\":[{\"@type\":\"ReadAction\",\"target\":[\"https:\/\/passeiosbariloche.com\/product\/buceo-bautismo-bariloche\/\"]}]},{\"@type\":\"ImageObject\",\"inLanguage\":\"en-US\",\"@id\":\"https:\/\/passeiosbariloche.com\/product\/buceo-bautismo-bariloche\/#primaryimage\",\"url\":\"https:\/\/passeiosbariloche.com\/wp-content\/uploads\/2026\/01\/tikiprincipal.jpeg\",\"contentUrl\":\"https:\/\/passeiosbariloche.com\/wp-content\/uploads\/2026\/01\/tikiprincipal.jpeg\",\"width\":1120,\"height\":1280},{\"@type\":\"BreadcrumbList\",\"@id\":\"https:\/\/passeiosbariloche.com\/product\/buceo-bautismo-bariloche\/#breadcrumb\",\"itemListElement\":[{\"@type\":\"ListItem\",\"position\":1,\"name\":\"Home\",\"item\":\"https:\/\/passeiosbariloche.com\/\"},{\"@type\":\"ListItem\",\"position\":2,\"name\":\"Lista de excursiones\",\"item\":\"https:\/\/passeiosbariloche.com\/shop\/\"},{\"@type\":\"ListItem\",\"position\":3,\"name\":\"Buceo Bautismo en Bariloche\"}]},{\"@type\":\"WebSite\",\"@id\":\"https:\/\/passeiosbariloche.com\/#website\",\"url\":\"https:\/\/passeiosbariloche.com\/\",\"name\":\"Passeios em Bariloche | Aventura e natureza na Argentina\",\"description\":\"Planeje sua viagem para Bariloche com os melhores passeios! Atividades na neve, aventura e paisagens deslumbrantes na Patag\u00f4nia.\",\"potentialAction\":[{\"@type\":\"SearchAction\",\"target\":{\"@type\":\"EntryPoint\",\"urlTemplate\":\"https:\/\/passeiosbariloche.com\/?s={search_term_string}\"},\"query-input\":{\"@type\":\"PropertyValueSpecification\",\"valueRequired\":true,\"valueName\":\"search_term_string\"}}],\"inLanguage\":\"en-US\"}]}<\/script>\n<meta property=\"product:price:amount\" content=\"132000.00\" \/>\n<meta property=\"product:price:currency\" content=\"ARS\" \/>\n<meta property=\"og:availability\" content=\"instock\" \/>\n<meta property=\"product:availability\" content=\"instock\" \/>\n<meta property=\"product:retailer_item_id\" content=\"ADV2026BABU9T4K\" \/>\n<meta property=\"product:condition\" content=\"new\" \/>\n<!-- \/ Yoast SEO Premium plugin. -->","yoast_head_json":{"title":"Diving Baptism in Bariloche - Passeios em Bariloche | Neve, aventura e natureza na Argentina","description":"Experience baptism diving in Bariloche. Dive in Moreno Lake with certified instructors and discover a natural world of calm and Patagonian beauty.","robots":{"index":"index","follow":"follow","max-snippet":"max-snippet:-1","max-image-preview":"max-image-preview:large","max-video-preview":"max-video-preview:-1"},"canonical":"https:\/\/passeiosbariloche.com\/en\/product\/diving-baptism-bariloche\/","og_locale":"en_US","og_type":"article","og_title":"Buceo Bautismo en Bariloche","og_description":"Viv\u00ed el buceo bautismo en Bariloche. Sumergite en el Lago Moreno con instructores certificados y descubr\u00ed un mundo natural de calma y belleza patag\u00f3nica.","og_url":"https:\/\/passeiosbariloche.com\/en\/product\/diving-baptism-bariloche\/","og_site_name":"Passeios em Bariloche | Neve, aventura e natureza na Argentina","article_modified_time":"2026-04-08T19:21:33+00:00","og_image":[{"width":1120,"height":1280,"url":"https:\/\/passeiosbariloche.com\/wp-content\/uploads\/2026\/01\/tikiprincipal.jpeg","type":"image\/jpeg"}],"twitter_card":"summary_large_image","twitter_misc":{"Price":"&#36;&nbsp;132.000,00","Availability":"In stock"},"schema":{"@context":"https:\/\/schema.org","@graph":[{"@type":["WebPage","ItemPage"],"@id":"https:\/\/passeiosbariloche.com\/product\/buceo-bautismo-bariloche\/","url":"https:\/\/passeiosbariloche.com\/product\/buceo-bautismo-bariloche\/","name":"Diving Baptism in Bariloche - Passeios em Bariloche | Neve, aventura e natureza na Argentina","isPartOf":{"@id":"https:\/\/passeiosbariloche.com\/#website"},"primaryImageOfPage":{"@id":"https:\/\/passeiosbariloche.com\/product\/buceo-bautismo-bariloche\/#primaryimage"},"image":{"@id":"https:\/\/passeiosbariloche.com\/product\/buceo-bautismo-bariloche\/#primaryimage"},"thumbnailUrl":"https:\/\/passeiosbariloche.com\/wp-content\/uploads\/2026\/01\/tikiprincipal.jpeg","datePublished":"2026-01-28T15:43:08+00:00","dateModified":"2026-04-08T19:21:33+00:00","description":"Experience baptism diving in Bariloche. Dive in Moreno Lake with certified instructors and discover a natural world of calm and Patagonian beauty.","breadcrumb":{"@id":"https:\/\/passeiosbariloche.com\/product\/buceo-bautismo-bariloche\/#breadcrumb"},"inLanguage":"en-US","potentialAction":[{"@type":"ReadAction","target":["https:\/\/passeiosbariloche.com\/product\/buceo-bautismo-bariloche\/"]}]},{"@type":"ImageObject","inLanguage":"en-US","@id":"https:\/\/passeiosbariloche.com\/product\/buceo-bautismo-bariloche\/#primaryimage","url":"https:\/\/passeiosbariloche.com\/wp-content\/uploads\/2026\/01\/tikiprincipal.jpeg","contentUrl":"https:\/\/passeiosbariloche.com\/wp-content\/uploads\/2026\/01\/tikiprincipal.jpeg","width":1120,"height":1280},{"@type":"BreadcrumbList","@id":"https:\/\/passeiosbariloche.com\/product\/buceo-bautismo-bariloche\/#breadcrumb","itemListElement":[{"@type":"ListItem","position":1,"name":"Home","item":"https:\/\/passeiosbariloche.com\/"},{"@type":"ListItem","position":2,"name":"Lista de excursiones","item":"https:\/\/passeiosbariloche.com\/shop\/"},{"@type":"ListItem","position":3,"name":"Buceo Bautismo en Bariloche"}]},{"@type":"WebSite","@id":"https:\/\/passeiosbariloche.com\/#website","url":"https:\/\/passeiosbariloche.com\/","name":"Passeios em Bariloche : Adventure and nature in Argentina","description":"Plan your trip to Bariloche with the best tours! Snow activities, adventure and dazzling landscapes in Patagonia.","potentialAction":[{"@type":"SearchAction","target":{"@type":"EntryPoint","urlTemplate":"https:\/\/passeiosbariloche.com\/?s={search_term_string}"},"query-input":{"@type":"PropertyValueSpecification","valueRequired":true,"valueName":"search_term_string"}}],"inLanguage":"en-US"}]},"product_price_amount":"132000.00","product_price_currency":"ARS","og_availability":"instock","product_availability":"instock","product_retailer_item_id":"ADV2026BABU9T4K","product_condition":"new"},"_links":{"self":[{"href":"https:\/\/passeiosbariloche.com\/en\/wp-json\/wp\/v2\/product\/84288","targetHints":{"allow":["GET"]}}],"collection":[{"href":"https:\/\/passeiosbariloche.com\/en\/wp-json\/wp\/v2\/product"}],"about":[{"href":"https:\/\/passeiosbariloche.com\/en\/wp-json\/wp\/v2\/types\/product"}],"replies":[{"embeddable":true,"href":"https:\/\/passeiosbariloche.com\/en\/wp-json\/wp\/v2\/comments?post=84288"}],"version-history":[{"count":7,"href":"https:\/\/passeiosbariloche.com\/en\/wp-json\/wp\/v2\/product\/84288\/revisions"}],"predecessor-version":[{"id":84413,"href":"https:\/\/passeiosbariloche.com\/en\/wp-json\/wp\/v2\/product\/84288\/revisions\/84413"}],"wp:featuredmedia":[{"embeddable":true,"href":"https:\/\/passeiosbariloche.com\/en\/wp-json\/wp\/v2\/media\/84289"}],"wp:attachment":[{"href":"https:\/\/passeiosbariloche.com\/en\/wp-json\/wp\/v2\/media?parent=84288"}],"wp:term":[{"taxonomy":"product_brand","embeddable":true,"href":"https:\/\/passeiosbariloche.com\/en\/wp-json\/wp\/v2\/product_brand?post=84288"},{"taxonomy":"product_cat","embeddable":true,"href":"https:\/\/passeiosbariloche.com\/en\/wp-json\/wp\/v2\/product_cat?post=84288"},{"taxonomy":"product_tag","embeddable":true,"href":"https:\/\/passeiosbariloche.com\/en\/wp-json\/wp\/v2\/product_tag?post=84288"}],"curies":[{"name":"wp","href":"https:\/\/api.w.org\/{rel}","templated":true}]}}