{"id":65555,"date":"2025-02-06T01:22:27","date_gmt":"2025-02-06T01:22:27","guid":{"rendered":"https:\/\/passeiosbariloche.com\/cart\/"},"modified":"2025-09-16T09:25:01","modified_gmt":"2025-09-16T12:25:01","slug":"cart","status":"publish","type":"page","link":"https:\/\/passeiosbariloche.com\/pt\/carrinho\/","title":{"rendered":"Carrinho"},"content":{"rendered":"<div data-elementor-type=\"wp-page\" data-elementor-id=\"65555\" class=\"elementor elementor-65555\" data-elementor-post-type=\"page\">\n\t\t\t\t<div class=\"wd-negative-gap elementor-element elementor-element-38ad64 e-flex e-con-boxed e-con e-parent\" data-id=\"38ad64\" data-element_type=\"container\" data-e-type=\"container\">\n\t\t\t\t\t<div class=\"e-con-inner\">\n\t\t\t\t<div class=\"elementor-element elementor-element-12994481 color-scheme-inherit text-left elementor-widget elementor-widget-text-editor\" data-id=\"12994481\" data-element_type=\"widget\" data-e-type=\"widget\" data-widget_type=\"text-editor.default\">\n\t\t\t\t<div class=\"elementor-widget-container\">\n\t\t\t\t\t\t\t\t\t\n<div data-block-name=\"woocommerce\/cart\" class=\"wp-block-woocommerce-cart alignwide is-loading\">\n<div data-block-name=\"woocommerce\/filled-cart-block\" class=\"wp-block-woocommerce-filled-cart-block\">\n<div data-block-name=\"woocommerce\/cart-items-block\" class=\"wp-block-woocommerce-cart-items-block\">\n<div data-block-name=\"woocommerce\/cart-line-items-block\" class=\"wp-block-woocommerce-cart-line-items-block\">\u00a0<\/div>\n\n<div data-block-name=\"woocommerce\/cart-cross-sells-block\" class=\"wp-block-woocommerce-cart-cross-sells-block\">\n<h2 id=\"h-you-may-be-interested-in\" class=\"wp-block-heading has-large-font-size\">O senhor pode estar interessado em...<\/h2>\n\n<div data-block-name=\"woocommerce\/cart-cross-sells-products-block\" class=\"wp-block-woocommerce-cart-cross-sells-products-block\">\u00a0<\/div>\n<\/div>\n<\/div>\n\n<div data-block-name=\"woocommerce\/cart-totals-block\" class=\"wp-block-woocommerce-cart-totals-block\">\n<div data-block-name=\"woocommerce\/cart-order-summary-block\" class=\"wp-block-woocommerce-cart-order-summary-block\">\n<div data-block-name=\"woocommerce\/cart-order-summary-heading-block\" data-content=\"Total del carrito\" class=\"wp-block-woocommerce-cart-order-summary-heading-block\">\u00a0<\/div>\n\n<div data-block-name=\"woocommerce\/cart-order-summary-coupon-form-block\" class=\"wp-block-woocommerce-cart-order-summary-coupon-form-block\">\u00a0<\/div>\n\n<div data-block-name=\"woocommerce\/cart-order-summary-totals-block\" class=\"wp-block-woocommerce-cart-order-summary-totals-block\">\n<div data-block-name=\"woocommerce\/cart-order-summary-subtotal-block\" class=\"wp-block-woocommerce-cart-order-summary-subtotal-block\">\u00a0<\/div>\n\n<div data-block-name=\"woocommerce\/cart-order-summary-fee-block\" class=\"wp-block-woocommerce-cart-order-summary-fee-block\">\u00a0<\/div>\n\n<div data-block-name=\"woocommerce\/cart-order-summary-discount-block\" class=\"wp-block-woocommerce-cart-order-summary-discount-block\">\u00a0<\/div>\n\n<div data-block-name=\"woocommerce\/cart-order-summary-shipping-block\" class=\"wp-block-woocommerce-cart-order-summary-shipping-block\">\u00a0<\/div>\n\n<div data-block-name=\"woocommerce\/cart-order-summary-taxes-block\" class=\"wp-block-woocommerce-cart-order-summary-taxes-block\">\u00a0<\/div>\n<\/div>\n<\/div>\n\n<div data-block-name=\"woocommerce\/cart-express-payment-block\" class=\"wp-block-woocommerce-cart-express-payment-block\">\u00a0<\/div>\n\n<div data-block-name=\"woocommerce\/proceed-to-checkout-block\" data-button-label=\"PaGAR\" class=\"wp-block-woocommerce-proceed-to-checkout-block\">\u00a0<\/div>\n\n<div data-block-name=\"woocommerce\/cart-accepted-payment-methods-block\" class=\"wp-block-woocommerce-cart-accepted-payment-methods-block\">\u00a0<\/div>\n<\/div>\n<\/div>\n\n<div data-block-name=\"woocommerce\/empty-cart-block\" class=\"wp-block-woocommerce-empty-cart-block\">\n<pre id=\"tw-target-text\" class=\"tw-data-text tw-text-large tw-ta\" dir=\"ltr\" tabindex=\"-1\" role=\"text\" data-placeholder=\"Traducci\u00f3n\" data-ved=\"2ahUKEwiBtvT3ot2PAxVWkZUCHfEgIkUQ3ewLegQIDBAV\" aria-label=\"Texto traduzido: Seu carrinho est\u00e1 vazio! Novo na loja\">\u00a0<\/pre>\n<h2 id=\"h-your-cart-is-currently-empty\" class=\"wp-block-heading has-text-align-center with-empty-cart-icon wc-block-cart__empty-cart__title\">Seu carrinho est\u00e1 vazio!<\/h2>\n<hr class=\"wp-block-separator has-alpha-channel-opacity is-style-dots\" \/>\n<h2 id=\"h-new-in-store\" class=\"wp-block-heading has-text-align-center\">\u00a0<\/h2>\n<div data-block-name=\"woocommerce\/product-new\" data-columns=\"4\" data-rows=\"1\" class=\"wc-block-grid wp-block-product-new wp-block-woocommerce-product-new wc-block-product-new has-4-columns\"><ul class=\"wc-block-grid__products\"><li class=\"wc-block-grid__product\">\n\t\t\t\t<a href=\"https:\/\/passeiosbariloche.com\/pt\/product\/copa-das-arvores-em-bariloche\/\" class=\"wc-block-grid__product-link\">\n\t\t\t\t\t\n\t\t\t\t\t<div class=\"wc-block-grid__product-image\"><img loading=\"lazy\" decoding=\"async\" width=\"430\" height=\"287\" src=\"https:\/\/passeiosbariloche.com\/wp-content\/uploads\/2026\/04\/WhatsApp-Image-2026-03-13-at-13.30.35-1-430x287.jpeg\" class=\"attachment-woocommerce_thumbnail size-woocommerce_thumbnail\" alt=\"Canopy em Bariloche\" srcset=\"https:\/\/passeiosbariloche.com\/wp-content\/uploads\/2026\/04\/WhatsApp-Image-2026-03-13-at-13.30.35-1-430x287.jpeg 430w, https:\/\/passeiosbariloche.com\/wp-content\/uploads\/2026\/04\/WhatsApp-Image-2026-03-13-at-13.30.35-1-400x267.jpeg 400w, https:\/\/passeiosbariloche.com\/wp-content\/uploads\/2026\/04\/WhatsApp-Image-2026-03-13-at-13.30.35-1-1197x800.jpeg 1197w, https:\/\/passeiosbariloche.com\/wp-content\/uploads\/2026\/04\/WhatsApp-Image-2026-03-13-at-13.30.35-1-768x513.jpeg 768w, https:\/\/passeiosbariloche.com\/wp-content\/uploads\/2026\/04\/WhatsApp-Image-2026-03-13-at-13.30.35-1-18x12.jpeg 18w, https:\/\/passeiosbariloche.com\/wp-content\/uploads\/2026\/04\/WhatsApp-Image-2026-03-13-at-13.30.35-1-700x468.jpeg 700w, https:\/\/passeiosbariloche.com\/wp-content\/uploads\/2026\/04\/WhatsApp-Image-2026-03-13-at-13.30.35-1-150x100.jpeg 150w, https:\/\/passeiosbariloche.com\/wp-content\/uploads\/2026\/04\/WhatsApp-Image-2026-03-13-at-13.30.35-1.jpeg 1496w\" sizes=\"auto, (max-width: 430px) 100vw, 430px\" \/><\/div>\n\t\t\t\t\t<div class=\"wc-block-grid__product-title\">Canopy em Bariloche<\/div>\n\t\t\t\t<\/a>\n\t\t\t\t<div class=\"wc-block-grid__product-price price\"><span class=\"woocommerce-Price-amount amount\"><span class=\"woocommerce-Price-currencySymbol\">&#036;<\/span>&nbsp;132.000,00<\/span><\/div>\n\t\t\t\t\n\t\t\t\t<div class=\"wp-block-button wc-block-grid__product-add-to-cart\"><a href=\"https:\/\/passeiosbariloche.com\/pt\/product\/copa-das-arvores-em-bariloche\/\" aria-label=\"Leia mais sobre \u201cCanopy en Bariloche\u201d\" data-quantity=\"1\" data-product_id=\"84504\" data-product_sku=\"ADV2026CA7K9X\" data-price=\"132000\" rel=\"nofollow\" class=\"wp-block-button__link  add_to_cart_button\" data-no-translation-aria-label=\"\">Livro<\/a><\/div>\n\t\t\t<\/li><li class=\"wc-block-grid__product\">\n\t\t\t\t<a href=\"https:\/\/passeiosbariloche.com\/pt\/product\/culipatina-e-treno-no-cerro-lopez\/\" class=\"wc-block-grid__product-link\">\n\t\t\t\t\t\n\t\t\t\t\t<div class=\"wc-block-grid__product-image\"><img loading=\"lazy\" decoding=\"async\" width=\"430\" height=\"323\" src=\"https:\/\/passeiosbariloche.com\/wp-content\/uploads\/2026\/04\/image_Pippit_202604071526-1-430x323.png\" class=\"attachment-woocommerce_thumbnail size-woocommerce_thumbnail\" alt=\"Culipat\u00edn e tren\u00f3 em Cerro L\u00f3pez\" srcset=\"https:\/\/passeiosbariloche.com\/wp-content\/uploads\/2026\/04\/image_Pippit_202604071526-1-430x323.png 430w, https:\/\/passeiosbariloche.com\/wp-content\/uploads\/2026\/04\/image_Pippit_202604071526-1-400x300.png 400w, https:\/\/passeiosbariloche.com\/wp-content\/uploads\/2026\/04\/image_Pippit_202604071526-1-1066x800.png 1066w, https:\/\/passeiosbariloche.com\/wp-content\/uploads\/2026\/04\/image_Pippit_202604071526-1-768x576.png 768w, https:\/\/passeiosbariloche.com\/wp-content\/uploads\/2026\/04\/image_Pippit_202604071526-1-16x12.png 16w, https:\/\/passeiosbariloche.com\/wp-content\/uploads\/2026\/04\/image_Pippit_202604071526-1-700x525.png 700w, https:\/\/passeiosbariloche.com\/wp-content\/uploads\/2026\/04\/image_Pippit_202604071526-1-150x113.png 150w, https:\/\/passeiosbariloche.com\/wp-content\/uploads\/2026\/04\/image_Pippit_202604071526-1.png 1133w\" sizes=\"auto, (max-width: 430px) 100vw, 430px\" \/><\/div>\n\t\t\t\t\t<div class=\"wc-block-grid__product-title\">Culipat\u00edn e tren\u00f3 em Cerro L\u00f3pez<\/div>\n\t\t\t\t<\/a>\n\t\t\t\t<div class=\"wc-block-grid__product-price price\"><span class=\"woocommerce-Price-amount amount\"><span class=\"woocommerce-Price-currencySymbol\">&#036;<\/span>&nbsp;119.500,00<\/span><\/div>\n\t\t\t\t\n\t\t\t\t<div class=\"wp-block-button wc-block-grid__product-add-to-cart\"><a href=\"https:\/\/passeiosbariloche.com\/pt\/product\/culipatina-e-treno-no-cerro-lopez\/\" aria-label=\"Leia mais sobre \u201cCulipat\u00edn y Trineos en Cerro L\u00f3pez\u201d\" data-quantity=\"1\" data-product_id=\"84496\" data-product_sku=\"ADV2026CUTREN9X4M\" data-price=\"119500\" rel=\"nofollow\" class=\"wp-block-button__link  add_to_cart_button\" data-no-translation-aria-label=\"\">Livro<\/a><\/div>\n\t\t\t<\/li><li class=\"wc-block-grid__product\">\n\t\t\t\t<a href=\"https:\/\/passeiosbariloche.com\/pt\/product\/jantar-de-noite-encantada-em-cabana-de-montanha-com-subida-em-4x4\/\" class=\"wc-block-grid__product-link\">\n\t\t\t\t\t\n\t\t\t\t\t<div class=\"wc-block-grid__product-image\"><img loading=\"lazy\" decoding=\"async\" width=\"430\" height=\"322\" src=\"https:\/\/passeiosbariloche.com\/wp-content\/uploads\/2026\/04\/Gemini_Generated_Image_3kfilq3kfilq3kfi-1-1-430x322.png\" class=\"attachment-woocommerce_thumbnail size-woocommerce_thumbnail\" alt=\"Noite Encantada: Jantar na Cabana da Montanha com Subida em 4x4\" srcset=\"https:\/\/passeiosbariloche.com\/wp-content\/uploads\/2026\/04\/Gemini_Generated_Image_3kfilq3kfilq3kfi-1-1-430x322.png 430w, https:\/\/passeiosbariloche.com\/wp-content\/uploads\/2026\/04\/Gemini_Generated_Image_3kfilq3kfilq3kfi-1-1-400x300.png 400w, https:\/\/passeiosbariloche.com\/wp-content\/uploads\/2026\/04\/Gemini_Generated_Image_3kfilq3kfilq3kfi-1-1-1067x800.png 1067w, https:\/\/passeiosbariloche.com\/wp-content\/uploads\/2026\/04\/Gemini_Generated_Image_3kfilq3kfilq3kfi-1-1-768x576.png 768w, https:\/\/passeiosbariloche.com\/wp-content\/uploads\/2026\/04\/Gemini_Generated_Image_3kfilq3kfilq3kfi-1-1-16x12.png 16w, https:\/\/passeiosbariloche.com\/wp-content\/uploads\/2026\/04\/Gemini_Generated_Image_3kfilq3kfilq3kfi-1-1-700x525.png 700w, https:\/\/passeiosbariloche.com\/wp-content\/uploads\/2026\/04\/Gemini_Generated_Image_3kfilq3kfilq3kfi-1-1-150x112.png 150w, https:\/\/passeiosbariloche.com\/wp-content\/uploads\/2026\/04\/Gemini_Generated_Image_3kfilq3kfilq3kfi-1-1.png 1195w\" sizes=\"auto, (max-width: 430px) 100vw, 430px\" \/><\/div>\n\t\t\t\t\t<div class=\"wc-block-grid__product-title\">Noite Encantada: Jantar na Cabana da Montanha com Subida em 4x4<\/div>\n\t\t\t\t<\/a>\n\t\t\t\t<div class=\"wc-block-grid__product-price price\"><\/div>\n\t\t\t\t\n\t\t\t\t<div class=\"wp-block-button wc-block-grid__product-add-to-cart\"><a href=\"https:\/\/passeiosbariloche.com\/pt\/product\/jantar-de-noite-encantada-em-cabana-de-montanha-com-subida-em-4x4\/\" aria-label=\"Leia mais sobre \u201cNoche Encantada: Cena en Refugio de Monta\u00f1a con Ascenso 4x4\u201d\" data-quantity=\"1\" data-product_id=\"84494\" data-product_sku=\"ADV2026NOEN7K2Q\" data-price=\"0\" rel=\"nofollow\" class=\"wp-block-button__link  add_to_cart_button\" data-no-translation-aria-label=\"\">Livro<\/a><\/div>\n\t\t\t<\/li><li class=\"wc-block-grid__product\">\n\t\t\t\t<a href=\"https:\/\/passeiosbariloche.com\/pt\/product\/mergulho-autonomo-em-bariloche\/\" class=\"wc-block-grid__product-link\">\n\t\t\t\t\t\n\t\t\t\t\t<div class=\"wc-block-grid__product-image\"><img loading=\"lazy\" decoding=\"async\" width=\"430\" height=\"491\" src=\"https:\/\/passeiosbariloche.com\/wp-content\/uploads\/2026\/01\/tikiprincipal-430x491.jpeg\" class=\"attachment-woocommerce_thumbnail size-woocommerce_thumbnail\" alt=\"Descubra o mergulho em Bariloche\" srcset=\"https:\/\/passeiosbariloche.com\/wp-content\/uploads\/2026\/01\/tikiprincipal-430x491.jpeg 430w, https:\/\/passeiosbariloche.com\/wp-content\/uploads\/2026\/01\/tikiprincipal-263x300.jpeg 263w, https:\/\/passeiosbariloche.com\/wp-content\/uploads\/2026\/01\/tikiprincipal-700x800.jpeg 700w, https:\/\/passeiosbariloche.com\/wp-content\/uploads\/2026\/01\/tikiprincipal-768x878.jpeg 768w, https:\/\/passeiosbariloche.com\/wp-content\/uploads\/2026\/01\/tikiprincipal-11x12.jpeg 11w, https:\/\/passeiosbariloche.com\/wp-content\/uploads\/2026\/01\/tikiprincipal-150x171.jpeg 150w, https:\/\/passeiosbariloche.com\/wp-content\/uploads\/2026\/01\/tikiprincipal.jpeg 1120w\" sizes=\"auto, (max-width: 430px) 100vw, 430px\" \/><\/div>\n\t\t\t\t\t<div class=\"wc-block-grid__product-title\">Descubra o mergulho em Bariloche<\/div>\n\t\t\t\t<\/a>\n\t\t\t\t<div class=\"wc-block-grid__product-price price\"><span class=\"woocommerce-Price-amount amount\"><span class=\"woocommerce-Price-currencySymbol\">&#036;<\/span>&nbsp;132.000,00<\/span><\/div>\n\t\t\t\t\n\t\t\t\t<div class=\"wp-block-button wc-block-grid__product-add-to-cart\"><a href=\"https:\/\/passeiosbariloche.com\/pt\/product\/mergulho-autonomo-em-bariloche\/\" aria-label=\"Leia mais sobre \u201cBuceo Bautismo en Bariloche\u201d\" data-quantity=\"1\" data-product_id=\"84288\" data-product_sku=\"ADV2026BABU9T4K\" data-price=\"132000\" rel=\"nofollow\" class=\"wp-block-button__link  add_to_cart_button\" data-no-translation-aria-label=\"\">Livro<\/a><\/div>\n\t\t\t<\/li><\/ul><\/div><\/div>\n<\/div>\n\t\t\t\t\t\t\t\t<\/div>\n\t\t\t\t<\/div>\n\t\t\t\t\t<\/div>\n\t\t\t\t<\/div>\n\t\t\t\t<\/div>","protected":false},"excerpt":{"rendered":"","protected":false},"author":1,"featured_media":0,"parent":0,"menu_order":0,"comment_status":"closed","ping_status":"closed","template":"","meta":{"footnotes":""},"class_list":["post-65555","page","type-page","status-publish","hentry"],"yoast_head":"<!-- This site is optimized with the Yoast SEO Premium plugin v24.5 (Yoast SEO v24.8) - https:\/\/yoast.com\/wordpress\/plugins\/seo\/ -->\n<title>Carrito - Passeios em Bariloche | Neve, aventura e natureza na Argentina<\/title>\n<meta name=\"robots\" content=\"index, follow, max-snippet:-1, max-image-preview:large, max-video-preview:-1\" \/>\n<link rel=\"canonical\" href=\"https:\/\/passeiosbariloche.com\/pt\/carrinho\/\" \/>\n<meta property=\"og:locale\" content=\"pt_BR\" \/>\n<meta property=\"og:type\" content=\"article\" \/>\n<meta property=\"og:title\" content=\"Carrito\" \/>\n<meta property=\"og:url\" content=\"https:\/\/passeiosbariloche.com\/pt\/carrinho\/\" \/>\n<meta property=\"og:site_name\" content=\"Passeios em Bariloche | Neve, aventura e natureza na Argentina\" \/>\n<meta property=\"article:modified_time\" content=\"2025-09-16T12:25:01+00:00\" \/>\n<meta name=\"twitter:card\" content=\"summary_large_image\" \/>\n<meta name=\"twitter:label1\" content=\"Est. tempo de leitura\" \/>\n\t<meta name=\"twitter:data1\" content=\"1 minuto\" \/>\n<script type=\"application\/ld+json\" class=\"yoast-schema-graph\">{\"@context\":\"https:\/\/schema.org\",\"@graph\":[{\"@type\":\"WebPage\",\"@id\":\"https:\/\/passeiosbariloche.com\/cart\/\",\"url\":\"https:\/\/passeiosbariloche.com\/cart\/\",\"name\":\"Carrito - Passeios em Bariloche | Neve, aventura e natureza na Argentina\",\"isPartOf\":{\"@id\":\"https:\/\/passeiosbariloche.com\/#website\"},\"datePublished\":\"2025-02-06T01:22:27+00:00\",\"dateModified\":\"2025-09-16T12:25:01+00:00\",\"breadcrumb\":{\"@id\":\"https:\/\/passeiosbariloche.com\/cart\/#breadcrumb\"},\"inLanguage\":\"pt-BR\",\"potentialAction\":[{\"@type\":\"ReadAction\",\"target\":[\"https:\/\/passeiosbariloche.com\/cart\/\"]}]},{\"@type\":\"BreadcrumbList\",\"@id\":\"https:\/\/passeiosbariloche.com\/cart\/#breadcrumb\",\"itemListElement\":[{\"@type\":\"ListItem\",\"position\":1,\"name\":\"Home\",\"item\":\"https:\/\/passeiosbariloche.com\/\"},{\"@type\":\"ListItem\",\"position\":2,\"name\":\"Carrito\"}]},{\"@type\":\"WebSite\",\"@id\":\"https:\/\/passeiosbariloche.com\/#website\",\"url\":\"https:\/\/passeiosbariloche.com\/\",\"name\":\"Passeios em Bariloche | Aventura e natureza na Argentina\",\"description\":\"Planeje sua viagem para Bariloche com os melhores passeios! Atividades na neve, aventura e paisagens deslumbrantes na Patag\u00f4nia.\",\"potentialAction\":[{\"@type\":\"SearchAction\",\"target\":{\"@type\":\"EntryPoint\",\"urlTemplate\":\"https:\/\/passeiosbariloche.com\/?s={search_term_string}\"},\"query-input\":{\"@type\":\"PropertyValueSpecification\",\"valueRequired\":true,\"valueName\":\"search_term_string\"}}],\"inLanguage\":\"pt-BR\"}]}<\/script>\n<!-- \/ Yoast SEO Premium plugin. -->","yoast_head_json":{"title":"Carrito - Passeios em Bariloche | Neve, aventura e natureza na Argentina","robots":{"index":"index","follow":"follow","max-snippet":"max-snippet:-1","max-image-preview":"max-image-preview:large","max-video-preview":"max-video-preview:-1"},"canonical":"https:\/\/passeiosbariloche.com\/pt\/carrinho\/","og_locale":"pt_BR","og_type":"article","og_title":"Carrito","og_url":"https:\/\/passeiosbariloche.com\/pt\/carrinho\/","og_site_name":"Passeios em Bariloche | Neve, aventura e natureza na Argentina","article_modified_time":"2025-09-16T12:25:01+00:00","twitter_card":"summary_large_image","twitter_misc":{"Est. tempo de leitura":"1 minuto"},"schema":{"@context":"https:\/\/schema.org","@graph":[{"@type":"WebPage","@id":"https:\/\/passeiosbariloche.com\/cart\/","url":"https:\/\/passeiosbariloche.com\/cart\/","name":"Carrito - Passeios em Bariloche | Neve, aventura e natureza na Argentina","isPartOf":{"@id":"https:\/\/passeiosbariloche.com\/#website"},"datePublished":"2025-02-06T01:22:27+00:00","dateModified":"2025-09-16T12:25:01+00:00","breadcrumb":{"@id":"https:\/\/passeiosbariloche.com\/cart\/#breadcrumb"},"inLanguage":"pt-BR","potentialAction":[{"@type":"ReadAction","target":["https:\/\/passeiosbariloche.com\/cart\/"]}]},{"@type":"BreadcrumbList","@id":"https:\/\/passeiosbariloche.com\/cart\/#breadcrumb","itemListElement":[{"@type":"ListItem","position":1,"name":"Home","item":"https:\/\/passeiosbariloche.com\/"},{"@type":"ListItem","position":2,"name":"Carrito"}]},{"@type":"WebSite","@id":"https:\/\/passeiosbariloche.com\/#website","url":"https:\/\/passeiosbariloche.com\/","name":"Passeios em Bariloche | Aventura e natureza na Argentina","description":"Planeje sua viagem a Bariloche com as melhores viagens! Atividades na neve, aventura e paisagens deslumbrantes na Patag\u00f4nia.","potentialAction":[{"@type":"SearchAction","target":{"@type":"EntryPoint","urlTemplate":"https:\/\/passeiosbariloche.com\/?s={search_term_string}"},"query-input":{"@type":"PropertyValueSpecification","valueRequired":true,"valueName":"search_term_string"}}],"inLanguage":"pt-BR"}]}},"_links":{"self":[{"href":"https:\/\/passeiosbariloche.com\/pt\/wp-json\/wp\/v2\/pages\/65555","targetHints":{"allow":["GET"]}}],"collection":[{"href":"https:\/\/passeiosbariloche.com\/pt\/wp-json\/wp\/v2\/pages"}],"about":[{"href":"https:\/\/passeiosbariloche.com\/pt\/wp-json\/wp\/v2\/types\/page"}],"author":[{"embeddable":true,"href":"https:\/\/passeiosbariloche.com\/pt\/wp-json\/wp\/v2\/users\/1"}],"replies":[{"embeddable":true,"href":"https:\/\/passeiosbariloche.com\/pt\/wp-json\/wp\/v2\/comments?post=65555"}],"version-history":[{"count":6,"href":"https:\/\/passeiosbariloche.com\/pt\/wp-json\/wp\/v2\/pages\/65555\/revisions"}],"predecessor-version":[{"id":66881,"href":"https:\/\/passeiosbariloche.com\/pt\/wp-json\/wp\/v2\/pages\/65555\/revisions\/66881"}],"wp:attachment":[{"href":"https:\/\/passeiosbariloche.com\/pt\/wp-json\/wp\/v2\/media?parent=65555"}],"curies":[{"name":"wp","href":"https:\/\/api.w.org\/{rel}","templated":true}]}}