{"id":65748,"date":"2025-03-20T20:09:20","date_gmt":"2025-03-20T23:09:20","guid":{"rendered":"https:\/\/passeiosbariloche.com\/?post_type=product&#038;p=65748"},"modified":"2026-04-13T09:35:24","modified_gmt":"2026-04-13T12:35:24","slug":"traslado-al-cerro-piedras-blancas","status":"publish","type":"product","link":"https:\/\/passeiosbariloche.com\/pt\/product\/traslado-para-o-cerro-piedras-blancas\/","title":{"rendered":"Traslado para Piedras Blancas - Aproveite a neve de forma pr\u00e1tica e descomplicada."},"content":{"rendered":"<h3 data-start=\"194\" data-end=\"251\">A maneira mais f\u00e1cil de chegar \u00e0 neve em Bariloche<\/h3>\n<p data-start=\"253\" data-end=\"572\">Esse traslado foi projetado para turistas do Brasil e de outros pa\u00edses que desejam visitar Piedras Blancas sem se preocupar com o transporte. Do centro de Bariloche, levamos os senhores diretamente ao complexo localizado no Cerro Otto, um lugar ideal para desfrutar de tren\u00f3s, neve, paisagens e divers\u00e3o nas montanhas.<\/p>\n<p data-start=\"574\" data-end=\"649\">Um servi\u00e7o organizado para que o senhor s\u00f3 tenha que aproveitar a experi\u00eancia.<\/p>\n<h3 data-start=\"656\" data-end=\"689\">O que a experi\u00eancia inclui<\/h3>\n<ul data-start=\"691\" data-end=\"936\">\n<li data-start=\"691\" data-end=\"755\">\n<p data-start=\"693\" data-end=\"755\">Transporte de ida e volta de Bariloche a Piedras Blancas.<\/p>\n<\/li>\n<li data-start=\"756\" data-end=\"831\">\n<p data-start=\"758\" data-end=\"831\">Servi\u00e7o organizado para grupos, fam\u00edlias e casais que buscam conforto.<\/p>\n<\/li>\n<li data-start=\"832\" data-end=\"936\">\n<p data-start=\"834\" data-end=\"936\">Tempo livre para atividades no resort: tobog\u00e3, raquetes de neve e mirantes.<\/p>\n<\/li>\n<\/ul>\n<p data-start=\"938\" data-end=\"1080\"><strong data-start=\"938\" data-end=\"947\">Observa\u00e7\u00e3o:<\/strong> O traslado n\u00e3o inclui passes de entrada ou atividades dentro de Piedras Blancas, que s\u00e3o pagos diretamente no resort.<\/p>\n<h3 data-start=\"1087\" data-end=\"1111\">Informa\u00e7\u00f5es pr\u00e1ticas<\/h3>\n<p data-start=\"1113\" data-end=\"1140\"><strong data-start=\"1113\" data-end=\"1138\">Hor\u00e1rios dispon\u00edveis:<\/strong><\/p>\n<ul data-start=\"1141\" data-end=\"1195\">\n<li data-start=\"1141\" data-end=\"1169\">\n<p data-start=\"1143\" data-end=\"1169\">Manh\u00e3: 08:00 \u00e0s 16:00 hs.<\/p>\n<\/li>\n<li data-start=\"1170\" data-end=\"1195\">\n<p data-start=\"1172\" data-end=\"1195\">Tarde: 13:00 \u00e0s 18:00 hs.<\/p>\n<\/li>\n<\/ul>\n<p data-start=\"1197\" data-end=\"1220\"><strong data-start=\"1197\" data-end=\"1210\">Dura\u00e7\u00e3o:<\/strong> Meio dia<\/p>\n<p data-start=\"1222\" data-end=\"1375\"><strong data-start=\"1222\" data-end=\"1245\">Ponto de encontro:<\/strong> Coordena\u00e7\u00e3o pr\u00e9via em pontos pr\u00f3ximos a cada acomoda\u00e7\u00e3o, entre o centro de Bariloche e o km 8 da Av. Bustillo ou Av. Pioneros.<\/p>\n<p data-start=\"1377\" data-end=\"1450\"><strong data-start=\"1377\" data-end=\"1389\">Ele inclui:<\/strong> Transporte de ida e volta do aeroporto em ve\u00edculos tur\u00edsticos autorizados.<\/p>\n<p data-start=\"1452\" data-end=\"1522\"><strong data-start=\"1452\" data-end=\"1467\">N\u00e3o inclu\u00eddo:<\/strong> Almo\u00e7o, taxas de entrada, aluguel de equipamentos ou atividades.<\/p>\n<h3 data-start=\"1529\" data-end=\"1553\">Perguntas frequentes<\/h3>\n<p data-start=\"1555\" data-end=\"1665\"><strong data-start=\"1555\" data-end=\"1580\">Como \u00e9 a transfer\u00eancia?<\/strong><br data-start=\"1580\" data-end=\"1583\" \/>O servi\u00e7o coordena os pontos de partida de acordo com sua acomoda\u00e7\u00e3o para sua conveni\u00eancia.<\/p>\n<p data-start=\"1667\" data-end=\"1772\"><strong data-start=\"1667\" data-end=\"1695\">Quem pode participar?<\/strong><br data-start=\"1695\" data-end=\"1698\" \/>Ele \u00e9 adequado para toda a fam\u00edlia, incluindo crian\u00e7as pequenas e adultos mais velhos.<\/p>\n<p data-start=\"1774\" data-end=\"1902\"><strong data-start=\"1774\" data-end=\"1822\">O traslado inclui a entrada no resort?<\/strong><br data-start=\"1822\" data-end=\"1825\" \/>N\u00e3o, o servi\u00e7o \u00e9 apenas para transporte. Os passes s\u00e3o comprados no resort.<\/p>\n<p data-start=\"1904\" data-end=\"2049\"><strong data-start=\"1904\" data-end=\"1958\">H\u00e1 lugares para comer em Piedras Blancas?<\/strong><br data-start=\"1958\" data-end=\"1961\" \/>Sim, h\u00e1 restaurantes e locais onde o senhor pode comprar comida ou levar sua pr\u00f3pria comida.<\/p>\n<p data-start=\"1904\" data-end=\"2049\"><strong>Aviso importante<\/strong>Este passeio j\u00e1 est\u00e1 dispon\u00edvel para pr\u00e9-reserva. As sa\u00eddas ocorrem de 15 de junho a 20 de agosto, sujeitas ao calend\u00e1rio sazonal.<\/p>","protected":false},"excerpt":{"rendered":"<p data-start=\"2237\" data-end=\"2431\">Traslado de ida e volta a Piedras Blancas desde Bariloche. Servi\u00e7o c\u00f4modo e organizado para turistas que querem aproveitar a neve sem preocupa\u00e7\u00f5es.<\/p>","protected":false},"featured_media":66658,"comment_status":"open","ping_status":"closed","template":"","meta":[],"product_brand":[],"product_cat":[105,124,115,106,118,108,132,127],"product_tag":[],"class_list":{"0":"post-65748","1":"product","2":"type-product","3":"status-publish","4":"has-post-thumbnail","6":"product_cat-adultos","7":"product_cat-aventura","8":"product_cat-con-traslado","9":"product_cat-familia","10":"product_cat-invierno","11":"product_cat-ninos","12":"product_cat-sin-comida","13":"product_cat-terrestre","15":"first","16":"instock","17":"virtual","18":"sold-individually","19":"purchasable","20":"product-type-booking"},"booking_location":"","booking_location_type":"","booking_duration":1,"booking_duration_unit":"hour","booking_buffer":0,"booking_cost":0,"booking_resources":[],"exclude_global_add_ons":false,"addons":[{"name":"ADU : Adulto","type":"input_multiplier","position":0,"required":false,"title_format":"label","default":"","description_enable":false,"description":"","placeholder_enable":false,"placeholder":"","display":"select","restrictions_type":"any_text","adjust_price":true,"price":"31200","price_type":"quantity_based","restrictions":false,"min":"0","max":"0","options":[],"id":1775570332}],"yoast_head":"<!-- This site is optimized with the Yoast SEO Premium plugin v24.5 (Yoast SEO v24.8) - https:\/\/yoast.com\/wordpress\/plugins\/seo\/ -->\n<title>Traslado a Piedras Blancas \u2013 Disfrut\u00e1 la nieve de forma pr\u00e1ctica y sin complicaciones - Passeios em Bariloche | Neve, aventura e natureza na Argentina<\/title>\n<meta name=\"description\" content=\"Traslado desde Bariloche a Piedras Blancas. Transporte organizado para disfrutar nieve, trineos y paisajes, ideal para turistas brasile\u00f1os.\" \/>\n<meta name=\"robots\" content=\"index, follow, max-snippet:-1, max-image-preview:large, max-video-preview:-1\" \/>\n<link rel=\"canonical\" href=\"https:\/\/passeiosbariloche.com\/pt\/product\/traslado-para-o-cerro-piedras-blancas\/\" \/>\n<meta property=\"og:locale\" content=\"pt_BR\" \/>\n<meta property=\"og:type\" content=\"article\" \/>\n<meta property=\"og:title\" content=\"Traslado a Piedras Blancas \u2013 Disfrut\u00e1 la nieve de forma pr\u00e1ctica y sin complicaciones\" \/>\n<meta property=\"og:description\" content=\"Traslado desde Bariloche a Piedras Blancas. Transporte organizado para disfrutar nieve, trineos y paisajes, ideal para turistas brasile\u00f1os.\" \/>\n<meta property=\"og:url\" content=\"https:\/\/passeiosbariloche.com\/pt\/product\/traslado-para-o-cerro-piedras-blancas\/\" \/>\n<meta property=\"og:site_name\" content=\"Passeios em Bariloche | Neve, aventura e natureza na Argentina\" \/>\n<meta property=\"article:modified_time\" content=\"2026-04-13T12:35:24+00:00\" \/>\n<meta property=\"og:image\" content=\"https:\/\/passeiosbariloche.com\/wp-content\/uploads\/2025\/03\/8-B-photoFDHFD1jpg-scaled.jpg\" \/>\n\t<meta property=\"og:image:width\" content=\"1920\" \/>\n\t<meta property=\"og:image:height\" content=\"2560\" \/>\n\t<meta property=\"og:image:type\" content=\"image\/jpeg\" \/>\n<meta name=\"twitter:card\" content=\"summary_large_image\" \/>\n<meta name=\"twitter:label1\" content=\"Pre\u00e7o\" \/>\n\t<meta name=\"twitter:data1\" content=\"&#036;&nbsp;31.200,00\" \/>\n\t<meta name=\"twitter:label2\" content=\"Disponibilidade\" \/>\n\t<meta name=\"twitter:data2\" content=\"Em Estoque\" \/>\n<script type=\"application\/ld+json\" class=\"yoast-schema-graph\">{\"@context\":\"https:\/\/schema.org\",\"@graph\":[{\"@type\":[\"WebPage\",\"ItemPage\"],\"@id\":\"https:\/\/passeiosbariloche.com\/product\/traslado-al-cerro-piedras-blancas\/\",\"url\":\"https:\/\/passeiosbariloche.com\/product\/traslado-al-cerro-piedras-blancas\/\",\"name\":\"Traslado a Piedras Blancas \u2013 Disfrut\u00e1 la nieve de forma pr\u00e1ctica y sin complicaciones - Passeios em Bariloche | Neve, aventura e natureza na Argentina\",\"isPartOf\":{\"@id\":\"https:\/\/passeiosbariloche.com\/#website\"},\"primaryImageOfPage\":{\"@id\":\"https:\/\/passeiosbariloche.com\/product\/traslado-al-cerro-piedras-blancas\/#primaryimage\"},\"image\":{\"@id\":\"https:\/\/passeiosbariloche.com\/product\/traslado-al-cerro-piedras-blancas\/#primaryimage\"},\"thumbnailUrl\":\"https:\/\/passeiosbariloche.com\/wp-content\/uploads\/2025\/03\/8-B-photoFDHFD1jpg-scaled.jpg\",\"datePublished\":\"2025-03-20T23:09:20+00:00\",\"dateModified\":\"2026-04-13T12:35:24+00:00\",\"description\":\"Traslado desde Bariloche a Piedras Blancas. Transporte organizado para disfrutar nieve, trineos y paisajes, ideal para turistas brasile\u00f1os.\",\"breadcrumb\":{\"@id\":\"https:\/\/passeiosbariloche.com\/product\/traslado-al-cerro-piedras-blancas\/#breadcrumb\"},\"inLanguage\":\"pt-BR\",\"potentialAction\":[{\"@type\":\"ReadAction\",\"target\":[\"https:\/\/passeiosbariloche.com\/product\/traslado-al-cerro-piedras-blancas\/\"]}]},{\"@type\":\"ImageObject\",\"inLanguage\":\"pt-BR\",\"@id\":\"https:\/\/passeiosbariloche.com\/product\/traslado-al-cerro-piedras-blancas\/#primaryimage\",\"url\":\"https:\/\/passeiosbariloche.com\/wp-content\/uploads\/2025\/03\/8-B-photoFDHFD1jpg-scaled.jpg\",\"contentUrl\":\"https:\/\/passeiosbariloche.com\/wp-content\/uploads\/2025\/03\/8-B-photoFDHFD1jpg-scaled.jpg\",\"width\":1920,\"height\":2560},{\"@type\":\"BreadcrumbList\",\"@id\":\"https:\/\/passeiosbariloche.com\/product\/traslado-al-cerro-piedras-blancas\/#breadcrumb\",\"itemListElement\":[{\"@type\":\"ListItem\",\"position\":1,\"name\":\"Home\",\"item\":\"https:\/\/passeiosbariloche.com\/\"},{\"@type\":\"ListItem\",\"position\":2,\"name\":\"Lista de excursiones\",\"item\":\"https:\/\/passeiosbariloche.com\/shop\/\"},{\"@type\":\"ListItem\",\"position\":3,\"name\":\"Traslado a Piedras Blancas \u2013 Disfrut\u00e1 la nieve de forma pr\u00e1ctica y sin complicaciones\"}]},{\"@type\":\"WebSite\",\"@id\":\"https:\/\/passeiosbariloche.com\/#website\",\"url\":\"https:\/\/passeiosbariloche.com\/\",\"name\":\"Passeios em Bariloche | Aventura e natureza na Argentina\",\"description\":\"Planeje sua viagem para Bariloche com os melhores passeios! Atividades na neve, aventura e paisagens deslumbrantes na Patag\u00f4nia.\",\"potentialAction\":[{\"@type\":\"SearchAction\",\"target\":{\"@type\":\"EntryPoint\",\"urlTemplate\":\"https:\/\/passeiosbariloche.com\/?s={search_term_string}\"},\"query-input\":{\"@type\":\"PropertyValueSpecification\",\"valueRequired\":true,\"valueName\":\"search_term_string\"}}],\"inLanguage\":\"pt-BR\"}]}<\/script>\n<meta property=\"product:price:amount\" content=\"31200.00\" \/>\n<meta property=\"product:price:currency\" content=\"ARS\" \/>\n<meta property=\"og:availability\" content=\"instock\" \/>\n<meta property=\"product:availability\" content=\"instock\" \/>\n<meta property=\"product:retailer_item_id\" content=\"ADV2025TRALCE1K3T\" \/>\n<meta property=\"product:condition\" content=\"new\" \/>\n<!-- \/ Yoast SEO Premium plugin. -->","yoast_head_json":{"title":"Traslado para Piedras Blancas - Aproveite a neve de forma pr\u00e1tica e descomplicada - Passeios em Bariloche | Neve, aventura e natureza na Argentina","description":"Traslado de Bariloche a Piedras Blancas. Transporte organizado para desfrutar de neve, tren\u00f3s e paisagens, ideal para turistas brasileiros.","robots":{"index":"index","follow":"follow","max-snippet":"max-snippet:-1","max-image-preview":"max-image-preview:large","max-video-preview":"max-video-preview:-1"},"canonical":"https:\/\/passeiosbariloche.com\/pt\/product\/traslado-para-o-cerro-piedras-blancas\/","og_locale":"pt_BR","og_type":"article","og_title":"Traslado a Piedras Blancas \u2013 Disfrut\u00e1 la nieve de forma pr\u00e1ctica y sin complicaciones","og_description":"Traslado desde Bariloche a Piedras Blancas. Transporte organizado para disfrutar nieve, trineos y paisajes, ideal para turistas brasile\u00f1os.","og_url":"https:\/\/passeiosbariloche.com\/pt\/product\/traslado-para-o-cerro-piedras-blancas\/","og_site_name":"Passeios em Bariloche | Neve, aventura e natureza na Argentina","article_modified_time":"2026-04-13T12:35:24+00:00","og_image":[{"width":1920,"height":2560,"url":"https:\/\/passeiosbariloche.com\/wp-content\/uploads\/2025\/03\/8-B-photoFDHFD1jpg-scaled.jpg","type":"image\/jpeg"}],"twitter_card":"summary_large_image","twitter_misc":{"Pre\u00e7o":"&#36;&nbsp;31.200,00","Disponibilidade":"Em Estoque"},"schema":{"@context":"https:\/\/schema.org","@graph":[{"@type":["WebPage","ItemPage"],"@id":"https:\/\/passeiosbariloche.com\/product\/traslado-al-cerro-piedras-blancas\/","url":"https:\/\/passeiosbariloche.com\/product\/traslado-al-cerro-piedras-blancas\/","name":"Traslado para Piedras Blancas - Aproveite a neve de forma pr\u00e1tica e descomplicada - Passeios em Bariloche | Neve, aventura e natureza na Argentina","isPartOf":{"@id":"https:\/\/passeiosbariloche.com\/#website"},"primaryImageOfPage":{"@id":"https:\/\/passeiosbariloche.com\/product\/traslado-al-cerro-piedras-blancas\/#primaryimage"},"image":{"@id":"https:\/\/passeiosbariloche.com\/product\/traslado-al-cerro-piedras-blancas\/#primaryimage"},"thumbnailUrl":"https:\/\/passeiosbariloche.com\/wp-content\/uploads\/2025\/03\/8-B-photoFDHFD1jpg-scaled.jpg","datePublished":"2025-03-20T23:09:20+00:00","dateModified":"2026-04-13T12:35:24+00:00","description":"Traslado de Bariloche a Piedras Blancas. Transporte organizado para desfrutar de neve, tren\u00f3s e paisagens, ideal para turistas brasileiros.","breadcrumb":{"@id":"https:\/\/passeiosbariloche.com\/product\/traslado-al-cerro-piedras-blancas\/#breadcrumb"},"inLanguage":"pt-BR","potentialAction":[{"@type":"ReadAction","target":["https:\/\/passeiosbariloche.com\/product\/traslado-al-cerro-piedras-blancas\/"]}]},{"@type":"ImageObject","inLanguage":"pt-BR","@id":"https:\/\/passeiosbariloche.com\/product\/traslado-al-cerro-piedras-blancas\/#primaryimage","url":"https:\/\/passeiosbariloche.com\/wp-content\/uploads\/2025\/03\/8-B-photoFDHFD1jpg-scaled.jpg","contentUrl":"https:\/\/passeiosbariloche.com\/wp-content\/uploads\/2025\/03\/8-B-photoFDHFD1jpg-scaled.jpg","width":1920,"height":2560},{"@type":"BreadcrumbList","@id":"https:\/\/passeiosbariloche.com\/product\/traslado-al-cerro-piedras-blancas\/#breadcrumb","itemListElement":[{"@type":"ListItem","position":1,"name":"Home","item":"https:\/\/passeiosbariloche.com\/"},{"@type":"ListItem","position":2,"name":"Lista de excursiones","item":"https:\/\/passeiosbariloche.com\/shop\/"},{"@type":"ListItem","position":3,"name":"Traslado a Piedras Blancas \u2013 Disfrut\u00e1 la nieve de forma pr\u00e1ctica y sin complicaciones"}]},{"@type":"WebSite","@id":"https:\/\/passeiosbariloche.com\/#website","url":"https:\/\/passeiosbariloche.com\/","name":"Passeios em Bariloche | Aventura e natureza na Argentina","description":"Planeje sua viagem a Bariloche com as melhores viagens! Atividades na neve, aventura e paisagens deslumbrantes na Patag\u00f4nia.","potentialAction":[{"@type":"SearchAction","target":{"@type":"EntryPoint","urlTemplate":"https:\/\/passeiosbariloche.com\/?s={search_term_string}"},"query-input":{"@type":"PropertyValueSpecification","valueRequired":true,"valueName":"search_term_string"}}],"inLanguage":"pt-BR"}]},"product_price_amount":"31200.00","product_price_currency":"ARS","og_availability":"instock","product_availability":"instock","product_retailer_item_id":"ADV2025TRALCE1K3T","product_condition":"new"},"_links":{"self":[{"href":"https:\/\/passeiosbariloche.com\/pt\/wp-json\/wp\/v2\/product\/65748","targetHints":{"allow":["GET"]}}],"collection":[{"href":"https:\/\/passeiosbariloche.com\/pt\/wp-json\/wp\/v2\/product"}],"about":[{"href":"https:\/\/passeiosbariloche.com\/pt\/wp-json\/wp\/v2\/types\/product"}],"replies":[{"embeddable":true,"href":"https:\/\/passeiosbariloche.com\/pt\/wp-json\/wp\/v2\/comments?post=65748"}],"version-history":[{"count":7,"href":"https:\/\/passeiosbariloche.com\/pt\/wp-json\/wp\/v2\/product\/65748\/revisions"}],"predecessor-version":[{"id":84465,"href":"https:\/\/passeiosbariloche.com\/pt\/wp-json\/wp\/v2\/product\/65748\/revisions\/84465"}],"wp:featuredmedia":[{"embeddable":true,"href":"https:\/\/passeiosbariloche.com\/pt\/wp-json\/wp\/v2\/media\/66658"}],"wp:attachment":[{"href":"https:\/\/passeiosbariloche.com\/pt\/wp-json\/wp\/v2\/media?parent=65748"}],"wp:term":[{"taxonomy":"product_brand","embeddable":true,"href":"https:\/\/passeiosbariloche.com\/pt\/wp-json\/wp\/v2\/product_brand?post=65748"},{"taxonomy":"product_cat","embeddable":true,"href":"https:\/\/passeiosbariloche.com\/pt\/wp-json\/wp\/v2\/product_cat?post=65748"},{"taxonomy":"product_tag","embeddable":true,"href":"https:\/\/passeiosbariloche.com\/pt\/wp-json\/wp\/v2\/product_tag?post=65748"}],"curies":[{"name":"wp","href":"https:\/\/api.w.org\/{rel}","templated":true}]}}