{"id":65756,"date":"2025-03-20T20:11:08","date_gmt":"2025-03-20T23:11:08","guid":{"rendered":"https:\/\/passeiosbariloche.com\/?post_type=product&#038;p=65756"},"modified":"2026-04-09T09:16:45","modified_gmt":"2026-04-09T12:16:45","slug":"caminata-laguna-congelada-refugio-neumeyer-bariloche","status":"publish","type":"product","link":"https:\/\/passeiosbariloche.com\/pt\/product\/caminhada-ate-a-lagoa-congelada-de-neumeyer\/","title":{"rendered":"Caminhada at\u00e9 a Frozen Lagoon: uma experi\u00eancia de inverno da qual o senhor se lembrar\u00e1 para sempre."},"content":{"rendered":"<h3 data-start=\"478\" data-end=\"576\"><strong data-start=\"482\" data-end=\"576\">Neve, paisagens m\u00e1gicas e momentos \u00fanicos em um dos lugares mais bonitos da Patag\u00f4nia.<\/strong><\/h3>\n<p data-start=\"578\" data-end=\"837\">Imagine uma floresta nevada, uma trilha branca que se abre entre \u00e1rvores antigas e uma lagoa completamente congelada cercada de sil\u00eancio. \u00c9 assim que come\u00e7a essa aventura, projetada para quem quer conhecer a neve de verdade, sem pressa e com tudo bem organizado.<\/p>\n<p data-start=\"839\" data-end=\"1186\">Dos pontos de encontro pr\u00f3ximos \u00e0 sua acomoda\u00e7\u00e3o, localizados entre o centro de Bariloche e o km 8 da Avenida Bustillo ou Pioneros, partiremos em ve\u00edculos at\u00e9 o Ref\u00fagio Neumeyer. L\u00e1, os guias o preparar\u00e3o para uma caminhada com raquetes de neve por uma trilha coberta de neve, ideal para tirar fotos, respirar ar puro e se maravilhar com a paisagem.<\/p>\n<p data-start=\"1188\" data-end=\"1516\">No <strong data-start=\"1194\" data-end=\"1214\">lagoa congelada<\/strong>O senhor desfrutar\u00e1 de um ch\u00e1 quente com um doce regional. \u00c9 um momento especial: um descanso em frente a uma paisagem que parece de filme. Depois voltamos ao ref\u00fagio para um almo\u00e7o completo e a divers\u00e3o continua com culipatinas na neve. Tudo em um ambiente seguro e aconchegante, perfeito para compartilhar.<\/p>\n<p data-start=\"1518\" data-end=\"1766\">O senhor pode escolher entre dois turnos: das 9h \u00e0s 16h ou das 11h \u00e0s 18h. O passeio inclui traslados dos pontos de encontro, guia especializado, equipamento de raquetes de neve, bebidas e almo\u00e7o. As roupas para neve e as bebidas durante o almo\u00e7o n\u00e3o est\u00e3o inclu\u00eddas.<\/p>\n<h3 data-start=\"1773\" data-end=\"1801\"><strong data-start=\"1777\" data-end=\"1801\">Perguntas frequentes<\/strong><\/h3>\n<p data-start=\"1803\" data-end=\"1963\"><strong data-start=\"1803\" data-end=\"1849\">A excurs\u00e3o \u00e9 fisicamente exigente?<\/strong><br data-start=\"1849\" data-end=\"1852\" \/>N\u00e3o. \u00c9 uma caminhada f\u00e1cil, ideal para qualquer pessoa com boa sa\u00fade, sem necessidade de experi\u00eancia pr\u00e9via.<\/p>\n<p data-start=\"1965\" data-end=\"2123\"><strong data-start=\"1965\" data-end=\"1986\">O que devo levar?<\/strong><br data-start=\"1986\" data-end=\"1989\" \/>Roupas quentes, cal\u00e7ados imperme\u00e1veis, luvas, chap\u00e9u e, se poss\u00edvel, roupas para neve. N\u00f3s fornecemos o equipamento para a pr\u00e1tica de snowshoeing.<\/p>\n<p data-start=\"2125\" data-end=\"2251\"><strong data-start=\"2125\" data-end=\"2153\">Em que hor\u00e1rio isso acontece?<\/strong><br data-start=\"2153\" data-end=\"2156\" \/>O senhor pode escolher entre manh\u00e3 (9:00 \u00e0s 16:00) ou tarde (11:00 \u00e0s 18:00), o que for mais adequado.<\/p>\n<p data-start=\"2253\" data-end=\"2391\"><strong data-start=\"2253\" data-end=\"2285\">O que acontece se chover ou nevar?<\/strong><br data-start=\"2285\" data-end=\"2288\" \/>O passeio \u00e9 feito de qualquer maneira, desde que seja seguro. Em caso de mau tempo extremo, \u00e9 poss\u00edvel reagendar o passeio.<\/p>","protected":false},"excerpt":{"rendered":"<p>Experimente uma aventura \u00fanica na Patag\u00f4nia com nossa excurs\u00e3o de Bariloche ao Ref\u00fagio Neumeyer. Participe de uma caminhada guiada pela harmonia das florestas nevadas, maravilhe-se com a lagoa congelada e desfrute de um almo\u00e7o completo. Um plano imbat\u00edvel para aqueles que anseiam por aventura, conforto e fus\u00e3o com a natureza.<\/p>","protected":false},"featured_media":66633,"comment_status":"open","ping_status":"closed","template":"","meta":[],"product_brand":[],"product_cat":[105,124,131,115,106,118,108,127],"product_tag":[],"class_list":{"0":"post-65756","1":"product","2":"type-product","3":"status-publish","4":"has-post-thumbnail","6":"product_cat-adultos","7":"product_cat-aventura","8":"product_cat-con-comida","9":"product_cat-con-traslado","10":"product_cat-familia","11":"product_cat-invierno","12":"product_cat-ninos","13":"product_cat-terrestre","15":"first","16":"instock","17":"virtual","18":"sold-individually","19":"purchasable","20":"product-type-booking"},"booking_location":"","booking_location_type":"","booking_duration":1,"booking_duration_unit":"hour","booking_buffer":0,"booking_cost":0,"booking_resources":[],"exclude_global_add_ons":false,"addons":[{"name":"ADU : Adulto","type":"input_multiplier","position":0,"required":false,"title_format":"label","default":"","description_enable":false,"description":"","placeholder_enable":false,"placeholder":"","display":"select","restrictions_type":"any_text","adjust_price":true,"price":"264000","price_type":"quantity_based","restrictions":false,"min":"0","max":"0","options":[],"id":1775564997},{"name":"MEN412 | De 4 a 12","type":"input_multiplier","position":1,"required":false,"title_format":"label","default":"","description_enable":false,"description":"","placeholder_enable":false,"placeholder":"","display":"select","restrictions_type":"any_text","adjust_price":true,"price":"222000","price_type":"quantity_based","restrictions":false,"min":"0","max":"0","options":[],"id":1775564998},{"name":"INF04 | De 0 a 4","type":"input_multiplier","position":2,"required":false,"title_format":"label","default":"","description_enable":false,"description":"","placeholder_enable":false,"placeholder":"","display":"select","restrictions_type":"any_text","adjust_price":true,"price":"","price_type":"quantity_based","restrictions":false,"min":"0","max":"0","options":[],"id":1775564999}],"yoast_head":"<!-- This site is optimized with the Yoast SEO Premium plugin v24.5 (Yoast SEO v24.8) - https:\/\/yoast.com\/wordpress\/plugins\/seo\/ -->\n<title>Caminata a la Laguna Congelada en Refugio Neumeyer - Passeios em Bariloche | Neve, aventura e natureza na Argentina<\/title>\n<meta name=\"description\" content=\"Caminata a la Laguna Congelada con raquetas, almuerzo en refugio y diversi\u00f3n en la nieve. Ideal para turistas brasile\u00f1os.\" \/>\n<meta name=\"robots\" content=\"index, follow, max-snippet:-1, max-image-preview:large, max-video-preview:-1\" \/>\n<link rel=\"canonical\" href=\"https:\/\/passeiosbariloche.com\/pt\/product\/caminhada-ate-a-lagoa-congelada-de-neumeyer\/\" \/>\n<meta property=\"og:locale\" content=\"pt_BR\" \/>\n<meta property=\"og:type\" content=\"article\" \/>\n<meta property=\"og:title\" content=\"Caminata a la Laguna Congelada: una experiencia invernal que vas a recordar para siempre\" \/>\n<meta property=\"og:description\" content=\"Caminata a la Laguna Congelada con raquetas, almuerzo en refugio y diversi\u00f3n en la nieve. Ideal para turistas brasile\u00f1os.\" \/>\n<meta property=\"og:url\" content=\"https:\/\/passeiosbariloche.com\/pt\/product\/caminhada-ate-a-lagoa-congelada-de-neumeyer\/\" \/>\n<meta property=\"og:site_name\" content=\"Passeios em Bariloche | Neve, aventura e natureza na Argentina\" \/>\n<meta property=\"article:modified_time\" content=\"2026-04-09T12:16:45+00:00\" \/>\n<meta property=\"og:image\" content=\"https:\/\/passeiosbariloche.com\/wp-content\/uploads\/2025\/03\/8-C-CaminataalalagunacongeladaNeumeyer_image1_1140_1605366746-copia-scaled.jpg\" \/>\n\t<meta property=\"og:image:width\" content=\"1920\" \/>\n\t<meta property=\"og:image:height\" content=\"2560\" \/>\n\t<meta property=\"og:image:type\" content=\"image\/jpeg\" \/>\n<meta name=\"twitter:card\" content=\"summary_large_image\" \/>\n<meta name=\"twitter:label1\" content=\"Pre\u00e7o\" \/>\n\t<meta name=\"twitter:data1\" content=\"&#036;&nbsp;253.000,00\" \/>\n\t<meta name=\"twitter:label2\" content=\"Disponibilidade\" \/>\n\t<meta name=\"twitter:data2\" content=\"Em Estoque\" \/>\n<script type=\"application\/ld+json\" class=\"yoast-schema-graph\">{\"@context\":\"https:\/\/schema.org\",\"@graph\":[{\"@type\":[\"WebPage\",\"ItemPage\"],\"@id\":\"https:\/\/passeiosbariloche.com\/product\/caminata-laguna-congelada-refugio-neumeyer-bariloche\/\",\"url\":\"https:\/\/passeiosbariloche.com\/product\/caminata-laguna-congelada-refugio-neumeyer-bariloche\/\",\"name\":\"Caminata a la Laguna Congelada en Refugio Neumeyer - Passeios em Bariloche | Neve, aventura e natureza na Argentina\",\"isPartOf\":{\"@id\":\"https:\/\/passeiosbariloche.com\/#website\"},\"primaryImageOfPage\":{\"@id\":\"https:\/\/passeiosbariloche.com\/product\/caminata-laguna-congelada-refugio-neumeyer-bariloche\/#primaryimage\"},\"image\":{\"@id\":\"https:\/\/passeiosbariloche.com\/product\/caminata-laguna-congelada-refugio-neumeyer-bariloche\/#primaryimage\"},\"thumbnailUrl\":\"https:\/\/passeiosbariloche.com\/wp-content\/uploads\/2025\/03\/8-C-CaminataalalagunacongeladaNeumeyer_image1_1140_1605366746-copia-scaled.jpg\",\"datePublished\":\"2025-03-20T23:11:08+00:00\",\"dateModified\":\"2026-04-09T12:16:45+00:00\",\"description\":\"Caminata a la Laguna Congelada con raquetas, almuerzo en refugio y diversi\u00f3n en la nieve. Ideal para turistas brasile\u00f1os.\",\"breadcrumb\":{\"@id\":\"https:\/\/passeiosbariloche.com\/product\/caminata-laguna-congelada-refugio-neumeyer-bariloche\/#breadcrumb\"},\"inLanguage\":\"pt-BR\",\"potentialAction\":[{\"@type\":\"ReadAction\",\"target\":[\"https:\/\/passeiosbariloche.com\/product\/caminata-laguna-congelada-refugio-neumeyer-bariloche\/\"]}]},{\"@type\":\"ImageObject\",\"inLanguage\":\"pt-BR\",\"@id\":\"https:\/\/passeiosbariloche.com\/product\/caminata-laguna-congelada-refugio-neumeyer-bariloche\/#primaryimage\",\"url\":\"https:\/\/passeiosbariloche.com\/wp-content\/uploads\/2025\/03\/8-C-CaminataalalagunacongeladaNeumeyer_image1_1140_1605366746-copia-scaled.jpg\",\"contentUrl\":\"https:\/\/passeiosbariloche.com\/wp-content\/uploads\/2025\/03\/8-C-CaminataalalagunacongeladaNeumeyer_image1_1140_1605366746-copia-scaled.jpg\",\"width\":1920,\"height\":2560},{\"@type\":\"BreadcrumbList\",\"@id\":\"https:\/\/passeiosbariloche.com\/product\/caminata-laguna-congelada-refugio-neumeyer-bariloche\/#breadcrumb\",\"itemListElement\":[{\"@type\":\"ListItem\",\"position\":1,\"name\":\"Home\",\"item\":\"https:\/\/passeiosbariloche.com\/\"},{\"@type\":\"ListItem\",\"position\":2,\"name\":\"Lista de excursiones\",\"item\":\"https:\/\/passeiosbariloche.com\/shop\/\"},{\"@type\":\"ListItem\",\"position\":3,\"name\":\"Caminata a la Laguna Congelada: una experiencia invernal que vas a recordar para siempre\"}]},{\"@type\":\"WebSite\",\"@id\":\"https:\/\/passeiosbariloche.com\/#website\",\"url\":\"https:\/\/passeiosbariloche.com\/\",\"name\":\"Passeios em Bariloche | Aventura e natureza na Argentina\",\"description\":\"Planeje sua viagem para Bariloche com os melhores passeios! Atividades na neve, aventura e paisagens deslumbrantes na Patag\u00f4nia.\",\"potentialAction\":[{\"@type\":\"SearchAction\",\"target\":{\"@type\":\"EntryPoint\",\"urlTemplate\":\"https:\/\/passeiosbariloche.com\/?s={search_term_string}\"},\"query-input\":{\"@type\":\"PropertyValueSpecification\",\"valueRequired\":true,\"valueName\":\"search_term_string\"}}],\"inLanguage\":\"pt-BR\"}]}<\/script>\n<meta property=\"product:price:amount\" content=\"253000.00\" \/>\n<meta property=\"product:price:currency\" content=\"ARS\" \/>\n<meta property=\"og:availability\" content=\"instock\" \/>\n<meta property=\"product:availability\" content=\"instock\" \/>\n<meta property=\"product:retailer_item_id\" content=\"ADV2025CAALALE5DM\" \/>\n<meta property=\"product:condition\" content=\"new\" \/>\n<!-- \/ Yoast SEO Premium plugin. -->","yoast_head_json":{"title":"Caminhada at\u00e9 a Lagoa Gelada no Ref\u00fagio Neumeyer - Passeios em Bariloche | Neve, aventura e natureza na Argentina","description":"Caminhada at\u00e9 a Frozen Lagoon com raquetes de neve, almo\u00e7o no ref\u00fagio e divers\u00e3o na neve. Ideal para turistas brasileiros.","robots":{"index":"index","follow":"follow","max-snippet":"max-snippet:-1","max-image-preview":"max-image-preview:large","max-video-preview":"max-video-preview:-1"},"canonical":"https:\/\/passeiosbariloche.com\/pt\/product\/caminhada-ate-a-lagoa-congelada-de-neumeyer\/","og_locale":"pt_BR","og_type":"article","og_title":"Caminata a la Laguna Congelada: una experiencia invernal que vas a recordar para siempre","og_description":"Caminata a la Laguna Congelada con raquetas, almuerzo en refugio y diversi\u00f3n en la nieve. Ideal para turistas brasile\u00f1os.","og_url":"https:\/\/passeiosbariloche.com\/pt\/product\/caminhada-ate-a-lagoa-congelada-de-neumeyer\/","og_site_name":"Passeios em Bariloche | Neve, aventura e natureza na Argentina","article_modified_time":"2026-04-09T12:16:45+00:00","og_image":[{"width":1920,"height":2560,"url":"https:\/\/passeiosbariloche.com\/wp-content\/uploads\/2025\/03\/8-C-CaminataalalagunacongeladaNeumeyer_image1_1140_1605366746-copia-scaled.jpg","type":"image\/jpeg"}],"twitter_card":"summary_large_image","twitter_misc":{"Pre\u00e7o":"&#36;&nbsp;253.000,00","Disponibilidade":"Em Estoque"},"schema":{"@context":"https:\/\/schema.org","@graph":[{"@type":["WebPage","ItemPage"],"@id":"https:\/\/passeiosbariloche.com\/product\/caminata-laguna-congelada-refugio-neumeyer-bariloche\/","url":"https:\/\/passeiosbariloche.com\/product\/caminata-laguna-congelada-refugio-neumeyer-bariloche\/","name":"Caminhada at\u00e9 a Lagoa Gelada no Ref\u00fagio Neumeyer - Passeios em Bariloche | Neve, aventura e natureza na Argentina","isPartOf":{"@id":"https:\/\/passeiosbariloche.com\/#website"},"primaryImageOfPage":{"@id":"https:\/\/passeiosbariloche.com\/product\/caminata-laguna-congelada-refugio-neumeyer-bariloche\/#primaryimage"},"image":{"@id":"https:\/\/passeiosbariloche.com\/product\/caminata-laguna-congelada-refugio-neumeyer-bariloche\/#primaryimage"},"thumbnailUrl":"https:\/\/passeiosbariloche.com\/wp-content\/uploads\/2025\/03\/8-C-CaminataalalagunacongeladaNeumeyer_image1_1140_1605366746-copia-scaled.jpg","datePublished":"2025-03-20T23:11:08+00:00","dateModified":"2026-04-09T12:16:45+00:00","description":"Caminhada at\u00e9 a Frozen Lagoon com raquetes de neve, almo\u00e7o no ref\u00fagio e divers\u00e3o na neve. Ideal para turistas brasileiros.","breadcrumb":{"@id":"https:\/\/passeiosbariloche.com\/product\/caminata-laguna-congelada-refugio-neumeyer-bariloche\/#breadcrumb"},"inLanguage":"pt-BR","potentialAction":[{"@type":"ReadAction","target":["https:\/\/passeiosbariloche.com\/product\/caminata-laguna-congelada-refugio-neumeyer-bariloche\/"]}]},{"@type":"ImageObject","inLanguage":"pt-BR","@id":"https:\/\/passeiosbariloche.com\/product\/caminata-laguna-congelada-refugio-neumeyer-bariloche\/#primaryimage","url":"https:\/\/passeiosbariloche.com\/wp-content\/uploads\/2025\/03\/8-C-CaminataalalagunacongeladaNeumeyer_image1_1140_1605366746-copia-scaled.jpg","contentUrl":"https:\/\/passeiosbariloche.com\/wp-content\/uploads\/2025\/03\/8-C-CaminataalalagunacongeladaNeumeyer_image1_1140_1605366746-copia-scaled.jpg","width":1920,"height":2560},{"@type":"BreadcrumbList","@id":"https:\/\/passeiosbariloche.com\/product\/caminata-laguna-congelada-refugio-neumeyer-bariloche\/#breadcrumb","itemListElement":[{"@type":"ListItem","position":1,"name":"Home","item":"https:\/\/passeiosbariloche.com\/"},{"@type":"ListItem","position":2,"name":"Lista de excursiones","item":"https:\/\/passeiosbariloche.com\/shop\/"},{"@type":"ListItem","position":3,"name":"Caminata a la Laguna Congelada: una experiencia invernal que vas a recordar para siempre"}]},{"@type":"WebSite","@id":"https:\/\/passeiosbariloche.com\/#website","url":"https:\/\/passeiosbariloche.com\/","name":"Passeios em Bariloche | Aventura e natureza na Argentina","description":"Planeje sua viagem a Bariloche com as melhores viagens! Atividades na neve, aventura e paisagens deslumbrantes na Patag\u00f4nia.","potentialAction":[{"@type":"SearchAction","target":{"@type":"EntryPoint","urlTemplate":"https:\/\/passeiosbariloche.com\/?s={search_term_string}"},"query-input":{"@type":"PropertyValueSpecification","valueRequired":true,"valueName":"search_term_string"}}],"inLanguage":"pt-BR"}]},"product_price_amount":"253000.00","product_price_currency":"ARS","og_availability":"instock","product_availability":"instock","product_retailer_item_id":"ADV2025CAALALE5DM","product_condition":"new"},"_links":{"self":[{"href":"https:\/\/passeiosbariloche.com\/pt\/wp-json\/wp\/v2\/product\/65756","targetHints":{"allow":["GET"]}}],"collection":[{"href":"https:\/\/passeiosbariloche.com\/pt\/wp-json\/wp\/v2\/product"}],"about":[{"href":"https:\/\/passeiosbariloche.com\/pt\/wp-json\/wp\/v2\/types\/product"}],"replies":[{"embeddable":true,"href":"https:\/\/passeiosbariloche.com\/pt\/wp-json\/wp\/v2\/comments?post=65756"}],"version-history":[{"count":6,"href":"https:\/\/passeiosbariloche.com\/pt\/wp-json\/wp\/v2\/product\/65756\/revisions"}],"predecessor-version":[{"id":84448,"href":"https:\/\/passeiosbariloche.com\/pt\/wp-json\/wp\/v2\/product\/65756\/revisions\/84448"}],"wp:featuredmedia":[{"embeddable":true,"href":"https:\/\/passeiosbariloche.com\/pt\/wp-json\/wp\/v2\/media\/66633"}],"wp:attachment":[{"href":"https:\/\/passeiosbariloche.com\/pt\/wp-json\/wp\/v2\/media?parent=65756"}],"wp:term":[{"taxonomy":"product_brand","embeddable":true,"href":"https:\/\/passeiosbariloche.com\/pt\/wp-json\/wp\/v2\/product_brand?post=65756"},{"taxonomy":"product_cat","embeddable":true,"href":"https:\/\/passeiosbariloche.com\/pt\/wp-json\/wp\/v2\/product_cat?post=65756"},{"taxonomy":"product_tag","embeddable":true,"href":"https:\/\/passeiosbariloche.com\/pt\/wp-json\/wp\/v2\/product_tag?post=65756"}],"curies":[{"name":"wp","href":"https:\/\/api.w.org\/{rel}","templated":true}]}}