{"id":65757,"date":"2025-03-20T20:11:23","date_gmt":"2025-03-20T23:11:23","guid":{"rendered":"https:\/\/passeiosbariloche.com\/?post_type=product&#038;p=65757"},"modified":"2026-04-13T10:52:07","modified_gmt":"2026-04-13T13:52:07","slug":"clase-bautismo-ski-snowboard-cerro-catedral","status":"publish","type":"product","link":"https:\/\/passeiosbariloche.com\/pt\/product\/aula-de-batismo-esqui-neve-esqui-cerro-catedral\/","title":{"rendered":"Aula de batismo de esqui ou snowboard no Cerro Catedral: seu primeiro encontro com a neve"},"content":{"rendered":"<h3 data-start=\"523\" data-end=\"649\"><strong data-start=\"527\" data-end=\"649\">Um dia inesquec\u00edvel para dar seus primeiros passos na neve, cercado por paisagens m\u00e1gicas e com tudo pronto para o senhor.<\/strong><\/h3>\n<p data-start=\"651\" data-end=\"883\">O senhor sonha em experimentar a neve pela primeira vez? Esta experi\u00eancia o aproxima desse momento de sonho: aprender a esquiar ou praticar snowboard no Cerro Catedral, o resort de montanha mais emblem\u00e1tico de Bariloche e um dos mais importantes da Am\u00e9rica do Sul.<\/p>\n<p data-start=\"885\" data-end=\"1328\">Ideal para quem nunca praticou esportes de inverno, a aula de batismo combina divers\u00e3o, seguran\u00e7a e orienta\u00e7\u00e3o profissional. O passeio inclui traslados de pontos pr\u00f3ximos \u00e0 sua acomoda\u00e7\u00e3o em Bariloche (entre o centro e o km 8 da Av. Bustillo ou Pioneros), equipamento completo e uma aula em grupo de 2 horas ministrada por instrutores especializados. Depois, os senhores ter\u00e3o tempo livre para praticar o que aprenderam com o equipamento j\u00e1 inclu\u00eddo.<\/p>\n<p data-start=\"1330\" data-end=\"1469\">Dispon\u00edvel todos os dias a partir de <strong data-start=\"1365\" data-end=\"1402\">15 de junho a 20 de agosto<\/strong>, das 8:00 \u00e0s 16:00 hs. Idade m\u00ednima recomendada: 12 anos.<\/p>\n<h3 data-start=\"1476\" data-end=\"1492\"><strong data-start=\"1480\" data-end=\"1492\">Ele inclui:<\/strong><\/h3>\n<ul data-start=\"1494\" data-end=\"1717\">\n<li data-start=\"1494\" data-end=\"1556\">\n<p data-start=\"1496\" data-end=\"1556\">Traslados de e para pontos de encontro pr\u00f3ximos.<\/p>\n<\/li>\n<li data-start=\"1557\" data-end=\"1602\">\n<p data-start=\"1559\" data-end=\"1602\">Equipamento completo de esqui ou snowboard.<\/p>\n<\/li>\n<li data-start=\"1603\" data-end=\"1668\">\n<p data-start=\"1605\" data-end=\"1668\">Aula em grupo intensiva de 2 horas com instrutor profissional.<\/p>\n<\/li>\n<li data-start=\"1669\" data-end=\"1717\">\n<p data-start=\"1671\" data-end=\"1717\">Uso do equipamento pelo resto do dia.<\/p>\n<\/li>\n<\/ul>\n<p data-start=\"1719\" data-end=\"1805\"><strong data-start=\"1719\" data-end=\"1734\">N\u00e3o inclu\u00eddo:<\/strong> roupas de neve, refei\u00e7\u00f5es e ingressos para o telef\u00e9rico.<\/p>\n<h3 data-start=\"1812\" data-end=\"1840\"><strong data-start=\"1816\" data-end=\"1840\">Perguntas frequentes<\/strong><\/h3>\n<p data-start=\"1842\" data-end=\"1978\"><strong data-start=\"1842\" data-end=\"1907\">Posso fazer a atividade se nunca tiver esquiado ou praticado snowboard?<\/strong><br data-start=\"1907\" data-end=\"1910\" \/>Sim! Essa experi\u00eancia foi projetada especialmente para iniciantes.<\/p>\n<p data-start=\"1980\" data-end=\"2080\"><strong data-start=\"1980\" data-end=\"2001\">O que devo levar?<\/strong><br data-start=\"2001\" data-end=\"2004\" \/>Roupas para neve ou roupas quentes \u00e0 prova d'\u00e1gua, luvas, chap\u00e9u e \u00f3culos de sol.<\/p>\n<p data-start=\"2082\" data-end=\"2205\"><strong data-start=\"2082\" data-end=\"2130\">Posso continuar esquiando depois da aula?<\/strong><br data-start=\"2130\" data-end=\"2133\" \/>Sim, o equipamento est\u00e1 dispon\u00edvel para o senhor continuar praticando por conta pr\u00f3pria.<\/p>\n<p data-start=\"2207\" data-end=\"2329\"><strong data-start=\"2207\" data-end=\"2254\">Ele inclui a passagem de telef\u00e9rico?<\/strong><br data-start=\"2254\" data-end=\"2257\" \/>N\u00e3o. O passe de telef\u00e9rico pode ser pago separadamente, se o senhor desejar.<\/p>\n<p data-start=\"2207\" data-end=\"2329\"><strong>Aviso importante<\/strong>Este passeio j\u00e1 est\u00e1 dispon\u00edvel para pr\u00e9-reserva. As sa\u00eddas ocorrem de 15 de junho a 20 de agosto, sujeitas ao calend\u00e1rio sazonal.<\/p>\n<p data-start=\"2207\" data-end=\"2329\">","protected":false},"excerpt":{"rendered":"<p>Explore o emocionante mundo do esqui e do snowboard no ic\u00f4nico Cerro Catedral. Com traslados seguros, equipamento completo e aulas em grupo, esta \u00e9 a sua chance de combinar emo\u00e7\u00e3o, exclusividade e conforto a partir de Bariloche.<\/p>","protected":false},"featured_media":66629,"comment_status":"open","ping_status":"closed","template":"","meta":[],"product_brand":[],"product_cat":[105,124,115,106,118,108,132,127],"product_tag":[],"class_list":{"0":"post-65757","1":"product","2":"type-product","3":"status-publish","4":"has-post-thumbnail","6":"product_cat-adultos","7":"product_cat-aventura","8":"product_cat-con-traslado","9":"product_cat-familia","10":"product_cat-invierno","11":"product_cat-ninos","12":"product_cat-sin-comida","13":"product_cat-terrestre","15":"first","16":"instock","17":"virtual","18":"sold-individually","19":"purchasable","20":"product-type-booking"},"booking_location":"","booking_location_type":"","booking_duration":1,"booking_duration_unit":"hour","booking_buffer":0,"booking_cost":0,"booking_resources":[],"exclude_global_add_ons":false,"addons":[{"name":"ADU : Adulto","type":"input_multiplier","position":0,"required":false,"title_format":"label","default":"","description_enable":false,"description":"","placeholder_enable":false,"placeholder":"","display":"select","restrictions_type":"any_text","adjust_price":true,"price":"144000","price_type":"quantity_based","restrictions":false,"min":"0","max":"0","options":[],"id":1775492381}],"yoast_head":"<!-- This site is optimized with the Yoast SEO Premium plugin v24.5 (Yoast SEO v24.8) - https:\/\/yoast.com\/wordpress\/plugins\/seo\/ -->\n<title>Clase Bautismo de Ski o Snowboard en Cerro Catedral - Passeios em Bariloche | Neve, aventura e natureza na Argentina<\/title>\n<meta name=\"description\" content=\"Aprend\u00e9 ski o snowboard en el Cerro Catedral. Incluye clase grupal, equipo completo y traslado. Ideal para principiantes desde 12 a\u00f1os. Viv\u00ed la magia.\" \/>\n<meta name=\"robots\" content=\"index, follow, max-snippet:-1, max-image-preview:large, max-video-preview:-1\" \/>\n<link rel=\"canonical\" href=\"https:\/\/passeiosbariloche.com\/pt\/product\/aula-de-batismo-esqui-neve-esqui-cerro-catedral\/\" \/>\n<meta property=\"og:locale\" content=\"pt_BR\" \/>\n<meta property=\"og:type\" content=\"article\" \/>\n<meta property=\"og:title\" content=\"Clase Bautismo de Ski o Snowboard en Cerro Catedral: Tu Primer Encuentro con la Nieve\" \/>\n<meta property=\"og:description\" content=\"Aprend\u00e9 ski o snowboard en el Cerro Catedral. Incluye clase grupal, equipo completo y traslado. Ideal para principiantes desde 12 a\u00f1os. Viv\u00ed la magia.\" \/>\n<meta property=\"og:url\" content=\"https:\/\/passeiosbariloche.com\/pt\/product\/aula-de-batismo-esqui-neve-esqui-cerro-catedral\/\" \/>\n<meta property=\"og:site_name\" content=\"Passeios em Bariloche | Neve, aventura e natureza na Argentina\" \/>\n<meta property=\"article:modified_time\" content=\"2026-04-13T13:52:07+00:00\" \/>\n<meta property=\"og:image\" content=\"https:\/\/passeiosbariloche.com\/wp-content\/uploads\/2025\/03\/8-C-IMG_5943-scaled.jpg\" \/>\n\t<meta property=\"og:image:width\" content=\"1920\" \/>\n\t<meta property=\"og:image:height\" content=\"2560\" \/>\n\t<meta property=\"og:image:type\" content=\"image\/jpeg\" \/>\n<meta name=\"twitter:card\" content=\"summary_large_image\" \/>\n<meta name=\"twitter:label1\" content=\"Pre\u00e7o\" \/>\n\t<meta name=\"twitter:data1\" content=\"&#036;&nbsp;144.000,00\" \/>\n\t<meta name=\"twitter:label2\" content=\"Disponibilidade\" \/>\n\t<meta name=\"twitter:data2\" content=\"Em Estoque\" \/>\n<script type=\"application\/ld+json\" class=\"yoast-schema-graph\">{\"@context\":\"https:\/\/schema.org\",\"@graph\":[{\"@type\":[\"WebPage\",\"ItemPage\"],\"@id\":\"https:\/\/passeiosbariloche.com\/product\/clase-bautismo-ski-snowboard-cerro-catedral\/\",\"url\":\"https:\/\/passeiosbariloche.com\/product\/clase-bautismo-ski-snowboard-cerro-catedral\/\",\"name\":\"Clase Bautismo de Ski o Snowboard en Cerro Catedral - Passeios em Bariloche | Neve, aventura e natureza na Argentina\",\"isPartOf\":{\"@id\":\"https:\/\/passeiosbariloche.com\/#website\"},\"primaryImageOfPage\":{\"@id\":\"https:\/\/passeiosbariloche.com\/product\/clase-bautismo-ski-snowboard-cerro-catedral\/#primaryimage\"},\"image\":{\"@id\":\"https:\/\/passeiosbariloche.com\/product\/clase-bautismo-ski-snowboard-cerro-catedral\/#primaryimage\"},\"thumbnailUrl\":\"https:\/\/passeiosbariloche.com\/wp-content\/uploads\/2025\/03\/8-C-IMG_5943-scaled.jpg\",\"datePublished\":\"2025-03-20T23:11:23+00:00\",\"dateModified\":\"2026-04-13T13:52:07+00:00\",\"description\":\"Aprend\u00e9 ski o snowboard en el Cerro Catedral. Incluye clase grupal, equipo completo y traslado. Ideal para principiantes desde 12 a\u00f1os. Viv\u00ed la magia.\",\"breadcrumb\":{\"@id\":\"https:\/\/passeiosbariloche.com\/product\/clase-bautismo-ski-snowboard-cerro-catedral\/#breadcrumb\"},\"inLanguage\":\"pt-BR\",\"potentialAction\":[{\"@type\":\"ReadAction\",\"target\":[\"https:\/\/passeiosbariloche.com\/product\/clase-bautismo-ski-snowboard-cerro-catedral\/\"]}]},{\"@type\":\"ImageObject\",\"inLanguage\":\"pt-BR\",\"@id\":\"https:\/\/passeiosbariloche.com\/product\/clase-bautismo-ski-snowboard-cerro-catedral\/#primaryimage\",\"url\":\"https:\/\/passeiosbariloche.com\/wp-content\/uploads\/2025\/03\/8-C-IMG_5943-scaled.jpg\",\"contentUrl\":\"https:\/\/passeiosbariloche.com\/wp-content\/uploads\/2025\/03\/8-C-IMG_5943-scaled.jpg\",\"width\":1920,\"height\":2560},{\"@type\":\"BreadcrumbList\",\"@id\":\"https:\/\/passeiosbariloche.com\/product\/clase-bautismo-ski-snowboard-cerro-catedral\/#breadcrumb\",\"itemListElement\":[{\"@type\":\"ListItem\",\"position\":1,\"name\":\"Home\",\"item\":\"https:\/\/passeiosbariloche.com\/\"},{\"@type\":\"ListItem\",\"position\":2,\"name\":\"Lista de excursiones\",\"item\":\"https:\/\/passeiosbariloche.com\/shop\/\"},{\"@type\":\"ListItem\",\"position\":3,\"name\":\"Clase Bautismo de Ski o Snowboard en Cerro Catedral: Tu Primer Encuentro con la Nieve\"}]},{\"@type\":\"WebSite\",\"@id\":\"https:\/\/passeiosbariloche.com\/#website\",\"url\":\"https:\/\/passeiosbariloche.com\/\",\"name\":\"Passeios em Bariloche | Aventura e natureza na Argentina\",\"description\":\"Planeje sua viagem para Bariloche com os melhores passeios! Atividades na neve, aventura e paisagens deslumbrantes na Patag\u00f4nia.\",\"potentialAction\":[{\"@type\":\"SearchAction\",\"target\":{\"@type\":\"EntryPoint\",\"urlTemplate\":\"https:\/\/passeiosbariloche.com\/?s={search_term_string}\"},\"query-input\":{\"@type\":\"PropertyValueSpecification\",\"valueRequired\":true,\"valueName\":\"search_term_string\"}}],\"inLanguage\":\"pt-BR\"}]}<\/script>\n<meta property=\"product:price:amount\" content=\"144000.00\" \/>\n<meta property=\"product:price:currency\" content=\"ARS\" \/>\n<meta property=\"og:availability\" content=\"instock\" \/>\n<meta property=\"product:availability\" content=\"instock\" \/>\n<meta property=\"product:retailer_item_id\" content=\"ADV2025CLBADEBK70\" \/>\n<meta property=\"product:condition\" content=\"new\" \/>\n<!-- \/ Yoast SEO Premium plugin. -->","yoast_head_json":{"title":"Aula de batismo de esqui ou snowboard no Cerro Catedral - Passeios em Bariloche | Neve, aventura e natureza na Argentina","description":"Aprenda a esquiar ou praticar snowboard no Cerro Catedral. Inclui aula em grupo, equipamento completo e traslado. Ideal para iniciantes a partir de 12 anos de idade. Experimente a magia.","robots":{"index":"index","follow":"follow","max-snippet":"max-snippet:-1","max-image-preview":"max-image-preview:large","max-video-preview":"max-video-preview:-1"},"canonical":"https:\/\/passeiosbariloche.com\/pt\/product\/aula-de-batismo-esqui-neve-esqui-cerro-catedral\/","og_locale":"pt_BR","og_type":"article","og_title":"Clase Bautismo de Ski o Snowboard en Cerro Catedral: Tu Primer Encuentro con la Nieve","og_description":"Aprend\u00e9 ski o snowboard en el Cerro Catedral. Incluye clase grupal, equipo completo y traslado. Ideal para principiantes desde 12 a\u00f1os. Viv\u00ed la magia.","og_url":"https:\/\/passeiosbariloche.com\/pt\/product\/aula-de-batismo-esqui-neve-esqui-cerro-catedral\/","og_site_name":"Passeios em Bariloche | Neve, aventura e natureza na Argentina","article_modified_time":"2026-04-13T13:52:07+00:00","og_image":[{"width":1920,"height":2560,"url":"https:\/\/passeiosbariloche.com\/wp-content\/uploads\/2025\/03\/8-C-IMG_5943-scaled.jpg","type":"image\/jpeg"}],"twitter_card":"summary_large_image","twitter_misc":{"Pre\u00e7o":"&#36;&nbsp;144.000,00","Disponibilidade":"Em Estoque"},"schema":{"@context":"https:\/\/schema.org","@graph":[{"@type":["WebPage","ItemPage"],"@id":"https:\/\/passeiosbariloche.com\/product\/clase-bautismo-ski-snowboard-cerro-catedral\/","url":"https:\/\/passeiosbariloche.com\/product\/clase-bautismo-ski-snowboard-cerro-catedral\/","name":"Aula de batismo de esqui ou snowboard no Cerro Catedral - Passeios em Bariloche | Neve, aventura e natureza na Argentina","isPartOf":{"@id":"https:\/\/passeiosbariloche.com\/#website"},"primaryImageOfPage":{"@id":"https:\/\/passeiosbariloche.com\/product\/clase-bautismo-ski-snowboard-cerro-catedral\/#primaryimage"},"image":{"@id":"https:\/\/passeiosbariloche.com\/product\/clase-bautismo-ski-snowboard-cerro-catedral\/#primaryimage"},"thumbnailUrl":"https:\/\/passeiosbariloche.com\/wp-content\/uploads\/2025\/03\/8-C-IMG_5943-scaled.jpg","datePublished":"2025-03-20T23:11:23+00:00","dateModified":"2026-04-13T13:52:07+00:00","description":"Aprenda a esquiar ou praticar snowboard no Cerro Catedral. Inclui aula em grupo, equipamento completo e traslado. Ideal para iniciantes a partir de 12 anos de idade. Experimente a magia.","breadcrumb":{"@id":"https:\/\/passeiosbariloche.com\/product\/clase-bautismo-ski-snowboard-cerro-catedral\/#breadcrumb"},"inLanguage":"pt-BR","potentialAction":[{"@type":"ReadAction","target":["https:\/\/passeiosbariloche.com\/product\/clase-bautismo-ski-snowboard-cerro-catedral\/"]}]},{"@type":"ImageObject","inLanguage":"pt-BR","@id":"https:\/\/passeiosbariloche.com\/product\/clase-bautismo-ski-snowboard-cerro-catedral\/#primaryimage","url":"https:\/\/passeiosbariloche.com\/wp-content\/uploads\/2025\/03\/8-C-IMG_5943-scaled.jpg","contentUrl":"https:\/\/passeiosbariloche.com\/wp-content\/uploads\/2025\/03\/8-C-IMG_5943-scaled.jpg","width":1920,"height":2560},{"@type":"BreadcrumbList","@id":"https:\/\/passeiosbariloche.com\/product\/clase-bautismo-ski-snowboard-cerro-catedral\/#breadcrumb","itemListElement":[{"@type":"ListItem","position":1,"name":"Home","item":"https:\/\/passeiosbariloche.com\/"},{"@type":"ListItem","position":2,"name":"Lista de excursiones","item":"https:\/\/passeiosbariloche.com\/shop\/"},{"@type":"ListItem","position":3,"name":"Clase Bautismo de Ski o Snowboard en Cerro Catedral: Tu Primer Encuentro con la Nieve"}]},{"@type":"WebSite","@id":"https:\/\/passeiosbariloche.com\/#website","url":"https:\/\/passeiosbariloche.com\/","name":"Passeios em Bariloche | Aventura e natureza na Argentina","description":"Planeje sua viagem a Bariloche com as melhores viagens! Atividades na neve, aventura e paisagens deslumbrantes na Patag\u00f4nia.","potentialAction":[{"@type":"SearchAction","target":{"@type":"EntryPoint","urlTemplate":"https:\/\/passeiosbariloche.com\/?s={search_term_string}"},"query-input":{"@type":"PropertyValueSpecification","valueRequired":true,"valueName":"search_term_string"}}],"inLanguage":"pt-BR"}]},"product_price_amount":"144000.00","product_price_currency":"ARS","og_availability":"instock","product_availability":"instock","product_retailer_item_id":"ADV2025CLBADEBK70","product_condition":"new"},"_links":{"self":[{"href":"https:\/\/passeiosbariloche.com\/pt\/wp-json\/wp\/v2\/product\/65757","targetHints":{"allow":["GET"]}}],"collection":[{"href":"https:\/\/passeiosbariloche.com\/pt\/wp-json\/wp\/v2\/product"}],"about":[{"href":"https:\/\/passeiosbariloche.com\/pt\/wp-json\/wp\/v2\/types\/product"}],"replies":[{"embeddable":true,"href":"https:\/\/passeiosbariloche.com\/pt\/wp-json\/wp\/v2\/comments?post=65757"}],"version-history":[{"count":9,"href":"https:\/\/passeiosbariloche.com\/pt\/wp-json\/wp\/v2\/product\/65757\/revisions"}],"predecessor-version":[{"id":84481,"href":"https:\/\/passeiosbariloche.com\/pt\/wp-json\/wp\/v2\/product\/65757\/revisions\/84481"}],"wp:featuredmedia":[{"embeddable":true,"href":"https:\/\/passeiosbariloche.com\/pt\/wp-json\/wp\/v2\/media\/66629"}],"wp:attachment":[{"href":"https:\/\/passeiosbariloche.com\/pt\/wp-json\/wp\/v2\/media?parent=65757"}],"wp:term":[{"taxonomy":"product_brand","embeddable":true,"href":"https:\/\/passeiosbariloche.com\/pt\/wp-json\/wp\/v2\/product_brand?post=65757"},{"taxonomy":"product_cat","embeddable":true,"href":"https:\/\/passeiosbariloche.com\/pt\/wp-json\/wp\/v2\/product_cat?post=65757"},{"taxonomy":"product_tag","embeddable":true,"href":"https:\/\/passeiosbariloche.com\/pt\/wp-json\/wp\/v2\/product_tag?post=65757"}],"curies":[{"name":"wp","href":"https:\/\/api.w.org\/{rel}","templated":true}]}}