{"id":65758,"date":"2025-03-20T20:11:41","date_gmt":"2025-03-20T23:11:41","guid":{"rendered":"https:\/\/passeiosbariloche.com\/?post_type=product&#038;p=65758"},"modified":"2026-04-08T16:20:40","modified_gmt":"2026-04-08T19:20:40","slug":"puerto-blest-cascada-cantaros-lago-frias-sin-traslado","status":"publish","type":"product","link":"https:\/\/passeiosbariloche.com\/pt\/product\/puerto-blest-cachoeira-cantaros-lago-frias-sem-traslado\/","title":{"rendered":"Excurs\u00e3o a Puerto Blest e Lago Frias sem traslado"},"content":{"rendered":"<h3 data-start=\"434\" data-end=\"501\">Navegue ao redor de dois lagos patag\u00f4nicos em uma excurs\u00e3o inesquec\u00edvel<\/h3>\n<p data-start=\"502\" data-end=\"897\">Se o senhor j\u00e1 estiver em Bariloche e tiver sua pr\u00f3pria mobilidade ou quiser organizar seu dia com flexibilidade, essa op\u00e7\u00e3o \u00e9 perfeita. O passeio come\u00e7a em <strong data-start=\"649\" data-end=\"660\">9:00 a.m.<\/strong> em <strong data-start=\"664\" data-end=\"682\">Puerto Pa\u00f1uelo<\/strong>localizado no 25\u00ba quil\u00f4metro da Avenida Bustillo. De l\u00e1, o senhor embarcar\u00e1 em um moderno catamar\u00e3 para viajar ao longo da <strong data-start=\"794\" data-end=\"831\">Bra\u00e7o aben\u00e7oado do Lago Nahuel Huapi<\/strong>cercado por montanhas, florestas e paisagens t\u00edpicas da Patag\u00f4nia.<\/p>\n<p data-start=\"899\" data-end=\"1284\">Ent\u00e3o, a partir do <strong data-start=\"912\" data-end=\"928\">Puerto Blest<\/strong>o senhor embarca novamente para cruzar a bela <strong data-start=\"973\" data-end=\"987\">Lago Frias<\/strong>famosa por sua cor verde intensa, produto do derretimento das geleiras no <strong data-start=\"1067\" data-end=\"1085\">Serra do Tronador<\/strong>. Durante o passeio, o senhor tamb\u00e9m ter\u00e1 tempo livre para explorar a \u00e1rea ao redor e fazer a caminhada opcional at\u00e9 o <strong data-start=\"1203\" data-end=\"1227\">Cachoeira Los C\u00e1ntaros<\/strong>por trilhas seguras no meio da floresta tropical de Vald\u00edvia.<\/p>\n<p data-start=\"1286\" data-end=\"1559\">Todo o passeio \u00e9 acompanhado por guias que falam ingl\u00eas. O retorno est\u00e1 programado para <strong data-start=\"1372\" data-end=\"1384\">17:30 hs<\/strong>. \u00c9 uma op\u00e7\u00e3o ideal para quem viaja de carro, se hospeda perto do Llao Llao ou simplesmente prefere uma excurs\u00e3o completa, mas com a liberdade de chegar por conta pr\u00f3pria.<\/p>\n<h3 data-start=\"1566\" data-end=\"1592\">Perguntas frequentes<\/h3>\n<p data-start=\"1593\" data-end=\"1743\"><strong data-start=\"1593\" data-end=\"1638\">Onde fica Puerto Pa\u00f1uelo e como fa\u00e7o para chegar l\u00e1?<\/strong><br data-start=\"1638\" data-end=\"1641\" \/>Fica a 25 km do centro de Bariloche, na Avenida Bustillo. O senhor pode chegar l\u00e1 de carro, t\u00e1xi, remis ou \u00f4nibus.<\/p>\n<p data-start=\"1745\" data-end=\"1878\"><strong data-start=\"1745\" data-end=\"1777\">O que esse passeio inclui?<\/strong><br data-start=\"1777\" data-end=\"1780\" \/>Inclui navega\u00e7\u00e3o at\u00e9 Puerto Blest e Lago Frias, caminhada guiada at\u00e9 a cachoeira e guia em espanhol.<\/p>\n<p data-start=\"1880\" data-end=\"2019\"><strong data-start=\"1880\" data-end=\"1906\">O que n\u00e3o est\u00e1 inclu\u00eddo?<\/strong><br data-start=\"1906\" data-end=\"1909\" \/>N\u00e3o inclui traslado at\u00e9 o porto, taxas de entrada no Parque Nacional, taxa de embarque e alimenta\u00e7\u00e3o.<\/p>\n<p data-start=\"2021\" data-end=\"2178\"><strong data-start=\"2021\" data-end=\"2081\">Essa excurs\u00e3o \u00e9 adequada para fam\u00edlias ou idosos?<\/strong><br data-start=\"2081\" data-end=\"2084\" \/>Sim, \u00e9 um passeio tranquilo e seguro para todas as idades, com op\u00e7\u00f5es acess\u00edveis e flex\u00edveis.<\/p>","protected":false},"excerpt":{"rendered":"<p data-start=\"2423\" data-end=\"2601\">Excurs\u00e3o de Puerto Pa\u00f1uelo sem traslado. Inclui navega\u00e7\u00e3o at\u00e9 Puerto Blest e Lago Frias, caminhada at\u00e9 a cachoeira Los Cantaros e guia. Op\u00e7\u00e3o flex\u00edvel para viajantes do Brasil.<\/p>","protected":false},"featured_media":66623,"comment_status":"open","ping_status":"closed","template":"","meta":[],"product_brand":[],"product_cat":[105,106,107,125,108,132,116,121],"product_tag":[],"class_list":{"0":"post-65758","1":"product","2":"type-product","3":"status-publish","4":"has-post-thumbnail","6":"product_cat-adultos","7":"product_cat-familia","8":"product_cat-jubilados","9":"product_cat-lacustre","10":"product_cat-ninos","11":"product_cat-sin-comida","12":"product_cat-sin-traslado","13":"product_cat-todo-el-ano","15":"first","16":"instock","17":"virtual","18":"sold-individually","19":"purchasable","20":"product-type-booking"},"booking_location":"","booking_location_type":"","booking_duration":60,"booking_duration_unit":"minute","booking_buffer":0,"booking_cost":0,"booking_resources":[],"exclude_global_add_ons":false,"addons":[{"name":"ADU : Adulto","type":"input_multiplier","position":0,"required":false,"title_format":"label","default":"","description_enable":false,"description":"","placeholder_enable":false,"placeholder":"","display":"select","restrictions_type":"any_text","adjust_price":true,"price":"190000","price_type":"quantity_based","restrictions":false,"min":"0","max":"0","options":[],"id":1773233364},{"name":"MEN512 | 5 a 12","type":"input_multiplier","position":1,"required":false,"title_format":"label","default":"","description_enable":false,"description":"","placeholder_enable":false,"placeholder":"","display":"select","restrictions_type":"any_text","adjust_price":true,"price":"97000","price_type":"quantity_based","restrictions":false,"min":"0","max":"0","options":[],"id":1773233365},{"name":"ADUJ : Aposentado","type":"input_multiplier","position":2,"required":false,"title_format":"label","default":"","description_enable":false,"description":"","placeholder_enable":false,"placeholder":"","display":"select","restrictions_type":"any_text","adjust_price":true,"price":"97000","price_type":"quantity_based","restrictions":false,"min":"0","max":"0","options":[],"id":1773233366}],"yoast_head":"<!-- This site is optimized with the Yoast SEO Premium plugin v24.5 (Yoast SEO v24.8) - https:\/\/yoast.com\/wordpress\/plugins\/seo\/ -->\n<title>Excursi\u00f3n a Puerto Blest y Lago Fr\u00edas sin traslado - Passeios em Bariloche | Neve, aventura e natureza na Argentina<\/title>\n<meta name=\"description\" content=\"Excursi\u00f3n a Puerto Blest y Lago Fr\u00edas desde Puerto Pa\u00f1uelo. Dos navegaciones y caminata guiada. Ideal para turistas que llegan por su cuenta.\" \/>\n<meta name=\"robots\" content=\"index, follow, max-snippet:-1, max-image-preview:large, max-video-preview:-1\" \/>\n<link rel=\"canonical\" href=\"https:\/\/passeiosbariloche.com\/pt\/product\/puerto-blest-cachoeira-cantaros-lago-frias-sem-traslado\/\" \/>\n<meta property=\"og:locale\" content=\"pt_BR\" \/>\n<meta property=\"og:type\" content=\"article\" \/>\n<meta property=\"og:title\" content=\"Excursi\u00f3n a Puerto Blest y Lago Fr\u00edas sin traslado\" \/>\n<meta property=\"og:description\" content=\"Excursi\u00f3n a Puerto Blest y Lago Fr\u00edas desde Puerto Pa\u00f1uelo. Dos navegaciones y caminata guiada. Ideal para turistas que llegan por su cuenta.\" \/>\n<meta property=\"og:url\" content=\"https:\/\/passeiosbariloche.com\/pt\/product\/puerto-blest-cachoeira-cantaros-lago-frias-sem-traslado\/\" \/>\n<meta property=\"og:site_name\" content=\"Passeios em Bariloche | Neve, aventura e natureza na Argentina\" \/>\n<meta property=\"article:modified_time\" content=\"2026-04-08T19:20:40+00:00\" \/>\n<meta property=\"og:image\" content=\"https:\/\/passeiosbariloche.com\/wp-content\/uploads\/2025\/03\/1-A-WhatsApp-Image-2023-02-21-at-10.55.35-scaled.jpg\" \/>\n\t<meta property=\"og:image:width\" content=\"1920\" \/>\n\t<meta property=\"og:image:height\" content=\"2560\" \/>\n\t<meta property=\"og:image:type\" content=\"image\/jpeg\" \/>\n<meta name=\"twitter:card\" content=\"summary_large_image\" \/>\n<meta name=\"twitter:label1\" content=\"Pre\u00e7o\" \/>\n\t<meta name=\"twitter:data1\" content=\"&#036;&nbsp;190.000,00\" \/>\n\t<meta name=\"twitter:label2\" content=\"Disponibilidade\" \/>\n\t<meta name=\"twitter:data2\" content=\"Em Estoque\" \/>\n<script type=\"application\/ld+json\" class=\"yoast-schema-graph\">{\"@context\":\"https:\/\/schema.org\",\"@graph\":[{\"@type\":[\"WebPage\",\"ItemPage\"],\"@id\":\"https:\/\/passeiosbariloche.com\/product\/puerto-blest-cascada-cantaros-lago-frias-sin-traslado\/\",\"url\":\"https:\/\/passeiosbariloche.com\/product\/puerto-blest-cascada-cantaros-lago-frias-sin-traslado\/\",\"name\":\"Excursi\u00f3n a Puerto Blest y Lago Fr\u00edas sin traslado - Passeios em Bariloche | Neve, aventura e natureza na Argentina\",\"isPartOf\":{\"@id\":\"https:\/\/passeiosbariloche.com\/#website\"},\"primaryImageOfPage\":{\"@id\":\"https:\/\/passeiosbariloche.com\/product\/puerto-blest-cascada-cantaros-lago-frias-sin-traslado\/#primaryimage\"},\"image\":{\"@id\":\"https:\/\/passeiosbariloche.com\/product\/puerto-blest-cascada-cantaros-lago-frias-sin-traslado\/#primaryimage\"},\"thumbnailUrl\":\"https:\/\/passeiosbariloche.com\/wp-content\/uploads\/2025\/03\/1-A-WhatsApp-Image-2023-02-21-at-10.55.35-scaled.jpg\",\"datePublished\":\"2025-03-20T23:11:41+00:00\",\"dateModified\":\"2026-04-08T19:20:40+00:00\",\"description\":\"Excursi\u00f3n a Puerto Blest y Lago Fr\u00edas desde Puerto Pa\u00f1uelo. Dos navegaciones y caminata guiada. Ideal para turistas que llegan por su cuenta.\",\"breadcrumb\":{\"@id\":\"https:\/\/passeiosbariloche.com\/product\/puerto-blest-cascada-cantaros-lago-frias-sin-traslado\/#breadcrumb\"},\"inLanguage\":\"pt-BR\",\"potentialAction\":[{\"@type\":\"ReadAction\",\"target\":[\"https:\/\/passeiosbariloche.com\/product\/puerto-blest-cascada-cantaros-lago-frias-sin-traslado\/\"]}]},{\"@type\":\"ImageObject\",\"inLanguage\":\"pt-BR\",\"@id\":\"https:\/\/passeiosbariloche.com\/product\/puerto-blest-cascada-cantaros-lago-frias-sin-traslado\/#primaryimage\",\"url\":\"https:\/\/passeiosbariloche.com\/wp-content\/uploads\/2025\/03\/1-A-WhatsApp-Image-2023-02-21-at-10.55.35-scaled.jpg\",\"contentUrl\":\"https:\/\/passeiosbariloche.com\/wp-content\/uploads\/2025\/03\/1-A-WhatsApp-Image-2023-02-21-at-10.55.35-scaled.jpg\",\"width\":1920,\"height\":2560},{\"@type\":\"BreadcrumbList\",\"@id\":\"https:\/\/passeiosbariloche.com\/product\/puerto-blest-cascada-cantaros-lago-frias-sin-traslado\/#breadcrumb\",\"itemListElement\":[{\"@type\":\"ListItem\",\"position\":1,\"name\":\"Home\",\"item\":\"https:\/\/passeiosbariloche.com\/\"},{\"@type\":\"ListItem\",\"position\":2,\"name\":\"Lista de excursiones\",\"item\":\"https:\/\/passeiosbariloche.com\/shop\/\"},{\"@type\":\"ListItem\",\"position\":3,\"name\":\"Excursi\u00f3n a Puerto Blest y Lago Fr\u00edas sin traslado\"}]},{\"@type\":\"WebSite\",\"@id\":\"https:\/\/passeiosbariloche.com\/#website\",\"url\":\"https:\/\/passeiosbariloche.com\/\",\"name\":\"Passeios em Bariloche | Aventura e natureza na Argentina\",\"description\":\"Planeje sua viagem para Bariloche com os melhores passeios! Atividades na neve, aventura e paisagens deslumbrantes na Patag\u00f4nia.\",\"potentialAction\":[{\"@type\":\"SearchAction\",\"target\":{\"@type\":\"EntryPoint\",\"urlTemplate\":\"https:\/\/passeiosbariloche.com\/?s={search_term_string}\"},\"query-input\":{\"@type\":\"PropertyValueSpecification\",\"valueRequired\":true,\"valueName\":\"search_term_string\"}}],\"inLanguage\":\"pt-BR\"}]}<\/script>\n<meta property=\"product:price:amount\" content=\"190000.00\" \/>\n<meta property=\"product:price:currency\" content=\"ARS\" \/>\n<meta property=\"og:availability\" content=\"instock\" \/>\n<meta property=\"product:availability\" content=\"instock\" \/>\n<meta property=\"product:retailer_item_id\" content=\"ADV2025PUBLYC33V7\" \/>\n<meta property=\"product:condition\" content=\"new\" \/>\n<!-- \/ Yoast SEO Premium plugin. -->","yoast_head_json":{"title":"Excurs\u00e3o a Puerto Blest e Lago Frias sem traslado - Passeios em Bariloche | Neve, aventura e natureza na Argentina","description":"Excurs\u00e3o a Puerto Blest e Lago Frias saindo de Puerto Pa\u00f1uelo. Duas navega\u00e7\u00f5es e caminhada guiada. Ideal para turistas que chegam por conta pr\u00f3pria.","robots":{"index":"index","follow":"follow","max-snippet":"max-snippet:-1","max-image-preview":"max-image-preview:large","max-video-preview":"max-video-preview:-1"},"canonical":"https:\/\/passeiosbariloche.com\/pt\/product\/puerto-blest-cachoeira-cantaros-lago-frias-sem-traslado\/","og_locale":"pt_BR","og_type":"article","og_title":"Excursi\u00f3n a Puerto Blest y Lago Fr\u00edas sin traslado","og_description":"Excursi\u00f3n a Puerto Blest y Lago Fr\u00edas desde Puerto Pa\u00f1uelo. Dos navegaciones y caminata guiada. Ideal para turistas que llegan por su cuenta.","og_url":"https:\/\/passeiosbariloche.com\/pt\/product\/puerto-blest-cachoeira-cantaros-lago-frias-sem-traslado\/","og_site_name":"Passeios em Bariloche | Neve, aventura e natureza na Argentina","article_modified_time":"2026-04-08T19:20:40+00:00","og_image":[{"width":1920,"height":2560,"url":"https:\/\/passeiosbariloche.com\/wp-content\/uploads\/2025\/03\/1-A-WhatsApp-Image-2023-02-21-at-10.55.35-scaled.jpg","type":"image\/jpeg"}],"twitter_card":"summary_large_image","twitter_misc":{"Pre\u00e7o":"&#36;&nbsp;190.000,00","Disponibilidade":"Em Estoque"},"schema":{"@context":"https:\/\/schema.org","@graph":[{"@type":["WebPage","ItemPage"],"@id":"https:\/\/passeiosbariloche.com\/product\/puerto-blest-cascada-cantaros-lago-frias-sin-traslado\/","url":"https:\/\/passeiosbariloche.com\/product\/puerto-blest-cascada-cantaros-lago-frias-sin-traslado\/","name":"Excurs\u00e3o a Puerto Blest e Lago Frias sem traslado - Passeios em Bariloche | Neve, aventura e natureza na Argentina","isPartOf":{"@id":"https:\/\/passeiosbariloche.com\/#website"},"primaryImageOfPage":{"@id":"https:\/\/passeiosbariloche.com\/product\/puerto-blest-cascada-cantaros-lago-frias-sin-traslado\/#primaryimage"},"image":{"@id":"https:\/\/passeiosbariloche.com\/product\/puerto-blest-cascada-cantaros-lago-frias-sin-traslado\/#primaryimage"},"thumbnailUrl":"https:\/\/passeiosbariloche.com\/wp-content\/uploads\/2025\/03\/1-A-WhatsApp-Image-2023-02-21-at-10.55.35-scaled.jpg","datePublished":"2025-03-20T23:11:41+00:00","dateModified":"2026-04-08T19:20:40+00:00","description":"Excurs\u00e3o a Puerto Blest e Lago Frias saindo de Puerto Pa\u00f1uelo. Duas navega\u00e7\u00f5es e caminhada guiada. Ideal para turistas que chegam por conta pr\u00f3pria.","breadcrumb":{"@id":"https:\/\/passeiosbariloche.com\/product\/puerto-blest-cascada-cantaros-lago-frias-sin-traslado\/#breadcrumb"},"inLanguage":"pt-BR","potentialAction":[{"@type":"ReadAction","target":["https:\/\/passeiosbariloche.com\/product\/puerto-blest-cascada-cantaros-lago-frias-sin-traslado\/"]}]},{"@type":"ImageObject","inLanguage":"pt-BR","@id":"https:\/\/passeiosbariloche.com\/product\/puerto-blest-cascada-cantaros-lago-frias-sin-traslado\/#primaryimage","url":"https:\/\/passeiosbariloche.com\/wp-content\/uploads\/2025\/03\/1-A-WhatsApp-Image-2023-02-21-at-10.55.35-scaled.jpg","contentUrl":"https:\/\/passeiosbariloche.com\/wp-content\/uploads\/2025\/03\/1-A-WhatsApp-Image-2023-02-21-at-10.55.35-scaled.jpg","width":1920,"height":2560},{"@type":"BreadcrumbList","@id":"https:\/\/passeiosbariloche.com\/product\/puerto-blest-cascada-cantaros-lago-frias-sin-traslado\/#breadcrumb","itemListElement":[{"@type":"ListItem","position":1,"name":"Home","item":"https:\/\/passeiosbariloche.com\/"},{"@type":"ListItem","position":2,"name":"Lista de excursiones","item":"https:\/\/passeiosbariloche.com\/shop\/"},{"@type":"ListItem","position":3,"name":"Excursi\u00f3n a Puerto Blest y Lago Fr\u00edas sin traslado"}]},{"@type":"WebSite","@id":"https:\/\/passeiosbariloche.com\/#website","url":"https:\/\/passeiosbariloche.com\/","name":"Passeios em Bariloche | Aventura e natureza na Argentina","description":"Planeje sua viagem a Bariloche com as melhores viagens! Atividades na neve, aventura e paisagens deslumbrantes na Patag\u00f4nia.","potentialAction":[{"@type":"SearchAction","target":{"@type":"EntryPoint","urlTemplate":"https:\/\/passeiosbariloche.com\/?s={search_term_string}"},"query-input":{"@type":"PropertyValueSpecification","valueRequired":true,"valueName":"search_term_string"}}],"inLanguage":"pt-BR"}]},"product_price_amount":"190000.00","product_price_currency":"ARS","og_availability":"instock","product_availability":"instock","product_retailer_item_id":"ADV2025PUBLYC33V7","product_condition":"new"},"_links":{"self":[{"href":"https:\/\/passeiosbariloche.com\/pt\/wp-json\/wp\/v2\/product\/65758","targetHints":{"allow":["GET"]}}],"collection":[{"href":"https:\/\/passeiosbariloche.com\/pt\/wp-json\/wp\/v2\/product"}],"about":[{"href":"https:\/\/passeiosbariloche.com\/pt\/wp-json\/wp\/v2\/types\/product"}],"replies":[{"embeddable":true,"href":"https:\/\/passeiosbariloche.com\/pt\/wp-json\/wp\/v2\/comments?post=65758"}],"version-history":[{"count":5,"href":"https:\/\/passeiosbariloche.com\/pt\/wp-json\/wp\/v2\/product\/65758\/revisions"}],"predecessor-version":[{"id":84446,"href":"https:\/\/passeiosbariloche.com\/pt\/wp-json\/wp\/v2\/product\/65758\/revisions\/84446"}],"wp:featuredmedia":[{"embeddable":true,"href":"https:\/\/passeiosbariloche.com\/pt\/wp-json\/wp\/v2\/media\/66623"}],"wp:attachment":[{"href":"https:\/\/passeiosbariloche.com\/pt\/wp-json\/wp\/v2\/media?parent=65758"}],"wp:term":[{"taxonomy":"product_brand","embeddable":true,"href":"https:\/\/passeiosbariloche.com\/pt\/wp-json\/wp\/v2\/product_brand?post=65758"},{"taxonomy":"product_cat","embeddable":true,"href":"https:\/\/passeiosbariloche.com\/pt\/wp-json\/wp\/v2\/product_cat?post=65758"},{"taxonomy":"product_tag","embeddable":true,"href":"https:\/\/passeiosbariloche.com\/pt\/wp-json\/wp\/v2\/product_tag?post=65758"}],"curies":[{"name":"wp","href":"https:\/\/api.w.org\/{rel}","templated":true}]}}