{"id":65760,"date":"2025-03-20T20:12:14","date_gmt":"2025-03-20T23:12:14","guid":{"rendered":"https:\/\/passeiosbariloche.com\/?post_type=product&#038;p=65760"},"modified":"2026-04-09T09:16:45","modified_gmt":"2026-04-09T12:16:45","slug":"isla-victoria-bosque-de-arrayanes-sin-traslado","status":"publish","type":"product","link":"https:\/\/passeiosbariloche.com\/pt\/product\/victoria-island-myrtle-forest-sem-realocacao\/","title":{"rendered":"Isla Victoria e Bosque de Arrayanes: beleza natural e aventura com o melhor pre\u00e7o - sem traslado"},"content":{"rendered":"<h3 data-start=\"352\" data-end=\"416\">Uma excurs\u00e3o acess\u00edvel para descobrir o melhor que Bariloche tem a oferecer.<\/h3>\n<p data-start=\"418\" data-end=\"785\">Esta proposta foi criada para aqueles que querem explorar as paisagens \u00fanicas da Patag\u00f4nia sem complica\u00e7\u00f5es. Navegue pelo majestoso Lago Nahuel Huapi, descubra a m\u00e1gica Floresta de Arrayanes e caminhe por trilhas hist\u00f3ricas na Ilha Victoria. Uma experi\u00eancia inesquec\u00edvel, com guia inclu\u00eddo e sem op\u00e7\u00e3o de traslado, ideal para quem chega por conta pr\u00f3pria em Puerto Pa\u00f1uelo.<\/p>\n<h3 data-start=\"792\" data-end=\"832\">Um passeio por dois \u00edcones da Patag\u00f4nia<\/h3>\n<p data-start=\"834\" data-end=\"1103\">O passeio come\u00e7a diretamente em Puerto Pa\u00f1uelo, que pode ser facilmente acessado a partir do centro de Bariloche. Uma vez no p\u00eder, o senhor embarca para o Bosque de Arrayanes, na pen\u00ednsula de Quetrihu\u00e9, famoso por suas \u00e1rvores de casca cor de canela, \u00fanicas no mundo.<\/p>\n<p data-start=\"1105\" data-end=\"1338\">A navega\u00e7\u00e3o continua at\u00e9 a Ilha Victoria, onde os senhores caminhar\u00e3o por trilhas marcadas, visitar\u00e3o a Playa del Toro com suas pinturas rupestres e desfrutar\u00e3o de um ambiente natural deslumbrante. Tudo isso com um guia a bordo e tempo livre para explorar.<\/p>\n<p data-start=\"1340\" data-end=\"1421\">Ideal para quem deseja uma experi\u00eancia completa, bem organizada e econ\u00f4mica.<\/p>\n<h3 data-start=\"1428\" data-end=\"1452\">Informa\u00e7\u00f5es pr\u00e1ticas<\/h3>\n<p data-start=\"1454\" data-end=\"1794\"><strong data-start=\"1454\" data-end=\"1467\">Hor\u00e1rios:<\/strong> Das 13:00 \u00e0s 18:30 hs<br data-start=\"1487\" data-end=\"1490\" \/><strong data-start=\"1490\" data-end=\"1503\">Dura\u00e7\u00e3o:<\/strong> Meio dia<br data-start=\"1513\" data-end=\"1516\" \/><strong data-start=\"1516\" data-end=\"1539\">Ponto de encontro:<\/strong> Puerto Pa\u00f1uelo (Av. Bustillo, km 25)<br data-start=\"1576\" data-end=\"1579\" \/><strong data-start=\"1579\" data-end=\"1591\">Ele inclui:<\/strong> Navega\u00e7\u00e3o no lago Nahuel Huapi, guia durante o passeio, caminhadas na Isla Victoria e no Bosque de Arrayanes.<br data-start=\"1704\" data-end=\"1707\" \/><strong data-start=\"1707\" data-end=\"1722\">N\u00e3o inclu\u00eddo:<\/strong> Traslado ao porto, taxas de embarque e de entrada no parque, refei\u00e7\u00f5es, etc.<\/p>\n<h3 data-start=\"1801\" data-end=\"1825\">Perguntas frequentes<\/h3>\n<p data-start=\"1827\" data-end=\"1965\"><strong data-start=\"1827\" data-end=\"1860\">Como fa\u00e7o para chegar a Puerto Pa\u00f1uelo?<\/strong><br data-start=\"1860\" data-end=\"1863\" \/>O senhor pode chegar l\u00e1 de carro, \u00f4nibus ou \u00f4nibus do centro de Bariloche. \u00c9 uma viagem curta e f\u00e1cil.<\/p>\n<p data-start=\"1967\" data-end=\"2095\"><strong data-start=\"1967\" data-end=\"1989\">H\u00e1 algum custo adicional?<\/strong><br data-start=\"1989\" data-end=\"1992\" \/>Sim, as taxas de embarque e de acesso ao parque devem ser pagas no porto, em dinheiro e em pesos argentinos.<\/p>\n<p data-start=\"2097\" data-end=\"2205\"><strong data-start=\"2097\" data-end=\"2122\">Posso levar comida?<\/strong><br data-start=\"2122\" data-end=\"2125\" \/>Sim, o senhor pode levar seu pr\u00f3prio lanche ou comprar algo a bordo ou nos paradores da ilha.<\/p>\n<p data-start=\"2207\" data-end=\"2318\"><strong data-start=\"2207\" data-end=\"2242\">\u00c9 adequado para todas as idades?<\/strong><br data-start=\"2242\" data-end=\"2245\" \/>Sim, a caminhada \u00e9 ideal para toda a fam\u00edlia e n\u00e3o exige esfor\u00e7o f\u00edsico.<\/p>","protected":false},"excerpt":{"rendered":"<p>Vivencie a ess\u00eancia da Patag\u00f4nia por meio de uma viagem \u00e0 <strong>Ilha Victoria<\/strong> e o <strong>Myrtle Forest<\/strong>. Navegue pelas espl\u00eandidas <strong>Lago Nahuel Huapi<\/strong>Caminhe por trilhas exuberantes e explore pinturas rupestres antigas, em um cen\u00e1rio de espl\u00eandida beleza e exclusividade.<\/p>","protected":false},"featured_media":66616,"comment_status":"open","ping_status":"closed","template":"","meta":[],"product_brand":[],"product_cat":[105,106,107,125,108,132,116,121],"product_tag":[],"class_list":{"0":"post-65760","1":"product","2":"type-product","3":"status-publish","4":"has-post-thumbnail","6":"product_cat-adultos","7":"product_cat-familia","8":"product_cat-jubilados","9":"product_cat-lacustre","10":"product_cat-ninos","11":"product_cat-sin-comida","12":"product_cat-sin-traslado","13":"product_cat-todo-el-ano","15":"first","16":"instock","17":"virtual","18":"sold-individually","19":"purchasable","20":"product-type-booking"},"booking_location":"","booking_location_type":"","booking_duration":60,"booking_duration_unit":"minute","booking_buffer":0,"booking_cost":0,"booking_resources":[],"exclude_global_add_ons":false,"addons":[{"name":"ADU : Adulto","type":"input_multiplier","position":0,"required":false,"title_format":"label","default":"","description_enable":false,"description":"","placeholder_enable":false,"placeholder":"","display":"select","restrictions_type":"any_text","adjust_price":true,"price":"136000","price_type":"quantity_based","restrictions":false,"min":"0","max":"0","options":[],"id":1773233738},{"name":"MEN512 | 5 a 12","type":"input_multiplier","position":1,"required":false,"title_format":"label","default":"","description_enable":false,"description":"","placeholder_enable":false,"placeholder":"","display":"select","restrictions_type":"any_text","adjust_price":true,"price":"70000","price_type":"quantity_based","restrictions":false,"min":"0","max":"0","options":[],"id":1773233739},{"name":"ADUJ : Aposentado","type":"input_multiplier","position":2,"required":false,"title_format":"label","default":"","description_enable":false,"description":"","placeholder_enable":false,"placeholder":"","display":"select","restrictions_type":"any_text","adjust_price":true,"price":"70000","price_type":"quantity_based","restrictions":false,"min":"0","max":"0","options":[],"id":1773233740}],"yoast_head":"<!-- This site is optimized with the Yoast SEO Premium plugin v24.5 (Yoast SEO v24.8) - https:\/\/yoast.com\/wordpress\/plugins\/seo\/ -->\n<title>Isla Victoria y Bosque de Arrayanes | - Passeios em Bariloche | Neve, aventura e natureza na Argentina<\/title>\n<meta name=\"description\" content=\"Excursi\u00f3n econ\u00f3mica a Isla Victoria y Bosque de Arrayanes desde Puerto Pa\u00f1uelo. Navegaci\u00f3n y senderos en la naturaleza. Ideal para venir en familia.\" \/>\n<meta name=\"robots\" content=\"index, follow, max-snippet:-1, max-image-preview:large, max-video-preview:-1\" \/>\n<link rel=\"canonical\" href=\"https:\/\/passeiosbariloche.com\/pt\/product\/victoria-island-myrtle-forest-sem-realocacao\/\" \/>\n<meta property=\"og:locale\" content=\"pt_BR\" \/>\n<meta property=\"og:type\" content=\"article\" \/>\n<meta property=\"og:title\" content=\"Isla Victoria y Bosque de Arrayanes: Belleza Natural y Aventura al Mejor Precio - Sin Traslado\" \/>\n<meta property=\"og:description\" content=\"Excursi\u00f3n econ\u00f3mica a Isla Victoria y Bosque de Arrayanes desde Puerto Pa\u00f1uelo. Navegaci\u00f3n y senderos en la naturaleza. Ideal para venir en familia.\" \/>\n<meta property=\"og:url\" content=\"https:\/\/passeiosbariloche.com\/pt\/product\/victoria-island-myrtle-forest-sem-realocacao\/\" \/>\n<meta property=\"og:site_name\" content=\"Passeios em Bariloche | Neve, aventura e natureza na Argentina\" \/>\n<meta property=\"article:modified_time\" content=\"2026-04-09T12:16:45+00:00\" \/>\n<meta property=\"og:image\" content=\"https:\/\/passeiosbariloche.com\/wp-content\/uploads\/2025\/03\/8-B-IMG_6189-scaled.jpg\" \/>\n\t<meta property=\"og:image:width\" content=\"1920\" \/>\n\t<meta property=\"og:image:height\" content=\"2560\" \/>\n\t<meta property=\"og:image:type\" content=\"image\/jpeg\" \/>\n<meta name=\"twitter:card\" content=\"summary_large_image\" \/>\n<meta name=\"twitter:label1\" content=\"Pre\u00e7o\" \/>\n\t<meta name=\"twitter:data1\" content=\"&#036;&nbsp;163.200,00\" \/>\n\t<meta name=\"twitter:label2\" content=\"Disponibilidade\" \/>\n\t<meta name=\"twitter:data2\" content=\"Em Estoque\" \/>\n<script type=\"application\/ld+json\" class=\"yoast-schema-graph\">{\"@context\":\"https:\/\/schema.org\",\"@graph\":[{\"@type\":[\"WebPage\",\"ItemPage\"],\"@id\":\"https:\/\/passeiosbariloche.com\/product\/isla-victoria-bosque-de-arrayanes-sin-traslado\/\",\"url\":\"https:\/\/passeiosbariloche.com\/product\/isla-victoria-bosque-de-arrayanes-sin-traslado\/\",\"name\":\"Isla Victoria y Bosque de Arrayanes | - Passeios em Bariloche | Neve, aventura e natureza na Argentina\",\"isPartOf\":{\"@id\":\"https:\/\/passeiosbariloche.com\/#website\"},\"primaryImageOfPage\":{\"@id\":\"https:\/\/passeiosbariloche.com\/product\/isla-victoria-bosque-de-arrayanes-sin-traslado\/#primaryimage\"},\"image\":{\"@id\":\"https:\/\/passeiosbariloche.com\/product\/isla-victoria-bosque-de-arrayanes-sin-traslado\/#primaryimage\"},\"thumbnailUrl\":\"https:\/\/passeiosbariloche.com\/wp-content\/uploads\/2025\/03\/8-B-IMG_6189-scaled.jpg\",\"datePublished\":\"2025-03-20T23:12:14+00:00\",\"dateModified\":\"2026-04-09T12:16:45+00:00\",\"description\":\"Excursi\u00f3n econ\u00f3mica a Isla Victoria y Bosque de Arrayanes desde Puerto Pa\u00f1uelo. Navegaci\u00f3n y senderos en la naturaleza. Ideal para venir en familia.\",\"breadcrumb\":{\"@id\":\"https:\/\/passeiosbariloche.com\/product\/isla-victoria-bosque-de-arrayanes-sin-traslado\/#breadcrumb\"},\"inLanguage\":\"pt-BR\",\"potentialAction\":[{\"@type\":\"ReadAction\",\"target\":[\"https:\/\/passeiosbariloche.com\/product\/isla-victoria-bosque-de-arrayanes-sin-traslado\/\"]}]},{\"@type\":\"ImageObject\",\"inLanguage\":\"pt-BR\",\"@id\":\"https:\/\/passeiosbariloche.com\/product\/isla-victoria-bosque-de-arrayanes-sin-traslado\/#primaryimage\",\"url\":\"https:\/\/passeiosbariloche.com\/wp-content\/uploads\/2025\/03\/8-B-IMG_6189-scaled.jpg\",\"contentUrl\":\"https:\/\/passeiosbariloche.com\/wp-content\/uploads\/2025\/03\/8-B-IMG_6189-scaled.jpg\",\"width\":1920,\"height\":2560},{\"@type\":\"BreadcrumbList\",\"@id\":\"https:\/\/passeiosbariloche.com\/product\/isla-victoria-bosque-de-arrayanes-sin-traslado\/#breadcrumb\",\"itemListElement\":[{\"@type\":\"ListItem\",\"position\":1,\"name\":\"Home\",\"item\":\"https:\/\/passeiosbariloche.com\/\"},{\"@type\":\"ListItem\",\"position\":2,\"name\":\"Lista de excursiones\",\"item\":\"https:\/\/passeiosbariloche.com\/shop\/\"},{\"@type\":\"ListItem\",\"position\":3,\"name\":\"Isla Victoria y Bosque de Arrayanes: Belleza Natural y Aventura al Mejor Precio &#8211; Sin Traslado\"}]},{\"@type\":\"WebSite\",\"@id\":\"https:\/\/passeiosbariloche.com\/#website\",\"url\":\"https:\/\/passeiosbariloche.com\/\",\"name\":\"Passeios em Bariloche | Aventura e natureza na Argentina\",\"description\":\"Planeje sua viagem para Bariloche com os melhores passeios! Atividades na neve, aventura e paisagens deslumbrantes na Patag\u00f4nia.\",\"potentialAction\":[{\"@type\":\"SearchAction\",\"target\":{\"@type\":\"EntryPoint\",\"urlTemplate\":\"https:\/\/passeiosbariloche.com\/?s={search_term_string}\"},\"query-input\":{\"@type\":\"PropertyValueSpecification\",\"valueRequired\":true,\"valueName\":\"search_term_string\"}}],\"inLanguage\":\"pt-BR\"}]}<\/script>\n<meta property=\"product:price:amount\" content=\"163200.00\" \/>\n<meta property=\"product:price:currency\" content=\"ARS\" \/>\n<meta property=\"og:availability\" content=\"instock\" \/>\n<meta property=\"product:availability\" content=\"instock\" \/>\n<meta property=\"product:retailer_item_id\" content=\"ADV2025ISVIYB4A10\" \/>\n<meta property=\"product:condition\" content=\"new\" \/>\n<!-- \/ Yoast SEO Premium plugin. -->","yoast_head_json":{"title":"Isla Victoria y Bosque de Arrayanes | - Passeios em Bariloche | Neve, aventura e natureza na Argentina","description":"Excurs\u00e3o econ\u00f4mica \u00e0 Isla Victoria e ao Bosque de Arrayanes a partir de Puerto Pa\u00f1uelo. Navega\u00e7\u00e3o e trilhas naturais. Ideal para fam\u00edlias.","robots":{"index":"index","follow":"follow","max-snippet":"max-snippet:-1","max-image-preview":"max-image-preview:large","max-video-preview":"max-video-preview:-1"},"canonical":"https:\/\/passeiosbariloche.com\/pt\/product\/victoria-island-myrtle-forest-sem-realocacao\/","og_locale":"pt_BR","og_type":"article","og_title":"Isla Victoria y Bosque de Arrayanes: Belleza Natural y Aventura al Mejor Precio - Sin Traslado","og_description":"Excursi\u00f3n econ\u00f3mica a Isla Victoria y Bosque de Arrayanes desde Puerto Pa\u00f1uelo. Navegaci\u00f3n y senderos en la naturaleza. Ideal para venir en familia.","og_url":"https:\/\/passeiosbariloche.com\/pt\/product\/victoria-island-myrtle-forest-sem-realocacao\/","og_site_name":"Passeios em Bariloche | Neve, aventura e natureza na Argentina","article_modified_time":"2026-04-09T12:16:45+00:00","og_image":[{"width":1920,"height":2560,"url":"https:\/\/passeiosbariloche.com\/wp-content\/uploads\/2025\/03\/8-B-IMG_6189-scaled.jpg","type":"image\/jpeg"}],"twitter_card":"summary_large_image","twitter_misc":{"Pre\u00e7o":"&#36;&nbsp;163.200,00","Disponibilidade":"Em Estoque"},"schema":{"@context":"https:\/\/schema.org","@graph":[{"@type":["WebPage","ItemPage"],"@id":"https:\/\/passeiosbariloche.com\/product\/isla-victoria-bosque-de-arrayanes-sin-traslado\/","url":"https:\/\/passeiosbariloche.com\/product\/isla-victoria-bosque-de-arrayanes-sin-traslado\/","name":"Isla Victoria y Bosque de Arrayanes | - Passeios em Bariloche | Neve, aventura e natureza na Argentina","isPartOf":{"@id":"https:\/\/passeiosbariloche.com\/#website"},"primaryImageOfPage":{"@id":"https:\/\/passeiosbariloche.com\/product\/isla-victoria-bosque-de-arrayanes-sin-traslado\/#primaryimage"},"image":{"@id":"https:\/\/passeiosbariloche.com\/product\/isla-victoria-bosque-de-arrayanes-sin-traslado\/#primaryimage"},"thumbnailUrl":"https:\/\/passeiosbariloche.com\/wp-content\/uploads\/2025\/03\/8-B-IMG_6189-scaled.jpg","datePublished":"2025-03-20T23:12:14+00:00","dateModified":"2026-04-09T12:16:45+00:00","description":"Excurs\u00e3o econ\u00f4mica \u00e0 Isla Victoria e ao Bosque de Arrayanes a partir de Puerto Pa\u00f1uelo. Navega\u00e7\u00e3o e trilhas naturais. Ideal para fam\u00edlias.","breadcrumb":{"@id":"https:\/\/passeiosbariloche.com\/product\/isla-victoria-bosque-de-arrayanes-sin-traslado\/#breadcrumb"},"inLanguage":"pt-BR","potentialAction":[{"@type":"ReadAction","target":["https:\/\/passeiosbariloche.com\/product\/isla-victoria-bosque-de-arrayanes-sin-traslado\/"]}]},{"@type":"ImageObject","inLanguage":"pt-BR","@id":"https:\/\/passeiosbariloche.com\/product\/isla-victoria-bosque-de-arrayanes-sin-traslado\/#primaryimage","url":"https:\/\/passeiosbariloche.com\/wp-content\/uploads\/2025\/03\/8-B-IMG_6189-scaled.jpg","contentUrl":"https:\/\/passeiosbariloche.com\/wp-content\/uploads\/2025\/03\/8-B-IMG_6189-scaled.jpg","width":1920,"height":2560},{"@type":"BreadcrumbList","@id":"https:\/\/passeiosbariloche.com\/product\/isla-victoria-bosque-de-arrayanes-sin-traslado\/#breadcrumb","itemListElement":[{"@type":"ListItem","position":1,"name":"Home","item":"https:\/\/passeiosbariloche.com\/"},{"@type":"ListItem","position":2,"name":"Lista de excursiones","item":"https:\/\/passeiosbariloche.com\/shop\/"},{"@type":"ListItem","position":3,"name":"Isla Victoria y Bosque de Arrayanes: Belleza Natural y Aventura al Mejor Precio &#8211; Sin Traslado"}]},{"@type":"WebSite","@id":"https:\/\/passeiosbariloche.com\/#website","url":"https:\/\/passeiosbariloche.com\/","name":"Passeios em Bariloche | Aventura e natureza na Argentina","description":"Planeje sua viagem a Bariloche com as melhores viagens! Atividades na neve, aventura e paisagens deslumbrantes na Patag\u00f4nia.","potentialAction":[{"@type":"SearchAction","target":{"@type":"EntryPoint","urlTemplate":"https:\/\/passeiosbariloche.com\/?s={search_term_string}"},"query-input":{"@type":"PropertyValueSpecification","valueRequired":true,"valueName":"search_term_string"}}],"inLanguage":"pt-BR"}]},"product_price_amount":"163200.00","product_price_currency":"ARS","og_availability":"instock","product_availability":"instock","product_retailer_item_id":"ADV2025ISVIYB4A10","product_condition":"new"},"_links":{"self":[{"href":"https:\/\/passeiosbariloche.com\/pt\/wp-json\/wp\/v2\/product\/65760","targetHints":{"allow":["GET"]}}],"collection":[{"href":"https:\/\/passeiosbariloche.com\/pt\/wp-json\/wp\/v2\/product"}],"about":[{"href":"https:\/\/passeiosbariloche.com\/pt\/wp-json\/wp\/v2\/types\/product"}],"replies":[{"embeddable":true,"href":"https:\/\/passeiosbariloche.com\/pt\/wp-json\/wp\/v2\/comments?post=65760"}],"version-history":[{"count":8,"href":"https:\/\/passeiosbariloche.com\/pt\/wp-json\/wp\/v2\/product\/65760\/revisions"}],"predecessor-version":[{"id":84444,"href":"https:\/\/passeiosbariloche.com\/pt\/wp-json\/wp\/v2\/product\/65760\/revisions\/84444"}],"wp:featuredmedia":[{"embeddable":true,"href":"https:\/\/passeiosbariloche.com\/pt\/wp-json\/wp\/v2\/media\/66616"}],"wp:attachment":[{"href":"https:\/\/passeiosbariloche.com\/pt\/wp-json\/wp\/v2\/media?parent=65760"}],"wp:term":[{"taxonomy":"product_brand","embeddable":true,"href":"https:\/\/passeiosbariloche.com\/pt\/wp-json\/wp\/v2\/product_brand?post=65760"},{"taxonomy":"product_cat","embeddable":true,"href":"https:\/\/passeiosbariloche.com\/pt\/wp-json\/wp\/v2\/product_cat?post=65760"},{"taxonomy":"product_tag","embeddable":true,"href":"https:\/\/passeiosbariloche.com\/pt\/wp-json\/wp\/v2\/product_tag?post=65760"}],"curies":[{"name":"wp","href":"https:\/\/api.w.org\/{rel}","templated":true}]}}