{"id":65764,"date":"2025-03-20T20:13:20","date_gmt":"2025-03-20T23:13:20","guid":{"rendered":"https:\/\/passeiosbariloche.com\/?post_type=product&#038;p=65764"},"modified":"2026-04-08T16:21:05","modified_gmt":"2026-04-08T19:21:05","slug":"paquete-promocional-3-dias-excursion","status":"publish","type":"product","link":"https:\/\/passeiosbariloche.com\/pt\/product\/pacote-promocional-excursao-de-3-dias\/","title":{"rendered":"Promo\u00e7\u00e3o 3 Dias Inesquec\u00edveis - Descubra Bariloche ao m\u00e1ximo"},"content":{"rendered":"<h3 data-start=\"342\" data-end=\"469\">Tr\u00eas dias, tr\u00eas aventuras \u00fanicas na Patag\u00f4nia: ideal para quem visita de longe e quer aproveitar ao m\u00e1ximo cada momento.<\/h3>\n<p data-start=\"471\" data-end=\"742\">Esse pacote foi elaborado para quem vem do Brasil ou de outros destinos internacionais e quer conhecer o melhor de Bariloche de forma organizada, segura e com guias especializados. Um passeio equilibrado, com natureza, paisagens, hist\u00f3ria e tempo livre para desfrutar.<\/p>\n<h3 data-start=\"749\" data-end=\"783\">Itiner\u00e1rio ideal para sua viagem<\/h3>\n<ul data-start=\"785\" data-end=\"1439\">\n<li data-start=\"785\" data-end=\"1020\">\n<p data-start=\"787\" data-end=\"1020\"><strong data-start=\"787\" data-end=\"836\">Rota dos 7 lagos e San Mart\u00edn de los Andes<\/strong> - Partida \u00e0s 08:00 hs. Uma viagem panor\u00e2mica com vistas de lagos, montanhas e florestas. Os senhores visitar\u00e3o mirantes, pequenos vilarejos e chegar\u00e3o a San Martin, uma joia da Patag\u00f4nia.<\/p>\n<\/li>\n<li data-start=\"1022\" data-end=\"1221\">\n<p data-start=\"1024\" data-end=\"1221\"><strong data-start=\"1024\" data-end=\"1083\">Excurs\u00e3o ao Cerro Tronador e ao Glaciar Ventisquero Negro<\/strong> - Partida \u00e0s 09:00 hs. Um dia entre montanhas, cachoeiras e geleiras. Inclui paradas em mirantes e tempo para almo\u00e7ar em Pampa Linda.<\/p>\n<\/li>\n<li data-start=\"1223\" data-end=\"1439\">\n<p data-start=\"1225\" data-end=\"1439\"><strong data-start=\"1225\" data-end=\"1275\">Circuito Chico com Cerro Campanario (opcional)<\/strong> - Sa\u00edda \u00e0s 08:30 hs. Um passeio cl\u00e1ssico por Bariloche, com vistas \u00fanicas e a possibilidade de subir at\u00e9 o mirante com a melhor vista da cidade.<\/p>\n<\/li>\n<\/ul>\n<p data-start=\"1441\" data-end=\"1520\">O senhor pode escolher a ordem das excurs\u00f5es e ajust\u00e1-la de acordo com seu tempo e clima.<\/p>\n<h3 data-start=\"1527\" data-end=\"1547\">Informa\u00e7\u00f5es \u00fateis<\/h3>\n<p data-start=\"1549\" data-end=\"1944\"><strong data-start=\"1549\" data-end=\"1562\">Dura\u00e7\u00e3o:<\/strong> 3 dias inteiros<br data-start=\"1579\" data-end=\"1582\" \/><strong data-start=\"1582\" data-end=\"1595\">Hor\u00e1rios:<\/strong> Ver sa\u00eddas por excurs\u00e3o<br data-start=\"1621\" data-end=\"1624\" \/><strong data-start=\"1624\" data-end=\"1647\">Ponto de encontro:<\/strong> Coordenamos o ponto mais pr\u00f3ximo de sua acomoda\u00e7\u00e3o entre o centro e o km 8 da Av. Bustillo ou Pioneros.<br data-start=\"1748\" data-end=\"1751\" \/><strong data-start=\"1751\" data-end=\"1763\">Ele inclui:<\/strong> Transporte de ida e volta, guia que fala ingl\u00eas (guia que fala portugu\u00eas opcional por um custo adicional), assist\u00eancia<br data-start=\"1863\" data-end=\"1866\" \/><strong data-start=\"1866\" data-end=\"1881\">N\u00e3o inclu\u00eddo:<\/strong> Refei\u00e7\u00f5es, ingressos para os Parques Nacionais e telef\u00e9ricos.<\/p>\n<h3 data-start=\"1951\" data-end=\"1975\">Perguntas frequentes<\/h3>\n<p data-start=\"1977\" data-end=\"2087\"><strong data-start=\"1977\" data-end=\"2010\">\u00c9 adequado para fam\u00edlias?<\/strong><br data-start=\"2010\" data-end=\"2013\" \/>Sim, ele \u00e9 adequado para todas as idades e n\u00e3o requer nenhuma condi\u00e7\u00e3o f\u00edsica especial.<\/p>\n<p data-start=\"2089\" data-end=\"2176\"><strong data-start=\"2089\" data-end=\"2128\">H\u00e1 op\u00e7\u00f5es de orienta\u00e7\u00e3o em portugu\u00eas?<\/strong><br data-start=\"2128\" data-end=\"2131\" \/>Sim, mediante reserva pr\u00e9via e com custo adicional.<\/p>\n<p data-start=\"2178\" data-end=\"2281\"><strong data-start=\"2178\" data-end=\"2208\">Que roupas preciso levar?<\/strong><br data-start=\"2208\" data-end=\"2211\" \/>Roupas confort\u00e1veis para caminhadas, roupas quentes, dependendo da esta\u00e7\u00e3o, e prote\u00e7\u00e3o solar.<\/p>\n<p data-start=\"2283\" data-end=\"2395\"><strong data-start=\"2283\" data-end=\"2318\">Onde s\u00e3o realizadas as refei\u00e7\u00f5es?<\/strong><br data-start=\"2318\" data-end=\"2321\" \/>H\u00e1 op\u00e7\u00f5es de almo\u00e7o dispon\u00edveis em cada parada. O senhor tamb\u00e9m pode levar um lanche.<\/p>","protected":false},"excerpt":{"rendered":"<p>Mergulhe na maravilhosa Patag\u00f4nia com nosso <strong>pacote exclusivo de 3 dias<\/strong> de excurs\u00f5es. Descubra <strong>San Mart\u00edn de los Andes<\/strong>o <strong>Rota dos 7 lagos<\/strong>o <strong>Serra do Tronador<\/strong> e o <strong>Circuito pequeno<\/strong>enquanto o senhor se ajusta aos seus planos ideais.<\/p>","protected":false},"featured_media":66611,"comment_status":"open","ping_status":"closed","template":"","meta":[],"product_brand":[],"product_cat":[105,115,106,108,132,127,121],"product_tag":[],"class_list":{"0":"post-65764","1":"product","2":"type-product","3":"status-publish","4":"has-post-thumbnail","6":"product_cat-adultos","7":"product_cat-con-traslado","8":"product_cat-familia","9":"product_cat-ninos","10":"product_cat-sin-comida","11":"product_cat-terrestre","12":"product_cat-todo-el-ano","14":"first","15":"instock","16":"virtual","17":"sold-individually","18":"purchasable","19":"product-type-booking"},"booking_location":"","booking_location_type":"","booking_duration":1,"booking_duration_unit":"hour","booking_buffer":0,"booking_cost":0,"booking_resources":[],"exclude_global_add_ons":false,"addons":[{"name":"STD : Passageiros","type":"input_multiplier","position":0,"required":false,"title_format":"label","default":"","description_enable":false,"description":"","placeholder_enable":false,"placeholder":"","display":"select","restrictions_type":"any_text","adjust_price":true,"price":"156000","price_type":"quantity_based","restrictions":false,"min":"0","max":"0","options":[],"id":1773234688}],"yoast_head":"<!-- This site is optimized with the Yoast SEO Premium plugin v24.5 (Yoast SEO v24.8) - https:\/\/yoast.com\/wordpress\/plugins\/seo\/ -->\n<title>Promoci\u00f3n 3 D\u00edas Inolvidables \u2013 Descubr\u00ed Bariloche al M\u00e1ximo - Passeios em Bariloche | Neve, aventura e natureza na Argentina<\/title>\n<meta name=\"description\" content=\"Promoci\u00f3n 3 d\u00edas en Bariloche para p\u00fablico brasile\u00f1o. Incluye excursiones a San Mart\u00edn, Tronador y Circuito Chico. Gu\u00edas, traslados y organizaci\u00f3n completa.\" \/>\n<meta name=\"robots\" content=\"index, follow, max-snippet:-1, max-image-preview:large, max-video-preview:-1\" \/>\n<link rel=\"canonical\" href=\"https:\/\/passeiosbariloche.com\/pt\/product\/pacote-promocional-excursao-de-3-dias\/\" \/>\n<meta property=\"og:locale\" content=\"pt_BR\" \/>\n<meta property=\"og:type\" content=\"article\" \/>\n<meta property=\"og:title\" content=\"Promoci\u00f3n 3 D\u00edas Inolvidables \u2013 Descubr\u00ed Bariloche al M\u00e1ximo\" \/>\n<meta property=\"og:description\" content=\"Promoci\u00f3n 3 d\u00edas en Bariloche para p\u00fablico brasile\u00f1o. Incluye excursiones a San Mart\u00edn, Tronador y Circuito Chico. Gu\u00edas, traslados y organizaci\u00f3n completa.\" \/>\n<meta property=\"og:url\" content=\"https:\/\/passeiosbariloche.com\/pt\/product\/pacote-promocional-excursao-de-3-dias\/\" \/>\n<meta property=\"og:site_name\" content=\"Passeios em Bariloche | Neve, aventura e natureza na Argentina\" \/>\n<meta property=\"article:modified_time\" content=\"2026-04-08T19:21:05+00:00\" \/>\n<meta property=\"og:image\" content=\"https:\/\/passeiosbariloche.com\/wp-content\/uploads\/2025\/03\/8-A-DSC_0814-scaled.jpg\" \/>\n\t<meta property=\"og:image:width\" content=\"1920\" \/>\n\t<meta property=\"og:image:height\" content=\"2560\" \/>\n\t<meta property=\"og:image:type\" content=\"image\/jpeg\" \/>\n<meta name=\"twitter:card\" content=\"summary_large_image\" \/>\n<meta name=\"twitter:label1\" content=\"Pre\u00e7o\" \/>\n\t<meta name=\"twitter:data1\" content=\"&#036;&nbsp;156.000,00\" \/>\n\t<meta name=\"twitter:label2\" content=\"Disponibilidade\" \/>\n\t<meta name=\"twitter:data2\" content=\"Em Estoque\" \/>\n<script type=\"application\/ld+json\" class=\"yoast-schema-graph\">{\"@context\":\"https:\/\/schema.org\",\"@graph\":[{\"@type\":[\"WebPage\",\"ItemPage\"],\"@id\":\"https:\/\/passeiosbariloche.com\/product\/paquete-promocional-3-dias-excursion\/\",\"url\":\"https:\/\/passeiosbariloche.com\/product\/paquete-promocional-3-dias-excursion\/\",\"name\":\"Promoci\u00f3n 3 D\u00edas Inolvidables \u2013 Descubr\u00ed Bariloche al M\u00e1ximo - Passeios em Bariloche | Neve, aventura e natureza na Argentina\",\"isPartOf\":{\"@id\":\"https:\/\/passeiosbariloche.com\/#website\"},\"primaryImageOfPage\":{\"@id\":\"https:\/\/passeiosbariloche.com\/product\/paquete-promocional-3-dias-excursion\/#primaryimage\"},\"image\":{\"@id\":\"https:\/\/passeiosbariloche.com\/product\/paquete-promocional-3-dias-excursion\/#primaryimage\"},\"thumbnailUrl\":\"https:\/\/passeiosbariloche.com\/wp-content\/uploads\/2025\/03\/8-A-DSC_0814-scaled.jpg\",\"datePublished\":\"2025-03-20T23:13:20+00:00\",\"dateModified\":\"2026-04-08T19:21:05+00:00\",\"description\":\"Promoci\u00f3n 3 d\u00edas en Bariloche para p\u00fablico brasile\u00f1o. Incluye excursiones a San Mart\u00edn, Tronador y Circuito Chico. Gu\u00edas, traslados y organizaci\u00f3n completa.\",\"breadcrumb\":{\"@id\":\"https:\/\/passeiosbariloche.com\/product\/paquete-promocional-3-dias-excursion\/#breadcrumb\"},\"inLanguage\":\"pt-BR\",\"potentialAction\":[{\"@type\":\"ReadAction\",\"target\":[\"https:\/\/passeiosbariloche.com\/product\/paquete-promocional-3-dias-excursion\/\"]}]},{\"@type\":\"ImageObject\",\"inLanguage\":\"pt-BR\",\"@id\":\"https:\/\/passeiosbariloche.com\/product\/paquete-promocional-3-dias-excursion\/#primaryimage\",\"url\":\"https:\/\/passeiosbariloche.com\/wp-content\/uploads\/2025\/03\/8-A-DSC_0814-scaled.jpg\",\"contentUrl\":\"https:\/\/passeiosbariloche.com\/wp-content\/uploads\/2025\/03\/8-A-DSC_0814-scaled.jpg\",\"width\":1920,\"height\":2560},{\"@type\":\"BreadcrumbList\",\"@id\":\"https:\/\/passeiosbariloche.com\/product\/paquete-promocional-3-dias-excursion\/#breadcrumb\",\"itemListElement\":[{\"@type\":\"ListItem\",\"position\":1,\"name\":\"Home\",\"item\":\"https:\/\/passeiosbariloche.com\/\"},{\"@type\":\"ListItem\",\"position\":2,\"name\":\"Lista de excursiones\",\"item\":\"https:\/\/passeiosbariloche.com\/shop\/\"},{\"@type\":\"ListItem\",\"position\":3,\"name\":\"Promoci\u00f3n 3 D\u00edas Inolvidables \u2013 Descubr\u00ed Bariloche al M\u00e1ximo\"}]},{\"@type\":\"WebSite\",\"@id\":\"https:\/\/passeiosbariloche.com\/#website\",\"url\":\"https:\/\/passeiosbariloche.com\/\",\"name\":\"Passeios em Bariloche | Aventura e natureza na Argentina\",\"description\":\"Planeje sua viagem para Bariloche com os melhores passeios! Atividades na neve, aventura e paisagens deslumbrantes na Patag\u00f4nia.\",\"potentialAction\":[{\"@type\":\"SearchAction\",\"target\":{\"@type\":\"EntryPoint\",\"urlTemplate\":\"https:\/\/passeiosbariloche.com\/?s={search_term_string}\"},\"query-input\":{\"@type\":\"PropertyValueSpecification\",\"valueRequired\":true,\"valueName\":\"search_term_string\"}}],\"inLanguage\":\"pt-BR\"}]}<\/script>\n<meta property=\"product:price:amount\" content=\"156000.00\" \/>\n<meta property=\"product:price:currency\" content=\"ARS\" \/>\n<meta property=\"og:availability\" content=\"instock\" \/>\n<meta property=\"product:availability\" content=\"instock\" \/>\n<meta property=\"product:retailer_item_id\" content=\"ADV2025PAPRDE20W5\" \/>\n<meta property=\"product:condition\" content=\"new\" \/>\n<!-- \/ Yoast SEO Premium plugin. -->","yoast_head_json":{"title":"Promo\u00e7\u00e3o 3 Dias Inesquec\u00edveis - Descubra Bariloche ao M\u00e1ximo - Passeios em Bariloche | Neve, aventura e natureza na Argentina","description":"Promo\u00e7\u00e3o 3 dias em Bariloche para o p\u00fablico brasileiro. Inclui excurs\u00f5es a San Mart\u00edn, Tronador e Circuito Chico. Guias, traslados e organiza\u00e7\u00e3o completa.","robots":{"index":"index","follow":"follow","max-snippet":"max-snippet:-1","max-image-preview":"max-image-preview:large","max-video-preview":"max-video-preview:-1"},"canonical":"https:\/\/passeiosbariloche.com\/pt\/product\/pacote-promocional-excursao-de-3-dias\/","og_locale":"pt_BR","og_type":"article","og_title":"Promoci\u00f3n 3 D\u00edas Inolvidables \u2013 Descubr\u00ed Bariloche al M\u00e1ximo","og_description":"Promoci\u00f3n 3 d\u00edas en Bariloche para p\u00fablico brasile\u00f1o. Incluye excursiones a San Mart\u00edn, Tronador y Circuito Chico. Gu\u00edas, traslados y organizaci\u00f3n completa.","og_url":"https:\/\/passeiosbariloche.com\/pt\/product\/pacote-promocional-excursao-de-3-dias\/","og_site_name":"Passeios em Bariloche | Neve, aventura e natureza na Argentina","article_modified_time":"2026-04-08T19:21:05+00:00","og_image":[{"width":1920,"height":2560,"url":"https:\/\/passeiosbariloche.com\/wp-content\/uploads\/2025\/03\/8-A-DSC_0814-scaled.jpg","type":"image\/jpeg"}],"twitter_card":"summary_large_image","twitter_misc":{"Pre\u00e7o":"&#36;&nbsp;156.000,00","Disponibilidade":"Em Estoque"},"schema":{"@context":"https:\/\/schema.org","@graph":[{"@type":["WebPage","ItemPage"],"@id":"https:\/\/passeiosbariloche.com\/product\/paquete-promocional-3-dias-excursion\/","url":"https:\/\/passeiosbariloche.com\/product\/paquete-promocional-3-dias-excursion\/","name":"Promo\u00e7\u00e3o 3 Dias Inesquec\u00edveis - Descubra Bariloche ao M\u00e1ximo - Passeios em Bariloche | Neve, aventura e natureza na Argentina","isPartOf":{"@id":"https:\/\/passeiosbariloche.com\/#website"},"primaryImageOfPage":{"@id":"https:\/\/passeiosbariloche.com\/product\/paquete-promocional-3-dias-excursion\/#primaryimage"},"image":{"@id":"https:\/\/passeiosbariloche.com\/product\/paquete-promocional-3-dias-excursion\/#primaryimage"},"thumbnailUrl":"https:\/\/passeiosbariloche.com\/wp-content\/uploads\/2025\/03\/8-A-DSC_0814-scaled.jpg","datePublished":"2025-03-20T23:13:20+00:00","dateModified":"2026-04-08T19:21:05+00:00","description":"Promo\u00e7\u00e3o 3 dias em Bariloche para o p\u00fablico brasileiro. Inclui excurs\u00f5es a San Mart\u00edn, Tronador e Circuito Chico. Guias, traslados e organiza\u00e7\u00e3o completa.","breadcrumb":{"@id":"https:\/\/passeiosbariloche.com\/product\/paquete-promocional-3-dias-excursion\/#breadcrumb"},"inLanguage":"pt-BR","potentialAction":[{"@type":"ReadAction","target":["https:\/\/passeiosbariloche.com\/product\/paquete-promocional-3-dias-excursion\/"]}]},{"@type":"ImageObject","inLanguage":"pt-BR","@id":"https:\/\/passeiosbariloche.com\/product\/paquete-promocional-3-dias-excursion\/#primaryimage","url":"https:\/\/passeiosbariloche.com\/wp-content\/uploads\/2025\/03\/8-A-DSC_0814-scaled.jpg","contentUrl":"https:\/\/passeiosbariloche.com\/wp-content\/uploads\/2025\/03\/8-A-DSC_0814-scaled.jpg","width":1920,"height":2560},{"@type":"BreadcrumbList","@id":"https:\/\/passeiosbariloche.com\/product\/paquete-promocional-3-dias-excursion\/#breadcrumb","itemListElement":[{"@type":"ListItem","position":1,"name":"Home","item":"https:\/\/passeiosbariloche.com\/"},{"@type":"ListItem","position":2,"name":"Lista de excursiones","item":"https:\/\/passeiosbariloche.com\/shop\/"},{"@type":"ListItem","position":3,"name":"Promoci\u00f3n 3 D\u00edas Inolvidables \u2013 Descubr\u00ed Bariloche al M\u00e1ximo"}]},{"@type":"WebSite","@id":"https:\/\/passeiosbariloche.com\/#website","url":"https:\/\/passeiosbariloche.com\/","name":"Passeios em Bariloche | Aventura e natureza na Argentina","description":"Planeje sua viagem a Bariloche com as melhores viagens! Atividades na neve, aventura e paisagens deslumbrantes na Patag\u00f4nia.","potentialAction":[{"@type":"SearchAction","target":{"@type":"EntryPoint","urlTemplate":"https:\/\/passeiosbariloche.com\/?s={search_term_string}"},"query-input":{"@type":"PropertyValueSpecification","valueRequired":true,"valueName":"search_term_string"}}],"inLanguage":"pt-BR"}]},"product_price_amount":"156000.00","product_price_currency":"ARS","og_availability":"instock","product_availability":"instock","product_retailer_item_id":"ADV2025PAPRDE20W5","product_condition":"new"},"_links":{"self":[{"href":"https:\/\/passeiosbariloche.com\/pt\/wp-json\/wp\/v2\/product\/65764","targetHints":{"allow":["GET"]}}],"collection":[{"href":"https:\/\/passeiosbariloche.com\/pt\/wp-json\/wp\/v2\/product"}],"about":[{"href":"https:\/\/passeiosbariloche.com\/pt\/wp-json\/wp\/v2\/types\/product"}],"replies":[{"embeddable":true,"href":"https:\/\/passeiosbariloche.com\/pt\/wp-json\/wp\/v2\/comments?post=65764"}],"version-history":[{"count":6,"href":"https:\/\/passeiosbariloche.com\/pt\/wp-json\/wp\/v2\/product\/65764\/revisions"}],"predecessor-version":[{"id":84438,"href":"https:\/\/passeiosbariloche.com\/pt\/wp-json\/wp\/v2\/product\/65764\/revisions\/84438"}],"wp:featuredmedia":[{"embeddable":true,"href":"https:\/\/passeiosbariloche.com\/pt\/wp-json\/wp\/v2\/media\/66611"}],"wp:attachment":[{"href":"https:\/\/passeiosbariloche.com\/pt\/wp-json\/wp\/v2\/media?parent=65764"}],"wp:term":[{"taxonomy":"product_brand","embeddable":true,"href":"https:\/\/passeiosbariloche.com\/pt\/wp-json\/wp\/v2\/product_brand?post=65764"},{"taxonomy":"product_cat","embeddable":true,"href":"https:\/\/passeiosbariloche.com\/pt\/wp-json\/wp\/v2\/product_cat?post=65764"},{"taxonomy":"product_tag","embeddable":true,"href":"https:\/\/passeiosbariloche.com\/pt\/wp-json\/wp\/v2\/product_tag?post=65764"}],"curies":[{"name":"wp","href":"https:\/\/api.w.org\/{rel}","templated":true}]}}