{"id":65765,"date":"2025-03-20T20:13:33","date_gmt":"2025-03-20T23:13:33","guid":{"rendered":"https:\/\/passeiosbariloche.com\/?post_type=product&#038;p=65765"},"modified":"2026-04-08T16:21:33","modified_gmt":"2026-04-08T19:21:33","slug":"cabalgata-cerro-lopez-bariloche","status":"publish","type":"product","link":"https:\/\/passeiosbariloche.com\/pt\/product\/passeio-na-floresta-de-cohiues\/","title":{"rendered":"Passeio a cavalo com vista para o Cerro Lopez - Aventura entre florestas e mirantes do Circuito Chico"},"content":{"rendered":"<h2 data-start=\"740\" data-end=\"861\">Descubra Bariloche de uma perspectiva diferente: natureza, sil\u00eancio e charme a cada passo.<\/h2>\n<p data-start=\"976\" data-end=\"1322\">Mergulhe em uma experi\u00eancia encantadora viajando pelas florestas da Patag\u00f4nia, onde o som do vento e o canto dos p\u00e1ssaros acompanham os cavalos. Esse passeio equestre \u00e9 ideal para aqueles que desejam desfrutar das paisagens montanhosas com o acompanhamento atencioso de guias locais e o conforto de um servi\u00e7o que cuida de cada detalhe.<\/p>\n<p data-start=\"1324\" data-end=\"1579\">O percurso segue trilhas naturais at\u00e9 chegar a <strong data-start=\"1382\" data-end=\"1432\">pontos de observa\u00e7\u00e3o com vistas incr\u00edveis do Cerro Lopez<\/strong>, e aos lagos Moreno e Nahuel Huapi. Cada parada \u00e9 um convite para contemplar a imensid\u00e3o da paisagem e respirar o ar puro da Patag\u00f4nia.<\/p>\n<p data-start=\"1581\" data-end=\"1804\">No caminho de volta, as estradas se abrem para amplos pampas onde o tempo parece n\u00e3o passar. O dia termina em uma aconchegante pousada rural, com o aroma de lenha e bolos fritos caseiros que completam esse cart\u00e3o postal de Bariloche.<\/p>\n<p data-start=\"1806\" data-end=\"1928\">Uma experi\u00eancia ideal para aqueles que querem desfrutar da natureza em paz e tranquilidade e descobrir a magia do ambiente patag\u00f4nico.<\/p>\n<p data-start=\"1930\" data-end=\"2088\"><strong data-start=\"1930\" data-end=\"1942\">Ele inclui:<\/strong> Passeios a cavalo guiados, equipamentos e traslados do centro de Bariloche.<br data-start=\"2015\" data-end=\"2018\" \/><strong data-start=\"2018\" data-end=\"2033\">N\u00e3o inclu\u00eddo:<\/strong> Refei\u00e7\u00f5es e bebidas (opcional no Parador Rural).<\/p>\n<p data-start=\"2090\" data-end=\"2221\"><strong data-start=\"2090\" data-end=\"2114\">Perguntas frequentes<\/strong><\/p>\n<p data-start=\"2090\" data-end=\"2221\"><br data-start=\"2114\" data-end=\"2117\" \/><strong>Preciso de experi\u00eancia anterior?<\/strong><br data-start=\"2146\" data-end=\"2149\" \/>N\u00e3o, os cavalos s\u00e3o mansos e o curso \u00e9 adequado para iniciantes.<\/p>\n<p data-start=\"2223\" data-end=\"2324\"><strong>O que devo levar?<\/strong><br data-start=\"2240\" data-end=\"2243\" \/>Roupas confort\u00e1veis, cal\u00e7as compridas, sapatos fechados, casaco leve e protetor solar.<\/p>\n<p data-start=\"2326\" data-end=\"2396\"><strong>As crian\u00e7as podem ir?<\/strong><br data-start=\"2343\" data-end=\"2346\" \/>Sim, a partir de 5 anos de idade, acompanhado por um adulto.<\/p>","protected":false},"excerpt":{"rendered":"<p>Passeie por paisagens patag\u00f4nicas e desfrute de vistas inesquec\u00edveis do Cerro Lopez. Uma experi\u00eancia aut\u00eantica que se conecta com a natureza e a tranquilidade de Bariloche.<\/p>","protected":false},"featured_media":78676,"comment_status":"open","ping_status":"closed","template":"","meta":[],"product_brand":[],"product_cat":[105,124,115,106,108,132,121],"product_tag":[],"class_list":{"0":"post-65765","1":"product","2":"type-product","3":"status-publish","4":"has-post-thumbnail","6":"product_cat-adultos","7":"product_cat-aventura","8":"product_cat-con-traslado","9":"product_cat-familia","10":"product_cat-ninos","11":"product_cat-sin-comida","12":"product_cat-todo-el-ano","14":"first","15":"instock","16":"virtual","17":"sold-individually","18":"purchasable","19":"product-type-booking"},"booking_location":"","booking_location_type":"","booking_duration":1,"booking_duration_unit":"hour","booking_buffer":0,"booking_cost":0,"booking_resources":[],"exclude_global_add_ons":false,"addons":[{"name":"STD : Passageiros","type":"input_multiplier","position":0,"required":false,"title_format":"label","default":"","description_enable":false,"description":"","placeholder_enable":false,"placeholder":"","display":"select","restrictions_type":"any_text","adjust_price":true,"price":"119400","price_type":"quantity_based","restrictions":false,"min":"0","max":"0","options":[],"id":1773235029},{"name":"EXTRA: acompanhante","type":"input_multiplier","position":1,"required":false,"title_format":"label","default":"","description_enable":false,"description":"","placeholder_enable":false,"placeholder":"","display":"select","restrictions_type":"any_text","adjust_price":true,"price":"65700","price_type":"quantity_based","restrictions":false,"min":"0","max":"0","options":[],"id":1773235030}],"yoast_head":"<!-- This site is optimized with the Yoast SEO Premium plugin v24.5 (Yoast SEO v24.8) - https:\/\/yoast.com\/wordpress\/plugins\/seo\/ -->\n<title>Cabalgata con vista al Cerro L\u00f3pez | Paseo a caballo en Bariloche - Passeios em Bariloche | Neve, aventura e natureza na Argentina<\/title>\n<meta name=\"description\" content=\"Cabalgata por el Cerro L\u00f3pez en Bariloche. Recorre bosques, miradores y paisajes del Circuito Chico. Experiencia aut\u00e9ntica y segura para toda la familia.\" \/>\n<meta name=\"robots\" content=\"index, follow, max-snippet:-1, max-image-preview:large, max-video-preview:-1\" \/>\n<link rel=\"canonical\" href=\"https:\/\/passeiosbariloche.com\/pt\/product\/passeio-na-floresta-de-cohiues\/\" \/>\n<meta property=\"og:locale\" content=\"pt_BR\" \/>\n<meta property=\"og:type\" content=\"article\" \/>\n<meta property=\"og:title\" content=\"Cabalgata con vista al Cerro L\u00f3pez - Aventura entre bosques y miradores del Circuito Chico\" \/>\n<meta property=\"og:description\" content=\"Cabalgata por el Cerro L\u00f3pez en Bariloche. Recorre bosques, miradores y paisajes del Circuito Chico. Experiencia aut\u00e9ntica y segura para toda la familia.\" \/>\n<meta property=\"og:url\" content=\"https:\/\/passeiosbariloche.com\/pt\/product\/passeio-na-floresta-de-cohiues\/\" \/>\n<meta property=\"og:site_name\" content=\"Passeios em Bariloche | Neve, aventura e natureza na Argentina\" \/>\n<meta property=\"article:modified_time\" content=\"2026-04-08T19:21:33+00:00\" \/>\n<meta property=\"og:image\" content=\"https:\/\/passeiosbariloche.com\/wp-content\/uploads\/2025\/03\/8-B-480152740_18468284140064189_5488275589289773270_n-scaled.jpg\" \/>\n\t<meta property=\"og:image:width\" content=\"1920\" \/>\n\t<meta property=\"og:image:height\" content=\"2560\" \/>\n\t<meta property=\"og:image:type\" content=\"image\/jpeg\" \/>\n<meta name=\"twitter:card\" content=\"summary_large_image\" \/>\n<meta name=\"twitter:label1\" content=\"Pre\u00e7o\" \/>\n\t<meta name=\"twitter:data1\" content=\"&#036;&nbsp;119.400,00\" \/>\n\t<meta name=\"twitter:label2\" content=\"Disponibilidade\" \/>\n\t<meta name=\"twitter:data2\" content=\"Em Estoque\" \/>\n<script type=\"application\/ld+json\" class=\"yoast-schema-graph\">{\"@context\":\"https:\/\/schema.org\",\"@graph\":[{\"@type\":[\"WebPage\",\"ItemPage\"],\"@id\":\"https:\/\/passeiosbariloche.com\/product\/cabalgata-cerro-lopez-bariloche\/\",\"url\":\"https:\/\/passeiosbariloche.com\/product\/cabalgata-cerro-lopez-bariloche\/\",\"name\":\"Cabalgata con vista al Cerro L\u00f3pez | Paseo a caballo en Bariloche - Passeios em Bariloche | Neve, aventura e natureza na Argentina\",\"isPartOf\":{\"@id\":\"https:\/\/passeiosbariloche.com\/#website\"},\"primaryImageOfPage\":{\"@id\":\"https:\/\/passeiosbariloche.com\/product\/cabalgata-cerro-lopez-bariloche\/#primaryimage\"},\"image\":{\"@id\":\"https:\/\/passeiosbariloche.com\/product\/cabalgata-cerro-lopez-bariloche\/#primaryimage\"},\"thumbnailUrl\":\"https:\/\/passeiosbariloche.com\/wp-content\/uploads\/2025\/03\/Foto-Cabalgata-PASS-1-1.png\",\"datePublished\":\"2025-03-20T23:13:33+00:00\",\"dateModified\":\"2026-04-08T19:21:33+00:00\",\"description\":\"Cabalgata por el Cerro L\u00f3pez en Bariloche. Recorre bosques, miradores y paisajes del Circuito Chico. Experiencia aut\u00e9ntica y segura para toda la familia.\",\"breadcrumb\":{\"@id\":\"https:\/\/passeiosbariloche.com\/product\/cabalgata-cerro-lopez-bariloche\/#breadcrumb\"},\"inLanguage\":\"pt-BR\",\"potentialAction\":[{\"@type\":\"ReadAction\",\"target\":[\"https:\/\/passeiosbariloche.com\/product\/cabalgata-cerro-lopez-bariloche\/\"]}]},{\"@type\":\"ImageObject\",\"inLanguage\":\"pt-BR\",\"@id\":\"https:\/\/passeiosbariloche.com\/product\/cabalgata-cerro-lopez-bariloche\/#primaryimage\",\"url\":\"https:\/\/passeiosbariloche.com\/wp-content\/uploads\/2025\/03\/Foto-Cabalgata-PASS-1-1.png\",\"contentUrl\":\"https:\/\/passeiosbariloche.com\/wp-content\/uploads\/2025\/03\/Foto-Cabalgata-PASS-1-1.png\",\"width\":850,\"height\":1133},{\"@type\":\"BreadcrumbList\",\"@id\":\"https:\/\/passeiosbariloche.com\/product\/cabalgata-cerro-lopez-bariloche\/#breadcrumb\",\"itemListElement\":[{\"@type\":\"ListItem\",\"position\":1,\"name\":\"Home\",\"item\":\"https:\/\/passeiosbariloche.com\/\"},{\"@type\":\"ListItem\",\"position\":2,\"name\":\"Lista de excursiones\",\"item\":\"https:\/\/passeiosbariloche.com\/shop\/\"},{\"@type\":\"ListItem\",\"position\":3,\"name\":\"Cabalgata con vista al Cerro L\u00f3pez &#8211; Aventura entre bosques y miradores del Circuito Chico\"}]},{\"@type\":\"WebSite\",\"@id\":\"https:\/\/passeiosbariloche.com\/#website\",\"url\":\"https:\/\/passeiosbariloche.com\/\",\"name\":\"Passeios em Bariloche | Aventura e natureza na Argentina\",\"description\":\"Planeje sua viagem para Bariloche com os melhores passeios! Atividades na neve, aventura e paisagens deslumbrantes na Patag\u00f4nia.\",\"potentialAction\":[{\"@type\":\"SearchAction\",\"target\":{\"@type\":\"EntryPoint\",\"urlTemplate\":\"https:\/\/passeiosbariloche.com\/?s={search_term_string}\"},\"query-input\":{\"@type\":\"PropertyValueSpecification\",\"valueRequired\":true,\"valueName\":\"search_term_string\"}}],\"inLanguage\":\"pt-BR\"}]}<\/script>\n<meta property=\"product:price:amount\" content=\"119400.00\" \/>\n<meta property=\"product:price:currency\" content=\"ARS\" \/>\n<meta property=\"og:availability\" content=\"instock\" \/>\n<meta property=\"product:availability\" content=\"instock\" \/>\n<meta property=\"product:retailer_item_id\" content=\"ADV2025CAPOELTVE7\" \/>\n<meta property=\"product:condition\" content=\"new\" \/>\n<!-- \/ Yoast SEO Premium plugin. -->","yoast_head_json":{"title":"Cavalgadas com vista para o Cerro Lopez | Cavalgadas em Bariloche - Passeios em Bariloche | Neve, aventura e natureza na Argentina","description":"Passeio a cavalo no Cerro L\u00f3pez, em Bariloche. Passa por florestas, mirantes e paisagens do Circuito Chico. Uma experi\u00eancia aut\u00eantica e segura para toda a fam\u00edlia.","robots":{"index":"index","follow":"follow","max-snippet":"max-snippet:-1","max-image-preview":"max-image-preview:large","max-video-preview":"max-video-preview:-1"},"canonical":"https:\/\/passeiosbariloche.com\/pt\/product\/passeio-na-floresta-de-cohiues\/","og_locale":"pt_BR","og_type":"article","og_title":"Cabalgata con vista al Cerro L\u00f3pez - Aventura entre bosques y miradores del Circuito Chico","og_description":"Cabalgata por el Cerro L\u00f3pez en Bariloche. Recorre bosques, miradores y paisajes del Circuito Chico. Experiencia aut\u00e9ntica y segura para toda la familia.","og_url":"https:\/\/passeiosbariloche.com\/pt\/product\/passeio-na-floresta-de-cohiues\/","og_site_name":"Passeios em Bariloche | Neve, aventura e natureza na Argentina","article_modified_time":"2026-04-08T19:21:33+00:00","og_image":[{"width":1920,"height":2560,"url":"https:\/\/passeiosbariloche.com\/wp-content\/uploads\/2025\/03\/8-B-480152740_18468284140064189_5488275589289773270_n-scaled.jpg","type":"image\/jpeg"}],"twitter_card":"summary_large_image","twitter_misc":{"Pre\u00e7o":"&#36;&nbsp;119.400,00","Disponibilidade":"Em Estoque"},"schema":{"@context":"https:\/\/schema.org","@graph":[{"@type":["WebPage","ItemPage"],"@id":"https:\/\/passeiosbariloche.com\/product\/cabalgata-cerro-lopez-bariloche\/","url":"https:\/\/passeiosbariloche.com\/product\/cabalgata-cerro-lopez-bariloche\/","name":"Cavalgadas com vista para o Cerro Lopez | Cavalgadas em Bariloche - Passeios em Bariloche | Neve, aventura e natureza na Argentina","isPartOf":{"@id":"https:\/\/passeiosbariloche.com\/#website"},"primaryImageOfPage":{"@id":"https:\/\/passeiosbariloche.com\/product\/cabalgata-cerro-lopez-bariloche\/#primaryimage"},"image":{"@id":"https:\/\/passeiosbariloche.com\/product\/cabalgata-cerro-lopez-bariloche\/#primaryimage"},"thumbnailUrl":"https:\/\/passeiosbariloche.com\/wp-content\/uploads\/2025\/03\/Foto-Cabalgata-PASS-1-1.png","datePublished":"2025-03-20T23:13:33+00:00","dateModified":"2026-04-08T19:21:33+00:00","description":"Passeio a cavalo no Cerro L\u00f3pez, em Bariloche. Passa por florestas, mirantes e paisagens do Circuito Chico. Uma experi\u00eancia aut\u00eantica e segura para toda a fam\u00edlia.","breadcrumb":{"@id":"https:\/\/passeiosbariloche.com\/product\/cabalgata-cerro-lopez-bariloche\/#breadcrumb"},"inLanguage":"pt-BR","potentialAction":[{"@type":"ReadAction","target":["https:\/\/passeiosbariloche.com\/product\/cabalgata-cerro-lopez-bariloche\/"]}]},{"@type":"ImageObject","inLanguage":"pt-BR","@id":"https:\/\/passeiosbariloche.com\/product\/cabalgata-cerro-lopez-bariloche\/#primaryimage","url":"https:\/\/passeiosbariloche.com\/wp-content\/uploads\/2025\/03\/Foto-Cabalgata-PASS-1-1.png","contentUrl":"https:\/\/passeiosbariloche.com\/wp-content\/uploads\/2025\/03\/Foto-Cabalgata-PASS-1-1.png","width":850,"height":1133},{"@type":"BreadcrumbList","@id":"https:\/\/passeiosbariloche.com\/product\/cabalgata-cerro-lopez-bariloche\/#breadcrumb","itemListElement":[{"@type":"ListItem","position":1,"name":"Home","item":"https:\/\/passeiosbariloche.com\/"},{"@type":"ListItem","position":2,"name":"Lista de excursiones","item":"https:\/\/passeiosbariloche.com\/shop\/"},{"@type":"ListItem","position":3,"name":"Cabalgata con vista al Cerro L\u00f3pez &#8211; Aventura entre bosques y miradores del Circuito Chico"}]},{"@type":"WebSite","@id":"https:\/\/passeiosbariloche.com\/#website","url":"https:\/\/passeiosbariloche.com\/","name":"Passeios em Bariloche | Aventura e natureza na Argentina","description":"Planeje sua viagem a Bariloche com as melhores viagens! Atividades na neve, aventura e paisagens deslumbrantes na Patag\u00f4nia.","potentialAction":[{"@type":"SearchAction","target":{"@type":"EntryPoint","urlTemplate":"https:\/\/passeiosbariloche.com\/?s={search_term_string}"},"query-input":{"@type":"PropertyValueSpecification","valueRequired":true,"valueName":"search_term_string"}}],"inLanguage":"pt-BR"}]},"product_price_amount":"119400.00","product_price_currency":"ARS","og_availability":"instock","product_availability":"instock","product_retailer_item_id":"ADV2025CAPOELTVE7","product_condition":"new"},"_links":{"self":[{"href":"https:\/\/passeiosbariloche.com\/pt\/wp-json\/wp\/v2\/product\/65765","targetHints":{"allow":["GET"]}}],"collection":[{"href":"https:\/\/passeiosbariloche.com\/pt\/wp-json\/wp\/v2\/product"}],"about":[{"href":"https:\/\/passeiosbariloche.com\/pt\/wp-json\/wp\/v2\/types\/product"}],"replies":[{"embeddable":true,"href":"https:\/\/passeiosbariloche.com\/pt\/wp-json\/wp\/v2\/comments?post=65765"}],"version-history":[{"count":10,"href":"https:\/\/passeiosbariloche.com\/pt\/wp-json\/wp\/v2\/product\/65765\/revisions"}],"predecessor-version":[{"id":84437,"href":"https:\/\/passeiosbariloche.com\/pt\/wp-json\/wp\/v2\/product\/65765\/revisions\/84437"}],"wp:featuredmedia":[{"embeddable":true,"href":"https:\/\/passeiosbariloche.com\/pt\/wp-json\/wp\/v2\/media\/78676"}],"wp:attachment":[{"href":"https:\/\/passeiosbariloche.com\/pt\/wp-json\/wp\/v2\/media?parent=65765"}],"wp:term":[{"taxonomy":"product_brand","embeddable":true,"href":"https:\/\/passeiosbariloche.com\/pt\/wp-json\/wp\/v2\/product_brand?post=65765"},{"taxonomy":"product_cat","embeddable":true,"href":"https:\/\/passeiosbariloche.com\/pt\/wp-json\/wp\/v2\/product_cat?post=65765"},{"taxonomy":"product_tag","embeddable":true,"href":"https:\/\/passeiosbariloche.com\/pt\/wp-json\/wp\/v2\/product_tag?post=65765"}],"curies":[{"name":"wp","href":"https:\/\/api.w.org\/{rel}","templated":true}]}}