{"id":65768,"date":"2025-03-20T20:14:14","date_gmt":"2025-03-20T23:14:14","guid":{"rendered":"https:\/\/passeiosbariloche.com\/?post_type=product&#038;p=65768"},"modified":"2026-04-08T16:20:40","modified_gmt":"2026-04-08T19:20:40","slug":"travesia-kayak-lago-moreno","status":"publish","type":"product","link":"https:\/\/passeiosbariloche.com\/pt\/product\/passeio-de-caiaque-no-lago-gutierrez\/","title":{"rendered":"Passeio de caiaque no Lago Moreno"},"content":{"rendered":"<h2 data-start=\"237\" data-end=\"303\"><strong data-start=\"237\" data-end=\"303\">Uma experi\u00eancia \u00fanica em contato com a natureza patag\u00f4nica<\/strong><\/h2>\n<p data-start=\"305\" data-end=\"652\">Desfrute de uma experi\u00eancia inesquec\u00edvel remando nas \u00e1guas cristalinas do Lago Moreno, um dos mais emblem\u00e1ticos de Bariloche.<br data-start=\"439\" data-end=\"442\" \/>A atividade, de baixa dificuldade, convida os senhores a se conectarem com a serenidade da Patag\u00f4nia e a contemplarem as majestosas paisagens que a cercam, acompanhados por guias especializados que os acompanhar\u00e3o em todos os momentos.<\/p>\n<h3 data-start=\"659\" data-end=\"676\"><strong data-start=\"663\" data-end=\"676\">Passeio<\/strong><\/h3>\n<p data-start=\"678\" data-end=\"991\">Hor\u00e1rio de funcionamento: 11:00 \u00e0s 15:00 aprox. \/ 13:00 \u00e0s 17:00 aprox.<br data-start=\"731\" data-end=\"734\" \/>Partida do centro de Bariloche, percorrendo parte do Circuito Chico at\u00e9 chegar \u00e0 \u00e1rea do Lago Moreno, onde \u00e9 realizado o passeio de caiaque.<br data-start=\"884\" data-end=\"887\" \/>O passeio combina momentos de remadas suaves e tempo livre para descansar e apreciar o ambiente natural.<\/p>\n<h3 data-start=\"998\" data-end=\"1024\"><strong data-start=\"1002\" data-end=\"1024\">Local da reuni\u00e3o<\/strong><\/h3>\n<p data-start=\"1026\" data-end=\"1202\">Hot\u00e9is e pontos de encontro localizados desde o centro de Bariloche at\u00e9 o km 8 da Av. Bustillo ou Av. Pioneros.<br data-start=\"1140\" data-end=\"1143\" \/>Para outros pontos de partida, favor consultar no momento da reserva.<\/p>\n<h3 data-start=\"1209\" data-end=\"1224\"><strong data-start=\"1213\" data-end=\"1224\">Inclui<\/strong><\/h3>\n<ul data-start=\"1226\" data-end=\"1461\">\n<li data-start=\"1226\" data-end=\"1294\">\n<p data-start=\"1228\" data-end=\"1294\">Caiaque estilo Sit On Top, ideal por sua estabilidade e conforto.<\/p>\n<\/li>\n<li data-start=\"1295\" data-end=\"1377\">\n<p data-start=\"1297\" data-end=\"1377\">Equipamento de seguran\u00e7a completo (colete salva-vidas, remo, jaqueta imperme\u00e1vel).<\/p>\n<\/li>\n<li data-start=\"1378\" data-end=\"1412\">\n<p data-start=\"1380\" data-end=\"1412\">Guias profissionais bil\u00edngues.<\/p>\n<\/li>\n<li data-start=\"1413\" data-end=\"1461\">\n<p data-start=\"1415\" data-end=\"1461\">Traslados de ida e volta para o ponto de encontro.<\/p>\n<\/li>\n<\/ul>\n<h3 data-start=\"1468\" data-end=\"1486\"><strong data-start=\"1472\" data-end=\"1486\">N\u00e3o inclui<\/strong><\/h3>\n<ul data-start=\"1488\" data-end=\"1567\">\n<li data-start=\"1488\" data-end=\"1509\">\n<p data-start=\"1490\" data-end=\"1509\">Refei\u00e7\u00f5es ou lanches.<\/p>\n<\/li>\n<li data-start=\"1510\" data-end=\"1567\">\n<p data-start=\"1512\" data-end=\"1567\">Roupas pessoais (recomenda-se levar um casaco e uma muda de roupa seca).<\/p>\n<\/li>\n<\/ul>\n<h3 data-start=\"1695\" data-end=\"1718\"><strong data-start=\"1699\" data-end=\"1718\">Recomenda\u00e7\u00f5es<\/strong><\/h3>\n<p data-start=\"1720\" data-end=\"1729\">Transportar:<\/p>\n<ul data-start=\"1730\" data-end=\"1960\">\n<li data-start=\"1730\" data-end=\"1800\">\n<p data-start=\"1732\" data-end=\"1800\">Roupas confort\u00e1veis e sapatos fechados (t\u00eanis ou sand\u00e1lias ajust\u00e1veis).<\/p>\n<\/li>\n<li data-start=\"1801\" data-end=\"1823\">\n<p data-start=\"1803\" data-end=\"1823\">Troca de roupas secas.<\/p>\n<\/li>\n<li data-start=\"1824\" data-end=\"1882\">\n<p data-start=\"1826\" data-end=\"1882\">Protetor solar, bon\u00e9 e \u00f3culos de sol com fecho.<\/p>\n<\/li>\n<li data-start=\"1883\" data-end=\"1932\">\n<p data-start=\"1885\" data-end=\"1932\">Toalha e casaco para depois da atividade.<\/p>\n<\/li>\n<li data-start=\"1933\" data-end=\"1960\">\n<p data-start=\"1935\" data-end=\"1960\">Carteira de identidade.<\/p>\n<\/li>\n<\/ul>\n<p data-start=\"1962\" data-end=\"2012\">N\u00e3o \u00e9 necess\u00e1rio ter experi\u00eancia pr\u00e9via em caiaque.<\/p>\n<h3 data-start=\"2019\" data-end=\"2047\"><strong data-start=\"2023\" data-end=\"2047\">Perguntas frequentes<\/strong><\/h3>\n<p data-start=\"2049\" data-end=\"2163\"><strong data-start=\"2049\" data-end=\"2090\">Os caiaques s\u00e3o simples ou duplos?<\/strong><br data-start=\"2090\" data-end=\"2093\" \/>Geralmente s\u00e3o duplos, o que facilita a remada e a estabilidade.<\/p>\n<p data-start=\"2165\" data-end=\"2274\"><strong data-start=\"2165\" data-end=\"2214\">Posso fazer a atividade sem experi\u00eancia?<\/strong><br data-start=\"2214\" data-end=\"2217\" \/>Sim, a travessia \u00e9 ideal para iniciantes e fam\u00edlias.<\/p>\n<p data-start=\"2276\" data-end=\"2478\"><strong data-start=\"2276\" data-end=\"2300\">O que acontece se chover?<\/strong><br data-start=\"2300\" data-end=\"2303\" \/>A excurs\u00e3o \u00e9 poss\u00edvel mesmo com chuva fraca, pois isso faz parte do charme de remar na Patag\u00f4nia. Ela s\u00f3 \u00e9 suspensa em caso de tempestades ou ventos fortes.<\/p>\n<p data-start=\"2480\" data-end=\"2567\"><strong data-start=\"2480\" data-end=\"2504\">Existe um limite de idade?<\/strong><br data-start=\"2504\" data-end=\"2507\" \/>A partir de 4 anos de idade, sempre acompanhado por um adulto.<\/p>","protected":false},"excerpt":{"rendered":"<p>Vivi uma experi\u00eancia incr\u00edvel de <strong>Passeio de caiaque no Lago Moreno<\/strong> e se conectar com a natureza da Patag\u00f4nia.<br data-start=\"3120\" data-end=\"3123\" \/>Uma atividade de baixa dificuldade, guiada por profissionais, ideal para apreciar a paisagem e a tranquilidade do lago.<\/p>","protected":false},"featured_media":66605,"comment_status":"open","ping_status":"closed","template":"","meta":[],"product_brand":[],"product_cat":[105,124,115,106,125,108,119,120,132,122],"product_tag":[],"class_list":{"0":"post-65768","1":"product","2":"type-product","3":"status-publish","4":"has-post-thumbnail","6":"product_cat-adultos","7":"product_cat-aventura","8":"product_cat-con-traslado","9":"product_cat-familia","10":"product_cat-lacustre","11":"product_cat-ninos","12":"product_cat-otono","13":"product_cat-primavera","14":"product_cat-sin-comida","15":"product_cat-verano","17":"first","18":"instock","19":"virtual","20":"sold-individually","21":"purchasable","22":"product-type-booking"},"booking_location":"","booking_location_type":"","booking_duration":1,"booking_duration_unit":"hour","booking_buffer":0,"booking_cost":0,"booking_resources":[],"exclude_global_add_ons":false,"addons":[{"name":"ADU : Adulto","type":"input_multiplier","position":0,"required":false,"title_format":"label","default":"","description_enable":false,"description":"","placeholder_enable":false,"placeholder":"","display":"select","restrictions_type":"any_text","adjust_price":true,"price":"107400","price_type":"quantity_based","restrictions":false,"min":"0","max":"0","options":[],"id":1773074737},{"name":"MEN512 | 5 a 12","type":"input_multiplier","position":1,"required":false,"title_format":"label","default":"","description_enable":false,"description":"","placeholder_enable":false,"placeholder":"","display":"select","restrictions_type":"any_text","adjust_price":true,"price":"107400","price_type":"quantity_based","restrictions":false,"min":"0","max":"0","options":[],"id":1773075048}],"yoast_head":"<!-- This site is optimized with the Yoast SEO Premium plugin v24.5 (Yoast SEO v24.8) - https:\/\/yoast.com\/wordpress\/plugins\/seo\/ -->\n<title>Kayak por el Lago Moreno en Bariloche | Aventura en la Patagonia<\/title>\n<meta name=\"description\" content=\"Explor\u00e1 Bariloche desde el agua con esta traves\u00eda en kayak por el Lago Moreno. Naturaleza, tranquilidad y paisajes \u00fanicos de la Patagonia.\" \/>\n<meta name=\"robots\" content=\"index, follow, max-snippet:-1, max-image-preview:large, max-video-preview:-1\" \/>\n<link rel=\"canonical\" href=\"https:\/\/passeiosbariloche.com\/pt\/product\/passeio-de-caiaque-no-lago-gutierrez\/\" \/>\n<meta property=\"og:locale\" content=\"pt_BR\" \/>\n<meta property=\"og:type\" content=\"article\" \/>\n<meta property=\"og:title\" content=\"Kayak por el Lago Moreno\" \/>\n<meta property=\"og:description\" content=\"Explor\u00e1 Bariloche desde el agua con esta traves\u00eda en kayak por el Lago Moreno. Naturaleza, tranquilidad y paisajes \u00fanicos de la Patagonia.\" \/>\n<meta property=\"og:url\" content=\"https:\/\/passeiosbariloche.com\/pt\/product\/passeio-de-caiaque-no-lago-gutierrez\/\" \/>\n<meta property=\"og:site_name\" content=\"Passeios em Bariloche | Neve, aventura e natureza na Argentina\" \/>\n<meta property=\"article:modified_time\" content=\"2026-04-08T19:20:40+00:00\" \/>\n<meta property=\"og:image\" content=\"https:\/\/passeiosbariloche.com\/wp-content\/uploads\/2025\/03\/8-C-GOPR1076-scaled.jpg\" \/>\n\t<meta property=\"og:image:width\" content=\"1920\" \/>\n\t<meta property=\"og:image:height\" content=\"2560\" \/>\n\t<meta property=\"og:image:type\" content=\"image\/jpeg\" \/>\n<meta name=\"twitter:card\" content=\"summary_large_image\" \/>\n<meta name=\"twitter:label1\" content=\"Pre\u00e7o\" \/>\n\t<meta name=\"twitter:data1\" content=\"&#036;&nbsp;107.400,00\" \/>\n\t<meta name=\"twitter:label2\" content=\"Disponibilidade\" \/>\n\t<meta name=\"twitter:data2\" content=\"Em Estoque\" \/>\n<script type=\"application\/ld+json\" class=\"yoast-schema-graph\">{\"@context\":\"https:\/\/schema.org\",\"@graph\":[{\"@type\":[\"WebPage\",\"ItemPage\"],\"@id\":\"https:\/\/passeiosbariloche.com\/product\/travesia-kayak-lago-moreno\/\",\"url\":\"https:\/\/passeiosbariloche.com\/product\/travesia-kayak-lago-moreno\/\",\"name\":\"Kayak por el Lago Moreno en Bariloche | Aventura en la Patagonia\",\"isPartOf\":{\"@id\":\"https:\/\/passeiosbariloche.com\/#website\"},\"primaryImageOfPage\":{\"@id\":\"https:\/\/passeiosbariloche.com\/product\/travesia-kayak-lago-moreno\/#primaryimage\"},\"image\":{\"@id\":\"https:\/\/passeiosbariloche.com\/product\/travesia-kayak-lago-moreno\/#primaryimage\"},\"thumbnailUrl\":\"https:\/\/passeiosbariloche.com\/wp-content\/uploads\/2025\/03\/8-C-GOPR1076-scaled.jpg\",\"datePublished\":\"2025-03-20T23:14:14+00:00\",\"dateModified\":\"2026-04-08T19:20:40+00:00\",\"description\":\"Explor\u00e1 Bariloche desde el agua con esta traves\u00eda en kayak por el Lago Moreno. Naturaleza, tranquilidad y paisajes \u00fanicos de la Patagonia.\",\"breadcrumb\":{\"@id\":\"https:\/\/passeiosbariloche.com\/product\/travesia-kayak-lago-moreno\/#breadcrumb\"},\"inLanguage\":\"pt-BR\",\"potentialAction\":[{\"@type\":\"ReadAction\",\"target\":[\"https:\/\/passeiosbariloche.com\/product\/travesia-kayak-lago-moreno\/\"]}]},{\"@type\":\"ImageObject\",\"inLanguage\":\"pt-BR\",\"@id\":\"https:\/\/passeiosbariloche.com\/product\/travesia-kayak-lago-moreno\/#primaryimage\",\"url\":\"https:\/\/passeiosbariloche.com\/wp-content\/uploads\/2025\/03\/8-C-GOPR1076-scaled.jpg\",\"contentUrl\":\"https:\/\/passeiosbariloche.com\/wp-content\/uploads\/2025\/03\/8-C-GOPR1076-scaled.jpg\",\"width\":1920,\"height\":2560,\"caption\":\"DCIM100GOPROGOPR1076.JPG\"},{\"@type\":\"BreadcrumbList\",\"@id\":\"https:\/\/passeiosbariloche.com\/product\/travesia-kayak-lago-moreno\/#breadcrumb\",\"itemListElement\":[{\"@type\":\"ListItem\",\"position\":1,\"name\":\"Home\",\"item\":\"https:\/\/passeiosbariloche.com\/\"},{\"@type\":\"ListItem\",\"position\":2,\"name\":\"Lista de excursiones\",\"item\":\"https:\/\/passeiosbariloche.com\/shop\/\"},{\"@type\":\"ListItem\",\"position\":3,\"name\":\"Kayak por el Lago Moreno\"}]},{\"@type\":\"WebSite\",\"@id\":\"https:\/\/passeiosbariloche.com\/#website\",\"url\":\"https:\/\/passeiosbariloche.com\/\",\"name\":\"Passeios em Bariloche | Aventura e natureza na Argentina\",\"description\":\"Planeje sua viagem para Bariloche com os melhores passeios! Atividades na neve, aventura e paisagens deslumbrantes na Patag\u00f4nia.\",\"potentialAction\":[{\"@type\":\"SearchAction\",\"target\":{\"@type\":\"EntryPoint\",\"urlTemplate\":\"https:\/\/passeiosbariloche.com\/?s={search_term_string}\"},\"query-input\":{\"@type\":\"PropertyValueSpecification\",\"valueRequired\":true,\"valueName\":\"search_term_string\"}}],\"inLanguage\":\"pt-BR\"}]}<\/script>\n<meta property=\"product:price:amount\" content=\"107400.00\" \/>\n<meta property=\"product:price:currency\" content=\"ARS\" \/>\n<meta property=\"og:availability\" content=\"instock\" \/>\n<meta property=\"product:availability\" content=\"instock\" \/>\n<meta property=\"product:retailer_item_id\" content=\"ADV2025TRENKAH9J5\" \/>\n<meta property=\"product:condition\" content=\"new\" \/>\n<!-- \/ Yoast SEO Premium plugin. -->","yoast_head_json":{"title":"Caiaque no Lago Moreno em Bariloche | Patagonia Adventure","description":"Explore Bariloche a partir da \u00e1gua com este passeio de caiaque no Lago Moreno. Natureza, tranquilidade e paisagens \u00fanicas da Patag\u00f4nia.","robots":{"index":"index","follow":"follow","max-snippet":"max-snippet:-1","max-image-preview":"max-image-preview:large","max-video-preview":"max-video-preview:-1"},"canonical":"https:\/\/passeiosbariloche.com\/pt\/product\/passeio-de-caiaque-no-lago-gutierrez\/","og_locale":"pt_BR","og_type":"article","og_title":"Kayak por el Lago Moreno","og_description":"Explor\u00e1 Bariloche desde el agua con esta traves\u00eda en kayak por el Lago Moreno. Naturaleza, tranquilidad y paisajes \u00fanicos de la Patagonia.","og_url":"https:\/\/passeiosbariloche.com\/pt\/product\/passeio-de-caiaque-no-lago-gutierrez\/","og_site_name":"Passeios em Bariloche | Neve, aventura e natureza na Argentina","article_modified_time":"2026-04-08T19:20:40+00:00","og_image":[{"width":1920,"height":2560,"url":"https:\/\/passeiosbariloche.com\/wp-content\/uploads\/2025\/03\/8-C-GOPR1076-scaled.jpg","type":"image\/jpeg"}],"twitter_card":"summary_large_image","twitter_misc":{"Pre\u00e7o":"&#36;&nbsp;107.400,00","Disponibilidade":"Em Estoque"},"schema":{"@context":"https:\/\/schema.org","@graph":[{"@type":["WebPage","ItemPage"],"@id":"https:\/\/passeiosbariloche.com\/product\/travesia-kayak-lago-moreno\/","url":"https:\/\/passeiosbariloche.com\/product\/travesia-kayak-lago-moreno\/","name":"Caiaque no Lago Moreno em Bariloche | Patagonia Adventure","isPartOf":{"@id":"https:\/\/passeiosbariloche.com\/#website"},"primaryImageOfPage":{"@id":"https:\/\/passeiosbariloche.com\/product\/travesia-kayak-lago-moreno\/#primaryimage"},"image":{"@id":"https:\/\/passeiosbariloche.com\/product\/travesia-kayak-lago-moreno\/#primaryimage"},"thumbnailUrl":"https:\/\/passeiosbariloche.com\/wp-content\/uploads\/2025\/03\/8-C-GOPR1076-scaled.jpg","datePublished":"2025-03-20T23:14:14+00:00","dateModified":"2026-04-08T19:20:40+00:00","description":"Explore Bariloche a partir da \u00e1gua com este passeio de caiaque no Lago Moreno. Natureza, tranquilidade e paisagens \u00fanicas da Patag\u00f4nia.","breadcrumb":{"@id":"https:\/\/passeiosbariloche.com\/product\/travesia-kayak-lago-moreno\/#breadcrumb"},"inLanguage":"pt-BR","potentialAction":[{"@type":"ReadAction","target":["https:\/\/passeiosbariloche.com\/product\/travesia-kayak-lago-moreno\/"]}]},{"@type":"ImageObject","inLanguage":"pt-BR","@id":"https:\/\/passeiosbariloche.com\/product\/travesia-kayak-lago-moreno\/#primaryimage","url":"https:\/\/passeiosbariloche.com\/wp-content\/uploads\/2025\/03\/8-C-GOPR1076-scaled.jpg","contentUrl":"https:\/\/passeiosbariloche.com\/wp-content\/uploads\/2025\/03\/8-C-GOPR1076-scaled.jpg","width":1920,"height":2560,"caption":"DCIM100GOPROGOPR1076.JPG"},{"@type":"BreadcrumbList","@id":"https:\/\/passeiosbariloche.com\/product\/travesia-kayak-lago-moreno\/#breadcrumb","itemListElement":[{"@type":"ListItem","position":1,"name":"Home","item":"https:\/\/passeiosbariloche.com\/"},{"@type":"ListItem","position":2,"name":"Lista de excursiones","item":"https:\/\/passeiosbariloche.com\/shop\/"},{"@type":"ListItem","position":3,"name":"Kayak por el Lago Moreno"}]},{"@type":"WebSite","@id":"https:\/\/passeiosbariloche.com\/#website","url":"https:\/\/passeiosbariloche.com\/","name":"Passeios em Bariloche | Aventura e natureza na Argentina","description":"Planeje sua viagem a Bariloche com as melhores viagens! Atividades na neve, aventura e paisagens deslumbrantes na Patag\u00f4nia.","potentialAction":[{"@type":"SearchAction","target":{"@type":"EntryPoint","urlTemplate":"https:\/\/passeiosbariloche.com\/?s={search_term_string}"},"query-input":{"@type":"PropertyValueSpecification","valueRequired":true,"valueName":"search_term_string"}}],"inLanguage":"pt-BR"}]},"product_price_amount":"107400.00","product_price_currency":"ARS","og_availability":"instock","product_availability":"instock","product_retailer_item_id":"ADV2025TRENKAH9J5","product_condition":"new"},"_links":{"self":[{"href":"https:\/\/passeiosbariloche.com\/pt\/wp-json\/wp\/v2\/product\/65768","targetHints":{"allow":["GET"]}}],"collection":[{"href":"https:\/\/passeiosbariloche.com\/pt\/wp-json\/wp\/v2\/product"}],"about":[{"href":"https:\/\/passeiosbariloche.com\/pt\/wp-json\/wp\/v2\/types\/product"}],"replies":[{"embeddable":true,"href":"https:\/\/passeiosbariloche.com\/pt\/wp-json\/wp\/v2\/comments?post=65768"}],"version-history":[{"count":7,"href":"https:\/\/passeiosbariloche.com\/pt\/wp-json\/wp\/v2\/product\/65768\/revisions"}],"predecessor-version":[{"id":84436,"href":"https:\/\/passeiosbariloche.com\/pt\/wp-json\/wp\/v2\/product\/65768\/revisions\/84436"}],"wp:featuredmedia":[{"embeddable":true,"href":"https:\/\/passeiosbariloche.com\/pt\/wp-json\/wp\/v2\/media\/66605"}],"wp:attachment":[{"href":"https:\/\/passeiosbariloche.com\/pt\/wp-json\/wp\/v2\/media?parent=65768"}],"wp:term":[{"taxonomy":"product_brand","embeddable":true,"href":"https:\/\/passeiosbariloche.com\/pt\/wp-json\/wp\/v2\/product_brand?post=65768"},{"taxonomy":"product_cat","embeddable":true,"href":"https:\/\/passeiosbariloche.com\/pt\/wp-json\/wp\/v2\/product_cat?post=65768"},{"taxonomy":"product_tag","embeddable":true,"href":"https:\/\/passeiosbariloche.com\/pt\/wp-json\/wp\/v2\/product_tag?post=65768"}],"curies":[{"name":"wp","href":"https:\/\/api.w.org\/{rel}","templated":true}]}}