{"id":65769,"date":"2025-03-20T20:14:29","date_gmt":"2025-03-20T23:14:29","guid":{"rendered":"https:\/\/passeiosbariloche.com\/?post_type=product&#038;p=65769"},"modified":"2026-04-13T12:46:22","modified_gmt":"2026-04-13T15:46:22","slug":"cruza-las-aguas-del-manso-en-rafting-hasta-la-frontera-con-chile-sin-traslado","status":"publish","type":"product","link":"https:\/\/passeiosbariloche.com\/pt\/product\/atravesse-as-aguas-do-manso-em-um-rafting-ate-a-fronteira-com-o-chile-sem-traslado\/","title":{"rendered":"Travessia do rio Manso em rafting at\u00e9 a fronteira com o Chile - sem traslado"},"content":{"rendered":"<h2>Desafio no rio Manso: Rafting at\u00e9 o limite<\/h2>\n<p>Mergulhe na maravilha natural do Rio Manso, a poucos passos do Chile. Este <strong>rafting<\/strong> n\u00edvel <strong>3 y 4<\/strong> \u00e9 uma experi\u00eancia incompar\u00e1vel, cercada por um cen\u00e1rio deslumbrante que o senhor jamais esquecer\u00e1.<\/p>\n<h3>In\u00edcio de uma jornada inesquec\u00edvel<\/h3>\n<p>Come\u00e7amos nossa expedi\u00e7\u00e3o no ponto de encontro. L\u00e1, o senhor ser\u00e1 recebido com o equipamento profissional \u00e0 sua disposi\u00e7\u00e3o - roupas de mergulho, coletes e capacetes - pronto para enfrentar o desafio aqu\u00e1tico.<\/p>\n<h3>Vivendo o Rio Manso<\/h3>\n<ul>\n<li><strong>Viagem:<\/strong> Navegar <strong>10 km<\/strong> do rio Manso ao longo de <strong>2 horas<\/strong> cheio de adrenalina.<\/li>\n<li><strong>Intensidade:<\/strong> Corredeiras vibrantes e elegantes <strong>III\/IV<\/strong> para obter o m\u00e1ximo de prazer.<\/li>\n<\/ul>\n<h3>Gastronomia p\u00f3s-aventura<\/h3>\n<p>No final do passeio, op\u00e7\u00f5es de almo\u00e7o como <strong>churrasco<\/strong>, <strong>massa<\/strong> ou saladas est\u00e3o dispon\u00edveis por uma taxa adicional.<\/p>\n<h3>Conselhos pr\u00e1ticos<\/h3>\n<ul>\n<li>Ideal para <strong>acima de 14 anos de idade<\/strong>sejam eles crian\u00e7as ou adolescentes em busca de emo\u00e7\u00e3o.<\/li>\n<li>N\u00e3o se esque\u00e7a de trazer um <strong>toalha<\/strong> e roupas extras para vestir ap\u00f3s a experi\u00eancia.<\/li>\n<\/ul>\n<h3>Detalhes log\u00edsticos sem realoca\u00e7\u00e3o<\/h3>\n<p>Para aqueles que preferem providenciar seu pr\u00f3prio transporte, se os senhores decidirem ir por seus pr\u00f3prios meios, o ponto de encontro \u00e9 em nosso parador, localizado na <strong data-start=\"372\" data-end=\"389\">Base Villegas<\/strong>no <strong data-start=\"400\" data-end=\"417\">Rota 83, Km 1<\/strong>.<br data-start=\"418\" data-end=\"421\" \/>Localiza\u00e7\u00e3o no Google Maps: <a class=\"\" href=\"https:\/\/maps.app.goo.gl\/NqbsUN6VB5Fnt7hVA\" target=\"_new\" rel=\"noopener\" data-start=\"449\" data-end=\"535\">https:\/\/maps.app.goo.gl\/NqbsUN6VB5Fnt7hVA<\/a> San Carlos de Bariloche.<\/p>\n<h3>Informa\u00e7\u00f5es essenciais<\/h3>\n<ul>\n<li><strong>Hor\u00e1rios:<\/strong> De <strong>09:00 \u00e0s 18:00 hs<\/strong>perfeitamente adaptado para aproveitar um dia inteiro.<\/li>\n<li><strong>Ele inclui:<\/strong> A atividade de rafting e todos os equipamentos necess\u00e1rios para sua seguran\u00e7a.<\/li>\n<li><strong>N\u00e3o inclui:<\/strong> Traslado, traslado da acomoda\u00e7\u00e3o, almo\u00e7o e caf\u00e9 da manh\u00e3.<\/li>\n<\/ul>\n<h2>Perguntas frequentes<\/h2>\n<ul>\n<li><strong>Qual \u00e9 o grau de dificuldade do rafting?<\/strong><br \/>\nA atividade \u00e9 de n\u00edvel intermedi\u00e1rio, com corredeiras de grau III e IV, o que exige emo\u00e7\u00e3o, mas n\u00e3o requer experi\u00eancia pr\u00e9via.<\/li>\n<li><strong>O que devo levar comigo em uma viagem de rafting?<\/strong><br \/>\nRecomendamos que o senhor traga um traje de banho, uma toalha e uma muda de roupa para depois da atividade.<\/li>\n<li><strong>Onde \u00e9 o ponto de encontro?<\/strong><br \/>\nO ponto de encontro \u00e9 em nosso Parador, localizado na <strong data-start=\"372\" data-end=\"389\">Base Villegas<\/strong>no <strong data-start=\"400\" data-end=\"417\">Rota 83, Km 1<\/strong>.<br data-start=\"418\" data-end=\"421\" \/>Localiza\u00e7\u00e3o no Google Maps: <a class=\"\" href=\"https:\/\/maps.app.goo.gl\/NqbsUN6VB5Fnt7hVA\" target=\"_new\" rel=\"noopener\" data-start=\"449\" data-end=\"535\">https:\/\/maps.app.goo.gl\/NqbsUN6VB5Fnt7hVA<\/a>\u00a0 para aqueles que optarem pela op\u00e7\u00e3o sem transfer\u00eancia.<\/li>\n<\/ul>\n<p><strong>Aviso importante<\/strong>Esse passeio est\u00e1 dispon\u00edvel no momento e tem sa\u00eddas at\u00e9 30 de abril, de acordo com o calend\u00e1rio operacional.<\/p>","protected":false},"excerpt":{"rendered":"<p>Experimente a emo\u00e7\u00e3o \u00fanica do rafting enquanto explora o Rio Manso, sem ter que se preocupar com traslados. Ideal para participantes a partir de 14 anos de idade, essa aventura oferece adrenalina e um cen\u00e1rio memor\u00e1vel.<\/p>","protected":false},"featured_media":66550,"comment_status":"open","ping_status":"closed","template":"","meta":[],"product_brand":[],"product_cat":[105,124,106,108,119,120,132,116,122],"product_tag":[],"class_list":{"0":"post-65769","1":"product","2":"type-product","3":"status-publish","4":"has-post-thumbnail","6":"product_cat-adultos","7":"product_cat-aventura","8":"product_cat-familia","9":"product_cat-ninos","10":"product_cat-otono","11":"product_cat-primavera","12":"product_cat-sin-comida","13":"product_cat-sin-traslado","14":"product_cat-verano","16":"first","17":"instock","18":"virtual","19":"sold-individually","20":"purchasable","21":"product-type-booking"},"booking_location":"","booking_location_type":"","booking_duration":1,"booking_duration_unit":"hour","booking_buffer":0,"booking_cost":0,"booking_resources":[],"exclude_global_add_ons":false,"addons":[{"name":"ADU : Adulto","type":"input_multiplier","position":0,"required":false,"title_format":"label","default":"","description_enable":false,"description":"","placeholder_enable":false,"placeholder":"","display":"select","restrictions_type":"any_text","adjust_price":true,"price":"140400","price_type":"quantity_based","restrictions":false,"min":"0","max":"0","options":[],"id":1773236380},{"name":"EXTRA: acompanhante","type":"input_multiplier","position":1,"required":false,"title_format":"label","default":"","description_enable":false,"description":"","placeholder_enable":false,"placeholder":"","display":"select","restrictions_type":"any_text","adjust_price":true,"price":"70200","price_type":"quantity_based","restrictions":false,"min":"0","max":"0","options":[],"id":1773236381},{"name":"MEN1418 | de 14 a 18","type":"input_multiplier","position":2,"required":false,"title_format":"label","default":"","description_enable":false,"description":"","placeholder_enable":false,"placeholder":"","display":"select","restrictions_type":"any_text","adjust_price":true,"price":"140400","price_type":"quantity_based","restrictions":false,"min":"0","max":"0","options":[],"id":1773236382}],"yoast_head":"<!-- This site is optimized with the Yoast SEO Premium plugin v24.5 (Yoast SEO v24.8) - https:\/\/yoast.com\/wordpress\/plugins\/seo\/ -->\n<title>Rafting Rio Manso hasta el Limite con Chile | - Passeios em Bariloche | Neve, aventura e natureza na Argentina<\/title>\n<meta name=\"description\" content=\"Llega por tu cuenta a Base Villegas y disfruta r\u00e1pidos grado III y IV hasta la frontera con Chile. Equipo incluido y gu\u00edas expertos en el tema.\" \/>\n<meta name=\"robots\" content=\"index, follow, max-snippet:-1, max-image-preview:large, max-video-preview:-1\" \/>\n<link rel=\"canonical\" href=\"https:\/\/passeiosbariloche.com\/pt\/product\/atravesse-as-aguas-do-manso-em-um-rafting-ate-a-fronteira-com-o-chile-sem-traslado\/\" \/>\n<meta property=\"og:locale\" content=\"pt_BR\" \/>\n<meta property=\"og:type\" content=\"article\" \/>\n<meta property=\"og:title\" content=\"Cruza las Aguas del Manso en rafting hasta la Frontera con Chile - Sin traslado\" \/>\n<meta property=\"og:description\" content=\"Llega por tu cuenta a Base Villegas y disfruta r\u00e1pidos grado III y IV hasta la frontera con Chile. Equipo incluido y gu\u00edas expertos en el tema.\" \/>\n<meta property=\"og:url\" content=\"https:\/\/passeiosbariloche.com\/pt\/product\/atravesse-as-aguas-do-manso-em-um-rafting-ate-a-fronteira-com-o-chile-sem-traslado\/\" \/>\n<meta property=\"og:site_name\" content=\"Passeios em Bariloche | Neve, aventura e natureza na Argentina\" \/>\n<meta property=\"article:modified_time\" content=\"2026-04-13T15:46:22+00:00\" \/>\n<meta property=\"og:image\" content=\"https:\/\/passeiosbariloche.com\/wp-content\/uploads\/2025\/03\/8-C-rafting-al-limite-home-scaled.jpg\" \/>\n\t<meta property=\"og:image:width\" content=\"1920\" \/>\n\t<meta property=\"og:image:height\" content=\"2560\" \/>\n\t<meta property=\"og:image:type\" content=\"image\/jpeg\" \/>\n<meta name=\"twitter:card\" content=\"summary_large_image\" \/>\n<meta name=\"twitter:label1\" content=\"Pre\u00e7o\" \/>\n\t<meta name=\"twitter:data1\" content=\"&#036;&nbsp;140.400,00\" \/>\n\t<meta name=\"twitter:label2\" content=\"Disponibilidade\" \/>\n\t<meta name=\"twitter:data2\" content=\"Em Estoque\" \/>\n<script type=\"application\/ld+json\" class=\"yoast-schema-graph\">{\"@context\":\"https:\/\/schema.org\",\"@graph\":[{\"@type\":[\"WebPage\",\"ItemPage\"],\"@id\":\"https:\/\/passeiosbariloche.com\/product\/cruza-las-aguas-del-manso-en-rafting-hasta-la-frontera-con-chile-sin-traslado\/\",\"url\":\"https:\/\/passeiosbariloche.com\/product\/cruza-las-aguas-del-manso-en-rafting-hasta-la-frontera-con-chile-sin-traslado\/\",\"name\":\"Rafting Rio Manso hasta el Limite con Chile | - Passeios em Bariloche | Neve, aventura e natureza na Argentina\",\"isPartOf\":{\"@id\":\"https:\/\/passeiosbariloche.com\/#website\"},\"primaryImageOfPage\":{\"@id\":\"https:\/\/passeiosbariloche.com\/product\/cruza-las-aguas-del-manso-en-rafting-hasta-la-frontera-con-chile-sin-traslado\/#primaryimage\"},\"image\":{\"@id\":\"https:\/\/passeiosbariloche.com\/product\/cruza-las-aguas-del-manso-en-rafting-hasta-la-frontera-con-chile-sin-traslado\/#primaryimage\"},\"thumbnailUrl\":\"https:\/\/passeiosbariloche.com\/wp-content\/uploads\/2025\/03\/8-C-rafting-al-limite-home-scaled.jpg\",\"datePublished\":\"2025-03-20T23:14:29+00:00\",\"dateModified\":\"2026-04-13T15:46:22+00:00\",\"description\":\"Llega por tu cuenta a Base Villegas y disfruta r\u00e1pidos grado III y IV hasta la frontera con Chile. Equipo incluido y gu\u00edas expertos en el tema.\",\"breadcrumb\":{\"@id\":\"https:\/\/passeiosbariloche.com\/product\/cruza-las-aguas-del-manso-en-rafting-hasta-la-frontera-con-chile-sin-traslado\/#breadcrumb\"},\"inLanguage\":\"pt-BR\",\"potentialAction\":[{\"@type\":\"ReadAction\",\"target\":[\"https:\/\/passeiosbariloche.com\/product\/cruza-las-aguas-del-manso-en-rafting-hasta-la-frontera-con-chile-sin-traslado\/\"]}]},{\"@type\":\"ImageObject\",\"inLanguage\":\"pt-BR\",\"@id\":\"https:\/\/passeiosbariloche.com\/product\/cruza-las-aguas-del-manso-en-rafting-hasta-la-frontera-con-chile-sin-traslado\/#primaryimage\",\"url\":\"https:\/\/passeiosbariloche.com\/wp-content\/uploads\/2025\/03\/8-C-rafting-al-limite-home-scaled.jpg\",\"contentUrl\":\"https:\/\/passeiosbariloche.com\/wp-content\/uploads\/2025\/03\/8-C-rafting-al-limite-home-scaled.jpg\",\"width\":1920,\"height\":2560},{\"@type\":\"BreadcrumbList\",\"@id\":\"https:\/\/passeiosbariloche.com\/product\/cruza-las-aguas-del-manso-en-rafting-hasta-la-frontera-con-chile-sin-traslado\/#breadcrumb\",\"itemListElement\":[{\"@type\":\"ListItem\",\"position\":1,\"name\":\"Home\",\"item\":\"https:\/\/passeiosbariloche.com\/\"},{\"@type\":\"ListItem\",\"position\":2,\"name\":\"Lista de excursiones\",\"item\":\"https:\/\/passeiosbariloche.com\/shop\/\"},{\"@type\":\"ListItem\",\"position\":3,\"name\":\"Cruza las Aguas del Manso en rafting hasta la Frontera con Chile &#8211; Sin traslado\"}]},{\"@type\":\"WebSite\",\"@id\":\"https:\/\/passeiosbariloche.com\/#website\",\"url\":\"https:\/\/passeiosbariloche.com\/\",\"name\":\"Passeios em Bariloche | Aventura e natureza na Argentina\",\"description\":\"Planeje sua viagem para Bariloche com os melhores passeios! Atividades na neve, aventura e paisagens deslumbrantes na Patag\u00f4nia.\",\"potentialAction\":[{\"@type\":\"SearchAction\",\"target\":{\"@type\":\"EntryPoint\",\"urlTemplate\":\"https:\/\/passeiosbariloche.com\/?s={search_term_string}\"},\"query-input\":{\"@type\":\"PropertyValueSpecification\",\"valueRequired\":true,\"valueName\":\"search_term_string\"}}],\"inLanguage\":\"pt-BR\"}]}<\/script>\n<meta property=\"product:price:amount\" content=\"140400.00\" \/>\n<meta property=\"product:price:currency\" content=\"ARS\" \/>\n<meta property=\"og:availability\" content=\"instock\" \/>\n<meta property=\"product:availability\" content=\"instock\" \/>\n<meta property=\"product:retailer_item_id\" content=\"ADV2025RAALL\u00cd530P\" \/>\n<meta property=\"product:condition\" content=\"new\" \/>\n<!-- \/ Yoast SEO Premium plugin. -->","yoast_head_json":{"title":"Rafting no Rio Manso at\u00e9 a fronteira com o Chile | - Passeios em Bariloche | Neve, aventura e natureza na Argentina","description":"Chegue por conta pr\u00f3pria \u00e0 Base Villegas e aproveite as corredeiras de grau III e IV at\u00e9 a fronteira com o Chile. Equipamento e guias especializados inclu\u00eddos.","robots":{"index":"index","follow":"follow","max-snippet":"max-snippet:-1","max-image-preview":"max-image-preview:large","max-video-preview":"max-video-preview:-1"},"canonical":"https:\/\/passeiosbariloche.com\/pt\/product\/atravesse-as-aguas-do-manso-em-um-rafting-ate-a-fronteira-com-o-chile-sem-traslado\/","og_locale":"pt_BR","og_type":"article","og_title":"Cruza las Aguas del Manso en rafting hasta la Frontera con Chile - Sin traslado","og_description":"Llega por tu cuenta a Base Villegas y disfruta r\u00e1pidos grado III y IV hasta la frontera con Chile. Equipo incluido y gu\u00edas expertos en el tema.","og_url":"https:\/\/passeiosbariloche.com\/pt\/product\/atravesse-as-aguas-do-manso-em-um-rafting-ate-a-fronteira-com-o-chile-sem-traslado\/","og_site_name":"Passeios em Bariloche | Neve, aventura e natureza na Argentina","article_modified_time":"2026-04-13T15:46:22+00:00","og_image":[{"width":1920,"height":2560,"url":"https:\/\/passeiosbariloche.com\/wp-content\/uploads\/2025\/03\/8-C-rafting-al-limite-home-scaled.jpg","type":"image\/jpeg"}],"twitter_card":"summary_large_image","twitter_misc":{"Pre\u00e7o":"&#36;&nbsp;140.400,00","Disponibilidade":"Em Estoque"},"schema":{"@context":"https:\/\/schema.org","@graph":[{"@type":["WebPage","ItemPage"],"@id":"https:\/\/passeiosbariloche.com\/product\/cruza-las-aguas-del-manso-en-rafting-hasta-la-frontera-con-chile-sin-traslado\/","url":"https:\/\/passeiosbariloche.com\/product\/cruza-las-aguas-del-manso-en-rafting-hasta-la-frontera-con-chile-sin-traslado\/","name":"Rafting no Rio Manso at\u00e9 a fronteira com o Chile | - Passeios em Bariloche | Neve, aventura e natureza na Argentina","isPartOf":{"@id":"https:\/\/passeiosbariloche.com\/#website"},"primaryImageOfPage":{"@id":"https:\/\/passeiosbariloche.com\/product\/cruza-las-aguas-del-manso-en-rafting-hasta-la-frontera-con-chile-sin-traslado\/#primaryimage"},"image":{"@id":"https:\/\/passeiosbariloche.com\/product\/cruza-las-aguas-del-manso-en-rafting-hasta-la-frontera-con-chile-sin-traslado\/#primaryimage"},"thumbnailUrl":"https:\/\/passeiosbariloche.com\/wp-content\/uploads\/2025\/03\/8-C-rafting-al-limite-home-scaled.jpg","datePublished":"2025-03-20T23:14:29+00:00","dateModified":"2026-04-13T15:46:22+00:00","description":"Chegue por conta pr\u00f3pria \u00e0 Base Villegas e aproveite as corredeiras de grau III e IV at\u00e9 a fronteira com o Chile. Equipamento e guias especializados inclu\u00eddos.","breadcrumb":{"@id":"https:\/\/passeiosbariloche.com\/product\/cruza-las-aguas-del-manso-en-rafting-hasta-la-frontera-con-chile-sin-traslado\/#breadcrumb"},"inLanguage":"pt-BR","potentialAction":[{"@type":"ReadAction","target":["https:\/\/passeiosbariloche.com\/product\/cruza-las-aguas-del-manso-en-rafting-hasta-la-frontera-con-chile-sin-traslado\/"]}]},{"@type":"ImageObject","inLanguage":"pt-BR","@id":"https:\/\/passeiosbariloche.com\/product\/cruza-las-aguas-del-manso-en-rafting-hasta-la-frontera-con-chile-sin-traslado\/#primaryimage","url":"https:\/\/passeiosbariloche.com\/wp-content\/uploads\/2025\/03\/8-C-rafting-al-limite-home-scaled.jpg","contentUrl":"https:\/\/passeiosbariloche.com\/wp-content\/uploads\/2025\/03\/8-C-rafting-al-limite-home-scaled.jpg","width":1920,"height":2560},{"@type":"BreadcrumbList","@id":"https:\/\/passeiosbariloche.com\/product\/cruza-las-aguas-del-manso-en-rafting-hasta-la-frontera-con-chile-sin-traslado\/#breadcrumb","itemListElement":[{"@type":"ListItem","position":1,"name":"Home","item":"https:\/\/passeiosbariloche.com\/"},{"@type":"ListItem","position":2,"name":"Lista de excursiones","item":"https:\/\/passeiosbariloche.com\/shop\/"},{"@type":"ListItem","position":3,"name":"Cruza las Aguas del Manso en rafting hasta la Frontera con Chile &#8211; Sin traslado"}]},{"@type":"WebSite","@id":"https:\/\/passeiosbariloche.com\/#website","url":"https:\/\/passeiosbariloche.com\/","name":"Passeios em Bariloche | Aventura e natureza na Argentina","description":"Planeje sua viagem a Bariloche com as melhores viagens! Atividades na neve, aventura e paisagens deslumbrantes na Patag\u00f4nia.","potentialAction":[{"@type":"SearchAction","target":{"@type":"EntryPoint","urlTemplate":"https:\/\/passeiosbariloche.com\/?s={search_term_string}"},"query-input":{"@type":"PropertyValueSpecification","valueRequired":true,"valueName":"search_term_string"}}],"inLanguage":"pt-BR"}]},"product_price_amount":"140400.00","product_price_currency":"ARS","og_availability":"instock","product_availability":"instock","product_retailer_item_id":"ADV2025RAALL\u00cd530P","product_condition":"new"},"_links":{"self":[{"href":"https:\/\/passeiosbariloche.com\/pt\/wp-json\/wp\/v2\/product\/65769","targetHints":{"allow":["GET"]}}],"collection":[{"href":"https:\/\/passeiosbariloche.com\/pt\/wp-json\/wp\/v2\/product"}],"about":[{"href":"https:\/\/passeiosbariloche.com\/pt\/wp-json\/wp\/v2\/types\/product"}],"replies":[{"embeddable":true,"href":"https:\/\/passeiosbariloche.com\/pt\/wp-json\/wp\/v2\/comments?post=65769"}],"version-history":[{"count":19,"href":"https:\/\/passeiosbariloche.com\/pt\/wp-json\/wp\/v2\/product\/65769\/revisions"}],"predecessor-version":[{"id":84498,"href":"https:\/\/passeiosbariloche.com\/pt\/wp-json\/wp\/v2\/product\/65769\/revisions\/84498"}],"wp:featuredmedia":[{"embeddable":true,"href":"https:\/\/passeiosbariloche.com\/pt\/wp-json\/wp\/v2\/media\/66550"}],"wp:attachment":[{"href":"https:\/\/passeiosbariloche.com\/pt\/wp-json\/wp\/v2\/media?parent=65769"}],"wp:term":[{"taxonomy":"product_brand","embeddable":true,"href":"https:\/\/passeiosbariloche.com\/pt\/wp-json\/wp\/v2\/product_brand?post=65769"},{"taxonomy":"product_cat","embeddable":true,"href":"https:\/\/passeiosbariloche.com\/pt\/wp-json\/wp\/v2\/product_cat?post=65769"},{"taxonomy":"product_tag","embeddable":true,"href":"https:\/\/passeiosbariloche.com\/pt\/wp-json\/wp\/v2\/product_tag?post=65769"}],"curies":[{"name":"wp","href":"https:\/\/api.w.org\/{rel}","templated":true}]}}