{"id":65770,"date":"2025-03-20T20:14:42","date_gmt":"2025-03-20T23:14:42","guid":{"rendered":"https:\/\/passeiosbariloche.com\/?post_type=product&#038;p=65770"},"modified":"2026-04-13T12:46:48","modified_gmt":"2026-04-13T15:46:48","slug":"cruza-las-aguas-del-manso-en-rafting-hasta-la-frontera-con-chile","status":"publish","type":"product","link":"https:\/\/passeiosbariloche.com\/pt\/product\/bote-pelas-aguas-do-manso-ate-a-fronteira-com-o-chile\/","title":{"rendered":"Atravesse o rio Manso em um rafting at\u00e9 a fronteira com o Chile."},"content":{"rendered":"<h2>Aventura de rafting na fronteira com o Chile<\/h2>\n<p>Descubra a emo\u00e7\u00e3o de <strong>rafting<\/strong> nos magn\u00edficos arredores do <strong>Rio Manso<\/strong>onde a a\u00e7\u00e3o e a beleza natural se encontram. Nessa experi\u00eancia elevada de grau 3 e 4, cada corredeira traz pura adrenalina \u00e0 medida que o senhor se aproxima da fronteira com o Chile, com paisagens de beleza inigual\u00e1vel.<\/p>\n<h3>Plano de atividades<\/h3>\n<ul>\n<li><strong>Ponto de encontro:<\/strong> N\u00f3s nos encontramos \u00e0s 8:00 horas no centro da cidade de San Carlos de Bariloche, a poucos metros do centro c\u00edvico.<\/li>\n<li><strong>Equipamento fornecido:<\/strong> Inclui roupa de mergulho, capacete e colete salva-vidas para m\u00e1xima seguran\u00e7a.<\/li>\n<li><strong>Dura\u00e7\u00e3o do passeio:<\/strong> Desfrutamos de 11 km de pura emo\u00e7\u00e3o, durante cerca de 2 horas de navega\u00e7\u00e3o pelas corredeiras.<\/li>\n<li><strong>Op\u00e7\u00e3o de almo\u00e7o:<\/strong> Finalizamos a experi\u00eancia com um churrasco ou saladas, op\u00e7\u00f5es dispon\u00edveis, mas n\u00e3o inclu\u00eddas no pre\u00e7o.<\/li>\n<li><strong>Seguran\u00e7a em primeiro lugar:<\/strong> Uma equipe de caiaqueiros profissionais garante um percurso seguro e controlado.<\/li>\n<\/ul>\n<h3>Informa\u00e7\u00f5es essenciais<\/h3>\n<ul>\n<li><strong>O que levar:<\/strong> N\u00e3o se esque\u00e7a de sua toalha e de uma muda de roupa para depois do rafting.<\/li>\n<li><strong>Exig\u00eancia de idade:<\/strong> Adequado para participantes com 14 anos ou mais.<\/li>\n<\/ul>\n<h3>Cronograma de atividades<\/h3>\n<p>O primeiro dia vai das 8:00 \u00e0s 18:00 horas, aproximadamente.<\/p>\n<h3>Inclu\u00eddo no pacote<\/h3>\n<ul>\n<li>Rafting no rio Manso<\/li>\n<li>Todos os equipamentos necess\u00e1rios<\/li>\n<\/ul>\n<h3>Perguntas frequentes<\/h3>\n<h4>\u00c9 poss\u00edvel chegar l\u00e1 por conta pr\u00f3pria?<\/h4>\n<p>Obviamente, aqueles que optarem por n\u00e3o usar o transporte inclu\u00eddo podem nos encontrar no <strong data-start=\"372\" data-end=\"389\">Base Villegas<\/strong>no <strong data-start=\"400\" data-end=\"417\">Ruta 83, Km 1, San Carlos de Bariloche, R\u00edo Negro.<br \/>\nLocaliza\u00e7\u00e3o no Google Maps: <a class=\"\" href=\"https:\/\/maps.app.goo.gl\/NqbsUN6VB5Fnt7hVA\" target=\"_new\" rel=\"noopener\" data-start=\"449\" data-end=\"535\">https:\/\/maps.app.goo.gl\/NqbsUN6VB5Fnt7hVA<\/a>\u00a0<\/strong><\/p>\n<h4>Posso levar um acompanhante que n\u00e3o esteja praticando artesanato?<\/h4>\n<p>\u00c9 claro que um acompanhante pode participar por 50% do custo, aproveitando o ambiente sem fazer rafting.<\/p>\n<p><strong>Aviso importante<\/strong>Esse passeio est\u00e1 dispon\u00edvel no momento e tem sa\u00eddas at\u00e9 30 de abril, de acordo com o calend\u00e1rio operacional.<\/p>","protected":false},"excerpt":{"rendered":"<p>Mergulhe em uma jornada cheia de emo\u00e7\u00e3o com o <strong>rafting na fronteira com o Chile<\/strong>. Explore as cativantes corredeiras de classe III\/IV do <strong>Rio Manso<\/strong>. Todo o equipamento necess\u00e1rio e a seguran\u00e7a garantida por caiaqueiros experientes. Perfeito para aventureiros que buscam uma conex\u00e3o com a natureza e momentos de adrenalina.<\/p>","protected":false},"featured_media":66549,"comment_status":"open","ping_status":"closed","template":"","meta":[],"product_brand":[],"product_cat":[105,124,115,106,108,119,120,132,122],"product_tag":[],"class_list":{"0":"post-65770","1":"product","2":"type-product","3":"status-publish","4":"has-post-thumbnail","6":"product_cat-adultos","7":"product_cat-aventura","8":"product_cat-con-traslado","9":"product_cat-familia","10":"product_cat-ninos","11":"product_cat-otono","12":"product_cat-primavera","13":"product_cat-sin-comida","14":"product_cat-verano","16":"first","17":"instock","18":"virtual","19":"sold-individually","20":"purchasable","21":"product-type-booking"},"booking_location":"","booking_location_type":"","booking_duration":1,"booking_duration_unit":"hour","booking_buffer":0,"booking_cost":0,"booking_resources":[],"exclude_global_add_ons":false,"addons":[{"name":"ADU : Adulto","type":"input_multiplier","position":0,"required":false,"title_format":"label","default":"","description_enable":false,"description":"","placeholder_enable":false,"placeholder":"","display":"select","restrictions_type":"any_text","adjust_price":true,"price":"155400","price_type":"quantity_based","restrictions":false,"min":"0","max":"0","options":[],"id":1773236614},{"name":"EXTRA: acompanhante","type":"input_multiplier","position":1,"required":false,"title_format":"label","default":"","description_enable":false,"description":"","placeholder_enable":false,"placeholder":"","display":"select","restrictions_type":"any_text","adjust_price":true,"price":"77700","price_type":"quantity_based","restrictions":false,"min":"0","max":"0","options":[],"id":1773236615},{"name":"MEN1418 | de 14 a 18","type":"input_multiplier","position":2,"required":false,"title_format":"label","default":"","description_enable":false,"description":"","placeholder_enable":false,"placeholder":"","display":"select","restrictions_type":"any_text","adjust_price":true,"price":"155400","price_type":"quantity_based","restrictions":false,"min":"0","max":"0","options":[],"id":1773236616}],"yoast_head":"<!-- This site is optimized with the Yoast SEO Premium plugin v24.5 (Yoast SEO v24.8) - https:\/\/yoast.com\/wordpress\/plugins\/seo\/ -->\n<title>Cruza las Aguas del Manso en rafting hasta la Frontera con Chile - Passeios em Bariloche | Neve, aventura e natureza na Argentina<\/title>\n<meta name=\"description\" content=\"Salida desde Bariloche para vivir r\u00e1pidos grado III y IV hasta la frontera con Chile. Incluye equipo completo y gu\u00edas expertos en el tema.\" \/>\n<meta name=\"robots\" content=\"index, follow, max-snippet:-1, max-image-preview:large, max-video-preview:-1\" \/>\n<link rel=\"canonical\" href=\"https:\/\/passeiosbariloche.com\/pt\/product\/bote-pelas-aguas-do-manso-ate-a-fronteira-com-o-chile\/\" \/>\n<meta property=\"og:locale\" content=\"pt_BR\" \/>\n<meta property=\"og:type\" content=\"article\" \/>\n<meta property=\"og:title\" content=\"Cruza las Aguas del Manso en rafting hasta la Frontera con Chile\" \/>\n<meta property=\"og:description\" content=\"Salida desde Bariloche para vivir r\u00e1pidos grado III y IV hasta la frontera con Chile. Incluye equipo completo y gu\u00edas expertos en el tema.\" \/>\n<meta property=\"og:url\" content=\"https:\/\/passeiosbariloche.com\/pt\/product\/bote-pelas-aguas-do-manso-ate-a-fronteira-com-o-chile\/\" \/>\n<meta property=\"og:site_name\" content=\"Passeios em Bariloche | Neve, aventura e natureza na Argentina\" \/>\n<meta property=\"article:modified_time\" content=\"2026-04-13T15:46:48+00:00\" \/>\n<meta property=\"og:image\" content=\"https:\/\/passeiosbariloche.com\/wp-content\/uploads\/2025\/03\/8-B-RaftingLightrioManso_image2_1140_1601836638-scaled.jpg\" \/>\n\t<meta property=\"og:image:width\" content=\"1920\" \/>\n\t<meta property=\"og:image:height\" content=\"2560\" \/>\n\t<meta property=\"og:image:type\" content=\"image\/jpeg\" \/>\n<meta name=\"twitter:card\" content=\"summary_large_image\" \/>\n<meta name=\"twitter:label1\" content=\"Pre\u00e7o\" \/>\n\t<meta name=\"twitter:data1\" content=\"&#036;&nbsp;155.400,00\" \/>\n\t<meta name=\"twitter:label2\" content=\"Disponibilidade\" \/>\n\t<meta name=\"twitter:data2\" content=\"Em Estoque\" \/>\n<script type=\"application\/ld+json\" class=\"yoast-schema-graph\">{\"@context\":\"https:\/\/schema.org\",\"@graph\":[{\"@type\":[\"WebPage\",\"ItemPage\"],\"@id\":\"https:\/\/passeiosbariloche.com\/product\/cruza-las-aguas-del-manso-en-rafting-hasta-la-frontera-con-chile\/\",\"url\":\"https:\/\/passeiosbariloche.com\/product\/cruza-las-aguas-del-manso-en-rafting-hasta-la-frontera-con-chile\/\",\"name\":\"Cruza las Aguas del Manso en rafting hasta la Frontera con Chile - Passeios em Bariloche | Neve, aventura e natureza na Argentina\",\"isPartOf\":{\"@id\":\"https:\/\/passeiosbariloche.com\/#website\"},\"primaryImageOfPage\":{\"@id\":\"https:\/\/passeiosbariloche.com\/product\/cruza-las-aguas-del-manso-en-rafting-hasta-la-frontera-con-chile\/#primaryimage\"},\"image\":{\"@id\":\"https:\/\/passeiosbariloche.com\/product\/cruza-las-aguas-del-manso-en-rafting-hasta-la-frontera-con-chile\/#primaryimage\"},\"thumbnailUrl\":\"https:\/\/passeiosbariloche.com\/wp-content\/uploads\/2025\/03\/8-B-RaftingLightrioManso_image2_1140_1601836638-scaled.jpg\",\"datePublished\":\"2025-03-20T23:14:42+00:00\",\"dateModified\":\"2026-04-13T15:46:48+00:00\",\"description\":\"Salida desde Bariloche para vivir r\u00e1pidos grado III y IV hasta la frontera con Chile. Incluye equipo completo y gu\u00edas expertos en el tema.\",\"breadcrumb\":{\"@id\":\"https:\/\/passeiosbariloche.com\/product\/cruza-las-aguas-del-manso-en-rafting-hasta-la-frontera-con-chile\/#breadcrumb\"},\"inLanguage\":\"pt-BR\",\"potentialAction\":[{\"@type\":\"ReadAction\",\"target\":[\"https:\/\/passeiosbariloche.com\/product\/cruza-las-aguas-del-manso-en-rafting-hasta-la-frontera-con-chile\/\"]}]},{\"@type\":\"ImageObject\",\"inLanguage\":\"pt-BR\",\"@id\":\"https:\/\/passeiosbariloche.com\/product\/cruza-las-aguas-del-manso-en-rafting-hasta-la-frontera-con-chile\/#primaryimage\",\"url\":\"https:\/\/passeiosbariloche.com\/wp-content\/uploads\/2025\/03\/8-B-RaftingLightrioManso_image2_1140_1601836638-scaled.jpg\",\"contentUrl\":\"https:\/\/passeiosbariloche.com\/wp-content\/uploads\/2025\/03\/8-B-RaftingLightrioManso_image2_1140_1601836638-scaled.jpg\",\"width\":1920,\"height\":2560},{\"@type\":\"BreadcrumbList\",\"@id\":\"https:\/\/passeiosbariloche.com\/product\/cruza-las-aguas-del-manso-en-rafting-hasta-la-frontera-con-chile\/#breadcrumb\",\"itemListElement\":[{\"@type\":\"ListItem\",\"position\":1,\"name\":\"Home\",\"item\":\"https:\/\/passeiosbariloche.com\/\"},{\"@type\":\"ListItem\",\"position\":2,\"name\":\"Lista de excursiones\",\"item\":\"https:\/\/passeiosbariloche.com\/shop\/\"},{\"@type\":\"ListItem\",\"position\":3,\"name\":\"Cruza las Aguas del Manso en rafting hasta la Frontera con Chile\"}]},{\"@type\":\"WebSite\",\"@id\":\"https:\/\/passeiosbariloche.com\/#website\",\"url\":\"https:\/\/passeiosbariloche.com\/\",\"name\":\"Passeios em Bariloche | Aventura e natureza na Argentina\",\"description\":\"Planeje sua viagem para Bariloche com os melhores passeios! Atividades na neve, aventura e paisagens deslumbrantes na Patag\u00f4nia.\",\"potentialAction\":[{\"@type\":\"SearchAction\",\"target\":{\"@type\":\"EntryPoint\",\"urlTemplate\":\"https:\/\/passeiosbariloche.com\/?s={search_term_string}\"},\"query-input\":{\"@type\":\"PropertyValueSpecification\",\"valueRequired\":true,\"valueName\":\"search_term_string\"}}],\"inLanguage\":\"pt-BR\"}]}<\/script>\n<meta property=\"product:price:amount\" content=\"155400.00\" \/>\n<meta property=\"product:price:currency\" content=\"ARS\" \/>\n<meta property=\"og:availability\" content=\"instock\" \/>\n<meta property=\"product:availability\" content=\"instock\" \/>\n<meta property=\"product:retailer_item_id\" content=\"ADV2025RAALL\u00cd7HIR\" \/>\n<meta property=\"product:condition\" content=\"new\" \/>\n<!-- \/ Yoast SEO Premium plugin. -->","yoast_head_json":{"title":"Atravesse o Rio Manso de rafting at\u00e9 a fronteira com o Chile - Passeios em Bariloche | Neve, aventura e natureza na Argentina","description":"Sa\u00edda de Bariloche para experimentar corredeiras de grau III e IV at\u00e9 a fronteira com o Chile. Inclui equipamento completo e guias especializados.","robots":{"index":"index","follow":"follow","max-snippet":"max-snippet:-1","max-image-preview":"max-image-preview:large","max-video-preview":"max-video-preview:-1"},"canonical":"https:\/\/passeiosbariloche.com\/pt\/product\/bote-pelas-aguas-do-manso-ate-a-fronteira-com-o-chile\/","og_locale":"pt_BR","og_type":"article","og_title":"Cruza las Aguas del Manso en rafting hasta la Frontera con Chile","og_description":"Salida desde Bariloche para vivir r\u00e1pidos grado III y IV hasta la frontera con Chile. Incluye equipo completo y gu\u00edas expertos en el tema.","og_url":"https:\/\/passeiosbariloche.com\/pt\/product\/bote-pelas-aguas-do-manso-ate-a-fronteira-com-o-chile\/","og_site_name":"Passeios em Bariloche | Neve, aventura e natureza na Argentina","article_modified_time":"2026-04-13T15:46:48+00:00","og_image":[{"width":1920,"height":2560,"url":"https:\/\/passeiosbariloche.com\/wp-content\/uploads\/2025\/03\/8-B-RaftingLightrioManso_image2_1140_1601836638-scaled.jpg","type":"image\/jpeg"}],"twitter_card":"summary_large_image","twitter_misc":{"Pre\u00e7o":"&#36;&nbsp;155.400,00","Disponibilidade":"Em Estoque"},"schema":{"@context":"https:\/\/schema.org","@graph":[{"@type":["WebPage","ItemPage"],"@id":"https:\/\/passeiosbariloche.com\/product\/cruza-las-aguas-del-manso-en-rafting-hasta-la-frontera-con-chile\/","url":"https:\/\/passeiosbariloche.com\/product\/cruza-las-aguas-del-manso-en-rafting-hasta-la-frontera-con-chile\/","name":"Atravesse o Rio Manso de rafting at\u00e9 a fronteira com o Chile - Passeios em Bariloche | Neve, aventura e natureza na Argentina","isPartOf":{"@id":"https:\/\/passeiosbariloche.com\/#website"},"primaryImageOfPage":{"@id":"https:\/\/passeiosbariloche.com\/product\/cruza-las-aguas-del-manso-en-rafting-hasta-la-frontera-con-chile\/#primaryimage"},"image":{"@id":"https:\/\/passeiosbariloche.com\/product\/cruza-las-aguas-del-manso-en-rafting-hasta-la-frontera-con-chile\/#primaryimage"},"thumbnailUrl":"https:\/\/passeiosbariloche.com\/wp-content\/uploads\/2025\/03\/8-B-RaftingLightrioManso_image2_1140_1601836638-scaled.jpg","datePublished":"2025-03-20T23:14:42+00:00","dateModified":"2026-04-13T15:46:48+00:00","description":"Sa\u00edda de Bariloche para experimentar corredeiras de grau III e IV at\u00e9 a fronteira com o Chile. Inclui equipamento completo e guias especializados.","breadcrumb":{"@id":"https:\/\/passeiosbariloche.com\/product\/cruza-las-aguas-del-manso-en-rafting-hasta-la-frontera-con-chile\/#breadcrumb"},"inLanguage":"pt-BR","potentialAction":[{"@type":"ReadAction","target":["https:\/\/passeiosbariloche.com\/product\/cruza-las-aguas-del-manso-en-rafting-hasta-la-frontera-con-chile\/"]}]},{"@type":"ImageObject","inLanguage":"pt-BR","@id":"https:\/\/passeiosbariloche.com\/product\/cruza-las-aguas-del-manso-en-rafting-hasta-la-frontera-con-chile\/#primaryimage","url":"https:\/\/passeiosbariloche.com\/wp-content\/uploads\/2025\/03\/8-B-RaftingLightrioManso_image2_1140_1601836638-scaled.jpg","contentUrl":"https:\/\/passeiosbariloche.com\/wp-content\/uploads\/2025\/03\/8-B-RaftingLightrioManso_image2_1140_1601836638-scaled.jpg","width":1920,"height":2560},{"@type":"BreadcrumbList","@id":"https:\/\/passeiosbariloche.com\/product\/cruza-las-aguas-del-manso-en-rafting-hasta-la-frontera-con-chile\/#breadcrumb","itemListElement":[{"@type":"ListItem","position":1,"name":"Home","item":"https:\/\/passeiosbariloche.com\/"},{"@type":"ListItem","position":2,"name":"Lista de excursiones","item":"https:\/\/passeiosbariloche.com\/shop\/"},{"@type":"ListItem","position":3,"name":"Cruza las Aguas del Manso en rafting hasta la Frontera con Chile"}]},{"@type":"WebSite","@id":"https:\/\/passeiosbariloche.com\/#website","url":"https:\/\/passeiosbariloche.com\/","name":"Passeios em Bariloche | Aventura e natureza na Argentina","description":"Planeje sua viagem a Bariloche com as melhores viagens! Atividades na neve, aventura e paisagens deslumbrantes na Patag\u00f4nia.","potentialAction":[{"@type":"SearchAction","target":{"@type":"EntryPoint","urlTemplate":"https:\/\/passeiosbariloche.com\/?s={search_term_string}"},"query-input":{"@type":"PropertyValueSpecification","valueRequired":true,"valueName":"search_term_string"}}],"inLanguage":"pt-BR"}]},"product_price_amount":"155400.00","product_price_currency":"ARS","og_availability":"instock","product_availability":"instock","product_retailer_item_id":"ADV2025RAALL\u00cd7HIR","product_condition":"new"},"_links":{"self":[{"href":"https:\/\/passeiosbariloche.com\/pt\/wp-json\/wp\/v2\/product\/65770","targetHints":{"allow":["GET"]}}],"collection":[{"href":"https:\/\/passeiosbariloche.com\/pt\/wp-json\/wp\/v2\/product"}],"about":[{"href":"https:\/\/passeiosbariloche.com\/pt\/wp-json\/wp\/v2\/types\/product"}],"replies":[{"embeddable":true,"href":"https:\/\/passeiosbariloche.com\/pt\/wp-json\/wp\/v2\/comments?post=65770"}],"version-history":[{"count":13,"href":"https:\/\/passeiosbariloche.com\/pt\/wp-json\/wp\/v2\/product\/65770\/revisions"}],"predecessor-version":[{"id":84499,"href":"https:\/\/passeiosbariloche.com\/pt\/wp-json\/wp\/v2\/product\/65770\/revisions\/84499"}],"wp:featuredmedia":[{"embeddable":true,"href":"https:\/\/passeiosbariloche.com\/pt\/wp-json\/wp\/v2\/media\/66549"}],"wp:attachment":[{"href":"https:\/\/passeiosbariloche.com\/pt\/wp-json\/wp\/v2\/media?parent=65770"}],"wp:term":[{"taxonomy":"product_brand","embeddable":true,"href":"https:\/\/passeiosbariloche.com\/pt\/wp-json\/wp\/v2\/product_brand?post=65770"},{"taxonomy":"product_cat","embeddable":true,"href":"https:\/\/passeiosbariloche.com\/pt\/wp-json\/wp\/v2\/product_cat?post=65770"},{"taxonomy":"product_tag","embeddable":true,"href":"https:\/\/passeiosbariloche.com\/pt\/wp-json\/wp\/v2\/product_tag?post=65770"}],"curies":[{"name":"wp","href":"https:\/\/api.w.org\/{rel}","templated":true}]}}