{"id":65771,"date":"2025-03-20T20:14:56","date_gmt":"2025-03-20T23:14:56","guid":{"rendered":"https:\/\/passeiosbariloche.com\/?post_type=product&#038;p=65771"},"modified":"2026-04-13T12:47:32","modified_gmt":"2026-04-13T15:47:32","slug":"descubri-el-rio-manso-desde-el-agua-experiencia-de-rafting-unica-en-la-patagonia-sin-traslado","status":"publish","type":"product","link":"https:\/\/passeiosbariloche.com\/pt\/product\/descubra-o-rio-manso-a-partir-da-agua-experiencia-unica-de-rafting-na-patagonia-sem-traslado\/","title":{"rendered":"Descubra o rio Manso a partir da \u00e1gua - Experi\u00eancia \u00fanica de rafting na Patag\u00f4nia - sem traslado"},"content":{"rendered":"<h2>Aventura natural no rio Manso<\/h2>\n<p>Embarque em uma viagem inesquec\u00edvel com sua fam\u00edlia pelo <strong>rafting leve no rio Manso<\/strong>onde a aventura e a natureza convergem em um ambiente seguro e emocionante. Essa viagem foi projetada para aqueles que desejam experimentar o rafting pela primeira vez e tamb\u00e9m \u00e9 ideal para crian\u00e7as a partir de 5 anos de idade, gra\u00e7as \u00e0s suas corredeiras suaves de grau 1 e 2.<\/p>\n<h3>Caracter\u00edsticas da atividade<\/h3>\n<ul>\n<li><strong>Dura\u00e7\u00e3o:<\/strong> Navega\u00e7\u00e3o de aproximadamente 90 minutos.<\/li>\n<li><strong>Viagem:<\/strong> O senhor experimentar\u00e1 a majestade de 40 quil\u00f4metros de paisagens naturais e corredeiras suaves.<\/li>\n<li><strong>Equipamento fornecido:<\/strong> Inclu\u00edmos tudo o que o senhor precisa para garantir seu bem-estar: roupas de mergulho, capacete e colete salva-vidas.<\/li>\n<\/ul>\n<h3>In\u00edcio do dia<\/h3>\n<p>Ao chegar ao ponto de encontro designado, nossa equipe altamente treinada o receber\u00e1 calorosamente e fornecer\u00e1 instru\u00e7\u00f5es detalhadas para garantir uma experi\u00eancia segura e agrad\u00e1vel na \u00e1gua. N\u00e3o \u00e9 necess\u00e1rio ter experi\u00eancia pr\u00e9via, pois todos os aspectos da experi\u00eancia foram projetados tendo em mente sua m\u00e1xima seguran\u00e7a e divers\u00e3o.<\/p>\n<h3>Dicas \u00fateis<\/h3>\n<p>N\u00e3o se esque\u00e7a de trazer o seguinte:<\/p>\n<ul>\n<li>Toalha para se secar ap\u00f3s a aventura.<\/li>\n<li>Roupas extras.<\/li>\n<li>Cal\u00e7ados que possam ser molhados sem inconvenientes.<\/li>\n<\/ul>\n<h3>Modo independente<\/h3>\n<p>Oferecemos a possibilidade de participar por conta pr\u00f3pria, sendo que o ponto de encontro \u00e9 em nosso Parador, localizado na <strong data-start=\"372\" data-end=\"389\">Base Villegas<\/strong>no <strong data-start=\"400\" data-end=\"417\">Rota 83, Km 1<\/strong>. San Carlos de Bariloche, R\u00edo Negro.<br data-start=\"418\" data-end=\"421\" \/>Localiza\u00e7\u00e3o no Google Maps: <a class=\"\" href=\"https:\/\/maps.app.goo.gl\/NqbsUN6VB5Fnt7hVA\" target=\"_new\" rel=\"noopener\" data-start=\"449\" data-end=\"535\">https:\/\/maps.app.goo.gl\/NqbsUN6VB5Fnt7hVA<\/a><\/p>\n<h3>Inclu\u00eddo e n\u00e3o inclu\u00eddo no passeio<\/h3>\n<ul>\n<li><strong>O que inclu\u00edmos:<\/strong> A atividade completa de rafting com todo o equipamento necess\u00e1rio (roupa de mergulho, colete salva-vidas, jaqueta protetora, botas de neoprene, remos e capacetes).<\/li>\n<li><strong>Fatores n\u00e3o inclu\u00eddos:<\/strong> Traslados, refei\u00e7\u00f5es ou lanches.<\/li>\n<\/ul>\n<h2>Perguntas frequentes<\/h2>\n<h3>Quais s\u00e3o as op\u00e7\u00f5es que tenho se quiser ir por conta pr\u00f3pria?<\/h3>\n<p>Oferecemos a possibilidade de participar por conta pr\u00f3pria, sendo que o ponto de encontro \u00e9 em nosso Parador, localizado na <strong data-start=\"372\" data-end=\"389\">Base Villegas<\/strong>no <strong data-start=\"400\" data-end=\"417\">Rota 83, Km 1<\/strong>. San Carlos de Bariloche, R\u00edo Negro.<br data-start=\"418\" data-end=\"421\" \/>Localiza\u00e7\u00e3o no Google Maps: <a class=\"\" href=\"https:\/\/maps.app.goo.gl\/NqbsUN6VB5Fnt7hVA\" target=\"_new\" rel=\"noopener\" data-start=\"449\" data-end=\"535\">https:\/\/maps.app.goo.gl\/NqbsUN6VB5Fnt7hVA<\/a><\/p>\n<h3>\u00c9 poss\u00edvel levar acompanhantes que n\u00e3o estejam trabalhando?<\/h3>\n<p>Sim, acompanhantes de fora da atividade s\u00e3o permitidos. Eles ter\u00e3o de pagar uma <strong>50%<\/strong> da tarifa padr\u00e3o.<\/p>\n<p><strong>Aviso importante<\/strong>Esse passeio est\u00e1 dispon\u00edvel no momento e tem sa\u00eddas at\u00e9 30 de abril, de acordo com o calend\u00e1rio operacional.<\/p>","protected":false},"excerpt":{"rendered":"<p>Passe um dia inesquec\u00edvel com nossa atividade de rafting leve no Rio Manso, perfeita para toda a fam\u00edlia e ideal para crian\u00e7as a partir de 5 anos de idade. Com corredeiras f\u00e1ceis, essa experi\u00eancia promete divers\u00e3o em um ambiente natural excepcional. Fornecemos todo o equipamento necess\u00e1rio, de neoprene a coletes salva-vidas, e nossos guias experientes o acompanhar\u00e3o em uma viagem de 40 km por um cen\u00e1rio deslumbrante.<\/p>\n<p>Aproveite a emo\u00e7\u00e3o do rafting por conta pr\u00f3pria, chegando ao ponto de encontro na esta\u00e7\u00e3o YPF-ACA. Ser\u00e1 um dia inesquec\u00edvel!<\/p>","protected":false},"featured_media":66544,"comment_status":"open","ping_status":"closed","template":"","meta":[],"product_brand":[],"product_cat":[105,124,106,108,119,120,132,116,122],"product_tag":[],"class_list":{"0":"post-65771","1":"product","2":"type-product","3":"status-publish","4":"has-post-thumbnail","6":"product_cat-adultos","7":"product_cat-aventura","8":"product_cat-familia","9":"product_cat-ninos","10":"product_cat-otono","11":"product_cat-primavera","12":"product_cat-sin-comida","13":"product_cat-sin-traslado","14":"product_cat-verano","16":"first","17":"instock","18":"virtual","19":"sold-individually","20":"purchasable","21":"product-type-booking"},"booking_location":"","booking_location_type":"","booking_duration":1,"booking_duration_unit":"hour","booking_buffer":0,"booking_cost":0,"booking_resources":[],"exclude_global_add_ons":false,"addons":[{"name":"ADU : Adulto","type":"input_multiplier","position":0,"required":false,"title_format":"label","default":"","description_enable":false,"description":"","placeholder_enable":false,"placeholder":"","display":"select","restrictions_type":"any_text","adjust_price":true,"price":"75000","price_type":"quantity_based","restrictions":false,"min":"0","max":"0","options":[],"id":1773079069},{"name":"EXTRA: acompanhante","type":"input_multiplier","position":1,"required":false,"title_format":"label","default":"","description_enable":false,"description":"","placeholder_enable":false,"placeholder":"","display":"select","restrictions_type":"any_text","adjust_price":true,"price":"37500","price_type":"quantity_based","restrictions":false,"min":"0","max":"0","options":[],"id":1773079070},{"name":"MEN512 | 5 a 12","type":"input_multiplier","position":2,"required":false,"title_format":"label","default":"","description_enable":false,"description":"","placeholder_enable":false,"placeholder":"","display":"select","restrictions_type":"any_text","adjust_price":true,"price":"75000","price_type":"quantity_based","restrictions":false,"min":"0","max":"0","options":[],"id":1773079071}],"yoast_head":"<!-- This site is optimized with the Yoast SEO Premium plugin v24.5 (Yoast SEO v24.8) - https:\/\/yoast.com\/wordpress\/plugins\/seo\/ -->\n<title>Rafting en el Rio Manso - Passeios em Bariloche | Neve, aventura e natureza na Argentina<\/title>\n<meta name=\"description\" content=\"Descenso por el R\u00edo Manso. Llega por tu cuenta a Base Villegas y disfruta una jornada segura, divertida y con paisajes \u00fanicos de la Patagonia.\" \/>\n<meta name=\"robots\" content=\"index, follow, max-snippet:-1, max-image-preview:large, max-video-preview:-1\" \/>\n<link rel=\"canonical\" href=\"https:\/\/passeiosbariloche.com\/pt\/product\/descubra-o-rio-manso-a-partir-da-agua-experiencia-unica-de-rafting-na-patagonia-sem-traslado\/\" \/>\n<meta property=\"og:locale\" content=\"pt_BR\" \/>\n<meta property=\"og:type\" content=\"article\" \/>\n<meta property=\"og:title\" content=\"Descubr\u00ed el R\u00edo Manso desde el Agua \u2013 Experiencia de Rafting \u00danica en la Patagonia- sin Traslado\" \/>\n<meta property=\"og:description\" content=\"Descenso por el R\u00edo Manso. Llega por tu cuenta a Base Villegas y disfruta una jornada segura, divertida y con paisajes \u00fanicos de la Patagonia.\" \/>\n<meta property=\"og:url\" content=\"https:\/\/passeiosbariloche.com\/pt\/product\/descubra-o-rio-manso-a-partir-da-agua-experiencia-unica-de-rafting-na-patagonia-sem-traslado\/\" \/>\n<meta property=\"og:site_name\" content=\"Passeios em Bariloche | Neve, aventura e natureza na Argentina\" \/>\n<meta property=\"article:modified_time\" content=\"2026-04-13T15:47:32+00:00\" \/>\n<meta property=\"og:image\" content=\"https:\/\/passeiosbariloche.com\/wp-content\/uploads\/2025\/03\/8-A-rafting-1-copia-scaled.jpg\" \/>\n\t<meta property=\"og:image:width\" content=\"1920\" \/>\n\t<meta property=\"og:image:height\" content=\"2560\" \/>\n\t<meta property=\"og:image:type\" content=\"image\/jpeg\" \/>\n<meta name=\"twitter:card\" content=\"summary_large_image\" \/>\n<meta name=\"twitter:label1\" content=\"Pre\u00e7o\" \/>\n\t<meta name=\"twitter:data1\" content=\"&#036;&nbsp;75.000,00\" \/>\n\t<meta name=\"twitter:label2\" content=\"Disponibilidade\" \/>\n\t<meta name=\"twitter:data2\" content=\"Em Estoque\" \/>\n<script type=\"application\/ld+json\" class=\"yoast-schema-graph\">{\"@context\":\"https:\/\/schema.org\",\"@graph\":[{\"@type\":[\"WebPage\",\"ItemPage\"],\"@id\":\"https:\/\/passeiosbariloche.com\/product\/descubri-el-rio-manso-desde-el-agua-experiencia-de-rafting-unica-en-la-patagonia-sin-traslado\/\",\"url\":\"https:\/\/passeiosbariloche.com\/product\/descubri-el-rio-manso-desde-el-agua-experiencia-de-rafting-unica-en-la-patagonia-sin-traslado\/\",\"name\":\"Rafting en el Rio Manso - Passeios em Bariloche | Neve, aventura e natureza na Argentina\",\"isPartOf\":{\"@id\":\"https:\/\/passeiosbariloche.com\/#website\"},\"primaryImageOfPage\":{\"@id\":\"https:\/\/passeiosbariloche.com\/product\/descubri-el-rio-manso-desde-el-agua-experiencia-de-rafting-unica-en-la-patagonia-sin-traslado\/#primaryimage\"},\"image\":{\"@id\":\"https:\/\/passeiosbariloche.com\/product\/descubri-el-rio-manso-desde-el-agua-experiencia-de-rafting-unica-en-la-patagonia-sin-traslado\/#primaryimage\"},\"thumbnailUrl\":\"https:\/\/passeiosbariloche.com\/wp-content\/uploads\/2025\/03\/8-A-rafting-1-copia-scaled.jpg\",\"datePublished\":\"2025-03-20T23:14:56+00:00\",\"dateModified\":\"2026-04-13T15:47:32+00:00\",\"description\":\"Descenso por el R\u00edo Manso. Llega por tu cuenta a Base Villegas y disfruta una jornada segura, divertida y con paisajes \u00fanicos de la Patagonia.\",\"breadcrumb\":{\"@id\":\"https:\/\/passeiosbariloche.com\/product\/descubri-el-rio-manso-desde-el-agua-experiencia-de-rafting-unica-en-la-patagonia-sin-traslado\/#breadcrumb\"},\"inLanguage\":\"pt-BR\",\"potentialAction\":[{\"@type\":\"ReadAction\",\"target\":[\"https:\/\/passeiosbariloche.com\/product\/descubri-el-rio-manso-desde-el-agua-experiencia-de-rafting-unica-en-la-patagonia-sin-traslado\/\"]}]},{\"@type\":\"ImageObject\",\"inLanguage\":\"pt-BR\",\"@id\":\"https:\/\/passeiosbariloche.com\/product\/descubri-el-rio-manso-desde-el-agua-experiencia-de-rafting-unica-en-la-patagonia-sin-traslado\/#primaryimage\",\"url\":\"https:\/\/passeiosbariloche.com\/wp-content\/uploads\/2025\/03\/8-A-rafting-1-copia-scaled.jpg\",\"contentUrl\":\"https:\/\/passeiosbariloche.com\/wp-content\/uploads\/2025\/03\/8-A-rafting-1-copia-scaled.jpg\",\"width\":1920,\"height\":2560},{\"@type\":\"BreadcrumbList\",\"@id\":\"https:\/\/passeiosbariloche.com\/product\/descubri-el-rio-manso-desde-el-agua-experiencia-de-rafting-unica-en-la-patagonia-sin-traslado\/#breadcrumb\",\"itemListElement\":[{\"@type\":\"ListItem\",\"position\":1,\"name\":\"Home\",\"item\":\"https:\/\/passeiosbariloche.com\/\"},{\"@type\":\"ListItem\",\"position\":2,\"name\":\"Lista de excursiones\",\"item\":\"https:\/\/passeiosbariloche.com\/shop\/\"},{\"@type\":\"ListItem\",\"position\":3,\"name\":\"Descubr\u00ed el R\u00edo Manso desde el Agua \u2013 Experiencia de Rafting \u00danica en la Patagonia- sin Traslado\"}]},{\"@type\":\"WebSite\",\"@id\":\"https:\/\/passeiosbariloche.com\/#website\",\"url\":\"https:\/\/passeiosbariloche.com\/\",\"name\":\"Passeios em Bariloche | Aventura e natureza na Argentina\",\"description\":\"Planeje sua viagem para Bariloche com os melhores passeios! Atividades na neve, aventura e paisagens deslumbrantes na Patag\u00f4nia.\",\"potentialAction\":[{\"@type\":\"SearchAction\",\"target\":{\"@type\":\"EntryPoint\",\"urlTemplate\":\"https:\/\/passeiosbariloche.com\/?s={search_term_string}\"},\"query-input\":{\"@type\":\"PropertyValueSpecification\",\"valueRequired\":true,\"valueName\":\"search_term_string\"}}],\"inLanguage\":\"pt-BR\"}]}<\/script>\n<meta property=\"product:price:amount\" content=\"75000.00\" \/>\n<meta property=\"product:price:currency\" content=\"ARS\" \/>\n<meta property=\"og:availability\" content=\"instock\" \/>\n<meta property=\"product:availability\" content=\"instock\" \/>\n<meta property=\"product:retailer_item_id\" content=\"ADV2025RALIENTUFA\" \/>\n<meta property=\"product:condition\" content=\"new\" \/>\n<!-- \/ Yoast SEO Premium plugin. -->","yoast_head_json":{"title":"Rafting no Rio Manso - Passeios em Bariloche | Neve, aventura e natureza na Argentina","description":"Descida pelo rio Manso. Chegue por conta pr\u00f3pria \u00e0 Base Villegas e desfrute de um dia seguro e divertido com paisagens \u00fanicas da Patag\u00f4nia.","robots":{"index":"index","follow":"follow","max-snippet":"max-snippet:-1","max-image-preview":"max-image-preview:large","max-video-preview":"max-video-preview:-1"},"canonical":"https:\/\/passeiosbariloche.com\/pt\/product\/descubra-o-rio-manso-a-partir-da-agua-experiencia-unica-de-rafting-na-patagonia-sem-traslado\/","og_locale":"pt_BR","og_type":"article","og_title":"Descubr\u00ed el R\u00edo Manso desde el Agua \u2013 Experiencia de Rafting \u00danica en la Patagonia- sin Traslado","og_description":"Descenso por el R\u00edo Manso. Llega por tu cuenta a Base Villegas y disfruta una jornada segura, divertida y con paisajes \u00fanicos de la Patagonia.","og_url":"https:\/\/passeiosbariloche.com\/pt\/product\/descubra-o-rio-manso-a-partir-da-agua-experiencia-unica-de-rafting-na-patagonia-sem-traslado\/","og_site_name":"Passeios em Bariloche | Neve, aventura e natureza na Argentina","article_modified_time":"2026-04-13T15:47:32+00:00","og_image":[{"width":1920,"height":2560,"url":"https:\/\/passeiosbariloche.com\/wp-content\/uploads\/2025\/03\/8-A-rafting-1-copia-scaled.jpg","type":"image\/jpeg"}],"twitter_card":"summary_large_image","twitter_misc":{"Pre\u00e7o":"&#36;&nbsp;75.000,00","Disponibilidade":"Em Estoque"},"schema":{"@context":"https:\/\/schema.org","@graph":[{"@type":["WebPage","ItemPage"],"@id":"https:\/\/passeiosbariloche.com\/product\/descubri-el-rio-manso-desde-el-agua-experiencia-de-rafting-unica-en-la-patagonia-sin-traslado\/","url":"https:\/\/passeiosbariloche.com\/product\/descubri-el-rio-manso-desde-el-agua-experiencia-de-rafting-unica-en-la-patagonia-sin-traslado\/","name":"Rafting no Rio Manso - Passeios em Bariloche | Neve, aventura e natureza na Argentina","isPartOf":{"@id":"https:\/\/passeiosbariloche.com\/#website"},"primaryImageOfPage":{"@id":"https:\/\/passeiosbariloche.com\/product\/descubri-el-rio-manso-desde-el-agua-experiencia-de-rafting-unica-en-la-patagonia-sin-traslado\/#primaryimage"},"image":{"@id":"https:\/\/passeiosbariloche.com\/product\/descubri-el-rio-manso-desde-el-agua-experiencia-de-rafting-unica-en-la-patagonia-sin-traslado\/#primaryimage"},"thumbnailUrl":"https:\/\/passeiosbariloche.com\/wp-content\/uploads\/2025\/03\/8-A-rafting-1-copia-scaled.jpg","datePublished":"2025-03-20T23:14:56+00:00","dateModified":"2026-04-13T15:47:32+00:00","description":"Descida pelo rio Manso. Chegue por conta pr\u00f3pria \u00e0 Base Villegas e desfrute de um dia seguro e divertido com paisagens \u00fanicas da Patag\u00f4nia.","breadcrumb":{"@id":"https:\/\/passeiosbariloche.com\/product\/descubri-el-rio-manso-desde-el-agua-experiencia-de-rafting-unica-en-la-patagonia-sin-traslado\/#breadcrumb"},"inLanguage":"pt-BR","potentialAction":[{"@type":"ReadAction","target":["https:\/\/passeiosbariloche.com\/product\/descubri-el-rio-manso-desde-el-agua-experiencia-de-rafting-unica-en-la-patagonia-sin-traslado\/"]}]},{"@type":"ImageObject","inLanguage":"pt-BR","@id":"https:\/\/passeiosbariloche.com\/product\/descubri-el-rio-manso-desde-el-agua-experiencia-de-rafting-unica-en-la-patagonia-sin-traslado\/#primaryimage","url":"https:\/\/passeiosbariloche.com\/wp-content\/uploads\/2025\/03\/8-A-rafting-1-copia-scaled.jpg","contentUrl":"https:\/\/passeiosbariloche.com\/wp-content\/uploads\/2025\/03\/8-A-rafting-1-copia-scaled.jpg","width":1920,"height":2560},{"@type":"BreadcrumbList","@id":"https:\/\/passeiosbariloche.com\/product\/descubri-el-rio-manso-desde-el-agua-experiencia-de-rafting-unica-en-la-patagonia-sin-traslado\/#breadcrumb","itemListElement":[{"@type":"ListItem","position":1,"name":"Home","item":"https:\/\/passeiosbariloche.com\/"},{"@type":"ListItem","position":2,"name":"Lista de excursiones","item":"https:\/\/passeiosbariloche.com\/shop\/"},{"@type":"ListItem","position":3,"name":"Descubr\u00ed el R\u00edo Manso desde el Agua \u2013 Experiencia de Rafting \u00danica en la Patagonia- sin Traslado"}]},{"@type":"WebSite","@id":"https:\/\/passeiosbariloche.com\/#website","url":"https:\/\/passeiosbariloche.com\/","name":"Passeios em Bariloche | Aventura e natureza na Argentina","description":"Planeje sua viagem a Bariloche com as melhores viagens! Atividades na neve, aventura e paisagens deslumbrantes na Patag\u00f4nia.","potentialAction":[{"@type":"SearchAction","target":{"@type":"EntryPoint","urlTemplate":"https:\/\/passeiosbariloche.com\/?s={search_term_string}"},"query-input":{"@type":"PropertyValueSpecification","valueRequired":true,"valueName":"search_term_string"}}],"inLanguage":"pt-BR"}]},"product_price_amount":"75000.00","product_price_currency":"ARS","og_availability":"instock","product_availability":"instock","product_retailer_item_id":"ADV2025RALIENTUFA","product_condition":"new"},"_links":{"self":[{"href":"https:\/\/passeiosbariloche.com\/pt\/wp-json\/wp\/v2\/product\/65771","targetHints":{"allow":["GET"]}}],"collection":[{"href":"https:\/\/passeiosbariloche.com\/pt\/wp-json\/wp\/v2\/product"}],"about":[{"href":"https:\/\/passeiosbariloche.com\/pt\/wp-json\/wp\/v2\/types\/product"}],"replies":[{"embeddable":true,"href":"https:\/\/passeiosbariloche.com\/pt\/wp-json\/wp\/v2\/comments?post=65771"}],"version-history":[{"count":12,"href":"https:\/\/passeiosbariloche.com\/pt\/wp-json\/wp\/v2\/product\/65771\/revisions"}],"predecessor-version":[{"id":84500,"href":"https:\/\/passeiosbariloche.com\/pt\/wp-json\/wp\/v2\/product\/65771\/revisions\/84500"}],"wp:featuredmedia":[{"embeddable":true,"href":"https:\/\/passeiosbariloche.com\/pt\/wp-json\/wp\/v2\/media\/66544"}],"wp:attachment":[{"href":"https:\/\/passeiosbariloche.com\/pt\/wp-json\/wp\/v2\/media?parent=65771"}],"wp:term":[{"taxonomy":"product_brand","embeddable":true,"href":"https:\/\/passeiosbariloche.com\/pt\/wp-json\/wp\/v2\/product_brand?post=65771"},{"taxonomy":"product_cat","embeddable":true,"href":"https:\/\/passeiosbariloche.com\/pt\/wp-json\/wp\/v2\/product_cat?post=65771"},{"taxonomy":"product_tag","embeddable":true,"href":"https:\/\/passeiosbariloche.com\/pt\/wp-json\/wp\/v2\/product_tag?post=65771"}],"curies":[{"name":"wp","href":"https:\/\/api.w.org\/{rel}","templated":true}]}}