{"id":65772,"date":"2025-03-20T20:15:06","date_gmt":"2025-03-20T23:15:06","guid":{"rendered":"https:\/\/passeiosbariloche.com\/?post_type=product&#038;p=65772"},"modified":"2026-04-13T12:53:34","modified_gmt":"2026-04-13T15:53:34","slug":"descubri-el-rio-manso-desde-el-agua-experiencia-de-rafting-unica-en-la-patagonia","status":"publish","type":"product","link":"https:\/\/passeiosbariloche.com\/pt\/product\/descubra-o-rio-manso-a-partir-da-agua-experiencia-unica-de-rafting-na-patagonia\/","title":{"rendered":"Descubra o rio Manso a partir da \u00e1gua - Experi\u00eancia \u00fanica de rafting na Patag\u00f4nia"},"content":{"rendered":"<h3 data-start=\"262\" data-end=\"292\"><strong data-start=\"331\" data-end=\"366\">Por que escolher essa experi\u00eancia<\/strong><\/h3>\n<ul data-start=\"369\" data-end=\"553\">\n<li data-start=\"369\" data-end=\"426\">\n<p data-start=\"371\" data-end=\"426\">Atividade tranquila e divertida para toda a fam\u00edlia.<\/p>\n<\/li>\n<li data-start=\"427\" data-end=\"495\">\n<p data-start=\"429\" data-end=\"495\">\u00c1guas calmas de grau I e II, perfeitas para iniciantes.<\/p>\n<\/li>\n<li data-start=\"496\" data-end=\"553\">\n<p data-start=\"498\" data-end=\"553\">Guias experientes e todos os equipamentos inclu\u00eddos.<\/p>\n<\/li>\n<\/ul>\n<p data-start=\"555\" data-end=\"831\"><strong data-start=\"555\" data-end=\"575\">Como ser\u00e1 o seu dia<\/strong><br data-start=\"575\" data-end=\"578\" \/>Descubra a beleza do Rio Manso em um passeio de rafting projetado para todas as idades. A viagem de 6 km por \u00e1guas claras e calmas \u00e9 ideal para aqueles que querem remar sem riscos, desfrutando ao mesmo tempo das paisagens \u00fanicas da Patag\u00f4nia.<\/p>\n<p data-start=\"833\" data-end=\"1063\">O ponto de encontro \u00e9 no local combinado, onde nossos guias lhe dar\u00e3o uma roupa de mergulho, capacete e colete salva-vidas. Antes de come\u00e7ar, os senhores receber\u00e3o uma breve explica\u00e7\u00e3o para garantir que a navega\u00e7\u00e3o seja segura e divertida.<\/p>\n<p data-start=\"1065\" data-end=\"1316\">Durante cerca de uma hora e meia, o senhor poder\u00e1 apreciar a natureza, tirar fotos incr\u00edveis e criar lembran\u00e7as inesquec\u00edveis com sua fam\u00edlia ou amigos. No final, o parador ser\u00e1 o lugar perfeito para descansar antes de retornar a Bariloche.<\/p>\n<p data-start=\"1318\" data-end=\"1344\"><strong data-start=\"1318\" data-end=\"1342\">Informa\u00e7\u00f5es pr\u00e1ticas<\/strong><\/p>\n<ul data-start=\"1345\" data-end=\"1664\">\n<li data-start=\"1345\" data-end=\"1374\">\n<p data-start=\"1347\" data-end=\"1374\">Hor\u00e1rios: manh\u00e3 e tarde.<\/p>\n<\/li>\n<li data-start=\"1375\" data-end=\"1431\">\n<p data-start=\"1377\" data-end=\"1431\">Dura\u00e7\u00e3o: Meio dia (1h 30min de navega\u00e7\u00e3o aprox.).<\/p>\n<\/li>\n<li data-start=\"1432\" data-end=\"1516\">\n<p data-start=\"1434\" data-end=\"1516\">Ponto de encontro: Centro da cidade de Bariloche ou local a ser combinado (traslado opcional).<\/p>\n<\/li>\n<li data-start=\"1517\" data-end=\"1611\">\n<p data-start=\"1519\" data-end=\"1611\">Inclui: Guias certificados, equipamento completo, seguro de atividade. Traslado opcional.<\/p>\n<\/li>\n<li data-start=\"1612\" data-end=\"1664\">\n<p data-start=\"1614\" data-end=\"1664\">N\u00e3o inclui: refei\u00e7\u00f5es, bebidas, despesas pessoais.<\/p>\n<\/li>\n<\/ul>\n<p data-start=\"1666\" data-end=\"1692\"><strong data-start=\"1666\" data-end=\"1690\">Perguntas frequentes<\/strong><\/p>\n<ul data-start=\"1693\" data-end=\"1968\">\n<li data-start=\"1693\" data-end=\"1747\">\n<p data-start=\"1695\" data-end=\"1747\">\u00c9 seguro para crian\u00e7as? Sim, a partir de 5 anos de idade.<\/p>\n<\/li>\n<li data-start=\"1748\" data-end=\"1814\">\n<p data-start=\"1750\" data-end=\"1814\">Preciso de experi\u00eancia anterior? N\u00e3o, \u00e9 ideal para iniciantes.<\/p>\n<\/li>\n<li data-start=\"1815\" data-end=\"1883\">\n<p data-start=\"1817\" data-end=\"1883\">O que devo levar? Toalha, roupas secas e cal\u00e7ados que possam ser molhados.<\/p>\n<\/li>\n<li data-start=\"1884\" data-end=\"1968\">\n<p data-start=\"1886\" data-end=\"1968\">O passeio \u00e9 suspenso devido ao mau tempo? Somente em casos excepcionais, o passeio \u00e9 reagendado.<\/p>\n<\/li>\n<li data-start=\"1884\" data-end=\"1968\">Onde fica: A excurs\u00e3o de rafting come\u00e7a em nossa Base de Villegas, localizada na Ruta 83 Km 1.\u00a0 <a class=\"theme markdown__link\" href=\"https:\/\/maps.app.goo.gl\/NqbsUN6VB5Fnt7hVA\" target=\"_blank\" rel=\"noopener noreferrer\">https:\/\/maps.app.goo.gl\/NqbsUN6VB5Fnt7hVA<\/a> Este \u00e9 o link para a localiza\u00e7\u00e3o do parador.<\/li>\n<\/ul>\n<h3 data-start=\"331\" data-end=\"368\"><strong data-start=\"331\" data-end=\"366\"> Aviso importante: Este passeio est\u00e1 dispon\u00edvel no momento e tem sa\u00eddas at\u00e9 30 de abril, dependendo do calend\u00e1rio operacional.<\/strong><\/h3>","protected":false},"excerpt":{"rendered":"<p>Desfrute de um <strong>aventura inigual\u00e1vel<\/strong> com nosso rafting leve no rio Manso. Perfeito para fam\u00edlias e iniciantes, um passeio de rafting seguro e emocionante de 6 km, cercado por um cen\u00e1rio encantador, espera pelos senhores.<\/p>","protected":false},"featured_media":66545,"comment_status":"open","ping_status":"closed","template":"","meta":[],"product_brand":[],"product_cat":[105,124,115,106,108,119,120,132,122],"product_tag":[],"class_list":{"0":"post-65772","1":"product","2":"type-product","3":"status-publish","4":"has-post-thumbnail","6":"product_cat-adultos","7":"product_cat-aventura","8":"product_cat-con-traslado","9":"product_cat-familia","10":"product_cat-ninos","11":"product_cat-otono","12":"product_cat-primavera","13":"product_cat-sin-comida","14":"product_cat-verano","16":"first","17":"instock","18":"virtual","19":"sold-individually","20":"purchasable","21":"product-type-booking"},"booking_location":"","booking_location_type":"","booking_duration":1,"booking_duration_unit":"hour","booking_buffer":0,"booking_cost":0,"booking_resources":[],"exclude_global_add_ons":false,"addons":[{"name":"ADU : Adulto","type":"input_multiplier","position":0,"required":false,"title_format":"label","default":"","description_enable":false,"description":"","placeholder_enable":false,"placeholder":"","display":"select","restrictions_type":"any_text","adjust_price":true,"price":"90000","price_type":"quantity_based","restrictions":false,"min":"0","max":"0","options":[],"id":1773236862},{"name":"EXTRA: acompanhante","type":"input_multiplier","position":1,"required":false,"title_format":"label","default":"","description_enable":false,"description":"","placeholder_enable":false,"placeholder":"","display":"select","restrictions_type":"any_text","adjust_price":true,"price":"45000","price_type":"quantity_based","restrictions":false,"min":"0","max":"0","options":[],"id":1773236863},{"name":"MEN512 | 5 a 12","type":"input_multiplier","position":2,"required":false,"title_format":"label","default":"","description_enable":false,"description":"","placeholder_enable":false,"placeholder":"","display":"select","restrictions_type":"any_text","adjust_price":true,"price":"90000","price_type":"quantity_based","restrictions":false,"min":"0","max":"0","options":[],"id":1773236864}],"yoast_head":"<!-- This site is optimized with the Yoast SEO Premium plugin v24.5 (Yoast SEO v24.8) - https:\/\/yoast.com\/wordpress\/plugins\/seo\/ -->\n<title>Rafting Light en el Rio Manso - Passeios em Bariloche | Neve, aventura e natureza na Argentina<\/title>\n<meta name=\"description\" content=\"Rafting divertido y seguro en Bariloche. Recorre el R\u00edo Manso con amigos, gu\u00edas expertos y paisajes incre\u00edbles en una experiencia \u00fanica.\" \/>\n<meta name=\"robots\" content=\"index, follow, max-snippet:-1, max-image-preview:large, max-video-preview:-1\" \/>\n<link rel=\"canonical\" href=\"https:\/\/passeiosbariloche.com\/pt\/product\/descubra-o-rio-manso-a-partir-da-agua-experiencia-unica-de-rafting-na-patagonia\/\" \/>\n<meta property=\"og:locale\" content=\"pt_BR\" \/>\n<meta property=\"og:type\" content=\"article\" \/>\n<meta property=\"og:title\" content=\"Descubr\u00ed el R\u00edo Manso desde el Agua \u2013 Experiencia de Rafting \u00danica en la Patagonia\" \/>\n<meta property=\"og:description\" content=\"Rafting divertido y seguro en Bariloche. Recorre el R\u00edo Manso con amigos, gu\u00edas expertos y paisajes incre\u00edbles en una experiencia \u00fanica.\" \/>\n<meta property=\"og:url\" content=\"https:\/\/passeiosbariloche.com\/pt\/product\/descubra-o-rio-manso-a-partir-da-agua-experiencia-unica-de-rafting-na-patagonia\/\" \/>\n<meta property=\"og:site_name\" content=\"Passeios em Bariloche | Neve, aventura e natureza na Argentina\" \/>\n<meta property=\"article:modified_time\" content=\"2026-04-13T15:53:34+00:00\" \/>\n<meta property=\"og:image\" content=\"https:\/\/passeiosbariloche.com\/wp-content\/uploads\/2025\/03\/8-B-rafting-light-3-copia-scaled.jpg\" \/>\n\t<meta property=\"og:image:width\" content=\"1920\" \/>\n\t<meta property=\"og:image:height\" content=\"2560\" \/>\n\t<meta property=\"og:image:type\" content=\"image\/jpeg\" \/>\n<meta name=\"twitter:card\" content=\"summary_large_image\" \/>\n<meta name=\"twitter:label1\" content=\"Pre\u00e7o\" \/>\n\t<meta name=\"twitter:data1\" content=\"&#036;&nbsp;90.000,00\" \/>\n\t<meta name=\"twitter:label2\" content=\"Disponibilidade\" \/>\n\t<meta name=\"twitter:data2\" content=\"Em Estoque\" \/>\n<script type=\"application\/ld+json\" class=\"yoast-schema-graph\">{\"@context\":\"https:\/\/schema.org\",\"@graph\":[{\"@type\":[\"WebPage\",\"ItemPage\"],\"@id\":\"https:\/\/passeiosbariloche.com\/product\/descubri-el-rio-manso-desde-el-agua-experiencia-de-rafting-unica-en-la-patagonia\/\",\"url\":\"https:\/\/passeiosbariloche.com\/product\/descubri-el-rio-manso-desde-el-agua-experiencia-de-rafting-unica-en-la-patagonia\/\",\"name\":\"Rafting Light en el Rio Manso - Passeios em Bariloche | Neve, aventura e natureza na Argentina\",\"isPartOf\":{\"@id\":\"https:\/\/passeiosbariloche.com\/#website\"},\"primaryImageOfPage\":{\"@id\":\"https:\/\/passeiosbariloche.com\/product\/descubri-el-rio-manso-desde-el-agua-experiencia-de-rafting-unica-en-la-patagonia\/#primaryimage\"},\"image\":{\"@id\":\"https:\/\/passeiosbariloche.com\/product\/descubri-el-rio-manso-desde-el-agua-experiencia-de-rafting-unica-en-la-patagonia\/#primaryimage\"},\"thumbnailUrl\":\"https:\/\/passeiosbariloche.com\/wp-content\/uploads\/2025\/03\/8-B-rafting-light-3-copia-scaled.jpg\",\"datePublished\":\"2025-03-20T23:15:06+00:00\",\"dateModified\":\"2026-04-13T15:53:34+00:00\",\"description\":\"Rafting divertido y seguro en Bariloche. Recorre el R\u00edo Manso con amigos, gu\u00edas expertos y paisajes incre\u00edbles en una experiencia \u00fanica.\",\"breadcrumb\":{\"@id\":\"https:\/\/passeiosbariloche.com\/product\/descubri-el-rio-manso-desde-el-agua-experiencia-de-rafting-unica-en-la-patagonia\/#breadcrumb\"},\"inLanguage\":\"pt-BR\",\"potentialAction\":[{\"@type\":\"ReadAction\",\"target\":[\"https:\/\/passeiosbariloche.com\/product\/descubri-el-rio-manso-desde-el-agua-experiencia-de-rafting-unica-en-la-patagonia\/\"]}]},{\"@type\":\"ImageObject\",\"inLanguage\":\"pt-BR\",\"@id\":\"https:\/\/passeiosbariloche.com\/product\/descubri-el-rio-manso-desde-el-agua-experiencia-de-rafting-unica-en-la-patagonia\/#primaryimage\",\"url\":\"https:\/\/passeiosbariloche.com\/wp-content\/uploads\/2025\/03\/8-B-rafting-light-3-copia-scaled.jpg\",\"contentUrl\":\"https:\/\/passeiosbariloche.com\/wp-content\/uploads\/2025\/03\/8-B-rafting-light-3-copia-scaled.jpg\",\"width\":1920,\"height\":2560},{\"@type\":\"BreadcrumbList\",\"@id\":\"https:\/\/passeiosbariloche.com\/product\/descubri-el-rio-manso-desde-el-agua-experiencia-de-rafting-unica-en-la-patagonia\/#breadcrumb\",\"itemListElement\":[{\"@type\":\"ListItem\",\"position\":1,\"name\":\"Home\",\"item\":\"https:\/\/passeiosbariloche.com\/\"},{\"@type\":\"ListItem\",\"position\":2,\"name\":\"Lista de excursiones\",\"item\":\"https:\/\/passeiosbariloche.com\/shop\/\"},{\"@type\":\"ListItem\",\"position\":3,\"name\":\"Descubr\u00ed el R\u00edo Manso desde el Agua \u2013 Experiencia de Rafting \u00danica en la Patagonia\"}]},{\"@type\":\"WebSite\",\"@id\":\"https:\/\/passeiosbariloche.com\/#website\",\"url\":\"https:\/\/passeiosbariloche.com\/\",\"name\":\"Passeios em Bariloche | Aventura e natureza na Argentina\",\"description\":\"Planeje sua viagem para Bariloche com os melhores passeios! Atividades na neve, aventura e paisagens deslumbrantes na Patag\u00f4nia.\",\"potentialAction\":[{\"@type\":\"SearchAction\",\"target\":{\"@type\":\"EntryPoint\",\"urlTemplate\":\"https:\/\/passeiosbariloche.com\/?s={search_term_string}\"},\"query-input\":{\"@type\":\"PropertyValueSpecification\",\"valueRequired\":true,\"valueName\":\"search_term_string\"}}],\"inLanguage\":\"pt-BR\"}]}<\/script>\n<meta property=\"product:price:amount\" content=\"90000.00\" \/>\n<meta property=\"product:price:currency\" content=\"ARS\" \/>\n<meta property=\"og:availability\" content=\"instock\" \/>\n<meta property=\"product:availability\" content=\"instock\" \/>\n<meta property=\"product:retailer_item_id\" content=\"ADV2025RALIENP3DA\" \/>\n<meta property=\"product:condition\" content=\"new\" \/>\n<!-- \/ Yoast SEO Premium plugin. -->","yoast_head_json":{"title":"Rafting Light no Rio Manso - Passeios em Bariloche | Neve, aventura e natureza na Argentina","description":"Rafting divertido e seguro em Bariloche. Fa\u00e7a rafting no Rio Manso com amigos, guias especializados e paisagens incr\u00edveis em uma experi\u00eancia \u00fanica.","robots":{"index":"index","follow":"follow","max-snippet":"max-snippet:-1","max-image-preview":"max-image-preview:large","max-video-preview":"max-video-preview:-1"},"canonical":"https:\/\/passeiosbariloche.com\/pt\/product\/descubra-o-rio-manso-a-partir-da-agua-experiencia-unica-de-rafting-na-patagonia\/","og_locale":"pt_BR","og_type":"article","og_title":"Descubr\u00ed el R\u00edo Manso desde el Agua \u2013 Experiencia de Rafting \u00danica en la Patagonia","og_description":"Rafting divertido y seguro en Bariloche. Recorre el R\u00edo Manso con amigos, gu\u00edas expertos y paisajes incre\u00edbles en una experiencia \u00fanica.","og_url":"https:\/\/passeiosbariloche.com\/pt\/product\/descubra-o-rio-manso-a-partir-da-agua-experiencia-unica-de-rafting-na-patagonia\/","og_site_name":"Passeios em Bariloche | Neve, aventura e natureza na Argentina","article_modified_time":"2026-04-13T15:53:34+00:00","og_image":[{"width":1920,"height":2560,"url":"https:\/\/passeiosbariloche.com\/wp-content\/uploads\/2025\/03\/8-B-rafting-light-3-copia-scaled.jpg","type":"image\/jpeg"}],"twitter_card":"summary_large_image","twitter_misc":{"Pre\u00e7o":"&#36;&nbsp;90.000,00","Disponibilidade":"Em Estoque"},"schema":{"@context":"https:\/\/schema.org","@graph":[{"@type":["WebPage","ItemPage"],"@id":"https:\/\/passeiosbariloche.com\/product\/descubri-el-rio-manso-desde-el-agua-experiencia-de-rafting-unica-en-la-patagonia\/","url":"https:\/\/passeiosbariloche.com\/product\/descubri-el-rio-manso-desde-el-agua-experiencia-de-rafting-unica-en-la-patagonia\/","name":"Rafting Light no Rio Manso - Passeios em Bariloche | Neve, aventura e natureza na Argentina","isPartOf":{"@id":"https:\/\/passeiosbariloche.com\/#website"},"primaryImageOfPage":{"@id":"https:\/\/passeiosbariloche.com\/product\/descubri-el-rio-manso-desde-el-agua-experiencia-de-rafting-unica-en-la-patagonia\/#primaryimage"},"image":{"@id":"https:\/\/passeiosbariloche.com\/product\/descubri-el-rio-manso-desde-el-agua-experiencia-de-rafting-unica-en-la-patagonia\/#primaryimage"},"thumbnailUrl":"https:\/\/passeiosbariloche.com\/wp-content\/uploads\/2025\/03\/8-B-rafting-light-3-copia-scaled.jpg","datePublished":"2025-03-20T23:15:06+00:00","dateModified":"2026-04-13T15:53:34+00:00","description":"Rafting divertido e seguro em Bariloche. Fa\u00e7a rafting no Rio Manso com amigos, guias especializados e paisagens incr\u00edveis em uma experi\u00eancia \u00fanica.","breadcrumb":{"@id":"https:\/\/passeiosbariloche.com\/product\/descubri-el-rio-manso-desde-el-agua-experiencia-de-rafting-unica-en-la-patagonia\/#breadcrumb"},"inLanguage":"pt-BR","potentialAction":[{"@type":"ReadAction","target":["https:\/\/passeiosbariloche.com\/product\/descubri-el-rio-manso-desde-el-agua-experiencia-de-rafting-unica-en-la-patagonia\/"]}]},{"@type":"ImageObject","inLanguage":"pt-BR","@id":"https:\/\/passeiosbariloche.com\/product\/descubri-el-rio-manso-desde-el-agua-experiencia-de-rafting-unica-en-la-patagonia\/#primaryimage","url":"https:\/\/passeiosbariloche.com\/wp-content\/uploads\/2025\/03\/8-B-rafting-light-3-copia-scaled.jpg","contentUrl":"https:\/\/passeiosbariloche.com\/wp-content\/uploads\/2025\/03\/8-B-rafting-light-3-copia-scaled.jpg","width":1920,"height":2560},{"@type":"BreadcrumbList","@id":"https:\/\/passeiosbariloche.com\/product\/descubri-el-rio-manso-desde-el-agua-experiencia-de-rafting-unica-en-la-patagonia\/#breadcrumb","itemListElement":[{"@type":"ListItem","position":1,"name":"Home","item":"https:\/\/passeiosbariloche.com\/"},{"@type":"ListItem","position":2,"name":"Lista de excursiones","item":"https:\/\/passeiosbariloche.com\/shop\/"},{"@type":"ListItem","position":3,"name":"Descubr\u00ed el R\u00edo Manso desde el Agua \u2013 Experiencia de Rafting \u00danica en la Patagonia"}]},{"@type":"WebSite","@id":"https:\/\/passeiosbariloche.com\/#website","url":"https:\/\/passeiosbariloche.com\/","name":"Passeios em Bariloche | Aventura e natureza na Argentina","description":"Planeje sua viagem a Bariloche com as melhores viagens! Atividades na neve, aventura e paisagens deslumbrantes na Patag\u00f4nia.","potentialAction":[{"@type":"SearchAction","target":{"@type":"EntryPoint","urlTemplate":"https:\/\/passeiosbariloche.com\/?s={search_term_string}"},"query-input":{"@type":"PropertyValueSpecification","valueRequired":true,"valueName":"search_term_string"}}],"inLanguage":"pt-BR"}]},"product_price_amount":"90000.00","product_price_currency":"ARS","og_availability":"instock","product_availability":"instock","product_retailer_item_id":"ADV2025RALIENP3DA","product_condition":"new"},"_links":{"self":[{"href":"https:\/\/passeiosbariloche.com\/pt\/wp-json\/wp\/v2\/product\/65772","targetHints":{"allow":["GET"]}}],"collection":[{"href":"https:\/\/passeiosbariloche.com\/pt\/wp-json\/wp\/v2\/product"}],"about":[{"href":"https:\/\/passeiosbariloche.com\/pt\/wp-json\/wp\/v2\/types\/product"}],"replies":[{"embeddable":true,"href":"https:\/\/passeiosbariloche.com\/pt\/wp-json\/wp\/v2\/comments?post=65772"}],"version-history":[{"count":9,"href":"https:\/\/passeiosbariloche.com\/pt\/wp-json\/wp\/v2\/product\/65772\/revisions"}],"predecessor-version":[{"id":84501,"href":"https:\/\/passeiosbariloche.com\/pt\/wp-json\/wp\/v2\/product\/65772\/revisions\/84501"}],"wp:featuredmedia":[{"embeddable":true,"href":"https:\/\/passeiosbariloche.com\/pt\/wp-json\/wp\/v2\/media\/66545"}],"wp:attachment":[{"href":"https:\/\/passeiosbariloche.com\/pt\/wp-json\/wp\/v2\/media?parent=65772"}],"wp:term":[{"taxonomy":"product_brand","embeddable":true,"href":"https:\/\/passeiosbariloche.com\/pt\/wp-json\/wp\/v2\/product_brand?post=65772"},{"taxonomy":"product_cat","embeddable":true,"href":"https:\/\/passeiosbariloche.com\/pt\/wp-json\/wp\/v2\/product_cat?post=65772"},{"taxonomy":"product_tag","embeddable":true,"href":"https:\/\/passeiosbariloche.com\/pt\/wp-json\/wp\/v2\/product_tag?post=65772"}],"curies":[{"name":"wp","href":"https:\/\/api.w.org\/{rel}","templated":true}]}}