{"id":65777,"date":"2025-03-21T12:46:48","date_gmt":"2025-03-21T15:46:48","guid":{"rendered":"https:\/\/passeiosbariloche.com\/?post_type=product&#038;p=65777"},"modified":"2026-04-08T16:21:33","modified_gmt":"2026-04-08T19:21:33","slug":"bolson-y-lago-puelo","status":"publish","type":"product","link":"https:\/\/passeiosbariloche.com\/pt\/product\/bolson-e-lago-puelo\/","title":{"rendered":"El Bols\u00f3n e Lago Puelo: uma viagem por paisagens m\u00e1gicas, arte e natureza"},"content":{"rendered":"<h3 data-start=\"429\" data-end=\"523\"><strong data-start=\"433\" data-end=\"523\">Uma experi\u00eancia imperd\u00edvel para quem quer conhecer a mais aut\u00eantica Patag\u00f4nia Austral.<\/strong><\/h3>\n<p data-start=\"525\" data-end=\"796\">\u00c0s ter\u00e7as, quintas e s\u00e1bados, partimos de Bariloche para uma regi\u00e3o onde a paisagem muda, a cultura est\u00e1 no ar e a natureza se torna a protagonista. Essa excurs\u00e3o combina estradas de montanha, tradi\u00e7\u00f5es locais e lagos de cores inesquec\u00edveis.<\/p>\n<p data-start=\"798\" data-end=\"1006\">Desde o in\u00edcio, a jornada pela Rota Nacional 40 j\u00e1 faz parte da viagem. O senhor atravessa florestas, vales e admira os lagos Guti\u00e9rrez, Mascardi e Guillelmo, com vistas que parecem sa\u00eddas de um cart\u00e3o postal.<\/p>\n<p data-start=\"1008\" data-end=\"1250\">Em <strong data-start=\"1011\" data-end=\"1024\">El Bols\u00f3n<\/strong>Tudo tem um ritmo diferente: a feira de artesanato, as frutas finas, a atmosfera bo\u00eamia e natural fazem com que cada visitante se sinta bem-vindo. \u00c9 um vilarejo encantador onde a criatividade e a tranquilidade andam de m\u00e3os dadas.<\/p>\n<p data-start=\"1252\" data-end=\"1517\">Em seguida, continuamos para o <strong data-start=\"1276\" data-end=\"1306\">Parque Nacional Lago Puelo<\/strong>O lago de \u00e1guas cor de esmeralda \u00e9 cercado por montanhas. L\u00e1, o senhor pode caminhar com calma, descansar em frente \u00e0 \u00e1gua ou simplesmente respirar ar puro. \u00c9 um lugar perfeito para se conectar com a Patag\u00f4nia mais profunda.<\/p>\n<p data-start=\"1519\" data-end=\"1763\">Inclui transporte dos pontos de encontro e guia que fala ingl\u00eas. O senhor tamb\u00e9m pode solicitar um guia bil\u00edngue por um custo adicional. A alimenta\u00e7\u00e3o e a taxa de entrada no parque n\u00e3o est\u00e3o inclu\u00eddas e devem ser pagas na chegada. A sa\u00edda \u00e9 poss\u00edvel mesmo se chover ou nevar.<\/p>\n<h3 data-start=\"1770\" data-end=\"1798\"><strong data-start=\"1774\" data-end=\"1798\">Perguntas frequentes<\/strong><\/h3>\n<p data-start=\"1800\" data-end=\"1937\"><strong data-start=\"1800\" data-end=\"1831\">Quais s\u00e3o os dias da caminhada?<\/strong><br data-start=\"1831\" data-end=\"1834\" \/>Todas as ter\u00e7as, quintas e s\u00e1bados. A sa\u00edda \u00e9 pela manh\u00e3 e o retorno por volta das 18:30 hs.<\/p>\n<p data-start=\"1939\" data-end=\"2061\"><strong data-start=\"1939\" data-end=\"1962\">O que est\u00e1 inclu\u00eddo?<\/strong><br data-start=\"1962\" data-end=\"1965\" \/>Transporte de ida e volta de Bariloche e guia em espanhol. Guia bil\u00edngue dispon\u00edvel mediante reserva.<\/p>\n<p data-start=\"2063\" data-end=\"2177\"><strong data-start=\"2063\" data-end=\"2084\">O que devo levar?<\/strong><br data-start=\"2084\" data-end=\"2087\" \/>Roupas quentes, cal\u00e7ados confort\u00e1veis e imperme\u00e1veis. A excurs\u00e3o pode ser feita em qualquer clima.<\/p>\n<p data-start=\"2179\" data-end=\"2288\"><strong data-start=\"2179\" data-end=\"2210\">H\u00e1 alguma taxa de entrada para o parque?<\/strong><br data-start=\"2210\" data-end=\"2213\" \/>Sim, o acesso ao Parque Nacional Lago Puelo \u00e9 pago diretamente na chegada.<\/p>","protected":false},"excerpt":{"rendered":"<p>Viva uma experi\u00eancia inesquec\u00edvel de San Carlos de Bariloche at\u00e9 o cativante Bolson e o Lago Puelo. Explore vistas espetaculares, a arte local e a ess\u00eancia da Patag\u00f4nia nesta aventura exclusiva.<\/p>","protected":false},"featured_media":66587,"comment_status":"open","ping_status":"closed","template":"","meta":[],"product_brand":[],"product_cat":[105,115,106,108,132,127,121],"product_tag":[],"class_list":{"0":"post-65777","1":"product","2":"type-product","3":"status-publish","4":"has-post-thumbnail","6":"product_cat-adultos","7":"product_cat-con-traslado","8":"product_cat-familia","9":"product_cat-ninos","10":"product_cat-sin-comida","11":"product_cat-terrestre","12":"product_cat-todo-el-ano","14":"first","15":"instock","16":"virtual","17":"sold-individually","18":"purchasable","19":"product-type-booking"},"booking_location":"","booking_location_type":"","booking_duration":1,"booking_duration_unit":"hour","booking_buffer":0,"booking_cost":0,"booking_resources":[],"exclude_global_add_ons":false,"addons":[{"name":"STD : Passageiros","type":"input_multiplier","position":0,"required":false,"title_format":"label","default":"","description_enable":false,"description":"","placeholder_enable":false,"placeholder":"","display":"select","restrictions_type":"any_text","adjust_price":true,"price":"59400","price_type":"flat_fee","restrictions":false,"min":"0","max":"0","options":[],"id":1773237174}],"yoast_head":"<!-- This site is optimized with the Yoast SEO Premium plugin v24.5 (Yoast SEO v24.8) - https:\/\/yoast.com\/wordpress\/plugins\/seo\/ -->\n<title>El Bols\u00f3n y Lago Puelo - Passeios em Bariloche | Neve, aventura e natureza na Argentina<\/title>\n<meta name=\"description\" content=\"Descubr\u00ed El Bols\u00f3n y Lago Puelo desde Bariloche: cultura, paisajes y naturaleza patag\u00f3nica. Excursi\u00f3n guiada con salidas semanales, ideal para turistas.\" \/>\n<meta name=\"robots\" content=\"index, follow, max-snippet:-1, max-image-preview:large, max-video-preview:-1\" \/>\n<link rel=\"canonical\" href=\"https:\/\/passeiosbariloche.com\/pt\/product\/bolson-e-lago-puelo\/\" \/>\n<meta property=\"og:locale\" content=\"pt_BR\" \/>\n<meta property=\"og:type\" content=\"article\" \/>\n<meta property=\"og:title\" content=\"El Bols\u00f3n y Lago Puelo: un viaje entre paisajes m\u00e1gicos, arte y naturaleza\" \/>\n<meta property=\"og:description\" content=\"Descubr\u00ed El Bols\u00f3n y Lago Puelo desde Bariloche: cultura, paisajes y naturaleza patag\u00f3nica. Excursi\u00f3n guiada con salidas semanales, ideal para turistas.\" \/>\n<meta property=\"og:url\" content=\"https:\/\/passeiosbariloche.com\/pt\/product\/bolson-e-lago-puelo\/\" \/>\n<meta property=\"og:site_name\" content=\"Passeios em Bariloche | Neve, aventura e natureza na Argentina\" \/>\n<meta property=\"article:modified_time\" content=\"2026-04-08T19:21:33+00:00\" \/>\n<meta property=\"og:image\" content=\"https:\/\/passeiosbariloche.com\/wp-content\/uploads\/2025\/03\/8-A-unnamed1-scaled.jpg\" \/>\n\t<meta property=\"og:image:width\" content=\"1920\" \/>\n\t<meta property=\"og:image:height\" content=\"2560\" \/>\n\t<meta property=\"og:image:type\" content=\"image\/jpeg\" \/>\n<meta name=\"twitter:card\" content=\"summary_large_image\" \/>\n<meta name=\"twitter:label1\" content=\"Pre\u00e7o\" \/>\n\t<meta name=\"twitter:data1\" content=\"&#036;&nbsp;59.400,00\" \/>\n\t<meta name=\"twitter:label2\" content=\"Disponibilidade\" \/>\n\t<meta name=\"twitter:data2\" content=\"Em Estoque\" \/>\n<script type=\"application\/ld+json\" class=\"yoast-schema-graph\">{\"@context\":\"https:\/\/schema.org\",\"@graph\":[{\"@type\":[\"WebPage\",\"ItemPage\"],\"@id\":\"https:\/\/passeiosbariloche.com\/product\/bolson-y-lago-puelo\/\",\"url\":\"https:\/\/passeiosbariloche.com\/product\/bolson-y-lago-puelo\/\",\"name\":\"El Bols\u00f3n y Lago Puelo - Passeios em Bariloche | Neve, aventura e natureza na Argentina\",\"isPartOf\":{\"@id\":\"https:\/\/passeiosbariloche.com\/#website\"},\"primaryImageOfPage\":{\"@id\":\"https:\/\/passeiosbariloche.com\/product\/bolson-y-lago-puelo\/#primaryimage\"},\"image\":{\"@id\":\"https:\/\/passeiosbariloche.com\/product\/bolson-y-lago-puelo\/#primaryimage\"},\"thumbnailUrl\":\"https:\/\/passeiosbariloche.com\/wp-content\/uploads\/2025\/03\/8-A-unnamed1-scaled.jpg\",\"datePublished\":\"2025-03-21T15:46:48+00:00\",\"dateModified\":\"2026-04-08T19:21:33+00:00\",\"description\":\"Descubr\u00ed El Bols\u00f3n y Lago Puelo desde Bariloche: cultura, paisajes y naturaleza patag\u00f3nica. Excursi\u00f3n guiada con salidas semanales, ideal para turistas.\",\"breadcrumb\":{\"@id\":\"https:\/\/passeiosbariloche.com\/product\/bolson-y-lago-puelo\/#breadcrumb\"},\"inLanguage\":\"pt-BR\",\"potentialAction\":[{\"@type\":\"ReadAction\",\"target\":[\"https:\/\/passeiosbariloche.com\/product\/bolson-y-lago-puelo\/\"]}]},{\"@type\":\"ImageObject\",\"inLanguage\":\"pt-BR\",\"@id\":\"https:\/\/passeiosbariloche.com\/product\/bolson-y-lago-puelo\/#primaryimage\",\"url\":\"https:\/\/passeiosbariloche.com\/wp-content\/uploads\/2025\/03\/8-A-unnamed1-scaled.jpg\",\"contentUrl\":\"https:\/\/passeiosbariloche.com\/wp-content\/uploads\/2025\/03\/8-A-unnamed1-scaled.jpg\",\"width\":1920,\"height\":2560},{\"@type\":\"BreadcrumbList\",\"@id\":\"https:\/\/passeiosbariloche.com\/product\/bolson-y-lago-puelo\/#breadcrumb\",\"itemListElement\":[{\"@type\":\"ListItem\",\"position\":1,\"name\":\"Home\",\"item\":\"https:\/\/passeiosbariloche.com\/\"},{\"@type\":\"ListItem\",\"position\":2,\"name\":\"Lista de excursiones\",\"item\":\"https:\/\/passeiosbariloche.com\/shop\/\"},{\"@type\":\"ListItem\",\"position\":3,\"name\":\"El Bols\u00f3n y Lago Puelo: un viaje entre paisajes m\u00e1gicos, arte y naturaleza\"}]},{\"@type\":\"WebSite\",\"@id\":\"https:\/\/passeiosbariloche.com\/#website\",\"url\":\"https:\/\/passeiosbariloche.com\/\",\"name\":\"Passeios em Bariloche | Aventura e natureza na Argentina\",\"description\":\"Planeje sua viagem para Bariloche com os melhores passeios! Atividades na neve, aventura e paisagens deslumbrantes na Patag\u00f4nia.\",\"potentialAction\":[{\"@type\":\"SearchAction\",\"target\":{\"@type\":\"EntryPoint\",\"urlTemplate\":\"https:\/\/passeiosbariloche.com\/?s={search_term_string}\"},\"query-input\":{\"@type\":\"PropertyValueSpecification\",\"valueRequired\":true,\"valueName\":\"search_term_string\"}}],\"inLanguage\":\"pt-BR\"}]}<\/script>\n<meta property=\"product:price:amount\" content=\"59400.00\" \/>\n<meta property=\"product:price:currency\" content=\"ARS\" \/>\n<meta property=\"og:availability\" content=\"instock\" \/>\n<meta property=\"product:availability\" content=\"instock\" \/>\n<meta property=\"product:retailer_item_id\" content=\"ADV2025BOYLAPYFHS\" \/>\n<meta property=\"product:condition\" content=\"new\" \/>\n<!-- \/ Yoast SEO Premium plugin. -->","yoast_head_json":{"title":"El Bols\u00f3n e Lago Puelo - Passeios em Bariloche | Neve, aventura e natureza na Argentina","description":"Descubra El Bols\u00f3n e o Lago Puelo a partir de Bariloche: cultura, paisagens e natureza patag\u00f4nica. Visita guiada com sa\u00eddas semanais, ideal para turistas.","robots":{"index":"index","follow":"follow","max-snippet":"max-snippet:-1","max-image-preview":"max-image-preview:large","max-video-preview":"max-video-preview:-1"},"canonical":"https:\/\/passeiosbariloche.com\/pt\/product\/bolson-e-lago-puelo\/","og_locale":"pt_BR","og_type":"article","og_title":"El Bols\u00f3n y Lago Puelo: un viaje entre paisajes m\u00e1gicos, arte y naturaleza","og_description":"Descubr\u00ed El Bols\u00f3n y Lago Puelo desde Bariloche: cultura, paisajes y naturaleza patag\u00f3nica. Excursi\u00f3n guiada con salidas semanales, ideal para turistas.","og_url":"https:\/\/passeiosbariloche.com\/pt\/product\/bolson-e-lago-puelo\/","og_site_name":"Passeios em Bariloche | Neve, aventura e natureza na Argentina","article_modified_time":"2026-04-08T19:21:33+00:00","og_image":[{"width":1920,"height":2560,"url":"https:\/\/passeiosbariloche.com\/wp-content\/uploads\/2025\/03\/8-A-unnamed1-scaled.jpg","type":"image\/jpeg"}],"twitter_card":"summary_large_image","twitter_misc":{"Pre\u00e7o":"&#36;&nbsp;59.400,00","Disponibilidade":"Em Estoque"},"schema":{"@context":"https:\/\/schema.org","@graph":[{"@type":["WebPage","ItemPage"],"@id":"https:\/\/passeiosbariloche.com\/product\/bolson-y-lago-puelo\/","url":"https:\/\/passeiosbariloche.com\/product\/bolson-y-lago-puelo\/","name":"El Bols\u00f3n e Lago Puelo - Passeios em Bariloche | Neve, aventura e natureza na Argentina","isPartOf":{"@id":"https:\/\/passeiosbariloche.com\/#website"},"primaryImageOfPage":{"@id":"https:\/\/passeiosbariloche.com\/product\/bolson-y-lago-puelo\/#primaryimage"},"image":{"@id":"https:\/\/passeiosbariloche.com\/product\/bolson-y-lago-puelo\/#primaryimage"},"thumbnailUrl":"https:\/\/passeiosbariloche.com\/wp-content\/uploads\/2025\/03\/8-A-unnamed1-scaled.jpg","datePublished":"2025-03-21T15:46:48+00:00","dateModified":"2026-04-08T19:21:33+00:00","description":"Descubra El Bols\u00f3n e o Lago Puelo a partir de Bariloche: cultura, paisagens e natureza patag\u00f4nica. Visita guiada com sa\u00eddas semanais, ideal para turistas.","breadcrumb":{"@id":"https:\/\/passeiosbariloche.com\/product\/bolson-y-lago-puelo\/#breadcrumb"},"inLanguage":"pt-BR","potentialAction":[{"@type":"ReadAction","target":["https:\/\/passeiosbariloche.com\/product\/bolson-y-lago-puelo\/"]}]},{"@type":"ImageObject","inLanguage":"pt-BR","@id":"https:\/\/passeiosbariloche.com\/product\/bolson-y-lago-puelo\/#primaryimage","url":"https:\/\/passeiosbariloche.com\/wp-content\/uploads\/2025\/03\/8-A-unnamed1-scaled.jpg","contentUrl":"https:\/\/passeiosbariloche.com\/wp-content\/uploads\/2025\/03\/8-A-unnamed1-scaled.jpg","width":1920,"height":2560},{"@type":"BreadcrumbList","@id":"https:\/\/passeiosbariloche.com\/product\/bolson-y-lago-puelo\/#breadcrumb","itemListElement":[{"@type":"ListItem","position":1,"name":"Home","item":"https:\/\/passeiosbariloche.com\/"},{"@type":"ListItem","position":2,"name":"Lista de excursiones","item":"https:\/\/passeiosbariloche.com\/shop\/"},{"@type":"ListItem","position":3,"name":"El Bols\u00f3n y Lago Puelo: un viaje entre paisajes m\u00e1gicos, arte y naturaleza"}]},{"@type":"WebSite","@id":"https:\/\/passeiosbariloche.com\/#website","url":"https:\/\/passeiosbariloche.com\/","name":"Passeios em Bariloche | Aventura e natureza na Argentina","description":"Planeje sua viagem a Bariloche com as melhores viagens! Atividades na neve, aventura e paisagens deslumbrantes na Patag\u00f4nia.","potentialAction":[{"@type":"SearchAction","target":{"@type":"EntryPoint","urlTemplate":"https:\/\/passeiosbariloche.com\/?s={search_term_string}"},"query-input":{"@type":"PropertyValueSpecification","valueRequired":true,"valueName":"search_term_string"}}],"inLanguage":"pt-BR"}]},"product_price_amount":"59400.00","product_price_currency":"ARS","og_availability":"instock","product_availability":"instock","product_retailer_item_id":"ADV2025BOYLAPYFHS","product_condition":"new"},"_links":{"self":[{"href":"https:\/\/passeiosbariloche.com\/pt\/wp-json\/wp\/v2\/product\/65777","targetHints":{"allow":["GET"]}}],"collection":[{"href":"https:\/\/passeiosbariloche.com\/pt\/wp-json\/wp\/v2\/product"}],"about":[{"href":"https:\/\/passeiosbariloche.com\/pt\/wp-json\/wp\/v2\/types\/product"}],"replies":[{"embeddable":true,"href":"https:\/\/passeiosbariloche.com\/pt\/wp-json\/wp\/v2\/comments?post=65777"}],"version-history":[{"count":6,"href":"https:\/\/passeiosbariloche.com\/pt\/wp-json\/wp\/v2\/product\/65777\/revisions"}],"predecessor-version":[{"id":84426,"href":"https:\/\/passeiosbariloche.com\/pt\/wp-json\/wp\/v2\/product\/65777\/revisions\/84426"}],"wp:featuredmedia":[{"embeddable":true,"href":"https:\/\/passeiosbariloche.com\/pt\/wp-json\/wp\/v2\/media\/66587"}],"wp:attachment":[{"href":"https:\/\/passeiosbariloche.com\/pt\/wp-json\/wp\/v2\/media?parent=65777"}],"wp:term":[{"taxonomy":"product_brand","embeddable":true,"href":"https:\/\/passeiosbariloche.com\/pt\/wp-json\/wp\/v2\/product_brand?post=65777"},{"taxonomy":"product_cat","embeddable":true,"href":"https:\/\/passeiosbariloche.com\/pt\/wp-json\/wp\/v2\/product_cat?post=65777"},{"taxonomy":"product_tag","embeddable":true,"href":"https:\/\/passeiosbariloche.com\/pt\/wp-json\/wp\/v2\/product_tag?post=65777"}],"curies":[{"name":"wp","href":"https:\/\/api.w.org\/{rel}","templated":true}]}}