{"id":66091,"date":"2025-04-09T14:53:13","date_gmt":"2025-04-09T17:53:13","guid":{"rendered":"https:\/\/passeiosbariloche.com\/?post_type=product&#038;p=66091"},"modified":"2026-04-13T11:02:08","modified_gmt":"2026-04-13T14:02:08","slug":"travesia-moto-nieve-cuatriciclos-la-cueva-bariloche","status":"publish","type":"product","link":"https:\/\/passeiosbariloche.com\/pt\/product\/la-cueva-day-trip-snowmobile-quad-biking-sem-traslado\/","title":{"rendered":"La Cueva - Excurs\u00e3o de um dia em moto de neve e quadriciclo - Sem traslado"},"content":{"rendered":"<h2>Descubra a aventura em ambientes de inverno<\/h2>\n<p>Vivencie uma experi\u00eancia exclusiva em meio \u00e0 natureza e ao conforto, especialmente projetada para aqueles que gostam de adrenalina e da paisagem \u00fanica de Bariloche. Nossa jornada, que come\u00e7a em 10 de junho, permitir\u00e1 que os senhores explorem uma rota de <strong>7 km<\/strong> atrav\u00e9s de riachos e florestas de lengas, subindo at\u00e9 uma altitude de 1.400 metros.<\/p>\n<h3>Itiner\u00e1rio e destaques<\/h3>\n<ul>\n<li><strong>Visita guiada:<\/strong> Ele combina a emo\u00e7\u00e3o de andar de quadriciclo e snowmobiles ao longo de uma rota que passa por pontos de vista naturais e uma \u00e1rea especial da esta\u00e7\u00e3o de esqui, acess\u00edvel apenas a ve\u00edculos todo-o-terreno.<\/li>\n<li><strong>Hor\u00e1rios:<\/strong> 9:45, 11:00, 12:15 y 13:30.<\/li>\n<li><strong>Dura\u00e7\u00e3o da atividade:<\/strong> 50 minutos em cada ve\u00edculo, com capacidade para 2 pessoas por unidade.<\/li>\n<\/ul>\n<h3>Detalhes adicionais<\/h3>\n<ul>\n<li><strong>Ele inclui:<\/strong> Guias especializados e tudo o que o senhor precisa para aproveitar a atividade guiada.<\/li>\n<li><strong>N\u00e3o inclu\u00eddo:<\/strong> Roupas para neve, traslados de ida e volta para o acampamento e refei\u00e7\u00f5es.<\/li>\n<li><strong>Op\u00e7\u00e3o sem transfer\u00eancia:<\/strong> Se o senhor escolher essa op\u00e7\u00e3o, o ponto de encontro ser\u00e1 na base do Cerro Catedral.<\/li>\n<\/ul>\n<h2>Perguntas frequentes (FAQs)<\/h2>\n<h3>Quando s\u00e3o realizadas as excurs\u00f5es de inverno?<\/h3>\n<p>As excurs\u00f5es s\u00e3o organizadas a partir de 15 de junho, quando o ac\u00famulo de neve cria um ambiente ideal para a atividade.<\/p>\n<h3>O que a atividade inclui?<\/h3>\n<p>A experi\u00eancia inclui guias especializados e uma viagem de 50 minutos em quadriciclos e motos de neve, permitindo que os senhores desfrutem de um passeio planejado e seguro.<\/p>\n<h3>Quais aspectos n\u00e3o est\u00e3o inclu\u00eddos no pre\u00e7o?<\/h3>\n<p>O pre\u00e7o n\u00e3o inclui o aluguel de roupas para neve, traslados de ida e volta ou refei\u00e7\u00f5es.<\/p>\n<h3>Como acessar a excurs\u00e3o sem um traslado?<\/h3>\n<p>Para a modalidade sem traslado, \u00e9 necess\u00e1rio ir at\u00e9 o ponto de partida localizado na base do Cerro Catedral.<\/p>\n<p><strong>Aviso importante<\/strong>Este passeio j\u00e1 est\u00e1 dispon\u00edvel para pr\u00e9-reserva. As sa\u00eddas ocorrem de 15 de junho a 20 de agosto, sujeitas ao calend\u00e1rio sazonal.<\/p>","protected":false},"excerpt":{"rendered":"<p>Desfrute de uma experi\u00eancia \u00fanica de inverno em Bariloche. Descubra a viagem em motos de neve e quadriciclos, percorrendo paisagens naturais impressionantes com total exclusividade e conforto.<\/p>","protected":false},"featured_media":66579,"comment_status":"open","ping_status":"closed","template":"","meta":[],"product_brand":[],"product_cat":[105,124,106,118,108,132,116,127],"product_tag":[],"class_list":{"0":"post-66091","1":"product","2":"type-product","3":"status-publish","4":"has-post-thumbnail","6":"product_cat-adultos","7":"product_cat-aventura","8":"product_cat-familia","9":"product_cat-invierno","10":"product_cat-ninos","11":"product_cat-sin-comida","12":"product_cat-sin-traslado","13":"product_cat-terrestre","15":"first","16":"instock","17":"virtual","18":"sold-individually","19":"purchasable","20":"product-type-booking"},"booking_location":"","booking_location_type":"","booking_duration":1,"booking_duration_unit":"hour","booking_buffer":0,"booking_cost":0,"booking_resources":[],"exclude_global_add_ons":false,"addons":[{"name":"ADU : Adulto","type":"input_multiplier","position":0,"required":false,"title_format":"label","default":"","description_enable":false,"description":"","placeholder_enable":false,"placeholder":"","display":"select","restrictions_type":"any_text","adjust_price":true,"price":"265000","price_type":"quantity_based","restrictions":false,"min":"0","max":"0","options":[],"id":1775493844}],"yoast_head":"<!-- This site is optimized with the Yoast SEO Premium plugin v24.5 (Yoast SEO v24.8) - https:\/\/yoast.com\/wordpress\/plugins\/seo\/ -->\n<title>Traves\u00eda en moto de nieve y cuatriciclos en La Cueva Bariloche - Passeios em Bariloche | Neve, aventura e natureza na Argentina<\/title>\n<meta name=\"description\" content=\"Aventura en motos de nieve y cuatriciclos en La Cueva Bariloche. Recorrido guiado de 7 km con vistas \u00fanicas al Cerro Catedral.\" \/>\n<meta name=\"robots\" content=\"index, follow, max-snippet:-1, max-image-preview:large, max-video-preview:-1\" \/>\n<link rel=\"canonical\" href=\"https:\/\/passeiosbariloche.com\/pt\/product\/la-cueva-day-trip-snowmobile-quad-biking-sem-traslado\/\" \/>\n<meta property=\"og:locale\" content=\"pt_BR\" \/>\n<meta property=\"og:type\" content=\"article\" \/>\n<meta property=\"og:title\" content=\"La Cueva \u2013 Traves\u00eda Diurna en Moto de Nieve y Cuatriciclos- Sin traslado\" \/>\n<meta property=\"og:description\" content=\"Aventura en motos de nieve y cuatriciclos en La Cueva Bariloche. Recorrido guiado de 7 km con vistas \u00fanicas al Cerro Catedral.\" \/>\n<meta property=\"og:url\" content=\"https:\/\/passeiosbariloche.com\/pt\/product\/la-cueva-day-trip-snowmobile-quad-biking-sem-traslado\/\" \/>\n<meta property=\"og:site_name\" content=\"Passeios em Bariloche | Neve, aventura e natureza na Argentina\" \/>\n<meta property=\"article:modified_time\" content=\"2026-04-13T14:02:08+00:00\" \/>\n<meta property=\"og:image\" content=\"https:\/\/passeiosbariloche.com\/wp-content\/uploads\/2025\/04\/8-A-IMG_5704-scaled.jpg\" \/>\n\t<meta property=\"og:image:width\" content=\"1920\" \/>\n\t<meta property=\"og:image:height\" content=\"2560\" \/>\n\t<meta property=\"og:image:type\" content=\"image\/jpeg\" \/>\n<meta name=\"twitter:card\" content=\"summary_large_image\" \/>\n<meta name=\"twitter:label1\" content=\"Pre\u00e7o\" \/>\n\t<meta name=\"twitter:data1\" content=\"&#036;&nbsp;265.000,00\" \/>\n\t<meta name=\"twitter:label2\" content=\"Disponibilidade\" \/>\n\t<meta name=\"twitter:data2\" content=\"Em Estoque\" \/>\n<script type=\"application\/ld+json\" class=\"yoast-schema-graph\">{\"@context\":\"https:\/\/schema.org\",\"@graph\":[{\"@type\":[\"WebPage\",\"ItemPage\"],\"@id\":\"https:\/\/passeiosbariloche.com\/product\/travesia-moto-nieve-cuatriciclos-la-cueva-bariloche\/\",\"url\":\"https:\/\/passeiosbariloche.com\/product\/travesia-moto-nieve-cuatriciclos-la-cueva-bariloche\/\",\"name\":\"Traves\u00eda en moto de nieve y cuatriciclos en La Cueva Bariloche - Passeios em Bariloche | Neve, aventura e natureza na Argentina\",\"isPartOf\":{\"@id\":\"https:\/\/passeiosbariloche.com\/#website\"},\"primaryImageOfPage\":{\"@id\":\"https:\/\/passeiosbariloche.com\/product\/travesia-moto-nieve-cuatriciclos-la-cueva-bariloche\/#primaryimage\"},\"image\":{\"@id\":\"https:\/\/passeiosbariloche.com\/product\/travesia-moto-nieve-cuatriciclos-la-cueva-bariloche\/#primaryimage\"},\"thumbnailUrl\":\"https:\/\/passeiosbariloche.com\/wp-content\/uploads\/2025\/04\/8-A-IMG_5704-scaled.jpg\",\"datePublished\":\"2025-04-09T17:53:13+00:00\",\"dateModified\":\"2026-04-13T14:02:08+00:00\",\"description\":\"Aventura en motos de nieve y cuatriciclos en La Cueva Bariloche. Recorrido guiado de 7 km con vistas \u00fanicas al Cerro Catedral.\",\"breadcrumb\":{\"@id\":\"https:\/\/passeiosbariloche.com\/product\/travesia-moto-nieve-cuatriciclos-la-cueva-bariloche\/#breadcrumb\"},\"inLanguage\":\"pt-BR\",\"potentialAction\":[{\"@type\":\"ReadAction\",\"target\":[\"https:\/\/passeiosbariloche.com\/product\/travesia-moto-nieve-cuatriciclos-la-cueva-bariloche\/\"]}]},{\"@type\":\"ImageObject\",\"inLanguage\":\"pt-BR\",\"@id\":\"https:\/\/passeiosbariloche.com\/product\/travesia-moto-nieve-cuatriciclos-la-cueva-bariloche\/#primaryimage\",\"url\":\"https:\/\/passeiosbariloche.com\/wp-content\/uploads\/2025\/04\/8-A-IMG_5704-scaled.jpg\",\"contentUrl\":\"https:\/\/passeiosbariloche.com\/wp-content\/uploads\/2025\/04\/8-A-IMG_5704-scaled.jpg\",\"width\":1920,\"height\":2560},{\"@type\":\"BreadcrumbList\",\"@id\":\"https:\/\/passeiosbariloche.com\/product\/travesia-moto-nieve-cuatriciclos-la-cueva-bariloche\/#breadcrumb\",\"itemListElement\":[{\"@type\":\"ListItem\",\"position\":1,\"name\":\"Home\",\"item\":\"https:\/\/passeiosbariloche.com\/\"},{\"@type\":\"ListItem\",\"position\":2,\"name\":\"Lista de excursiones\",\"item\":\"https:\/\/passeiosbariloche.com\/shop\/\"},{\"@type\":\"ListItem\",\"position\":3,\"name\":\"La Cueva \u2013 Traves\u00eda Diurna en Moto de Nieve y Cuatriciclos- Sin traslado\"}]},{\"@type\":\"WebSite\",\"@id\":\"https:\/\/passeiosbariloche.com\/#website\",\"url\":\"https:\/\/passeiosbariloche.com\/\",\"name\":\"Passeios em Bariloche | Aventura e natureza na Argentina\",\"description\":\"Planeje sua viagem para Bariloche com os melhores passeios! Atividades na neve, aventura e paisagens deslumbrantes na Patag\u00f4nia.\",\"potentialAction\":[{\"@type\":\"SearchAction\",\"target\":{\"@type\":\"EntryPoint\",\"urlTemplate\":\"https:\/\/passeiosbariloche.com\/?s={search_term_string}\"},\"query-input\":{\"@type\":\"PropertyValueSpecification\",\"valueRequired\":true,\"valueName\":\"search_term_string\"}}],\"inLanguage\":\"pt-BR\"}]}<\/script>\n<meta property=\"product:price:amount\" content=\"265000.00\" \/>\n<meta property=\"product:price:currency\" content=\"ARS\" \/>\n<meta property=\"og:availability\" content=\"instock\" \/>\n<meta property=\"product:availability\" content=\"instock\" \/>\n<meta property=\"product:retailer_item_id\" content=\"ADV2025LACUTB94Z\" \/>\n<meta property=\"product:condition\" content=\"new\" \/>\n<!-- \/ Yoast SEO Premium plugin. -->","yoast_head_json":{"title":"Passeios de snowmobile e quadriciclo em La Cueva Bariloche - Passeios em Bariloche | Neve, aventura e natureza na Argentina","description":"Aventura de snowmobile e quadriciclo em La Cueva Bariloche. Passeio guiado de 7 km com vistas \u00fanicas do Cerro Catedral.","robots":{"index":"index","follow":"follow","max-snippet":"max-snippet:-1","max-image-preview":"max-image-preview:large","max-video-preview":"max-video-preview:-1"},"canonical":"https:\/\/passeiosbariloche.com\/pt\/product\/la-cueva-day-trip-snowmobile-quad-biking-sem-traslado\/","og_locale":"pt_BR","og_type":"article","og_title":"La Cueva \u2013 Traves\u00eda Diurna en Moto de Nieve y Cuatriciclos- Sin traslado","og_description":"Aventura en motos de nieve y cuatriciclos en La Cueva Bariloche. Recorrido guiado de 7 km con vistas \u00fanicas al Cerro Catedral.","og_url":"https:\/\/passeiosbariloche.com\/pt\/product\/la-cueva-day-trip-snowmobile-quad-biking-sem-traslado\/","og_site_name":"Passeios em Bariloche | Neve, aventura e natureza na Argentina","article_modified_time":"2026-04-13T14:02:08+00:00","og_image":[{"width":1920,"height":2560,"url":"https:\/\/passeiosbariloche.com\/wp-content\/uploads\/2025\/04\/8-A-IMG_5704-scaled.jpg","type":"image\/jpeg"}],"twitter_card":"summary_large_image","twitter_misc":{"Pre\u00e7o":"&#36;&nbsp;265.000,00","Disponibilidade":"Em Estoque"},"schema":{"@context":"https:\/\/schema.org","@graph":[{"@type":["WebPage","ItemPage"],"@id":"https:\/\/passeiosbariloche.com\/product\/travesia-moto-nieve-cuatriciclos-la-cueva-bariloche\/","url":"https:\/\/passeiosbariloche.com\/product\/travesia-moto-nieve-cuatriciclos-la-cueva-bariloche\/","name":"Passeios de snowmobile e quadriciclo em La Cueva Bariloche - Passeios em Bariloche | Neve, aventura e natureza na Argentina","isPartOf":{"@id":"https:\/\/passeiosbariloche.com\/#website"},"primaryImageOfPage":{"@id":"https:\/\/passeiosbariloche.com\/product\/travesia-moto-nieve-cuatriciclos-la-cueva-bariloche\/#primaryimage"},"image":{"@id":"https:\/\/passeiosbariloche.com\/product\/travesia-moto-nieve-cuatriciclos-la-cueva-bariloche\/#primaryimage"},"thumbnailUrl":"https:\/\/passeiosbariloche.com\/wp-content\/uploads\/2025\/04\/8-A-IMG_5704-scaled.jpg","datePublished":"2025-04-09T17:53:13+00:00","dateModified":"2026-04-13T14:02:08+00:00","description":"Aventura de snowmobile e quadriciclo em La Cueva Bariloche. Passeio guiado de 7 km com vistas \u00fanicas do Cerro Catedral.","breadcrumb":{"@id":"https:\/\/passeiosbariloche.com\/product\/travesia-moto-nieve-cuatriciclos-la-cueva-bariloche\/#breadcrumb"},"inLanguage":"pt-BR","potentialAction":[{"@type":"ReadAction","target":["https:\/\/passeiosbariloche.com\/product\/travesia-moto-nieve-cuatriciclos-la-cueva-bariloche\/"]}]},{"@type":"ImageObject","inLanguage":"pt-BR","@id":"https:\/\/passeiosbariloche.com\/product\/travesia-moto-nieve-cuatriciclos-la-cueva-bariloche\/#primaryimage","url":"https:\/\/passeiosbariloche.com\/wp-content\/uploads\/2025\/04\/8-A-IMG_5704-scaled.jpg","contentUrl":"https:\/\/passeiosbariloche.com\/wp-content\/uploads\/2025\/04\/8-A-IMG_5704-scaled.jpg","width":1920,"height":2560},{"@type":"BreadcrumbList","@id":"https:\/\/passeiosbariloche.com\/product\/travesia-moto-nieve-cuatriciclos-la-cueva-bariloche\/#breadcrumb","itemListElement":[{"@type":"ListItem","position":1,"name":"Home","item":"https:\/\/passeiosbariloche.com\/"},{"@type":"ListItem","position":2,"name":"Lista de excursiones","item":"https:\/\/passeiosbariloche.com\/shop\/"},{"@type":"ListItem","position":3,"name":"La Cueva \u2013 Traves\u00eda Diurna en Moto de Nieve y Cuatriciclos- Sin traslado"}]},{"@type":"WebSite","@id":"https:\/\/passeiosbariloche.com\/#website","url":"https:\/\/passeiosbariloche.com\/","name":"Passeios em Bariloche | Aventura e natureza na Argentina","description":"Planeje sua viagem a Bariloche com as melhores viagens! Atividades na neve, aventura e paisagens deslumbrantes na Patag\u00f4nia.","potentialAction":[{"@type":"SearchAction","target":{"@type":"EntryPoint","urlTemplate":"https:\/\/passeiosbariloche.com\/?s={search_term_string}"},"query-input":{"@type":"PropertyValueSpecification","valueRequired":true,"valueName":"search_term_string"}}],"inLanguage":"pt-BR"}]},"product_price_amount":"265000.00","product_price_currency":"ARS","og_availability":"instock","product_availability":"instock","product_retailer_item_id":"ADV2025LACUTB94Z","product_condition":"new"},"_links":{"self":[{"href":"https:\/\/passeiosbariloche.com\/pt\/wp-json\/wp\/v2\/product\/66091","targetHints":{"allow":["GET"]}}],"collection":[{"href":"https:\/\/passeiosbariloche.com\/pt\/wp-json\/wp\/v2\/product"}],"about":[{"href":"https:\/\/passeiosbariloche.com\/pt\/wp-json\/wp\/v2\/types\/product"}],"replies":[{"embeddable":true,"href":"https:\/\/passeiosbariloche.com\/pt\/wp-json\/wp\/v2\/comments?post=66091"}],"version-history":[{"count":6,"href":"https:\/\/passeiosbariloche.com\/pt\/wp-json\/wp\/v2\/product\/66091\/revisions"}],"predecessor-version":[{"id":84485,"href":"https:\/\/passeiosbariloche.com\/pt\/wp-json\/wp\/v2\/product\/66091\/revisions\/84485"}],"wp:featuredmedia":[{"embeddable":true,"href":"https:\/\/passeiosbariloche.com\/pt\/wp-json\/wp\/v2\/media\/66579"}],"wp:attachment":[{"href":"https:\/\/passeiosbariloche.com\/pt\/wp-json\/wp\/v2\/media?parent=66091"}],"wp:term":[{"taxonomy":"product_brand","embeddable":true,"href":"https:\/\/passeiosbariloche.com\/pt\/wp-json\/wp\/v2\/product_brand?post=66091"},{"taxonomy":"product_cat","embeddable":true,"href":"https:\/\/passeiosbariloche.com\/pt\/wp-json\/wp\/v2\/product_cat?post=66091"},{"taxonomy":"product_tag","embeddable":true,"href":"https:\/\/passeiosbariloche.com\/pt\/wp-json\/wp\/v2\/product_tag?post=66091"}],"curies":[{"name":"wp","href":"https:\/\/api.w.org\/{rel}","templated":true}]}}