{"id":66092,"date":"2025-04-09T15:44:30","date_gmt":"2025-04-09T18:44:30","guid":{"rendered":"https:\/\/passeiosbariloche.com\/?post_type=product&#038;p=66092"},"modified":"2026-04-13T11:02:04","modified_gmt":"2026-04-13T14:02:04","slug":"travesia-moto-nieve-cuatriciclos-la-cueva-bariloche-2","status":"publish","type":"product","link":"https:\/\/passeiosbariloche.com\/pt\/product\/la-cueva-day-trip-snowmobile-quad-biking-com-traslado\/","title":{"rendered":"La Cueva - Excurs\u00e3o de um dia em motos de neve e quadriciclos - Com traslado"},"content":{"rendered":"<h2>Descubra a aventura na caverna<\/h2>\n<p>Viva uma experi\u00eancia \u00fanica cruzando 7 km de paisagens de inverno em uma rota emocionante que combina o poder do <strong>quadriciclos<\/strong> y <strong>motos de neve<\/strong>. Essa rota leva os senhores a explorar mirantes naturais, atravessar riachos e passar por florestas de lengas, subindo at\u00e9 1.400 metros acima do n\u00edvel do mar. Uma oportunidade exclusiva de desfrutar da natureza em um dos cen\u00e1rios mais bonitos de Bariloche, acess\u00edvel apenas por ve\u00edculos todo-o-terreno.<\/p>\n<h3>Detalhes da travessia<\/h3>\n<ul>\n<li><strong>Rota:<\/strong> 7 km com paradas em pontos de vista que lhe permitir\u00e3o apreciar a majestade da paisagem de inverno.<\/li>\n<li><strong>Hor\u00e1rio:<\/strong> Das 08:00 hs \u00e0s 13:00 hs.<\/li>\n<li><strong>Ele inclui:<\/strong> Guias profissionais, experi\u00eancia de 50 minutos em quadriciclo e snowmobile (2 pessoas por ve\u00edculo) e traslados de ida e volta.<\/li>\n<li><strong>N\u00e3o inclui:<\/strong> Roupas para neve e refei\u00e7\u00f5es.<\/li>\n<\/ul>\n<h3>Itiner\u00e1rio exclusivo<\/h3>\n<p>A excurs\u00e3o come\u00e7a em um ponto estrat\u00e9gico aos p\u00e9s do Cerro Catedral (op\u00e7\u00e3o sem traslado) e se estende at\u00e9 uma \u00e1rea especial do centro de esqui, garantindo a exclusividade da experi\u00eancia. Cada parada foi projetada para que o senhor possa desfrutar do conforto e da emo\u00e7\u00e3o em meio \u00e0 natureza, priorizando a seguran\u00e7a e a qualidade em cada etapa da viagem.<\/p>\n<h3>Perguntas frequentes (FAQ)<\/h3>\n<ul>\n<li><strong>Qual \u00e9 a dura\u00e7\u00e3o da atividade?<\/strong>A experi\u00eancia com ATV e snowmobile dura 50 minutos, aumentando a dura\u00e7\u00e3o total do passeio.<\/li>\n<li><strong>O que preciso saber sobre a op\u00e7\u00e3o de n\u00e3o transfer\u00eancia?<\/strong>Se o senhor optar pela modalidade sem traslado, ter\u00e1 de ir at\u00e9 o ponto de partida localizado na base do Cerro Catedral.<\/li>\n<li><strong>O que est\u00e1 inclu\u00eddo no passeio?<\/strong>A atividade inclui guias profissionais, o uso de ve\u00edculos adaptados e traslados de ida e volta. Roupas de neve e refei\u00e7\u00f5es n\u00e3o est\u00e3o inclu\u00eddas.<\/li>\n<li><strong>Em que \u00e9poca do ano a excurs\u00e3o \u00e9 realizada?<\/strong>A atividade ocorre a partir de 10 de junho, quando h\u00e1 bastante neve nas colinas, otimizando as condi\u00e7\u00f5es do percurso.<\/li>\n<\/ul>\n<p>Mergulhe em uma aventura de inverno que combina adrenalina, conforto e paisagens de sonho. Essa viagem n\u00e3o \u00e9 apenas um passeio, mas uma experi\u00eancia \u00fanica que o convida a conhecer o esplendor natural de Bariloche.<\/p>\n<p><strong>Aviso importante<\/strong>Este passeio j\u00e1 est\u00e1 dispon\u00edvel para pr\u00e9-reserva. As sa\u00eddas ocorrem de 15 de junho a 20 de agosto, sujeitas ao calend\u00e1rio sazonal.<\/p>","protected":false},"excerpt":{"rendered":"<p><strong>Experimente uma viagem inesquec\u00edvel<\/strong> em motos de neve e quadriciclos, percorrendo 7 km de paisagens de inverno. Desfrute de mirantes, bosques de lengas e riachos em uma experi\u00eancia exclusiva em Bariloche. Inclui guias e traslados de ida e volta.<\/p>","protected":false},"featured_media":66581,"comment_status":"open","ping_status":"closed","template":"","meta":[],"product_brand":[],"product_cat":[105,124,115,106,118,108,132,127],"product_tag":[],"class_list":{"0":"post-66092","1":"product","2":"type-product","3":"status-publish","4":"has-post-thumbnail","6":"product_cat-adultos","7":"product_cat-aventura","8":"product_cat-con-traslado","9":"product_cat-familia","10":"product_cat-invierno","11":"product_cat-ninos","12":"product_cat-sin-comida","13":"product_cat-terrestre","15":"first","16":"instock","17":"virtual","18":"sold-individually","19":"purchasable","20":"product-type-booking"},"booking_location":"","booking_location_type":"","booking_duration":1,"booking_duration_unit":"hour","booking_buffer":0,"booking_cost":0,"booking_resources":[],"exclude_global_add_ons":false,"addons":[{"name":"ADU : Adulto","type":"input_multiplier","position":0,"required":false,"title_format":"label","default":"","description_enable":false,"description":"","placeholder_enable":false,"placeholder":"","display":"select","restrictions_type":"any_text","adjust_price":true,"price":"265000","price_type":"quantity_based","restrictions":false,"min":"0","max":"0","options":[],"id":1775571197}],"yoast_head":"<!-- This site is optimized with the Yoast SEO Premium plugin v24.5 (Yoast SEO v24.8) - https:\/\/yoast.com\/wordpress\/plugins\/seo\/ -->\n<title>Traves\u00eda en moto de nieve y cuatriciclos La Cueva Bariloche - Passeios em Bariloche | Neve, aventura e natureza na Argentina<\/title>\n<meta name=\"description\" content=\"Aventura diurna en La Cueva Bariloche: motos de nieve y cuatriciclos con traslado. Recorrido guiado de 7 km entre bosques nevados y vistas \u00fanicas.\" \/>\n<meta name=\"robots\" content=\"index, follow, max-snippet:-1, max-image-preview:large, max-video-preview:-1\" \/>\n<link rel=\"canonical\" href=\"https:\/\/passeiosbariloche.com\/pt\/product\/la-cueva-day-trip-snowmobile-quad-biking-com-traslado\/\" \/>\n<meta property=\"og:locale\" content=\"pt_BR\" \/>\n<meta property=\"og:type\" content=\"article\" \/>\n<meta property=\"og:title\" content=\"La Cueva \u2013 Traves\u00eda Diurna en Moto de Nieve y Cuatriciclos- Con traslado\" \/>\n<meta property=\"og:description\" content=\"Aventura diurna en La Cueva Bariloche: motos de nieve y cuatriciclos con traslado. Recorrido guiado de 7 km entre bosques nevados y vistas \u00fanicas.\" \/>\n<meta property=\"og:url\" content=\"https:\/\/passeiosbariloche.com\/pt\/product\/la-cueva-day-trip-snowmobile-quad-biking-com-traslado\/\" \/>\n<meta property=\"og:site_name\" content=\"Passeios em Bariloche | Neve, aventura e natureza na Argentina\" \/>\n<meta property=\"article:modified_time\" content=\"2026-04-13T14:02:04+00:00\" \/>\n<meta property=\"og:image\" content=\"https:\/\/passeiosbariloche.com\/wp-content\/uploads\/2025\/04\/8-C-IMG_5818-scaled.jpg\" \/>\n\t<meta property=\"og:image:width\" content=\"1920\" \/>\n\t<meta property=\"og:image:height\" content=\"2560\" \/>\n\t<meta property=\"og:image:type\" content=\"image\/jpeg\" \/>\n<meta name=\"twitter:card\" content=\"summary_large_image\" \/>\n<meta name=\"twitter:label1\" content=\"Pre\u00e7o\" \/>\n\t<meta name=\"twitter:data1\" content=\"&#036;&nbsp;265.000,00\" \/>\n\t<meta name=\"twitter:label2\" content=\"Disponibilidade\" \/>\n\t<meta name=\"twitter:data2\" content=\"Em Estoque\" \/>\n<script type=\"application\/ld+json\" class=\"yoast-schema-graph\">{\"@context\":\"https:\/\/schema.org\",\"@graph\":[{\"@type\":[\"WebPage\",\"ItemPage\"],\"@id\":\"https:\/\/passeiosbariloche.com\/product\/travesia-moto-nieve-cuatriciclos-la-cueva-bariloche-2\/\",\"url\":\"https:\/\/passeiosbariloche.com\/product\/travesia-moto-nieve-cuatriciclos-la-cueva-bariloche-2\/\",\"name\":\"Traves\u00eda en moto de nieve y cuatriciclos La Cueva Bariloche - Passeios em Bariloche | Neve, aventura e natureza na Argentina\",\"isPartOf\":{\"@id\":\"https:\/\/passeiosbariloche.com\/#website\"},\"primaryImageOfPage\":{\"@id\":\"https:\/\/passeiosbariloche.com\/product\/travesia-moto-nieve-cuatriciclos-la-cueva-bariloche-2\/#primaryimage\"},\"image\":{\"@id\":\"https:\/\/passeiosbariloche.com\/product\/travesia-moto-nieve-cuatriciclos-la-cueva-bariloche-2\/#primaryimage\"},\"thumbnailUrl\":\"https:\/\/passeiosbariloche.com\/wp-content\/uploads\/2025\/04\/8-C-IMG_5818-scaled.jpg\",\"datePublished\":\"2025-04-09T18:44:30+00:00\",\"dateModified\":\"2026-04-13T14:02:04+00:00\",\"description\":\"Aventura diurna en La Cueva Bariloche: motos de nieve y cuatriciclos con traslado. Recorrido guiado de 7 km entre bosques nevados y vistas \u00fanicas.\",\"breadcrumb\":{\"@id\":\"https:\/\/passeiosbariloche.com\/product\/travesia-moto-nieve-cuatriciclos-la-cueva-bariloche-2\/#breadcrumb\"},\"inLanguage\":\"pt-BR\",\"potentialAction\":[{\"@type\":\"ReadAction\",\"target\":[\"https:\/\/passeiosbariloche.com\/product\/travesia-moto-nieve-cuatriciclos-la-cueva-bariloche-2\/\"]}]},{\"@type\":\"ImageObject\",\"inLanguage\":\"pt-BR\",\"@id\":\"https:\/\/passeiosbariloche.com\/product\/travesia-moto-nieve-cuatriciclos-la-cueva-bariloche-2\/#primaryimage\",\"url\":\"https:\/\/passeiosbariloche.com\/wp-content\/uploads\/2025\/04\/8-C-IMG_5818-scaled.jpg\",\"contentUrl\":\"https:\/\/passeiosbariloche.com\/wp-content\/uploads\/2025\/04\/8-C-IMG_5818-scaled.jpg\",\"width\":1920,\"height\":2560},{\"@type\":\"BreadcrumbList\",\"@id\":\"https:\/\/passeiosbariloche.com\/product\/travesia-moto-nieve-cuatriciclos-la-cueva-bariloche-2\/#breadcrumb\",\"itemListElement\":[{\"@type\":\"ListItem\",\"position\":1,\"name\":\"Home\",\"item\":\"https:\/\/passeiosbariloche.com\/\"},{\"@type\":\"ListItem\",\"position\":2,\"name\":\"Lista de excursiones\",\"item\":\"https:\/\/passeiosbariloche.com\/shop\/\"},{\"@type\":\"ListItem\",\"position\":3,\"name\":\"La Cueva \u2013 Traves\u00eda Diurna en Moto de Nieve y Cuatriciclos- Con traslado\"}]},{\"@type\":\"WebSite\",\"@id\":\"https:\/\/passeiosbariloche.com\/#website\",\"url\":\"https:\/\/passeiosbariloche.com\/\",\"name\":\"Passeios em Bariloche | Aventura e natureza na Argentina\",\"description\":\"Planeje sua viagem para Bariloche com os melhores passeios! Atividades na neve, aventura e paisagens deslumbrantes na Patag\u00f4nia.\",\"potentialAction\":[{\"@type\":\"SearchAction\",\"target\":{\"@type\":\"EntryPoint\",\"urlTemplate\":\"https:\/\/passeiosbariloche.com\/?s={search_term_string}\"},\"query-input\":{\"@type\":\"PropertyValueSpecification\",\"valueRequired\":true,\"valueName\":\"search_term_string\"}}],\"inLanguage\":\"pt-BR\"}]}<\/script>\n<meta property=\"product:price:amount\" content=\"265000.00\" \/>\n<meta property=\"product:price:currency\" content=\"ARS\" \/>\n<meta property=\"og:availability\" content=\"instock\" \/>\n<meta property=\"product:availability\" content=\"instock\" \/>\n<meta property=\"product:retailer_item_id\" content=\"ADV2025LACUTS5E5\" \/>\n<meta property=\"product:condition\" content=\"new\" \/>\n<!-- \/ Yoast SEO Premium plugin. -->","yoast_head_json":{"title":"La Cueva Bariloche snowmobile and ATV tour - Passeios em Bariloche | Neve, aventura e natureza na Argentina","description":"Aventura diurna em La Cueva Bariloche: snowmobiles e ATVs com traslado. Passeio guiado de 7 km entre florestas nevadas e vistas \u00fanicas.","robots":{"index":"index","follow":"follow","max-snippet":"max-snippet:-1","max-image-preview":"max-image-preview:large","max-video-preview":"max-video-preview:-1"},"canonical":"https:\/\/passeiosbariloche.com\/pt\/product\/la-cueva-day-trip-snowmobile-quad-biking-com-traslado\/","og_locale":"pt_BR","og_type":"article","og_title":"La Cueva \u2013 Traves\u00eda Diurna en Moto de Nieve y Cuatriciclos- Con traslado","og_description":"Aventura diurna en La Cueva Bariloche: motos de nieve y cuatriciclos con traslado. Recorrido guiado de 7 km entre bosques nevados y vistas \u00fanicas.","og_url":"https:\/\/passeiosbariloche.com\/pt\/product\/la-cueva-day-trip-snowmobile-quad-biking-com-traslado\/","og_site_name":"Passeios em Bariloche | Neve, aventura e natureza na Argentina","article_modified_time":"2026-04-13T14:02:04+00:00","og_image":[{"width":1920,"height":2560,"url":"https:\/\/passeiosbariloche.com\/wp-content\/uploads\/2025\/04\/8-C-IMG_5818-scaled.jpg","type":"image\/jpeg"}],"twitter_card":"summary_large_image","twitter_misc":{"Pre\u00e7o":"&#36;&nbsp;265.000,00","Disponibilidade":"Em Estoque"},"schema":{"@context":"https:\/\/schema.org","@graph":[{"@type":["WebPage","ItemPage"],"@id":"https:\/\/passeiosbariloche.com\/product\/travesia-moto-nieve-cuatriciclos-la-cueva-bariloche-2\/","url":"https:\/\/passeiosbariloche.com\/product\/travesia-moto-nieve-cuatriciclos-la-cueva-bariloche-2\/","name":"La Cueva Bariloche snowmobile and ATV tour - Passeios em Bariloche | Neve, aventura e natureza na Argentina","isPartOf":{"@id":"https:\/\/passeiosbariloche.com\/#website"},"primaryImageOfPage":{"@id":"https:\/\/passeiosbariloche.com\/product\/travesia-moto-nieve-cuatriciclos-la-cueva-bariloche-2\/#primaryimage"},"image":{"@id":"https:\/\/passeiosbariloche.com\/product\/travesia-moto-nieve-cuatriciclos-la-cueva-bariloche-2\/#primaryimage"},"thumbnailUrl":"https:\/\/passeiosbariloche.com\/wp-content\/uploads\/2025\/04\/8-C-IMG_5818-scaled.jpg","datePublished":"2025-04-09T18:44:30+00:00","dateModified":"2026-04-13T14:02:04+00:00","description":"Aventura diurna em La Cueva Bariloche: snowmobiles e ATVs com traslado. Passeio guiado de 7 km entre florestas nevadas e vistas \u00fanicas.","breadcrumb":{"@id":"https:\/\/passeiosbariloche.com\/product\/travesia-moto-nieve-cuatriciclos-la-cueva-bariloche-2\/#breadcrumb"},"inLanguage":"pt-BR","potentialAction":[{"@type":"ReadAction","target":["https:\/\/passeiosbariloche.com\/product\/travesia-moto-nieve-cuatriciclos-la-cueva-bariloche-2\/"]}]},{"@type":"ImageObject","inLanguage":"pt-BR","@id":"https:\/\/passeiosbariloche.com\/product\/travesia-moto-nieve-cuatriciclos-la-cueva-bariloche-2\/#primaryimage","url":"https:\/\/passeiosbariloche.com\/wp-content\/uploads\/2025\/04\/8-C-IMG_5818-scaled.jpg","contentUrl":"https:\/\/passeiosbariloche.com\/wp-content\/uploads\/2025\/04\/8-C-IMG_5818-scaled.jpg","width":1920,"height":2560},{"@type":"BreadcrumbList","@id":"https:\/\/passeiosbariloche.com\/product\/travesia-moto-nieve-cuatriciclos-la-cueva-bariloche-2\/#breadcrumb","itemListElement":[{"@type":"ListItem","position":1,"name":"Home","item":"https:\/\/passeiosbariloche.com\/"},{"@type":"ListItem","position":2,"name":"Lista de excursiones","item":"https:\/\/passeiosbariloche.com\/shop\/"},{"@type":"ListItem","position":3,"name":"La Cueva \u2013 Traves\u00eda Diurna en Moto de Nieve y Cuatriciclos- Con traslado"}]},{"@type":"WebSite","@id":"https:\/\/passeiosbariloche.com\/#website","url":"https:\/\/passeiosbariloche.com\/","name":"Passeios em Bariloche | Aventura e natureza na Argentina","description":"Planeje sua viagem a Bariloche com as melhores viagens! Atividades na neve, aventura e paisagens deslumbrantes na Patag\u00f4nia.","potentialAction":[{"@type":"SearchAction","target":{"@type":"EntryPoint","urlTemplate":"https:\/\/passeiosbariloche.com\/?s={search_term_string}"},"query-input":{"@type":"PropertyValueSpecification","valueRequired":true,"valueName":"search_term_string"}}],"inLanguage":"pt-BR"}]},"product_price_amount":"265000.00","product_price_currency":"ARS","og_availability":"instock","product_availability":"instock","product_retailer_item_id":"ADV2025LACUTS5E5","product_condition":"new"},"_links":{"self":[{"href":"https:\/\/passeiosbariloche.com\/pt\/wp-json\/wp\/v2\/product\/66092","targetHints":{"allow":["GET"]}}],"collection":[{"href":"https:\/\/passeiosbariloche.com\/pt\/wp-json\/wp\/v2\/product"}],"about":[{"href":"https:\/\/passeiosbariloche.com\/pt\/wp-json\/wp\/v2\/types\/product"}],"replies":[{"embeddable":true,"href":"https:\/\/passeiosbariloche.com\/pt\/wp-json\/wp\/v2\/comments?post=66092"}],"version-history":[{"count":5,"href":"https:\/\/passeiosbariloche.com\/pt\/wp-json\/wp\/v2\/product\/66092\/revisions"}],"predecessor-version":[{"id":84487,"href":"https:\/\/passeiosbariloche.com\/pt\/wp-json\/wp\/v2\/product\/66092\/revisions\/84487"}],"wp:featuredmedia":[{"embeddable":true,"href":"https:\/\/passeiosbariloche.com\/pt\/wp-json\/wp\/v2\/media\/66581"}],"wp:attachment":[{"href":"https:\/\/passeiosbariloche.com\/pt\/wp-json\/wp\/v2\/media?parent=66092"}],"wp:term":[{"taxonomy":"product_brand","embeddable":true,"href":"https:\/\/passeiosbariloche.com\/pt\/wp-json\/wp\/v2\/product_brand?post=66092"},{"taxonomy":"product_cat","embeddable":true,"href":"https:\/\/passeiosbariloche.com\/pt\/wp-json\/wp\/v2\/product_cat?post=66092"},{"taxonomy":"product_tag","embeddable":true,"href":"https:\/\/passeiosbariloche.com\/pt\/wp-json\/wp\/v2\/product_tag?post=66092"}],"curies":[{"name":"wp","href":"https:\/\/api.w.org\/{rel}","templated":true}]}}