{"id":66251,"date":"2025-05-05T17:41:37","date_gmt":"2025-05-05T20:41:37","guid":{"rendered":"https:\/\/passeiosbariloche.com\/?post_type=product&#038;p=66251"},"modified":"2025-08-20T13:35:25","modified_gmt":"2025-08-20T16:35:25","slug":"seguro-de-reprogramacion","status":"publish","type":"product","link":"https:\/\/passeiosbariloche.com\/pt\/product\/reprogramacao-de-seguro\/","title":{"rendered":"Reprograma\u00e7\u00e3o do seguro"},"content":{"rendered":"<p>Com o Seguro de Reagendamento, o senhor pode alterar a data de sua excurs\u00e3o sem multa.<\/p>\n<ul>\n<li>O senhor pode fazer a modifica\u00e7\u00e3o at\u00e9 as 19h do dia anterior \u00e0 atividade.<\/li>\n<li>A reprograma\u00e7\u00e3o est\u00e1 sujeita \u00e0 disponibilidade.<\/li>\n<li>Aplica-se exclusivamente \u00e0 mesma atividade contratada.<\/li>\n<\/ul>\n<p>Esse seguro \u00e9 v\u00e1lido para um (1) passageiro para um (1) passeio. Ele pode ser adquirido at\u00e9 30 minutos ap\u00f3s a emiss\u00e3o do seu voucher. Caso o senhor n\u00e3o contrate esse benef\u00edcio, a empresa n\u00e3o se responsabilizar\u00e1 por reagendamentos ou altera\u00e7\u00f5es.<\/p>","protected":false},"excerpt":{"rendered":"<p>Altere a data de sua excurs\u00e3o sem custo adicional. Tranquilidade garantida para seus planos.<\/p>","protected":false},"featured_media":66574,"comment_status":"closed","ping_status":"closed","template":"","meta":[],"product_brand":[],"product_cat":[103],"product_tag":[],"class_list":{"0":"post-66251","1":"product","2":"type-product","3":"status-publish","4":"has-post-thumbnail","6":"product_cat-otros","8":"first","9":"instock","10":"virtual","11":"purchasable","12":"product-type-simple"},"booking_location":null,"booking_location_type":null,"booking_duration":null,"booking_duration_unit":null,"booking_buffer":null,"booking_cost":null,"booking_resources":null,"exclude_global_add_ons":[],"addons":[],"yoast_head":"<!-- This site is optimized with the Yoast SEO Premium plugin v24.5 (Yoast SEO v24.8) - https:\/\/yoast.com\/wordpress\/plugins\/seo\/ -->\n<title>Seguro de Reprogramaci\u00f3n - Passeios em Bariloche | Neve, aventura e natureza na Argentina<\/title>\n<meta name=\"robots\" content=\"index, follow, max-snippet:-1, max-image-preview:large, max-video-preview:-1\" \/>\n<link rel=\"canonical\" href=\"https:\/\/passeiosbariloche.com\/pt\/product\/reprogramacao-de-seguro\/\" \/>\n<meta property=\"og:locale\" content=\"pt_BR\" \/>\n<meta property=\"og:type\" content=\"article\" \/>\n<meta property=\"og:title\" content=\"Seguro de Reprogramaci\u00f3n\" \/>\n<meta property=\"og:description\" content=\"Modific\u00e1 la fecha de tu excursi\u00f3n sin costo adicional. Tranquilidad garantizada para tus planes.\" \/>\n<meta property=\"og:url\" content=\"https:\/\/passeiosbariloche.com\/pt\/product\/reprogramacao-de-seguro\/\" \/>\n<meta property=\"og:site_name\" content=\"Passeios em Bariloche | Neve, aventura e natureza na Argentina\" \/>\n<meta property=\"article:modified_time\" content=\"2025-08-20T16:35:25+00:00\" \/>\n<meta property=\"og:image\" content=\"https:\/\/passeiosbariloche.com\/wp-content\/uploads\/2025\/05\/8-DSC_0192-scaled.jpg\" \/>\n\t<meta property=\"og:image:width\" content=\"1920\" \/>\n\t<meta property=\"og:image:height\" content=\"2560\" \/>\n\t<meta property=\"og:image:type\" content=\"image\/jpeg\" \/>\n<meta name=\"twitter:card\" content=\"summary_large_image\" \/>\n<meta name=\"twitter:label1\" content=\"Pre\u00e7o\" \/>\n\t<meta name=\"twitter:data1\" content=\"&#036;&nbsp;15.000,00\" \/>\n\t<meta name=\"twitter:label2\" content=\"Disponibilidade\" \/>\n\t<meta name=\"twitter:data2\" content=\"Em Estoque\" \/>\n<script type=\"application\/ld+json\" class=\"yoast-schema-graph\">{\"@context\":\"https:\/\/schema.org\",\"@graph\":[{\"@type\":[\"WebPage\",\"ItemPage\"],\"@id\":\"https:\/\/passeiosbariloche.com\/product\/seguro-de-reprogramacion\/\",\"url\":\"https:\/\/passeiosbariloche.com\/product\/seguro-de-reprogramacion\/\",\"name\":\"Seguro de Reprogramaci\u00f3n - Passeios em Bariloche | Neve, aventura e natureza na Argentina\",\"isPartOf\":{\"@id\":\"https:\/\/passeiosbariloche.com\/#website\"},\"primaryImageOfPage\":{\"@id\":\"https:\/\/passeiosbariloche.com\/product\/seguro-de-reprogramacion\/#primaryimage\"},\"image\":{\"@id\":\"https:\/\/passeiosbariloche.com\/product\/seguro-de-reprogramacion\/#primaryimage\"},\"thumbnailUrl\":\"https:\/\/passeiosbariloche.com\/wp-content\/uploads\/2025\/05\/8-DSC_0192-scaled.jpg\",\"datePublished\":\"2025-05-05T20:41:37+00:00\",\"dateModified\":\"2025-08-20T16:35:25+00:00\",\"breadcrumb\":{\"@id\":\"https:\/\/passeiosbariloche.com\/product\/seguro-de-reprogramacion\/#breadcrumb\"},\"inLanguage\":\"pt-BR\",\"potentialAction\":[{\"@type\":\"ReadAction\",\"target\":[\"https:\/\/passeiosbariloche.com\/product\/seguro-de-reprogramacion\/\"]}]},{\"@type\":\"ImageObject\",\"inLanguage\":\"pt-BR\",\"@id\":\"https:\/\/passeiosbariloche.com\/product\/seguro-de-reprogramacion\/#primaryimage\",\"url\":\"https:\/\/passeiosbariloche.com\/wp-content\/uploads\/2025\/05\/8-DSC_0192-scaled.jpg\",\"contentUrl\":\"https:\/\/passeiosbariloche.com\/wp-content\/uploads\/2025\/05\/8-DSC_0192-scaled.jpg\",\"width\":1920,\"height\":2560},{\"@type\":\"BreadcrumbList\",\"@id\":\"https:\/\/passeiosbariloche.com\/product\/seguro-de-reprogramacion\/#breadcrumb\",\"itemListElement\":[{\"@type\":\"ListItem\",\"position\":1,\"name\":\"Home\",\"item\":\"https:\/\/passeiosbariloche.com\/\"},{\"@type\":\"ListItem\",\"position\":2,\"name\":\"Lista de excursiones\",\"item\":\"https:\/\/passeiosbariloche.com\/shop\/\"},{\"@type\":\"ListItem\",\"position\":3,\"name\":\"Seguro de Reprogramaci\u00f3n\"}]},{\"@type\":\"WebSite\",\"@id\":\"https:\/\/passeiosbariloche.com\/#website\",\"url\":\"https:\/\/passeiosbariloche.com\/\",\"name\":\"Passeios em Bariloche | Aventura e natureza na Argentina\",\"description\":\"Planeje sua viagem para Bariloche com os melhores passeios! Atividades na neve, aventura e paisagens deslumbrantes na Patag\u00f4nia.\",\"potentialAction\":[{\"@type\":\"SearchAction\",\"target\":{\"@type\":\"EntryPoint\",\"urlTemplate\":\"https:\/\/passeiosbariloche.com\/?s={search_term_string}\"},\"query-input\":{\"@type\":\"PropertyValueSpecification\",\"valueRequired\":true,\"valueName\":\"search_term_string\"}}],\"inLanguage\":\"pt-BR\"}]}<\/script>\n<meta property=\"product:price:amount\" content=\"15000.00\" \/>\n<meta property=\"product:price:currency\" content=\"ARS\" \/>\n<meta property=\"og:availability\" content=\"instock\" \/>\n<meta property=\"product:availability\" content=\"instock\" \/>\n<meta property=\"product:condition\" content=\"new\" \/>\n<!-- \/ Yoast SEO Premium plugin. -->","yoast_head_json":{"title":"Reprograma\u00e7\u00e3o de Seguros - Passeios em Bariloche | Neve, aventura e natureza na Argentina","robots":{"index":"index","follow":"follow","max-snippet":"max-snippet:-1","max-image-preview":"max-image-preview:large","max-video-preview":"max-video-preview:-1"},"canonical":"https:\/\/passeiosbariloche.com\/pt\/product\/reprogramacao-de-seguro\/","og_locale":"pt_BR","og_type":"article","og_title":"Seguro de Reprogramaci\u00f3n","og_description":"Modific\u00e1 la fecha de tu excursi\u00f3n sin costo adicional. Tranquilidad garantizada para tus planes.","og_url":"https:\/\/passeiosbariloche.com\/pt\/product\/reprogramacao-de-seguro\/","og_site_name":"Passeios em Bariloche | Neve, aventura e natureza na Argentina","article_modified_time":"2025-08-20T16:35:25+00:00","og_image":[{"width":1920,"height":2560,"url":"https:\/\/passeiosbariloche.com\/wp-content\/uploads\/2025\/05\/8-DSC_0192-scaled.jpg","type":"image\/jpeg"}],"twitter_card":"summary_large_image","twitter_misc":{"Pre\u00e7o":"&#36;&nbsp;15.000,00","Disponibilidade":"Em Estoque"},"schema":{"@context":"https:\/\/schema.org","@graph":[{"@type":["WebPage","ItemPage"],"@id":"https:\/\/passeiosbariloche.com\/product\/seguro-de-reprogramacion\/","url":"https:\/\/passeiosbariloche.com\/product\/seguro-de-reprogramacion\/","name":"Reprograma\u00e7\u00e3o de Seguros - Passeios em Bariloche | Neve, aventura e natureza na Argentina","isPartOf":{"@id":"https:\/\/passeiosbariloche.com\/#website"},"primaryImageOfPage":{"@id":"https:\/\/passeiosbariloche.com\/product\/seguro-de-reprogramacion\/#primaryimage"},"image":{"@id":"https:\/\/passeiosbariloche.com\/product\/seguro-de-reprogramacion\/#primaryimage"},"thumbnailUrl":"https:\/\/passeiosbariloche.com\/wp-content\/uploads\/2025\/05\/8-DSC_0192-scaled.jpg","datePublished":"2025-05-05T20:41:37+00:00","dateModified":"2025-08-20T16:35:25+00:00","breadcrumb":{"@id":"https:\/\/passeiosbariloche.com\/product\/seguro-de-reprogramacion\/#breadcrumb"},"inLanguage":"pt-BR","potentialAction":[{"@type":"ReadAction","target":["https:\/\/passeiosbariloche.com\/product\/seguro-de-reprogramacion\/"]}]},{"@type":"ImageObject","inLanguage":"pt-BR","@id":"https:\/\/passeiosbariloche.com\/product\/seguro-de-reprogramacion\/#primaryimage","url":"https:\/\/passeiosbariloche.com\/wp-content\/uploads\/2025\/05\/8-DSC_0192-scaled.jpg","contentUrl":"https:\/\/passeiosbariloche.com\/wp-content\/uploads\/2025\/05\/8-DSC_0192-scaled.jpg","width":1920,"height":2560},{"@type":"BreadcrumbList","@id":"https:\/\/passeiosbariloche.com\/product\/seguro-de-reprogramacion\/#breadcrumb","itemListElement":[{"@type":"ListItem","position":1,"name":"Home","item":"https:\/\/passeiosbariloche.com\/"},{"@type":"ListItem","position":2,"name":"Lista de excursiones","item":"https:\/\/passeiosbariloche.com\/shop\/"},{"@type":"ListItem","position":3,"name":"Seguro de Reprogramaci\u00f3n"}]},{"@type":"WebSite","@id":"https:\/\/passeiosbariloche.com\/#website","url":"https:\/\/passeiosbariloche.com\/","name":"Passeios em Bariloche | Aventura e natureza na Argentina","description":"Planeje sua viagem a Bariloche com as melhores viagens! Atividades na neve, aventura e paisagens deslumbrantes na Patag\u00f4nia.","potentialAction":[{"@type":"SearchAction","target":{"@type":"EntryPoint","urlTemplate":"https:\/\/passeiosbariloche.com\/?s={search_term_string}"},"query-input":{"@type":"PropertyValueSpecification","valueRequired":true,"valueName":"search_term_string"}}],"inLanguage":"pt-BR"}]},"product_price_amount":"15000.00","product_price_currency":"ARS","og_availability":"instock","product_availability":"instock","product_condition":"new"},"_links":{"self":[{"href":"https:\/\/passeiosbariloche.com\/pt\/wp-json\/wp\/v2\/product\/66251","targetHints":{"allow":["GET"]}}],"collection":[{"href":"https:\/\/passeiosbariloche.com\/pt\/wp-json\/wp\/v2\/product"}],"about":[{"href":"https:\/\/passeiosbariloche.com\/pt\/wp-json\/wp\/v2\/types\/product"}],"replies":[{"embeddable":true,"href":"https:\/\/passeiosbariloche.com\/pt\/wp-json\/wp\/v2\/comments?post=66251"}],"version-history":[{"count":1,"href":"https:\/\/passeiosbariloche.com\/pt\/wp-json\/wp\/v2\/product\/66251\/revisions"}],"predecessor-version":[{"id":66255,"href":"https:\/\/passeiosbariloche.com\/pt\/wp-json\/wp\/v2\/product\/66251\/revisions\/66255"}],"wp:featuredmedia":[{"embeddable":true,"href":"https:\/\/passeiosbariloche.com\/pt\/wp-json\/wp\/v2\/media\/66574"}],"wp:attachment":[{"href":"https:\/\/passeiosbariloche.com\/pt\/wp-json\/wp\/v2\/media?parent=66251"}],"wp:term":[{"taxonomy":"product_brand","embeddable":true,"href":"https:\/\/passeiosbariloche.com\/pt\/wp-json\/wp\/v2\/product_brand?post=66251"},{"taxonomy":"product_cat","embeddable":true,"href":"https:\/\/passeiosbariloche.com\/pt\/wp-json\/wp\/v2\/product_cat?post=66251"},{"taxonomy":"product_tag","embeddable":true,"href":"https:\/\/passeiosbariloche.com\/pt\/wp-json\/wp\/v2\/product_tag?post=66251"}],"curies":[{"name":"wp","href":"https:\/\/api.w.org\/{rel}","templated":true}]}}