{"id":66266,"date":"2025-05-14T10:17:06","date_gmt":"2025-05-14T13:17:06","guid":{"rendered":"https:\/\/passeiosbariloche.com\/?post_type=product&#038;p=66266"},"modified":"2026-04-13T11:18:04","modified_gmt":"2026-04-13T14:18:04","slug":"escuelita-ski-snowboard-ninos-bariloche","status":"publish","type":"product","link":"https:\/\/passeiosbariloche.com\/pt\/product\/escola-de-esqui-e-snowboard-de-dia-inteiro-para-criancas\/","title":{"rendered":"Uma aventura na neve para crian\u00e7as: aulas, jogos e muita divers\u00e3o nas montanhas"},"content":{"rendered":"<h3 data-start=\"547\" data-end=\"588\"><strong data-start=\"551\" data-end=\"588\">Momentos deliciosos na neve<\/strong><\/h3>\n<p data-start=\"590\" data-end=\"850\">Uma experi\u00eancia completa projetada para que os pequenos tenham um dia inesquec\u00edvel. Aulas de esqui ou snowboard com instrutores especializados, jogos na neve, almo\u00e7o inclu\u00eddo e tudo o que eles precisam para aprender e se divertir em um ambiente seguro e natural.<\/p>\n<h3 data-start=\"857\" data-end=\"941\"><strong data-start=\"861\" data-end=\"941\">O primeiro contato com a neve, cuidadoso e acompanhado<\/strong><\/h3>\n<p data-start=\"943\" data-end=\"1228\">A escolinha foi especialmente projetada para crian\u00e7as entre 4 e 11 anos de idade que desejam aprender a esquiar ou praticar snowboard enquanto desfrutam de um dia diferente nas montanhas. Tudo \u00e9 preparado para que as fam\u00edlias possam contar com uma experi\u00eancia segura, divertida e bem organizada.<\/p>\n<p data-start=\"1230\" data-end=\"1528\">O passeio come\u00e7a nos pontos de encontro pr\u00f3ximos \u00e0 acomoda\u00e7\u00e3o (localizados na Avenida Bustillo ou na Avenida Pioneros at\u00e9 o km 8), de onde os senhores partem para o centro de atividades. Ao chegar, o equipamento t\u00e9cnico \u00e9 entregue e as crian\u00e7as s\u00e3o agrupadas em pequenos grupos com instrutores profissionais.<\/p>\n<p data-start=\"1530\" data-end=\"1766\">Durante a manh\u00e3, h\u00e1 duas horas de aulas adaptadas a cada n\u00edvel. Ao meio-dia, as crian\u00e7as fazem uma pausa para o almo\u00e7o, que est\u00e1 inclu\u00eddo na excurs\u00e3o, e depois continuam com jogos e atividades recreativas at\u00e9 o final do dia.<\/p>\n<p data-start=\"1768\" data-end=\"1947\">Inclui traslado dos pontos estabelecidos, equipamento completo de esqui ou snowboard, aulas, recrea\u00e7\u00e3o e almo\u00e7o. N\u00e3o inclui roupas de neve e ingresso para o telef\u00e9rico.<\/p>\n<h3 data-start=\"1954\" data-end=\"1984\"><strong data-start=\"1958\" data-end=\"1984\">O que o senhor precisa saber<\/strong><\/h3>\n<p data-start=\"1986\" data-end=\"2184\"><strong data-start=\"1986\" data-end=\"2020\">O que essa experi\u00eancia inclui?<\/strong><br data-start=\"2020\" data-end=\"2023\" \/>Traslado de pontos pr\u00f3ximos \u00e0 acomoda\u00e7\u00e3o, equipamento t\u00e9cnico completo, aulas em grupo de duas horas, atividades supervisionadas e almo\u00e7o para os participantes.<\/p>\n<p data-start=\"2186\" data-end=\"2276\"><strong data-start=\"2186\" data-end=\"2222\">Qual deve ser a idade das crian\u00e7as?<\/strong><br data-start=\"2222\" data-end=\"2225\" \/>Entre 4 e 11 anos de idade. N\u00e3o \u00e9 necess\u00e1rio ter experi\u00eancia anterior.<\/p>\n<p data-start=\"2278\" data-end=\"2427\"><strong data-start=\"2278\" data-end=\"2300\">O que eles devem levar?<\/strong><br data-start=\"2300\" data-end=\"2303\" \/>Roupas t\u00e9rmicas ou \u00e0 prova d'\u00e1gua, luvas, chap\u00e9u e cal\u00e7ados adequados. As roupas para neve e o ingresso para o telef\u00e9rico n\u00e3o est\u00e3o inclu\u00eddos.<\/p>\n<p data-start=\"2429\" data-end=\"2625\"><strong data-start=\"2429\" data-end=\"2480\">\u00c9 uma atividade segura para crian\u00e7as?<\/strong><br data-start=\"2480\" data-end=\"2483\" \/>Sim, todos os grupos s\u00e3o acompanhados por instrutores treinados, em espa\u00e7os adaptados \u00e0 sua idade, com aten\u00e7\u00e3o constante e personalizada.<\/p>\n<p data-start=\"2429\" data-end=\"2625\"><strong>Aviso importante<\/strong>Este passeio j\u00e1 est\u00e1 dispon\u00edvel para pr\u00e9-reserva. As sa\u00eddas ocorrem de 15 de junho a 20 de agosto, sujeitas ao calend\u00e1rio sazonal.<\/p>","protected":false},"excerpt":{"rendered":"<p>Descubra um dia exclusivo na neve, onde as crian\u00e7as aprender\u00e3o e se divertir\u00e3o em um ambiente seguro e adaptado. Desfrute de uma experi\u00eancia completa de inverno, com aulas em grupo, traslado e almo\u00e7o, projetada para incentivar a aventura e o aprendizado nas montanhas.<\/p>","protected":false},"featured_media":66560,"comment_status":"open","ping_status":"closed","template":"","meta":[],"product_brand":[],"product_cat":[124,131,115,118,108,127],"product_tag":[],"class_list":{"0":"post-66266","1":"product","2":"type-product","3":"status-publish","4":"has-post-thumbnail","6":"product_cat-aventura","7":"product_cat-con-comida","8":"product_cat-con-traslado","9":"product_cat-invierno","10":"product_cat-ninos","11":"product_cat-terrestre","13":"first","14":"instock","15":"virtual","16":"sold-individually","17":"purchasable","18":"product-type-booking"},"booking_location":"","booking_location_type":"","booking_duration":1,"booking_duration_unit":"hour","booking_buffer":0,"booking_cost":0,"booking_resources":[],"exclude_global_add_ons":false,"addons":[{"name":"MEN411 | De 4 a 11","type":"input_multiplier","position":0,"required":false,"title_format":"label","default":"","description_enable":false,"description":"","placeholder_enable":false,"placeholder":"","display":"select","restrictions_type":"any_text","adjust_price":true,"price":"345600","price_type":"quantity_based","restrictions":false,"min":"0","max":"0","options":[],"id":1776079015}],"yoast_head":"<!-- This site is optimized with the Yoast SEO Premium plugin v24.5 (Yoast SEO v24.8) - https:\/\/yoast.com\/wordpress\/plugins\/seo\/ -->\n<title>Escuelita de Ski y Snowboard Bariloche: clases, juegos y diversi\u00f3n - Passeios em Bariloche | Neve, aventura e natureza na Argentina<\/title>\n<meta name=\"description\" content=\"Escuelita de ski y snowboard en Bariloche para ni\u00f1os de 4 a 11 a\u00f1os. Incluye clases, equipo, almuerzo y traslado. Un d\u00eda de diversi\u00f3n en la nieve.\" \/>\n<meta name=\"robots\" content=\"index, follow, max-snippet:-1, max-image-preview:large, max-video-preview:-1\" \/>\n<link rel=\"canonical\" href=\"https:\/\/passeiosbariloche.com\/pt\/product\/escola-de-esqui-e-snowboard-de-dia-inteiro-para-criancas\/\" \/>\n<meta property=\"og:locale\" content=\"pt_BR\" \/>\n<meta property=\"og:type\" content=\"article\" \/>\n<meta property=\"og:title\" content=\"Una aventura de nieve para ni\u00f1os: clases, juegos y mucha diversi\u00f3n en la monta\u00f1a\" \/>\n<meta property=\"og:description\" content=\"Escuelita de ski y snowboard en Bariloche para ni\u00f1os de 4 a 11 a\u00f1os. Incluye clases, equipo, almuerzo y traslado. Un d\u00eda de diversi\u00f3n en la nieve.\" \/>\n<meta property=\"og:url\" content=\"https:\/\/passeiosbariloche.com\/pt\/product\/escola-de-esqui-e-snowboard-de-dia-inteiro-para-criancas\/\" \/>\n<meta property=\"og:site_name\" content=\"Passeios em Bariloche | Neve, aventura e natureza na Argentina\" \/>\n<meta property=\"article:modified_time\" content=\"2026-04-13T14:18:04+00:00\" \/>\n<meta property=\"og:image\" content=\"https:\/\/passeiosbariloche.com\/wp-content\/uploads\/2025\/05\/8-A-Escuela-de-Ski-y-Snowboard-copia-scaled.jpg\" \/>\n\t<meta property=\"og:image:width\" content=\"1920\" \/>\n\t<meta property=\"og:image:height\" content=\"2560\" \/>\n\t<meta property=\"og:image:type\" content=\"image\/jpeg\" \/>\n<meta name=\"twitter:card\" content=\"summary_large_image\" \/>\n<meta name=\"twitter:label1\" content=\"Pre\u00e7o\" \/>\n\t<meta name=\"twitter:data1\" content=\"&#036;&nbsp;345.600,00\" \/>\n\t<meta name=\"twitter:label2\" content=\"Disponibilidade\" \/>\n\t<meta name=\"twitter:data2\" content=\"Em Estoque\" \/>\n<script type=\"application\/ld+json\" class=\"yoast-schema-graph\">{\"@context\":\"https:\/\/schema.org\",\"@graph\":[{\"@type\":[\"WebPage\",\"ItemPage\"],\"@id\":\"https:\/\/passeiosbariloche.com\/product\/escuelita-ski-snowboard-ninos-bariloche\/\",\"url\":\"https:\/\/passeiosbariloche.com\/product\/escuelita-ski-snowboard-ninos-bariloche\/\",\"name\":\"Escuelita de Ski y Snowboard Bariloche: clases, juegos y diversi\u00f3n - Passeios em Bariloche | Neve, aventura e natureza na Argentina\",\"isPartOf\":{\"@id\":\"https:\/\/passeiosbariloche.com\/#website\"},\"primaryImageOfPage\":{\"@id\":\"https:\/\/passeiosbariloche.com\/product\/escuelita-ski-snowboard-ninos-bariloche\/#primaryimage\"},\"image\":{\"@id\":\"https:\/\/passeiosbariloche.com\/product\/escuelita-ski-snowboard-ninos-bariloche\/#primaryimage\"},\"thumbnailUrl\":\"https:\/\/passeiosbariloche.com\/wp-content\/uploads\/2025\/05\/8-A-Escuela-de-Ski-y-Snowboard-copia-scaled.jpg\",\"datePublished\":\"2025-05-14T13:17:06+00:00\",\"dateModified\":\"2026-04-13T14:18:04+00:00\",\"description\":\"Escuelita de ski y snowboard en Bariloche para ni\u00f1os de 4 a 11 a\u00f1os. Incluye clases, equipo, almuerzo y traslado. Un d\u00eda de diversi\u00f3n en la nieve.\",\"breadcrumb\":{\"@id\":\"https:\/\/passeiosbariloche.com\/product\/escuelita-ski-snowboard-ninos-bariloche\/#breadcrumb\"},\"inLanguage\":\"pt-BR\",\"potentialAction\":[{\"@type\":\"ReadAction\",\"target\":[\"https:\/\/passeiosbariloche.com\/product\/escuelita-ski-snowboard-ninos-bariloche\/\"]}]},{\"@type\":\"ImageObject\",\"inLanguage\":\"pt-BR\",\"@id\":\"https:\/\/passeiosbariloche.com\/product\/escuelita-ski-snowboard-ninos-bariloche\/#primaryimage\",\"url\":\"https:\/\/passeiosbariloche.com\/wp-content\/uploads\/2025\/05\/8-A-Escuela-de-Ski-y-Snowboard-copia-scaled.jpg\",\"contentUrl\":\"https:\/\/passeiosbariloche.com\/wp-content\/uploads\/2025\/05\/8-A-Escuela-de-Ski-y-Snowboard-copia-scaled.jpg\",\"width\":1920,\"height\":2560},{\"@type\":\"BreadcrumbList\",\"@id\":\"https:\/\/passeiosbariloche.com\/product\/escuelita-ski-snowboard-ninos-bariloche\/#breadcrumb\",\"itemListElement\":[{\"@type\":\"ListItem\",\"position\":1,\"name\":\"Home\",\"item\":\"https:\/\/passeiosbariloche.com\/\"},{\"@type\":\"ListItem\",\"position\":2,\"name\":\"Lista de excursiones\",\"item\":\"https:\/\/passeiosbariloche.com\/shop\/\"},{\"@type\":\"ListItem\",\"position\":3,\"name\":\"Una aventura de nieve para ni\u00f1os: clases, juegos y mucha diversi\u00f3n en la monta\u00f1a\"}]},{\"@type\":\"WebSite\",\"@id\":\"https:\/\/passeiosbariloche.com\/#website\",\"url\":\"https:\/\/passeiosbariloche.com\/\",\"name\":\"Passeios em Bariloche | Aventura e natureza na Argentina\",\"description\":\"Planeje sua viagem para Bariloche com os melhores passeios! Atividades na neve, aventura e paisagens deslumbrantes na Patag\u00f4nia.\",\"potentialAction\":[{\"@type\":\"SearchAction\",\"target\":{\"@type\":\"EntryPoint\",\"urlTemplate\":\"https:\/\/passeiosbariloche.com\/?s={search_term_string}\"},\"query-input\":{\"@type\":\"PropertyValueSpecification\",\"valueRequired\":true,\"valueName\":\"search_term_string\"}}],\"inLanguage\":\"pt-BR\"}]}<\/script>\n<meta property=\"product:price:amount\" content=\"345600.00\" \/>\n<meta property=\"product:price:currency\" content=\"ARS\" \/>\n<meta property=\"og:availability\" content=\"instock\" \/>\n<meta property=\"product:availability\" content=\"instock\" \/>\n<meta property=\"product:retailer_item_id\" content=\"ADV2025ESSKSNJ9L2\" \/>\n<meta property=\"product:condition\" content=\"new\" \/>\n<!-- \/ Yoast SEO Premium plugin. -->","yoast_head_json":{"title":"Escuelita de Ski y Snowboard Bariloche: aulas, jogos e divers\u00e3o - Passeios em Bariloche | Neve, aventura e natureza na Argentina","description":"Escola de esqui e snowboard em Bariloche para crian\u00e7as de 4 a 11 anos de idade. Inclui aulas, equipamentos, almo\u00e7o e traslado. Um dia de divers\u00e3o na neve.","robots":{"index":"index","follow":"follow","max-snippet":"max-snippet:-1","max-image-preview":"max-image-preview:large","max-video-preview":"max-video-preview:-1"},"canonical":"https:\/\/passeiosbariloche.com\/pt\/product\/escola-de-esqui-e-snowboard-de-dia-inteiro-para-criancas\/","og_locale":"pt_BR","og_type":"article","og_title":"Una aventura de nieve para ni\u00f1os: clases, juegos y mucha diversi\u00f3n en la monta\u00f1a","og_description":"Escuelita de ski y snowboard en Bariloche para ni\u00f1os de 4 a 11 a\u00f1os. Incluye clases, equipo, almuerzo y traslado. Un d\u00eda de diversi\u00f3n en la nieve.","og_url":"https:\/\/passeiosbariloche.com\/pt\/product\/escola-de-esqui-e-snowboard-de-dia-inteiro-para-criancas\/","og_site_name":"Passeios em Bariloche | Neve, aventura e natureza na Argentina","article_modified_time":"2026-04-13T14:18:04+00:00","og_image":[{"width":1920,"height":2560,"url":"https:\/\/passeiosbariloche.com\/wp-content\/uploads\/2025\/05\/8-A-Escuela-de-Ski-y-Snowboard-copia-scaled.jpg","type":"image\/jpeg"}],"twitter_card":"summary_large_image","twitter_misc":{"Pre\u00e7o":"&#36;&nbsp;345.600,00","Disponibilidade":"Em Estoque"},"schema":{"@context":"https:\/\/schema.org","@graph":[{"@type":["WebPage","ItemPage"],"@id":"https:\/\/passeiosbariloche.com\/product\/escuelita-ski-snowboard-ninos-bariloche\/","url":"https:\/\/passeiosbariloche.com\/product\/escuelita-ski-snowboard-ninos-bariloche\/","name":"Escuelita de Ski y Snowboard Bariloche: aulas, jogos e divers\u00e3o - Passeios em Bariloche | Neve, aventura e natureza na Argentina","isPartOf":{"@id":"https:\/\/passeiosbariloche.com\/#website"},"primaryImageOfPage":{"@id":"https:\/\/passeiosbariloche.com\/product\/escuelita-ski-snowboard-ninos-bariloche\/#primaryimage"},"image":{"@id":"https:\/\/passeiosbariloche.com\/product\/escuelita-ski-snowboard-ninos-bariloche\/#primaryimage"},"thumbnailUrl":"https:\/\/passeiosbariloche.com\/wp-content\/uploads\/2025\/05\/8-A-Escuela-de-Ski-y-Snowboard-copia-scaled.jpg","datePublished":"2025-05-14T13:17:06+00:00","dateModified":"2026-04-13T14:18:04+00:00","description":"Escola de esqui e snowboard em Bariloche para crian\u00e7as de 4 a 11 anos de idade. Inclui aulas, equipamentos, almo\u00e7o e traslado. Um dia de divers\u00e3o na neve.","breadcrumb":{"@id":"https:\/\/passeiosbariloche.com\/product\/escuelita-ski-snowboard-ninos-bariloche\/#breadcrumb"},"inLanguage":"pt-BR","potentialAction":[{"@type":"ReadAction","target":["https:\/\/passeiosbariloche.com\/product\/escuelita-ski-snowboard-ninos-bariloche\/"]}]},{"@type":"ImageObject","inLanguage":"pt-BR","@id":"https:\/\/passeiosbariloche.com\/product\/escuelita-ski-snowboard-ninos-bariloche\/#primaryimage","url":"https:\/\/passeiosbariloche.com\/wp-content\/uploads\/2025\/05\/8-A-Escuela-de-Ski-y-Snowboard-copia-scaled.jpg","contentUrl":"https:\/\/passeiosbariloche.com\/wp-content\/uploads\/2025\/05\/8-A-Escuela-de-Ski-y-Snowboard-copia-scaled.jpg","width":1920,"height":2560},{"@type":"BreadcrumbList","@id":"https:\/\/passeiosbariloche.com\/product\/escuelita-ski-snowboard-ninos-bariloche\/#breadcrumb","itemListElement":[{"@type":"ListItem","position":1,"name":"Home","item":"https:\/\/passeiosbariloche.com\/"},{"@type":"ListItem","position":2,"name":"Lista de excursiones","item":"https:\/\/passeiosbariloche.com\/shop\/"},{"@type":"ListItem","position":3,"name":"Una aventura de nieve para ni\u00f1os: clases, juegos y mucha diversi\u00f3n en la monta\u00f1a"}]},{"@type":"WebSite","@id":"https:\/\/passeiosbariloche.com\/#website","url":"https:\/\/passeiosbariloche.com\/","name":"Passeios em Bariloche | Aventura e natureza na Argentina","description":"Planeje sua viagem a Bariloche com as melhores viagens! Atividades na neve, aventura e paisagens deslumbrantes na Patag\u00f4nia.","potentialAction":[{"@type":"SearchAction","target":{"@type":"EntryPoint","urlTemplate":"https:\/\/passeiosbariloche.com\/?s={search_term_string}"},"query-input":{"@type":"PropertyValueSpecification","valueRequired":true,"valueName":"search_term_string"}}],"inLanguage":"pt-BR"}]},"product_price_amount":"345600.00","product_price_currency":"ARS","og_availability":"instock","product_availability":"instock","product_retailer_item_id":"ADV2025ESSKSNJ9L2","product_condition":"new"},"_links":{"self":[{"href":"https:\/\/passeiosbariloche.com\/pt\/wp-json\/wp\/v2\/product\/66266","targetHints":{"allow":["GET"]}}],"collection":[{"href":"https:\/\/passeiosbariloche.com\/pt\/wp-json\/wp\/v2\/product"}],"about":[{"href":"https:\/\/passeiosbariloche.com\/pt\/wp-json\/wp\/v2\/types\/product"}],"replies":[{"embeddable":true,"href":"https:\/\/passeiosbariloche.com\/pt\/wp-json\/wp\/v2\/comments?post=66266"}],"version-history":[{"count":8,"href":"https:\/\/passeiosbariloche.com\/pt\/wp-json\/wp\/v2\/product\/66266\/revisions"}],"predecessor-version":[{"id":84493,"href":"https:\/\/passeiosbariloche.com\/pt\/wp-json\/wp\/v2\/product\/66266\/revisions\/84493"}],"wp:featuredmedia":[{"embeddable":true,"href":"https:\/\/passeiosbariloche.com\/pt\/wp-json\/wp\/v2\/media\/66560"}],"wp:attachment":[{"href":"https:\/\/passeiosbariloche.com\/pt\/wp-json\/wp\/v2\/media?parent=66266"}],"wp:term":[{"taxonomy":"product_brand","embeddable":true,"href":"https:\/\/passeiosbariloche.com\/pt\/wp-json\/wp\/v2\/product_brand?post=66266"},{"taxonomy":"product_cat","embeddable":true,"href":"https:\/\/passeiosbariloche.com\/pt\/wp-json\/wp\/v2\/product_cat?post=66266"},{"taxonomy":"product_tag","embeddable":true,"href":"https:\/\/passeiosbariloche.com\/pt\/wp-json\/wp\/v2\/product_tag?post=66266"}],"curies":[{"name":"wp","href":"https:\/\/api.w.org\/{rel}","templated":true}]}}