{"id":66825,"date":"2025-09-12T12:53:10","date_gmt":"2025-09-12T15:53:10","guid":{"rendered":"https:\/\/passeiosbariloche.com\/?post_type=product&#038;p=66825"},"modified":"2026-04-09T09:16:45","modified_gmt":"2026-04-09T12:16:45","slug":"beer-experience-bariloche-tour-cervecero","status":"publish","type":"product","link":"https:\/\/passeiosbariloche.com\/pt\/product\/experiencia-cervejeira-em-bariloche\/","title":{"rendered":"Bariloche Beer Experience"},"content":{"rendered":"<p data-start=\"333\" data-end=\"413\"><strong data-start=\"336\" data-end=\"411\">Beer Experience Bariloche: um tour cervejeiro \u00fanico na Patag\u00f4nia<\/strong><\/p>\n<p data-start=\"415\" data-end=\"655\">Eu experimentei um passeio exclusivo para maiores de 18 anos com o <strong data-start=\"472\" data-end=\"501\">Beer Experience Bariloche<\/strong>um tour cervejeiro que combina paisagens, sabores e tradi\u00e7\u00e3o em tr\u00eas das cervejarias mais emblem\u00e1ticas da cidade: <strong data-start=\"621\" data-end=\"652\">Wesley, Patag\u00f4nia e Gilbert<\/strong>.<\/p>\n<p data-start=\"657\" data-end=\"997\">Durante o passeio, o senhor desfrutar\u00e1 de <strong data-start=\"697\" data-end=\"737\">7 half pints de cerveja artesanal<\/strong>Cada cerveja \u00e9 combinada com petiscos e produtos regionais que real\u00e7am os sabores de cada estilo. Al\u00e9m disso, os senhores aprender\u00e3o em primeira m\u00e3o sobre o processo de fabrica\u00e7\u00e3o da cerveja, os ingredientes e os segredos da cultura cervejeira local, acompanhados de um <strong data-start=\"965\" data-end=\"994\">guia profissional bil\u00edngue<\/strong>.<\/p>\n<p data-start=\"999\" data-end=\"1208\">O plano \u00e9 perfeito para quem procura uma experi\u00eancia diferente, aut\u00eantica e gourmet: relaxe com os amigos, descubra a ess\u00eancia da cena cervejeira de Bariloche e leve um <strong data-start=\"1166\" data-end=\"1187\">lembran\u00e7a especial<\/strong> no final do passeio.<\/p>\n<h3 data-start=\"1215\" data-end=\"1244\"><\/h3>\n<h3 data-start=\"1215\" data-end=\"1244\">\u00a0Informa\u00e7\u00f5es pr\u00e1ticas<\/h3>\n<ul data-start=\"1245\" data-end=\"1487\">\n<li data-start=\"1245\" data-end=\"1278\">\n<p data-start=\"1247\" data-end=\"1278\"><strong data-start=\"1247\" data-end=\"1256\">Dias:<\/strong> Quartas e sextas-feiras.<\/p>\n<\/li>\n<li data-start=\"1279\" data-end=\"1312\">\n<p data-start=\"1281\" data-end=\"1312\"><strong data-start=\"1281\" data-end=\"1293\">Hor\u00e1rio:<\/strong> 15:00 \u00e0s 21:00 hs.<\/p>\n<\/li>\n<li data-start=\"1313\" data-end=\"1345\">\n<p data-start=\"1315\" data-end=\"1345\"><strong data-start=\"1315\" data-end=\"1328\">Dura\u00e7\u00e3o:<\/strong> 6 horas aproximadamente.<\/p>\n<\/li>\n<li data-start=\"1346\" data-end=\"1487\">\n<p data-start=\"1348\" data-end=\"1487\"><strong data-start=\"1348\" data-end=\"1371\">Ponto de encontro:<\/strong> A ser coordenado no momento da reserva. Op\u00e7\u00f5es dispon\u00edveis a partir do centro da cidade e das \u00e1reas vizinhas (Bustillo ou Pioneros).<\/p>\n<\/li>\n<\/ul>\n<h3 data-start=\"1494\" data-end=\"1509\">\u00a0Inclui<\/h3>\n<ul data-start=\"1510\" data-end=\"1761\">\n<li style=\"list-style-type: none;\">\n<ul data-start=\"1510\" data-end=\"1761\">\n<li data-start=\"1510\" data-end=\"1565\">\n<p data-start=\"1512\" data-end=\"1565\">Traslado de ida e volta para o aeroporto em uma van de turismo autorizada.<\/p>\n<\/li>\n<li data-start=\"1566\" data-end=\"1597\">\n<p data-start=\"1568\" data-end=\"1597\">Guia bil\u00edngue especializado.<\/p>\n<\/li>\n<li data-start=\"1598\" data-end=\"1648\">\n<p data-start=\"1600\" data-end=\"1648\">Visitas guiadas em Wesley, Patag\u00f4nia e Gilbert.<\/p>\n<\/li>\n<li data-start=\"1649\" data-end=\"1683\">\n<p data-start=\"1651\" data-end=\"1683\">Degusta\u00e7\u00e3o de 7 half pints.<\/p>\n<\/li>\n<\/ul>\n<\/li>\n<\/ul>\n<ul data-start=\"1510\" data-end=\"1761\">\n<li data-start=\"1684\" data-end=\"1720\">\n<p data-start=\"1686\" data-end=\"1720\">Harmoniza\u00e7\u00e3o com petiscos regionais.<\/p>\n<\/li>\n<li data-start=\"1721\" data-end=\"1761\">\n<p data-start=\"1723\" data-end=\"1761\">Lembran\u00e7a exclusiva da experi\u00eancia.<\/p>\n<\/li>\n<\/ul>\n<h3 data-start=\"1768\" data-end=\"1786\">\u00a0N\u00e3o inclui<\/h3>\n<ul data-start=\"1787\" data-end=\"1864\">\n<li data-start=\"1787\" data-end=\"1799\">\n<p data-start=\"1789\" data-end=\"1799\">Gorjetas.<\/p>\n<\/li>\n<li data-start=\"1800\" data-end=\"1840\">\n<p data-start=\"1802\" data-end=\"1840\">Extras ou consumo fora do programa.<\/p>\n<\/li>\n<li data-start=\"1841\" data-end=\"1864\">\n<p data-start=\"1843\" data-end=\"1864\">Bebidas adicionais.<\/p>\n<\/li>\n<\/ul>","protected":false},"excerpt":{"rendered":"<p>Beer Experience Bariloche: visita a Wesley, Patag\u00f4nia e Gilbert com degusta\u00e7\u00e3o de 7 cervejas, harmoniza\u00e7\u00f5es regionais, guia bil\u00edngue e traslado inclu\u00eddos.<\/p>","protected":false},"featured_media":66839,"comment_status":"open","ping_status":"closed","template":"","meta":[],"product_brand":[],"product_cat":[105,115,127,121],"product_tag":[],"class_list":{"0":"post-66825","1":"product","2":"type-product","3":"status-publish","4":"has-post-thumbnail","6":"product_cat-adultos","7":"product_cat-con-traslado","8":"product_cat-terrestre","9":"product_cat-todo-el-ano","11":"first","12":"instock","13":"virtual","14":"sold-individually","15":"purchasable","16":"product-type-booking"},"booking_location":"","booking_location_type":"","booking_duration":1,"booking_duration_unit":"hour","booking_buffer":0,"booking_cost":0,"booking_resources":[],"exclude_global_add_ons":false,"addons":[{"name":"ADU : Adulto","type":"input_multiplier","position":0,"required":false,"title_format":"label","default":"","description_enable":false,"description":"","placeholder_enable":false,"placeholder":"","display":"select","restrictions_type":"any_text","adjust_price":true,"price":"222000","price_type":"quantity_based","restrictions":false,"min":"0","max":"0","options":[],"id":1773232132}],"yoast_head":"<!-- This site is optimized with the Yoast SEO Premium plugin v24.5 (Yoast SEO v24.8) - https:\/\/yoast.com\/wordpress\/plugins\/seo\/ -->\n<title>Bariloche Beer Experience - Passeios em Bariloche | Neve, aventura e natureza na Argentina<\/title>\n<meta name=\"description\" content=\"Viv\u00ed la Beer Experience Bariloche: un tour cervecero con degustaciones en cervecer\u00edas ic\u00f3nicas, paisajes de la Patagonia y traslado incluido.\" \/>\n<meta name=\"robots\" content=\"index, follow, max-snippet:-1, max-image-preview:large, max-video-preview:-1\" \/>\n<link rel=\"canonical\" href=\"https:\/\/passeiosbariloche.com\/pt\/product\/experiencia-cervejeira-em-bariloche\/\" \/>\n<meta property=\"og:locale\" content=\"pt_BR\" \/>\n<meta property=\"og:type\" content=\"article\" \/>\n<meta property=\"og:title\" content=\"Bariloche Beer Experience\" \/>\n<meta property=\"og:description\" content=\"Viv\u00ed la Beer Experience Bariloche: un tour cervecero con degustaciones en cervecer\u00edas ic\u00f3nicas, paisajes de la Patagonia y traslado incluido.\" \/>\n<meta property=\"og:url\" content=\"https:\/\/passeiosbariloche.com\/pt\/product\/experiencia-cervejeira-em-bariloche\/\" \/>\n<meta property=\"og:site_name\" content=\"Passeios em Bariloche | Neve, aventura e natureza na Argentina\" \/>\n<meta property=\"article:modified_time\" content=\"2026-04-09T12:16:45+00:00\" \/>\n<meta property=\"og:image\" content=\"https:\/\/passeiosbariloche.com\/wp-content\/uploads\/2025\/09\/5-C-gallery-home-img-5-big-1-scaled.jpg\" \/>\n\t<meta property=\"og:image:width\" content=\"1920\" \/>\n\t<meta property=\"og:image:height\" content=\"2560\" \/>\n\t<meta property=\"og:image:type\" content=\"image\/jpeg\" \/>\n<meta name=\"twitter:card\" content=\"summary_large_image\" \/>\n<meta name=\"twitter:label1\" content=\"Pre\u00e7o\" \/>\n\t<meta name=\"twitter:data1\" content=\"&#036;&nbsp;222.000,00\" \/>\n\t<meta name=\"twitter:label2\" content=\"Disponibilidade\" \/>\n\t<meta name=\"twitter:data2\" content=\"Em Estoque\" \/>\n<script type=\"application\/ld+json\" class=\"yoast-schema-graph\">{\"@context\":\"https:\/\/schema.org\",\"@graph\":[{\"@type\":[\"WebPage\",\"ItemPage\"],\"@id\":\"https:\/\/passeiosbariloche.com\/product\/beer-experience-bariloche-tour-cervecero\/\",\"url\":\"https:\/\/passeiosbariloche.com\/product\/beer-experience-bariloche-tour-cervecero\/\",\"name\":\"Bariloche Beer Experience - Passeios em Bariloche | Neve, aventura e natureza na Argentina\",\"isPartOf\":{\"@id\":\"https:\/\/passeiosbariloche.com\/#website\"},\"primaryImageOfPage\":{\"@id\":\"https:\/\/passeiosbariloche.com\/product\/beer-experience-bariloche-tour-cervecero\/#primaryimage\"},\"image\":{\"@id\":\"https:\/\/passeiosbariloche.com\/product\/beer-experience-bariloche-tour-cervecero\/#primaryimage\"},\"thumbnailUrl\":\"https:\/\/passeiosbariloche.com\/wp-content\/uploads\/2025\/09\/5-C-gallery-home-img-5-big-1-scaled.jpg\",\"datePublished\":\"2025-09-12T15:53:10+00:00\",\"dateModified\":\"2026-04-09T12:16:45+00:00\",\"description\":\"Viv\u00ed la Beer Experience Bariloche: un tour cervecero con degustaciones en cervecer\u00edas ic\u00f3nicas, paisajes de la Patagonia y traslado incluido.\",\"breadcrumb\":{\"@id\":\"https:\/\/passeiosbariloche.com\/product\/beer-experience-bariloche-tour-cervecero\/#breadcrumb\"},\"inLanguage\":\"pt-BR\",\"potentialAction\":[{\"@type\":\"ReadAction\",\"target\":[\"https:\/\/passeiosbariloche.com\/product\/beer-experience-bariloche-tour-cervecero\/\"]}]},{\"@type\":\"ImageObject\",\"inLanguage\":\"pt-BR\",\"@id\":\"https:\/\/passeiosbariloche.com\/product\/beer-experience-bariloche-tour-cervecero\/#primaryimage\",\"url\":\"https:\/\/passeiosbariloche.com\/wp-content\/uploads\/2025\/09\/5-C-gallery-home-img-5-big-1-scaled.jpg\",\"contentUrl\":\"https:\/\/passeiosbariloche.com\/wp-content\/uploads\/2025\/09\/5-C-gallery-home-img-5-big-1-scaled.jpg\",\"width\":1920,\"height\":2560},{\"@type\":\"BreadcrumbList\",\"@id\":\"https:\/\/passeiosbariloche.com\/product\/beer-experience-bariloche-tour-cervecero\/#breadcrumb\",\"itemListElement\":[{\"@type\":\"ListItem\",\"position\":1,\"name\":\"Home\",\"item\":\"https:\/\/passeiosbariloche.com\/\"},{\"@type\":\"ListItem\",\"position\":2,\"name\":\"Lista de excursiones\",\"item\":\"https:\/\/passeiosbariloche.com\/shop\/\"},{\"@type\":\"ListItem\",\"position\":3,\"name\":\"Bariloche Beer Experience\"}]},{\"@type\":\"WebSite\",\"@id\":\"https:\/\/passeiosbariloche.com\/#website\",\"url\":\"https:\/\/passeiosbariloche.com\/\",\"name\":\"Passeios em Bariloche | Aventura e natureza na Argentina\",\"description\":\"Planeje sua viagem para Bariloche com os melhores passeios! Atividades na neve, aventura e paisagens deslumbrantes na Patag\u00f4nia.\",\"potentialAction\":[{\"@type\":\"SearchAction\",\"target\":{\"@type\":\"EntryPoint\",\"urlTemplate\":\"https:\/\/passeiosbariloche.com\/?s={search_term_string}\"},\"query-input\":{\"@type\":\"PropertyValueSpecification\",\"valueRequired\":true,\"valueName\":\"search_term_string\"}}],\"inLanguage\":\"pt-BR\"}]}<\/script>\n<meta property=\"product:price:amount\" content=\"222000.00\" \/>\n<meta property=\"product:price:currency\" content=\"ARS\" \/>\n<meta property=\"og:availability\" content=\"instock\" \/>\n<meta property=\"product:availability\" content=\"instock\" \/>\n<meta property=\"product:retailer_item_id\" content=\"ADV2025BABEEX7FQ9\" \/>\n<meta property=\"product:condition\" content=\"new\" \/>\n<!-- \/ Yoast SEO Premium plugin. -->","yoast_head_json":{"title":"Bariloche Beer Experience - Passeios em Bariloche | Neve, aventura e natureza na Argentina","description":"Experimente o Beer Experience Bariloche: um tour cervejeiro com degusta\u00e7\u00f5es em cervejarias ic\u00f4nicas, paisagens patag\u00f4nicas e traslado inclu\u00eddo.","robots":{"index":"index","follow":"follow","max-snippet":"max-snippet:-1","max-image-preview":"max-image-preview:large","max-video-preview":"max-video-preview:-1"},"canonical":"https:\/\/passeiosbariloche.com\/pt\/product\/experiencia-cervejeira-em-bariloche\/","og_locale":"pt_BR","og_type":"article","og_title":"Bariloche Beer Experience","og_description":"Viv\u00ed la Beer Experience Bariloche: un tour cervecero con degustaciones en cervecer\u00edas ic\u00f3nicas, paisajes de la Patagonia y traslado incluido.","og_url":"https:\/\/passeiosbariloche.com\/pt\/product\/experiencia-cervejeira-em-bariloche\/","og_site_name":"Passeios em Bariloche | Neve, aventura e natureza na Argentina","article_modified_time":"2026-04-09T12:16:45+00:00","og_image":[{"width":1920,"height":2560,"url":"https:\/\/passeiosbariloche.com\/wp-content\/uploads\/2025\/09\/5-C-gallery-home-img-5-big-1-scaled.jpg","type":"image\/jpeg"}],"twitter_card":"summary_large_image","twitter_misc":{"Pre\u00e7o":"&#36;&nbsp;222.000,00","Disponibilidade":"Em Estoque"},"schema":{"@context":"https:\/\/schema.org","@graph":[{"@type":["WebPage","ItemPage"],"@id":"https:\/\/passeiosbariloche.com\/product\/beer-experience-bariloche-tour-cervecero\/","url":"https:\/\/passeiosbariloche.com\/product\/beer-experience-bariloche-tour-cervecero\/","name":"Bariloche Beer Experience - Passeios em Bariloche | Neve, aventura e natureza na Argentina","isPartOf":{"@id":"https:\/\/passeiosbariloche.com\/#website"},"primaryImageOfPage":{"@id":"https:\/\/passeiosbariloche.com\/product\/beer-experience-bariloche-tour-cervecero\/#primaryimage"},"image":{"@id":"https:\/\/passeiosbariloche.com\/product\/beer-experience-bariloche-tour-cervecero\/#primaryimage"},"thumbnailUrl":"https:\/\/passeiosbariloche.com\/wp-content\/uploads\/2025\/09\/5-C-gallery-home-img-5-big-1-scaled.jpg","datePublished":"2025-09-12T15:53:10+00:00","dateModified":"2026-04-09T12:16:45+00:00","description":"Experimente o Beer Experience Bariloche: um tour cervejeiro com degusta\u00e7\u00f5es em cervejarias ic\u00f4nicas, paisagens patag\u00f4nicas e traslado inclu\u00eddo.","breadcrumb":{"@id":"https:\/\/passeiosbariloche.com\/product\/beer-experience-bariloche-tour-cervecero\/#breadcrumb"},"inLanguage":"pt-BR","potentialAction":[{"@type":"ReadAction","target":["https:\/\/passeiosbariloche.com\/product\/beer-experience-bariloche-tour-cervecero\/"]}]},{"@type":"ImageObject","inLanguage":"pt-BR","@id":"https:\/\/passeiosbariloche.com\/product\/beer-experience-bariloche-tour-cervecero\/#primaryimage","url":"https:\/\/passeiosbariloche.com\/wp-content\/uploads\/2025\/09\/5-C-gallery-home-img-5-big-1-scaled.jpg","contentUrl":"https:\/\/passeiosbariloche.com\/wp-content\/uploads\/2025\/09\/5-C-gallery-home-img-5-big-1-scaled.jpg","width":1920,"height":2560},{"@type":"BreadcrumbList","@id":"https:\/\/passeiosbariloche.com\/product\/beer-experience-bariloche-tour-cervecero\/#breadcrumb","itemListElement":[{"@type":"ListItem","position":1,"name":"Home","item":"https:\/\/passeiosbariloche.com\/"},{"@type":"ListItem","position":2,"name":"Lista de excursiones","item":"https:\/\/passeiosbariloche.com\/shop\/"},{"@type":"ListItem","position":3,"name":"Bariloche Beer Experience"}]},{"@type":"WebSite","@id":"https:\/\/passeiosbariloche.com\/#website","url":"https:\/\/passeiosbariloche.com\/","name":"Passeios em Bariloche | Aventura e natureza na Argentina","description":"Planeje sua viagem a Bariloche com as melhores viagens! Atividades na neve, aventura e paisagens deslumbrantes na Patag\u00f4nia.","potentialAction":[{"@type":"SearchAction","target":{"@type":"EntryPoint","urlTemplate":"https:\/\/passeiosbariloche.com\/?s={search_term_string}"},"query-input":{"@type":"PropertyValueSpecification","valueRequired":true,"valueName":"search_term_string"}}],"inLanguage":"pt-BR"}]},"product_price_amount":"222000.00","product_price_currency":"ARS","og_availability":"instock","product_availability":"instock","product_retailer_item_id":"ADV2025BABEEX7FQ9","product_condition":"new"},"_links":{"self":[{"href":"https:\/\/passeiosbariloche.com\/pt\/wp-json\/wp\/v2\/product\/66825","targetHints":{"allow":["GET"]}}],"collection":[{"href":"https:\/\/passeiosbariloche.com\/pt\/wp-json\/wp\/v2\/product"}],"about":[{"href":"https:\/\/passeiosbariloche.com\/pt\/wp-json\/wp\/v2\/types\/product"}],"replies":[{"embeddable":true,"href":"https:\/\/passeiosbariloche.com\/pt\/wp-json\/wp\/v2\/comments?post=66825"}],"version-history":[{"count":6,"href":"https:\/\/passeiosbariloche.com\/pt\/wp-json\/wp\/v2\/product\/66825\/revisions"}],"predecessor-version":[{"id":84417,"href":"https:\/\/passeiosbariloche.com\/pt\/wp-json\/wp\/v2\/product\/66825\/revisions\/84417"}],"wp:featuredmedia":[{"embeddable":true,"href":"https:\/\/passeiosbariloche.com\/pt\/wp-json\/wp\/v2\/media\/66839"}],"wp:attachment":[{"href":"https:\/\/passeiosbariloche.com\/pt\/wp-json\/wp\/v2\/media?parent=66825"}],"wp:term":[{"taxonomy":"product_brand","embeddable":true,"href":"https:\/\/passeiosbariloche.com\/pt\/wp-json\/wp\/v2\/product_brand?post=66825"},{"taxonomy":"product_cat","embeddable":true,"href":"https:\/\/passeiosbariloche.com\/pt\/wp-json\/wp\/v2\/product_cat?post=66825"},{"taxonomy":"product_tag","embeddable":true,"href":"https:\/\/passeiosbariloche.com\/pt\/wp-json\/wp\/v2\/product_tag?post=66825"}],"curies":[{"name":"wp","href":"https:\/\/api.w.org\/{rel}","templated":true}]}}