{"id":66902,"date":"2025-09-26T09:39:38","date_gmt":"2025-09-26T12:39:38","guid":{"rendered":"https:\/\/passeiosbariloche.com\/?post_type=product&#038;p=66902"},"modified":"2026-04-06T00:04:24","modified_gmt":"2026-04-06T03:04:24","slug":"circuito-grande-bariloche-ruta-7-lagos","status":"publish","type":"product","link":"https:\/\/passeiosbariloche.com\/pt\/product\/grande-circuito-descubra-a-rota-dos-lagos-e-a-magia-da-cadeia-de-montanhas\/","title":{"rendered":"Circuito Grande: descubra a Rota dos Lagos e a magia das montanhas"},"content":{"rendered":"<h3>Paisagens sem fim, vilarejos de montanha e a rota mais c\u00eanica da Patag\u00f4nia.<\/h3>\n<p data-start=\"539\" data-end=\"785\">Experimente um passeio de dia inteiro de aproximadamente 240 a 300 km, passando por algumas das paisagens mais emblem\u00e1ticas da regi\u00e3o. O <strong data-start=\"672\" data-end=\"691\">Circuito grande<\/strong> \u00e9 ideal para aqueles que desejam combinar natureza, cultura e aventura em uma \u00fanica excurs\u00e3o.<\/p>\n<p data-start=\"787\" data-end=\"1057\">A sa\u00edda \u00e9 dos pontos de encontro entre o centro e o km 8 da Av. Bustillo ou Av. Pioneros. A partir da\u00ed, a viagem come\u00e7a em dire\u00e7\u00e3o ao nordeste, margeando a <strong data-start=\"953\" data-end=\"970\">Fluxo \u00d1ireco<\/strong> e o <strong data-start=\"976\" data-end=\"989\">Rio Limay<\/strong>que marca a fronteira entre as prov\u00edncias de R\u00edo Negro e Neuqu\u00e9n.<\/p>\n<p data-start=\"1059\" data-end=\"1328\">A rota continua em dire\u00e7\u00e3o ao <strong data-start=\"1090\" data-end=\"1109\">Vale Encantado<\/strong> e o <strong data-start=\"1115\" data-end=\"1129\">Anfiteatro<\/strong>Visitaremos um cen\u00e1rio natural \u00fanico que parece ter sido esculpido pela m\u00e3o do tempo. Em seguida, visitaremos o vilarejo da montanha <strong data-start=\"1244\" data-end=\"1260\">Vila Traful<\/strong>famoso por seus arredores arborizados e vistas do lago de mesmo nome.<\/p>\n<p data-start=\"1330\" data-end=\"1573\">A viagem culmina na pitoresca <strong data-start=\"1367\" data-end=\"1389\">Villa La Angostura<\/strong>atrav\u00e9s do emblem\u00e1tico <strong data-start=\"1418\" data-end=\"1441\">Rota dos 7 lagos<\/strong>A viagem de volta a Bariloche \u00e9 feita por estrada, um dos trechos panor\u00e2micos mais impressionantes da Patag\u00f4nia. O retorno a Bariloche \u00e9 feito pelo <strong data-start=\"1550\" data-end=\"1570\">Rota Nacional 40<\/strong>.<\/p>\n<p data-start=\"1575\" data-end=\"1627\"><strong data-start=\"1578\" data-end=\"1601\">Hor\u00e1rios de sa\u00edda:<\/strong> 08:30 \u00e0s 18:00 hs aproximadamente.<\/p>\n<p data-start=\"1634\" data-end=\"1655\"><strong data-start=\"1634\" data-end=\"1653\">O que ele inclui:<\/strong><\/p>\n<ul data-start=\"1656\" data-end=\"1734\">\n<li data-start=\"1656\" data-end=\"1682\">\n<p data-start=\"1658\" data-end=\"1682\">Caminhada terrestre guiada<\/p>\n<\/li>\n<li data-start=\"1683\" data-end=\"1734\">\n<p data-start=\"1685\" data-end=\"1734\">Traslado de ida e volta para os pontos de encontro<\/p>\n<\/li>\n<\/ul>\n<p data-start=\"1736\" data-end=\"1760\"><strong data-start=\"1736\" data-end=\"1758\">O que n\u00e3o inclui:<\/strong><\/p>\n<ul data-start=\"1761\" data-end=\"1815\">\n<li data-start=\"1761\" data-end=\"1815\">\n<p data-start=\"1763\" data-end=\"1815\">Refei\u00e7\u00f5es (h\u00e1 pousadas gastron\u00f4micas ao longo do caminho)<\/p>\n<p data-start=\"2100\" data-end=\"2224\">\n<\/li>\n<\/ul>\n<h3 data-start=\"1763\" data-end=\"1815\"><strong data-start=\"1822\" data-end=\"1846\">Perguntas frequentes<\/strong><\/h3>\n<p data-start=\"1850\" data-end=\"1967\"><strong><em data-start=\"1852\" data-end=\"1892\">A rota \u00e9 fisicamente exigente?<\/em><\/strong><br data-start=\"1892\" data-end=\"1895\" \/>N\u00e3o, \u00e9 um passeio de \u00f4nibus\/minivan com paradas para fotos e paradas para descanso.<\/p>\n<p data-start=\"1969\" data-end=\"2098\"><strong><em data-start=\"1971\" data-end=\"1992\">Onde o senhor almo\u00e7a?<\/em><\/strong><br data-start=\"1992\" data-end=\"1995\" \/>Em Villa Traful ou Villa La Angostura, em restaurantes e pousadas regionais (opcional, n\u00e3o inclu\u00eddo).<\/p>\n<p data-start=\"2100\" data-end=\"2224\"><strong><em data-start=\"2102\" data-end=\"2127\">Ele est\u00e1 suspenso devido ao clima?<\/em><\/strong><br data-start=\"2127\" data-end=\"2130\" \/>N\u00e3o, a rota funciona em todas as condi\u00e7\u00f5es, exceto em casos excepcionais de fechamento de estradas.<\/p>","protected":false},"excerpt":{"rendered":"<p>Descubra a Patag\u00f4nia em uma viagem de um dia inteiro pelo Circuito Grande. O senhor pode visitar o Valle Encantado, Villa Traful e Villa La Angostura, retornando pela Rota dos 7 Lagos.<\/p>","protected":false},"featured_media":66904,"comment_status":"open","ping_status":"closed","template":"","meta":[],"product_brand":[],"product_cat":[105,115,106,108,132,127,121],"product_tag":[],"class_list":{"0":"post-66902","1":"product","2":"type-product","3":"status-publish","4":"has-post-thumbnail","6":"product_cat-adultos","7":"product_cat-con-traslado","8":"product_cat-familia","9":"product_cat-ninos","10":"product_cat-sin-comida","11":"product_cat-terrestre","12":"product_cat-todo-el-ano","14":"first","15":"instock","16":"virtual","17":"sold-individually","18":"purchasable","19":"product-type-booking"},"booking_location":"","booking_location_type":"","booking_duration":1,"booking_duration_unit":"hour","booking_buffer":0,"booking_cost":0,"booking_resources":[],"exclude_global_add_ons":false,"addons":[{"name":"STD : Passageiros","type":"input_multiplier","position":0,"required":false,"title_format":"label","default":"","description_enable":false,"description":"","placeholder_enable":false,"placeholder":"","display":"select","restrictions_type":"any_text","adjust_price":true,"price":"71400","price_type":"quantity_based","restrictions":false,"min":"0","max":"0","options":[],"id":1773231728}],"yoast_head":"<!-- This site is optimized with the Yoast SEO Premium plugin v24.5 (Yoast SEO v24.8) - https:\/\/yoast.com\/wordpress\/plugins\/seo\/ -->\n<title>Circuito Grande traslado desde Bariloche - Passeios em Bariloche | Neve, aventura e natureza na Argentina<\/title>\n<meta name=\"description\" content=\"Recorr\u00e9 el Circuito Grande desde Bariloche: Valle Encantado, Villa Traful y Villa La Angostura por la Ruta de los 7 Lagos. \u00a1Un viaje \u00fanico de d\u00eda completo!\" \/>\n<meta name=\"robots\" content=\"index, follow, max-snippet:-1, max-image-preview:large, max-video-preview:-1\" \/>\n<link rel=\"canonical\" href=\"https:\/\/passeiosbariloche.com\/pt\/product\/grande-circuito-descubra-a-rota-dos-lagos-e-a-magia-da-cadeia-de-montanhas\/\" \/>\n<meta property=\"og:locale\" content=\"pt_BR\" \/>\n<meta property=\"og:type\" content=\"article\" \/>\n<meta property=\"og:title\" content=\"Circuito Grande: descubr\u00ed la Ruta de los Lagos y la magia cordillerana\" \/>\n<meta property=\"og:description\" content=\"Recorr\u00e9 el Circuito Grande desde Bariloche: Valle Encantado, Villa Traful y Villa La Angostura por la Ruta de los 7 Lagos. \u00a1Un viaje \u00fanico de d\u00eda completo!\" \/>\n<meta property=\"og:url\" content=\"https:\/\/passeiosbariloche.com\/pt\/product\/grande-circuito-descubra-a-rota-dos-lagos-e-a-magia-da-cadeia-de-montanhas\/\" \/>\n<meta property=\"og:site_name\" content=\"Passeios em Bariloche | Neve, aventura e natureza na Argentina\" \/>\n<meta property=\"article:modified_time\" content=\"2026-04-06T03:04:24+00:00\" \/>\n<meta property=\"og:image\" content=\"https:\/\/passeiosbariloche.com\/wp-content\/uploads\/2025\/09\/cir1.jpg\" \/>\n\t<meta property=\"og:image:width\" content=\"768\" \/>\n\t<meta property=\"og:image:height\" content=\"1024\" \/>\n\t<meta property=\"og:image:type\" content=\"image\/jpeg\" \/>\n<meta name=\"twitter:card\" content=\"summary_large_image\" \/>\n<meta name=\"twitter:label1\" content=\"Pre\u00e7o\" \/>\n\t<meta name=\"twitter:data1\" content=\"&#036;&nbsp;71.400,00\" \/>\n\t<meta name=\"twitter:label2\" content=\"Disponibilidade\" \/>\n\t<meta name=\"twitter:data2\" content=\"Em Estoque\" \/>\n<script type=\"application\/ld+json\" class=\"yoast-schema-graph\">{\"@context\":\"https:\/\/schema.org\",\"@graph\":[{\"@type\":[\"WebPage\",\"ItemPage\"],\"@id\":\"https:\/\/passeiosbariloche.com\/product\/circuito-grande-bariloche-ruta-7-lagos\/\",\"url\":\"https:\/\/passeiosbariloche.com\/product\/circuito-grande-bariloche-ruta-7-lagos\/\",\"name\":\"Circuito Grande traslado desde Bariloche - Passeios em Bariloche | Neve, aventura e natureza na Argentina\",\"isPartOf\":{\"@id\":\"https:\/\/passeiosbariloche.com\/#website\"},\"primaryImageOfPage\":{\"@id\":\"https:\/\/passeiosbariloche.com\/product\/circuito-grande-bariloche-ruta-7-lagos\/#primaryimage\"},\"image\":{\"@id\":\"https:\/\/passeiosbariloche.com\/product\/circuito-grande-bariloche-ruta-7-lagos\/#primaryimage\"},\"thumbnailUrl\":\"https:\/\/passeiosbariloche.com\/wp-content\/uploads\/2025\/09\/cir1.jpg\",\"datePublished\":\"2025-09-26T12:39:38+00:00\",\"dateModified\":\"2026-04-06T03:04:24+00:00\",\"description\":\"Recorr\u00e9 el Circuito Grande desde Bariloche: Valle Encantado, Villa Traful y Villa La Angostura por la Ruta de los 7 Lagos. \u00a1Un viaje \u00fanico de d\u00eda completo!\",\"breadcrumb\":{\"@id\":\"https:\/\/passeiosbariloche.com\/product\/circuito-grande-bariloche-ruta-7-lagos\/#breadcrumb\"},\"inLanguage\":\"pt-BR\",\"potentialAction\":[{\"@type\":\"ReadAction\",\"target\":[\"https:\/\/passeiosbariloche.com\/product\/circuito-grande-bariloche-ruta-7-lagos\/\"]}]},{\"@type\":\"ImageObject\",\"inLanguage\":\"pt-BR\",\"@id\":\"https:\/\/passeiosbariloche.com\/product\/circuito-grande-bariloche-ruta-7-lagos\/#primaryimage\",\"url\":\"https:\/\/passeiosbariloche.com\/wp-content\/uploads\/2025\/09\/cir1.jpg\",\"contentUrl\":\"https:\/\/passeiosbariloche.com\/wp-content\/uploads\/2025\/09\/cir1.jpg\",\"width\":768,\"height\":1024},{\"@type\":\"BreadcrumbList\",\"@id\":\"https:\/\/passeiosbariloche.com\/product\/circuito-grande-bariloche-ruta-7-lagos\/#breadcrumb\",\"itemListElement\":[{\"@type\":\"ListItem\",\"position\":1,\"name\":\"Home\",\"item\":\"https:\/\/passeiosbariloche.com\/\"},{\"@type\":\"ListItem\",\"position\":2,\"name\":\"Lista de excursiones\",\"item\":\"https:\/\/passeiosbariloche.com\/shop\/\"},{\"@type\":\"ListItem\",\"position\":3,\"name\":\"Circuito Grande: descubr\u00ed la Ruta de los Lagos y la magia cordillerana\"}]},{\"@type\":\"WebSite\",\"@id\":\"https:\/\/passeiosbariloche.com\/#website\",\"url\":\"https:\/\/passeiosbariloche.com\/\",\"name\":\"Passeios em Bariloche | Aventura e natureza na Argentina\",\"description\":\"Planeje sua viagem para Bariloche com os melhores passeios! Atividades na neve, aventura e paisagens deslumbrantes na Patag\u00f4nia.\",\"potentialAction\":[{\"@type\":\"SearchAction\",\"target\":{\"@type\":\"EntryPoint\",\"urlTemplate\":\"https:\/\/passeiosbariloche.com\/?s={search_term_string}\"},\"query-input\":{\"@type\":\"PropertyValueSpecification\",\"valueRequired\":true,\"valueName\":\"search_term_string\"}}],\"inLanguage\":\"pt-BR\"}]}<\/script>\n<meta property=\"product:price:amount\" content=\"71400.00\" \/>\n<meta property=\"product:price:currency\" content=\"ARS\" \/>\n<meta property=\"og:availability\" content=\"instock\" \/>\n<meta property=\"product:availability\" content=\"instock\" \/>\n<meta property=\"product:retailer_item_id\" content=\"ADV2025CIGRX9T2\" \/>\n<meta property=\"product:condition\" content=\"new\" \/>\n<!-- \/ Yoast SEO Premium plugin. -->","yoast_head_json":{"title":"Traslado Circuito Grande desde Bariloche - Passeios em Bariloche | Neve, aventura e natureza na Argentina","description":"Percorra o Circuito Grande desde Bariloche: Valle Encantado, Villa Traful e Villa La Angostura pela Rota dos 7 Lagos, um passeio \u00fanico de um dia inteiro!","robots":{"index":"index","follow":"follow","max-snippet":"max-snippet:-1","max-image-preview":"max-image-preview:large","max-video-preview":"max-video-preview:-1"},"canonical":"https:\/\/passeiosbariloche.com\/pt\/product\/grande-circuito-descubra-a-rota-dos-lagos-e-a-magia-da-cadeia-de-montanhas\/","og_locale":"pt_BR","og_type":"article","og_title":"Circuito Grande: descubr\u00ed la Ruta de los Lagos y la magia cordillerana","og_description":"Recorr\u00e9 el Circuito Grande desde Bariloche: Valle Encantado, Villa Traful y Villa La Angostura por la Ruta de los 7 Lagos. \u00a1Un viaje \u00fanico de d\u00eda completo!","og_url":"https:\/\/passeiosbariloche.com\/pt\/product\/grande-circuito-descubra-a-rota-dos-lagos-e-a-magia-da-cadeia-de-montanhas\/","og_site_name":"Passeios em Bariloche | Neve, aventura e natureza na Argentina","article_modified_time":"2026-04-06T03:04:24+00:00","og_image":[{"width":768,"height":1024,"url":"https:\/\/passeiosbariloche.com\/wp-content\/uploads\/2025\/09\/cir1.jpg","type":"image\/jpeg"}],"twitter_card":"summary_large_image","twitter_misc":{"Pre\u00e7o":"&#36;&nbsp;71.400,00","Disponibilidade":"Em Estoque"},"schema":{"@context":"https:\/\/schema.org","@graph":[{"@type":["WebPage","ItemPage"],"@id":"https:\/\/passeiosbariloche.com\/product\/circuito-grande-bariloche-ruta-7-lagos\/","url":"https:\/\/passeiosbariloche.com\/product\/circuito-grande-bariloche-ruta-7-lagos\/","name":"Traslado Circuito Grande desde Bariloche - Passeios em Bariloche | Neve, aventura e natureza na Argentina","isPartOf":{"@id":"https:\/\/passeiosbariloche.com\/#website"},"primaryImageOfPage":{"@id":"https:\/\/passeiosbariloche.com\/product\/circuito-grande-bariloche-ruta-7-lagos\/#primaryimage"},"image":{"@id":"https:\/\/passeiosbariloche.com\/product\/circuito-grande-bariloche-ruta-7-lagos\/#primaryimage"},"thumbnailUrl":"https:\/\/passeiosbariloche.com\/wp-content\/uploads\/2025\/09\/cir1.jpg","datePublished":"2025-09-26T12:39:38+00:00","dateModified":"2026-04-06T03:04:24+00:00","description":"Percorra o Circuito Grande desde Bariloche: Valle Encantado, Villa Traful e Villa La Angostura pela Rota dos 7 Lagos, um passeio \u00fanico de um dia inteiro!","breadcrumb":{"@id":"https:\/\/passeiosbariloche.com\/product\/circuito-grande-bariloche-ruta-7-lagos\/#breadcrumb"},"inLanguage":"pt-BR","potentialAction":[{"@type":"ReadAction","target":["https:\/\/passeiosbariloche.com\/product\/circuito-grande-bariloche-ruta-7-lagos\/"]}]},{"@type":"ImageObject","inLanguage":"pt-BR","@id":"https:\/\/passeiosbariloche.com\/product\/circuito-grande-bariloche-ruta-7-lagos\/#primaryimage","url":"https:\/\/passeiosbariloche.com\/wp-content\/uploads\/2025\/09\/cir1.jpg","contentUrl":"https:\/\/passeiosbariloche.com\/wp-content\/uploads\/2025\/09\/cir1.jpg","width":768,"height":1024},{"@type":"BreadcrumbList","@id":"https:\/\/passeiosbariloche.com\/product\/circuito-grande-bariloche-ruta-7-lagos\/#breadcrumb","itemListElement":[{"@type":"ListItem","position":1,"name":"Home","item":"https:\/\/passeiosbariloche.com\/"},{"@type":"ListItem","position":2,"name":"Lista de excursiones","item":"https:\/\/passeiosbariloche.com\/shop\/"},{"@type":"ListItem","position":3,"name":"Circuito Grande: descubr\u00ed la Ruta de los Lagos y la magia cordillerana"}]},{"@type":"WebSite","@id":"https:\/\/passeiosbariloche.com\/#website","url":"https:\/\/passeiosbariloche.com\/","name":"Passeios em Bariloche | Aventura e natureza na Argentina","description":"Planeje sua viagem a Bariloche com as melhores viagens! Atividades na neve, aventura e paisagens deslumbrantes na Patag\u00f4nia.","potentialAction":[{"@type":"SearchAction","target":{"@type":"EntryPoint","urlTemplate":"https:\/\/passeiosbariloche.com\/?s={search_term_string}"},"query-input":{"@type":"PropertyValueSpecification","valueRequired":true,"valueName":"search_term_string"}}],"inLanguage":"pt-BR"}]},"product_price_amount":"71400.00","product_price_currency":"ARS","og_availability":"instock","product_availability":"instock","product_retailer_item_id":"ADV2025CIGRX9T2","product_condition":"new"},"_links":{"self":[{"href":"https:\/\/passeiosbariloche.com\/pt\/wp-json\/wp\/v2\/product\/66902","targetHints":{"allow":["GET"]}}],"collection":[{"href":"https:\/\/passeiosbariloche.com\/pt\/wp-json\/wp\/v2\/product"}],"about":[{"href":"https:\/\/passeiosbariloche.com\/pt\/wp-json\/wp\/v2\/types\/product"}],"replies":[{"embeddable":true,"href":"https:\/\/passeiosbariloche.com\/pt\/wp-json\/wp\/v2\/comments?post=66902"}],"version-history":[{"count":4,"href":"https:\/\/passeiosbariloche.com\/pt\/wp-json\/wp\/v2\/product\/66902\/revisions"}],"predecessor-version":[{"id":84414,"href":"https:\/\/passeiosbariloche.com\/pt\/wp-json\/wp\/v2\/product\/66902\/revisions\/84414"}],"wp:featuredmedia":[{"embeddable":true,"href":"https:\/\/passeiosbariloche.com\/pt\/wp-json\/wp\/v2\/media\/66904"}],"wp:attachment":[{"href":"https:\/\/passeiosbariloche.com\/pt\/wp-json\/wp\/v2\/media?parent=66902"}],"wp:term":[{"taxonomy":"product_brand","embeddable":true,"href":"https:\/\/passeiosbariloche.com\/pt\/wp-json\/wp\/v2\/product_brand?post=66902"},{"taxonomy":"product_cat","embeddable":true,"href":"https:\/\/passeiosbariloche.com\/pt\/wp-json\/wp\/v2\/product_cat?post=66902"},{"taxonomy":"product_tag","embeddable":true,"href":"https:\/\/passeiosbariloche.com\/pt\/wp-json\/wp\/v2\/product_tag?post=66902"}],"curies":[{"name":"wp","href":"https:\/\/api.w.org\/{rel}","templated":true}]}}