{"id":84288,"date":"2026-01-28T12:43:08","date_gmt":"2026-01-28T15:43:08","guid":{"rendered":"https:\/\/passeiosbariloche.com\/?post_type=product&#038;p=84288"},"modified":"2026-04-08T16:21:33","modified_gmt":"2026-04-08T19:21:33","slug":"buceo-bautismo-bariloche","status":"publish","type":"product","link":"https:\/\/passeiosbariloche.com\/pt\/product\/mergulho-autonomo-em-bariloche\/","title":{"rendered":"Descubra o mergulho em Bariloche"},"content":{"rendered":"<h2><strong>Mergulhe nas \u00e1guas cristalinas do Lago Moreno e descubra um mundo totalmente novo sob a superf\u00edcie com nosso <em data-start=\"551\" data-end=\"580\">Descubra o mergulho em Bariloche<\/em>.<\/strong><\/h2>\n<p data-start=\"681\" data-end=\"855\">Uma experi\u00eancia fascinante para aqueles que nunca mergulharam antes, acompanhados por instrutores certificados que o guiar\u00e3o passo a passo para que o senhor possa aproveitar totalmente o momento.<\/p>\n<p data-start=\"857\" data-end=\"1150\">Durante aproximadamente duas horas - incluindo 20 a 30 minutos de imers\u00e3o real - o senhor sentir\u00e1 a incr\u00edvel sensa\u00e7\u00e3o de flutuar entre as paisagens subaqu\u00e1ticas \u00fanicas da Patag\u00f4nia.<br data-start=\"1041\" data-end=\"1044\" \/>Ideal para casais, fam\u00edlias ou aventureiros que procuram algo diferente durante sua viagem a Bariloche.<\/p>\n<h3 data-start=\"1157\" data-end=\"1199\"><strong data-start=\"1164\" data-end=\"1199\">Por que escolher essa experi\u00eancia<\/strong><\/h3>\n<ul data-start=\"1201\" data-end=\"1477\">\n<li data-start=\"1201\" data-end=\"1248\">\n<p data-start=\"1203\" data-end=\"1248\">Uma atividade tranquila e acess\u00edvel a todos.<\/p>\n<\/li>\n<li data-start=\"1249\" data-end=\"1326\">\n<p data-start=\"1251\" data-end=\"1326\">Ideal para aqueles que querem experimentar algo novo e se conectar com a natureza.<\/p>\n<\/li>\n<li data-start=\"1327\" data-end=\"1385\">\n<p data-start=\"1329\" data-end=\"1385\">Instrutores certificados e equipamento completo inclu\u00eddos.<\/p>\n<\/li>\n<li data-start=\"1386\" data-end=\"1477\">\n<p data-start=\"1388\" data-end=\"1477\">Cen\u00e1rio incompar\u00e1vel: as \u00e1guas puras do Lago Moreno cercadas por montanhas e florestas.<\/p>\n<\/li>\n<\/ul>\n<h3 data-start=\"1484\" data-end=\"1511\"><strong data-start=\"1491\" data-end=\"1511\">Como ser\u00e1 o seu dia<\/strong><\/h3>\n<p data-start=\"1513\" data-end=\"1782\">O passeio come\u00e7a no ponto de encontro combinado, desde o centro de Bariloche at\u00e9 o km 8 da Avenida Bustillo. L\u00e1, o senhor ser\u00e1 recebido por nossos guias especializados, que lhe apresentar\u00e3o o equipamento e explicar\u00e3o a atividade de forma simples e agrad\u00e1vel.<\/p>\n<p data-start=\"1784\" data-end=\"2046\">Ap\u00f3s uma breve pr\u00e1tica na superf\u00edcie, o senhor iniciar\u00e1 o mergulho acompanhado por um instrutor. Durante cerca de 20 a 30 minutos, os senhores explorar\u00e3o o Lago Moreno, admirando os reflexos do sol debaixo d'\u00e1gua, as forma\u00e7\u00f5es rochosas e a serenidade do ambiente patag\u00f4nico.<\/p>\n<p data-start=\"2048\" data-end=\"2276\">A experi\u00eancia completa dura cerca de duas horas e inclui o traslado e todo o equipamento necess\u00e1rio. No final, o senhor pode relaxar \u00e0 beira do lago e apreciar a paisagem com uma sensa\u00e7\u00e3o \u00fanica de conex\u00e3o com o ambiente natural.<\/p>\n<h3 data-start=\"2283\" data-end=\"2314\"><strong data-start=\"2290\" data-end=\"2314\">Informa\u00e7\u00f5es pr\u00e1ticas<\/strong><\/h3>\n<ul data-start=\"2316\" data-end=\"2885\">\n<li data-start=\"2316\" data-end=\"2392\">\n<p data-start=\"2318\" data-end=\"2392\"><strong data-start=\"2318\" data-end=\"2331\">Hor\u00e1rios:<\/strong> 11:00 \u00e0s 15:00 \/ 13:00 \u00e0s 17:00 (segunda, quarta e domingo).<\/p>\n<\/li>\n<li data-start=\"2393\" data-end=\"2450\">\n<p data-start=\"2395\" data-end=\"2450\"><strong data-start=\"2395\" data-end=\"2408\">Dura\u00e7\u00e3o:<\/strong> Aproximadamente 2 horas (20 a 30 minutos de imers\u00e3o).<\/p>\n<\/li>\n<li data-start=\"2451\" data-end=\"2478\">\n<p data-start=\"2453\" data-end=\"2478\"><strong data-start=\"2453\" data-end=\"2469\">Idade m\u00ednima:<\/strong> 8 anos.<\/p>\n<\/li>\n<li data-start=\"2479\" data-end=\"2591\">\n<p data-start=\"2481\" data-end=\"2591\"><strong data-start=\"2481\" data-end=\"2504\">Ponto de encontro:<\/strong> do centro de Bariloche at\u00e9 o km 8 da Av. Bustillo (consulte outros pontos).<\/p>\n<\/li>\n<li data-start=\"2592\" data-end=\"2676\">\n<p data-start=\"2594\" data-end=\"2676\"><strong data-start=\"2594\" data-end=\"2606\">Ele inclui:<\/strong> instrutores certificados, equipamento t\u00e9cnico completo e transporte.<\/p>\n<\/li>\n<li data-start=\"2677\" data-end=\"2715\">\n<p data-start=\"2679\" data-end=\"2715\"><strong data-start=\"2679\" data-end=\"2694\">N\u00e3o inclu\u00eddo:<\/strong> alimentos e bebidas.<\/p>\n<\/li>\n<li data-start=\"2716\" data-end=\"2800\">\n<p data-start=\"2718\" data-end=\"2800\"><strong data-start=\"2718\" data-end=\"2733\">Importante:<\/strong> realizar a atividade pelo menos 12 horas antes do voo.<\/p>\n<\/li>\n<\/ul>\n<h3 data-start=\"2892\" data-end=\"2922\"><strong data-start=\"2898\" data-end=\"2922\">Perguntas frequentes<\/strong><\/h3>\n<p data-start=\"2924\" data-end=\"3029\"><strong data-start=\"2924\" data-end=\"2957\">Preciso de experi\u00eancia anterior?<\/strong><br data-start=\"2957\" data-end=\"2960\" \/>N\u00e3o, ele foi projetado especialmente para mergulhadores de primeira viagem.<\/p>\n<p data-start=\"3031\" data-end=\"3127\"><strong data-start=\"3031\" data-end=\"3060\">As crian\u00e7as podem participar?<\/strong><br data-start=\"3060\" data-end=\"3063\" \/>Sim, a partir de 8 anos de idade, sempre acompanhado por um adulto.<\/p>\n<p data-start=\"3129\" data-end=\"3240\"><strong data-start=\"3129\" data-end=\"3155\">O que preciso levar?<\/strong><br data-start=\"3155\" data-end=\"3158\" \/>Roupas imperme\u00e1veis, toalha e casaco leve para depois da atividade.<\/p>\n<p data-start=\"3416\" data-end=\"3539\"><strong data-start=\"3416\" data-end=\"3450\">Onde exatamente isso acontece?<\/strong><br data-start=\"3450\" data-end=\"3453\" \/>No Lago Moreno, com ponto de encontro e hor\u00e1rios coordenados de acordo com sua acomoda\u00e7\u00e3o.<\/p>","protected":false},"excerpt":{"rendered":"<p>Uma experi\u00eancia de mergulho para iniciantes no Lago Moreno, com instrutores certificados, equipamento completo e traslado inclu\u00eddo.<\/p>","protected":false},"featured_media":84289,"comment_status":"open","ping_status":"closed","template":"","meta":[],"product_brand":[],"product_cat":[105,124,115,106,108,132,122],"product_tag":[],"class_list":{"0":"post-84288","1":"product","2":"type-product","3":"status-publish","4":"has-post-thumbnail","6":"product_cat-adultos","7":"product_cat-aventura","8":"product_cat-con-traslado","9":"product_cat-familia","10":"product_cat-ninos","11":"product_cat-sin-comida","12":"product_cat-verano","14":"first","15":"instock","16":"virtual","17":"sold-individually","18":"purchasable","19":"product-type-booking"},"booking_location":"","booking_location_type":"","booking_duration":1,"booking_duration_unit":"hour","booking_buffer":0,"booking_cost":0,"booking_resources":[],"exclude_global_add_ons":false,"addons":[{"name":"STD : Passageiros","type":"input_multiplier","position":0,"required":false,"title_format":"label","default":"","description_enable":false,"description":"","placeholder_enable":false,"placeholder":"","display":"select","restrictions_type":"any_text","adjust_price":true,"price":"132000","price_type":"quantity_based","restrictions":false,"min":"0","max":"0","options":[],"id":1773231509}],"yoast_head":"<!-- This site is optimized with the Yoast SEO Premium plugin v24.5 (Yoast SEO v24.8) - https:\/\/yoast.com\/wordpress\/plugins\/seo\/ -->\n<title>Buceo Bautismo en Bariloche - Passeios em Bariloche | Neve, aventura e natureza na Argentina<\/title>\n<meta name=\"description\" content=\"Viv\u00ed el buceo bautismo en Bariloche. Sumergite en el Lago Moreno con instructores certificados y descubr\u00ed un mundo natural de calma y belleza patag\u00f3nica.\" \/>\n<meta name=\"robots\" content=\"index, follow, max-snippet:-1, max-image-preview:large, max-video-preview:-1\" \/>\n<link rel=\"canonical\" href=\"https:\/\/passeiosbariloche.com\/pt\/product\/mergulho-autonomo-em-bariloche\/\" \/>\n<meta property=\"og:locale\" content=\"pt_BR\" \/>\n<meta property=\"og:type\" content=\"article\" \/>\n<meta property=\"og:title\" content=\"Buceo Bautismo en Bariloche\" \/>\n<meta property=\"og:description\" content=\"Viv\u00ed el buceo bautismo en Bariloche. Sumergite en el Lago Moreno con instructores certificados y descubr\u00ed un mundo natural de calma y belleza patag\u00f3nica.\" \/>\n<meta property=\"og:url\" content=\"https:\/\/passeiosbariloche.com\/pt\/product\/mergulho-autonomo-em-bariloche\/\" \/>\n<meta property=\"og:site_name\" content=\"Passeios em Bariloche | Neve, aventura e natureza na Argentina\" \/>\n<meta property=\"article:modified_time\" content=\"2026-04-08T19:21:33+00:00\" \/>\n<meta property=\"og:image\" content=\"https:\/\/passeiosbariloche.com\/wp-content\/uploads\/2026\/01\/tikiprincipal.jpeg\" \/>\n\t<meta property=\"og:image:width\" content=\"1120\" \/>\n\t<meta property=\"og:image:height\" content=\"1280\" \/>\n\t<meta property=\"og:image:type\" content=\"image\/jpeg\" \/>\n<meta name=\"twitter:card\" content=\"summary_large_image\" \/>\n<meta name=\"twitter:label1\" content=\"Pre\u00e7o\" \/>\n\t<meta name=\"twitter:data1\" content=\"&#036;&nbsp;132.000,00\" \/>\n\t<meta name=\"twitter:label2\" content=\"Disponibilidade\" \/>\n\t<meta name=\"twitter:data2\" content=\"Em Estoque\" \/>\n<script type=\"application\/ld+json\" class=\"yoast-schema-graph\">{\"@context\":\"https:\/\/schema.org\",\"@graph\":[{\"@type\":[\"WebPage\",\"ItemPage\"],\"@id\":\"https:\/\/passeiosbariloche.com\/product\/buceo-bautismo-bariloche\/\",\"url\":\"https:\/\/passeiosbariloche.com\/product\/buceo-bautismo-bariloche\/\",\"name\":\"Buceo Bautismo en Bariloche - Passeios em Bariloche | Neve, aventura e natureza na Argentina\",\"isPartOf\":{\"@id\":\"https:\/\/passeiosbariloche.com\/#website\"},\"primaryImageOfPage\":{\"@id\":\"https:\/\/passeiosbariloche.com\/product\/buceo-bautismo-bariloche\/#primaryimage\"},\"image\":{\"@id\":\"https:\/\/passeiosbariloche.com\/product\/buceo-bautismo-bariloche\/#primaryimage\"},\"thumbnailUrl\":\"https:\/\/passeiosbariloche.com\/wp-content\/uploads\/2026\/01\/tikiprincipal.jpeg\",\"datePublished\":\"2026-01-28T15:43:08+00:00\",\"dateModified\":\"2026-04-08T19:21:33+00:00\",\"description\":\"Viv\u00ed el buceo bautismo en Bariloche. Sumergite en el Lago Moreno con instructores certificados y descubr\u00ed un mundo natural de calma y belleza patag\u00f3nica.\",\"breadcrumb\":{\"@id\":\"https:\/\/passeiosbariloche.com\/product\/buceo-bautismo-bariloche\/#breadcrumb\"},\"inLanguage\":\"pt-BR\",\"potentialAction\":[{\"@type\":\"ReadAction\",\"target\":[\"https:\/\/passeiosbariloche.com\/product\/buceo-bautismo-bariloche\/\"]}]},{\"@type\":\"ImageObject\",\"inLanguage\":\"pt-BR\",\"@id\":\"https:\/\/passeiosbariloche.com\/product\/buceo-bautismo-bariloche\/#primaryimage\",\"url\":\"https:\/\/passeiosbariloche.com\/wp-content\/uploads\/2026\/01\/tikiprincipal.jpeg\",\"contentUrl\":\"https:\/\/passeiosbariloche.com\/wp-content\/uploads\/2026\/01\/tikiprincipal.jpeg\",\"width\":1120,\"height\":1280},{\"@type\":\"BreadcrumbList\",\"@id\":\"https:\/\/passeiosbariloche.com\/product\/buceo-bautismo-bariloche\/#breadcrumb\",\"itemListElement\":[{\"@type\":\"ListItem\",\"position\":1,\"name\":\"Home\",\"item\":\"https:\/\/passeiosbariloche.com\/\"},{\"@type\":\"ListItem\",\"position\":2,\"name\":\"Lista de excursiones\",\"item\":\"https:\/\/passeiosbariloche.com\/shop\/\"},{\"@type\":\"ListItem\",\"position\":3,\"name\":\"Buceo Bautismo en Bariloche\"}]},{\"@type\":\"WebSite\",\"@id\":\"https:\/\/passeiosbariloche.com\/#website\",\"url\":\"https:\/\/passeiosbariloche.com\/\",\"name\":\"Passeios em Bariloche | Aventura e natureza na Argentina\",\"description\":\"Planeje sua viagem para Bariloche com os melhores passeios! Atividades na neve, aventura e paisagens deslumbrantes na Patag\u00f4nia.\",\"potentialAction\":[{\"@type\":\"SearchAction\",\"target\":{\"@type\":\"EntryPoint\",\"urlTemplate\":\"https:\/\/passeiosbariloche.com\/?s={search_term_string}\"},\"query-input\":{\"@type\":\"PropertyValueSpecification\",\"valueRequired\":true,\"valueName\":\"search_term_string\"}}],\"inLanguage\":\"pt-BR\"}]}<\/script>\n<meta property=\"product:price:amount\" content=\"132000.00\" \/>\n<meta property=\"product:price:currency\" content=\"ARS\" \/>\n<meta property=\"og:availability\" content=\"instock\" \/>\n<meta property=\"product:availability\" content=\"instock\" \/>\n<meta property=\"product:retailer_item_id\" content=\"ADV2026BABU9T4K\" \/>\n<meta property=\"product:condition\" content=\"new\" \/>\n<!-- \/ Yoast SEO Premium plugin. -->","yoast_head_json":{"title":"Batismo de Mergulho em Bariloche - Passeios em Bariloche | Neve, aventura e natureza na Argentina","description":"Experimente o mergulho aut\u00f4nomo em Bariloche. Mergulhe no Lago Moreno com instrutores certificados e descubra um mundo natural de calma e beleza patag\u00f4nica.","robots":{"index":"index","follow":"follow","max-snippet":"max-snippet:-1","max-image-preview":"max-image-preview:large","max-video-preview":"max-video-preview:-1"},"canonical":"https:\/\/passeiosbariloche.com\/pt\/product\/mergulho-autonomo-em-bariloche\/","og_locale":"pt_BR","og_type":"article","og_title":"Buceo Bautismo en Bariloche","og_description":"Viv\u00ed el buceo bautismo en Bariloche. Sumergite en el Lago Moreno con instructores certificados y descubr\u00ed un mundo natural de calma y belleza patag\u00f3nica.","og_url":"https:\/\/passeiosbariloche.com\/pt\/product\/mergulho-autonomo-em-bariloche\/","og_site_name":"Passeios em Bariloche | Neve, aventura e natureza na Argentina","article_modified_time":"2026-04-08T19:21:33+00:00","og_image":[{"width":1120,"height":1280,"url":"https:\/\/passeiosbariloche.com\/wp-content\/uploads\/2026\/01\/tikiprincipal.jpeg","type":"image\/jpeg"}],"twitter_card":"summary_large_image","twitter_misc":{"Pre\u00e7o":"&#36;&nbsp;132.000,00","Disponibilidade":"Em Estoque"},"schema":{"@context":"https:\/\/schema.org","@graph":[{"@type":["WebPage","ItemPage"],"@id":"https:\/\/passeiosbariloche.com\/product\/buceo-bautismo-bariloche\/","url":"https:\/\/passeiosbariloche.com\/product\/buceo-bautismo-bariloche\/","name":"Batismo de Mergulho em Bariloche - Passeios em Bariloche | Neve, aventura e natureza na Argentina","isPartOf":{"@id":"https:\/\/passeiosbariloche.com\/#website"},"primaryImageOfPage":{"@id":"https:\/\/passeiosbariloche.com\/product\/buceo-bautismo-bariloche\/#primaryimage"},"image":{"@id":"https:\/\/passeiosbariloche.com\/product\/buceo-bautismo-bariloche\/#primaryimage"},"thumbnailUrl":"https:\/\/passeiosbariloche.com\/wp-content\/uploads\/2026\/01\/tikiprincipal.jpeg","datePublished":"2026-01-28T15:43:08+00:00","dateModified":"2026-04-08T19:21:33+00:00","description":"Experimente o mergulho aut\u00f4nomo em Bariloche. Mergulhe no Lago Moreno com instrutores certificados e descubra um mundo natural de calma e beleza patag\u00f4nica.","breadcrumb":{"@id":"https:\/\/passeiosbariloche.com\/product\/buceo-bautismo-bariloche\/#breadcrumb"},"inLanguage":"pt-BR","potentialAction":[{"@type":"ReadAction","target":["https:\/\/passeiosbariloche.com\/product\/buceo-bautismo-bariloche\/"]}]},{"@type":"ImageObject","inLanguage":"pt-BR","@id":"https:\/\/passeiosbariloche.com\/product\/buceo-bautismo-bariloche\/#primaryimage","url":"https:\/\/passeiosbariloche.com\/wp-content\/uploads\/2026\/01\/tikiprincipal.jpeg","contentUrl":"https:\/\/passeiosbariloche.com\/wp-content\/uploads\/2026\/01\/tikiprincipal.jpeg","width":1120,"height":1280},{"@type":"BreadcrumbList","@id":"https:\/\/passeiosbariloche.com\/product\/buceo-bautismo-bariloche\/#breadcrumb","itemListElement":[{"@type":"ListItem","position":1,"name":"Home","item":"https:\/\/passeiosbariloche.com\/"},{"@type":"ListItem","position":2,"name":"Lista de excursiones","item":"https:\/\/passeiosbariloche.com\/shop\/"},{"@type":"ListItem","position":3,"name":"Buceo Bautismo en Bariloche"}]},{"@type":"WebSite","@id":"https:\/\/passeiosbariloche.com\/#website","url":"https:\/\/passeiosbariloche.com\/","name":"Passeios em Bariloche | Aventura e natureza na Argentina","description":"Planeje sua viagem a Bariloche com as melhores viagens! Atividades na neve, aventura e paisagens deslumbrantes na Patag\u00f4nia.","potentialAction":[{"@type":"SearchAction","target":{"@type":"EntryPoint","urlTemplate":"https:\/\/passeiosbariloche.com\/?s={search_term_string}"},"query-input":{"@type":"PropertyValueSpecification","valueRequired":true,"valueName":"search_term_string"}}],"inLanguage":"pt-BR"}]},"product_price_amount":"132000.00","product_price_currency":"ARS","og_availability":"instock","product_availability":"instock","product_retailer_item_id":"ADV2026BABU9T4K","product_condition":"new"},"_links":{"self":[{"href":"https:\/\/passeiosbariloche.com\/pt\/wp-json\/wp\/v2\/product\/84288","targetHints":{"allow":["GET"]}}],"collection":[{"href":"https:\/\/passeiosbariloche.com\/pt\/wp-json\/wp\/v2\/product"}],"about":[{"href":"https:\/\/passeiosbariloche.com\/pt\/wp-json\/wp\/v2\/types\/product"}],"replies":[{"embeddable":true,"href":"https:\/\/passeiosbariloche.com\/pt\/wp-json\/wp\/v2\/comments?post=84288"}],"version-history":[{"count":7,"href":"https:\/\/passeiosbariloche.com\/pt\/wp-json\/wp\/v2\/product\/84288\/revisions"}],"predecessor-version":[{"id":84413,"href":"https:\/\/passeiosbariloche.com\/pt\/wp-json\/wp\/v2\/product\/84288\/revisions\/84413"}],"wp:featuredmedia":[{"embeddable":true,"href":"https:\/\/passeiosbariloche.com\/pt\/wp-json\/wp\/v2\/media\/84289"}],"wp:attachment":[{"href":"https:\/\/passeiosbariloche.com\/pt\/wp-json\/wp\/v2\/media?parent=84288"}],"wp:term":[{"taxonomy":"product_brand","embeddable":true,"href":"https:\/\/passeiosbariloche.com\/pt\/wp-json\/wp\/v2\/product_brand?post=84288"},{"taxonomy":"product_cat","embeddable":true,"href":"https:\/\/passeiosbariloche.com\/pt\/wp-json\/wp\/v2\/product_cat?post=84288"},{"taxonomy":"product_tag","embeddable":true,"href":"https:\/\/passeiosbariloche.com\/pt\/wp-json\/wp\/v2\/product_tag?post=84288"}],"curies":[{"name":"wp","href":"https:\/\/api.w.org\/{rel}","templated":true}]}}