{"id":84496,"date":"2026-04-13T12:30:51","date_gmt":"2026-04-13T15:30:51","guid":{"rendered":"https:\/\/passeiosbariloche.com\/?post_type=product&#038;p=84496"},"modified":"2026-04-16T12:19:19","modified_gmt":"2026-04-16T15:19:19","slug":"culipatin-y-trineos-en-cerro-lopez","status":"publish","type":"product","link":"https:\/\/passeiosbariloche.com\/pt\/product\/culipatina-e-treno-no-cerro-lopez\/","title":{"rendered":"Culipat\u00edn e tren\u00f3 em Cerro L\u00f3pez"},"content":{"rendered":"<h3 class=\"ai-optimize-26\"><b>Divers\u00e3o na neve para toda a fam\u00edlia<\/b><\/h3>\n<p class=\"ai-optimize-29 ai-optimize-introduction\"><span style=\"font-weight: 400;\">A experi\u00eancia come\u00e7a com o traslado de Bariloche at\u00e9 a base do Cerro L\u00f3pez, onde se inicia a subida em ve\u00edculos 4\u00d74 at\u00e9 a \u00e1rea de atividade. <\/span><span style=\"font-weight: 400;\">Uma vez na montanha, o foco \u00e9 a divers\u00e3o: tempo livre para andar de tren\u00f3 (culipat\u00edn) por encostas preparadas em um ambiente natural cercado por florestas nevadas. <\/span><span style=\"font-weight: 400;\">\u00c9 uma proposta ideal para desfrutar sem experi\u00eancia pr\u00e9via, combinando adrenalina leve, contato com a neve e momentos de divers\u00e3o para todas as idades. <\/span><span style=\"font-weight: 400;\">O dia se encerra com um momento de descanso no ref\u00fagio, onde s\u00e3o oferecidos chocolate quente e bolos fritos, o que acrescenta calor \u00e0 experi\u00eancia.<\/span><\/p>\n<p class=\"ai-optimize-33\"><b>Informa\u00e7\u00f5es pr\u00e1ticas<\/b><\/p>\n<p class=\"ai-optimize-34\"><b>Hor\u00e1rios:<\/b><b><br \/>\n<\/b><span style=\"font-weight: 400;\"> 11:00 \u00e0s 15:00 hs.<\/span><span style=\"font-weight: 400;\"><br \/>\n<\/span><span style=\"font-weight: 400;\"> 13:00 \u00e0s 17:00 hs.<\/span><\/p>\n<p class=\"ai-optimize-35\"><b>Dura\u00e7\u00e3o:<\/b><b><br \/>\n<\/b><span style=\"font-weight: 400;\"> Meio per\u00edodo.<\/span><\/p>\n<p class=\"ai-optimize-36\"><b>Ponto de encontro:<\/b><b><br \/>\n<\/b><span style=\"font-weight: 400;\"> Do centro de Bariloche at\u00e9 o km 8 da Av. Bustillo \/ Pioneros.<\/span><span style=\"font-weight: 400;\"><br \/>\n<\/span><span style=\"font-weight: 400;\"> Hospedagem em dire\u00e7\u00e3o a Colonia Suiza.<\/span><span style=\"font-weight: 400;\"><br \/>\n<\/span><span style=\"font-weight: 400;\"> (Outros pontos a serem consultados).<\/span><\/p>\n<p class=\"ai-optimize-37\"><b>Temporada:<\/b><b><br \/>\n<\/b><span style=\"font-weight: 400;\"> Inverno (maio a outubro).<\/span><\/p>\n<p class=\"ai-optimize-38\"><b>Ele inclui:<\/b><\/p>\n<ul>\n<li class=\"ai-optimize-39\" style=\"font-weight: 400;\" aria-level=\"1\"><span style=\"font-weight: 400;\">Traslado de ida e volta para o aeroporto.<\/span><\/li>\n<li class=\"ai-optimize-40\" style=\"font-weight: 400;\" aria-level=\"1\"><span style=\"font-weight: 400;\">Subida em ve\u00edculos 4\u00d74.<\/span><\/li>\n<li class=\"ai-optimize-41\" style=\"font-weight: 400;\" aria-level=\"1\"><span style=\"font-weight: 400;\">Uso gratuito de tren\u00f3s (culipat\u00edn).<\/span><\/li>\n<li class=\"ai-optimize-42\" style=\"font-weight: 400;\" aria-level=\"1\"><span style=\"font-weight: 400;\">Chocolate quente.<\/span><\/li>\n<li class=\"ai-optimize-43\" style=\"font-weight: 400;\" aria-level=\"1\"><span style=\"font-weight: 400;\">Bolos fritos.<\/span><\/li>\n<\/ul>\n<p class=\"ai-optimize-44\"><b>N\u00e3o inclu\u00eddo:<\/b><\/p>\n<ul>\n<li class=\"ai-optimize-45\" style=\"font-weight: 400;\" aria-level=\"1\"><span style=\"font-weight: 400;\">Almo\u00e7o.<\/span><\/li>\n<\/ul>\n<p class=\"ai-optimize-25\"><b>\u00a0O senhor quer saber mais?<\/b><\/p>\n<p class=\"ai-optimize-26\"><b>\u00c9 necess\u00e1rio ter experi\u00eancia?<\/b><b><br \/>\n<\/b><span style=\"font-weight: 400;\"> N\u00e3o, \u00e9 uma atividade simples, adequada para iniciantes.<\/span><\/p>\n<p class=\"ai-optimize-27\"><b>\u00c9 adequado para crian\u00e7as?<\/b><b><br \/>\n<\/b><span style=\"font-weight: 400;\"> Sim, \u00e9 ideal para fam\u00edlias com crian\u00e7as.<\/span><\/p>\n<p class=\"ai-optimize-28\"><b>Que roupas s\u00e3o recomendadas?<\/b><b><br \/>\n<\/b><span style=\"font-weight: 400;\"> Roupas para neve ou casaco imperme\u00e1vel, luvas e cal\u00e7ados adequados.<\/span><\/p>\n<p class=\"ai-optimize-29\"><b>Quanto tempo dura a atividade?<\/b><b><br \/>\n<\/b><span style=\"font-weight: 400;\"> H\u00e1 tempo livre para aproveitar os tren\u00f3s durante a excurs\u00e3o.<\/span><\/p>\n<p class=\"ai-optimize-48\"><strong>Aviso importante<\/strong>Este passeio j\u00e1 est\u00e1 dispon\u00edvel para pr\u00e9-reserva. As sa\u00eddas ocorrem de 15 de junho a 20 de agosto, sujeitas ao calend\u00e1rio sazonal.<\/p>\n<p><em>As imagens s\u00e3o ilustrativas e representativas da atividade.<\/em><\/p>","protected":false},"excerpt":{"rendered":"<p>Divers\u00e3o na neve para toda a fam\u00edlia A experi\u00eancia come\u00e7a com o traslado de Bariloche at\u00e9 a base do<\/p>","protected":false},"featured_media":84515,"comment_status":"open","ping_status":"closed","template":"","meta":[],"product_brand":[],"product_cat":[105,115,106,118,132],"product_tag":[],"class_list":{"0":"post-84496","1":"product","2":"type-product","3":"status-publish","4":"has-post-thumbnail","6":"product_cat-adultos","7":"product_cat-con-traslado","8":"product_cat-familia","9":"product_cat-invierno","10":"product_cat-sin-comida","12":"first","13":"instock","14":"virtual","15":"sold-individually","16":"purchasable","17":"product-type-booking"},"booking_location":"","booking_location_type":"","booking_duration":1,"booking_duration_unit":"hour","booking_buffer":0,"booking_cost":0,"booking_resources":[],"exclude_global_add_ons":false,"addons":[{"name":"ADU : Adulto","type":"input_multiplier","position":0,"required":false,"title_format":"label","default":"","description_enable":false,"description":"","placeholder_enable":false,"placeholder":"","display":"select","restrictions_type":"any_text","adjust_price":true,"price":"119500","price_type":"quantity_based","restrictions":false,"min":"0","max":"0","options":[],"id":1776083452},{"name":"MEN412 : de 4 a 12","type":"input_multiplier","position":1,"required":false,"title_format":"label","default":"","description_enable":false,"description":"","placeholder_enable":false,"placeholder":"","display":"select","restrictions_type":"any_text","adjust_price":true,"price":"109500","price_type":"quantity_based","restrictions":false,"min":"0","max":"0","options":[],"id":1776083453},{"name":"INF04 | De 0 a 4","type":"input_multiplier","position":2,"required":false,"title_format":"label","default":"","description_enable":false,"description":"","placeholder_enable":false,"placeholder":"","display":"select","restrictions_type":"any_text","adjust_price":true,"price":"","price_type":"quantity_based","restrictions":false,"min":"0","max":"0","options":[],"id":1776083454}],"yoast_head":"<!-- This site is optimized with the Yoast SEO Premium plugin v24.5 (Yoast SEO v24.8) - https:\/\/yoast.com\/wordpress\/plugins\/seo\/ -->\n<title>Culipat\u00edn y Trineos en Cerro L\u00f3pez - Passeios em Bariloche | Neve, aventura e natureza na Argentina<\/title>\n<meta name=\"robots\" content=\"index, follow, max-snippet:-1, max-image-preview:large, max-video-preview:-1\" \/>\n<link rel=\"canonical\" href=\"https:\/\/passeiosbariloche.com\/pt\/product\/culipatina-e-treno-no-cerro-lopez\/\" \/>\n<meta property=\"og:locale\" content=\"pt_BR\" \/>\n<meta property=\"og:type\" content=\"article\" \/>\n<meta property=\"og:title\" content=\"Culipat\u00edn y Trineos en Cerro L\u00f3pez\" \/>\n<meta property=\"og:description\" content=\"Diversi\u00f3n en la nieve para toda la familia La experiencia comienza con el traslado desde Bariloche hacia la base del\" \/>\n<meta property=\"og:url\" content=\"https:\/\/passeiosbariloche.com\/pt\/product\/culipatina-e-treno-no-cerro-lopez\/\" \/>\n<meta property=\"og:site_name\" content=\"Passeios em Bariloche | Neve, aventura e natureza na Argentina\" \/>\n<meta property=\"article:modified_time\" content=\"2026-04-16T15:19:19+00:00\" \/>\n<meta property=\"og:image\" content=\"https:\/\/passeiosbariloche.com\/wp-content\/uploads\/2026\/04\/image_Pippit_202604071526-1.png\" \/>\n\t<meta property=\"og:image:width\" content=\"1133\" \/>\n\t<meta property=\"og:image:height\" content=\"850\" \/>\n\t<meta property=\"og:image:type\" content=\"image\/png\" \/>\n<meta name=\"twitter:card\" content=\"summary_large_image\" \/>\n<meta name=\"twitter:label1\" content=\"Pre\u00e7o\" \/>\n\t<meta name=\"twitter:data1\" content=\"&#036;&nbsp;119.500,00\" \/>\n\t<meta name=\"twitter:label2\" content=\"Disponibilidade\" \/>\n\t<meta name=\"twitter:data2\" content=\"Em Estoque\" \/>\n<script type=\"application\/ld+json\" class=\"yoast-schema-graph\">{\"@context\":\"https:\/\/schema.org\",\"@graph\":[{\"@type\":[\"WebPage\",\"ItemPage\"],\"@id\":\"https:\/\/passeiosbariloche.com\/product\/culipatin-y-trineos-en-cerro-lopez\/\",\"url\":\"https:\/\/passeiosbariloche.com\/product\/culipatin-y-trineos-en-cerro-lopez\/\",\"name\":\"Culipat\u00edn y Trineos en Cerro L\u00f3pez - Passeios em Bariloche | Neve, aventura e natureza na Argentina\",\"isPartOf\":{\"@id\":\"https:\/\/passeiosbariloche.com\/#website\"},\"primaryImageOfPage\":{\"@id\":\"https:\/\/passeiosbariloche.com\/product\/culipatin-y-trineos-en-cerro-lopez\/#primaryimage\"},\"image\":{\"@id\":\"https:\/\/passeiosbariloche.com\/product\/culipatin-y-trineos-en-cerro-lopez\/#primaryimage\"},\"thumbnailUrl\":\"https:\/\/passeiosbariloche.com\/wp-content\/uploads\/2026\/04\/image_Pippit_202604071526-1.png\",\"datePublished\":\"2026-04-13T15:30:51+00:00\",\"dateModified\":\"2026-04-16T15:19:19+00:00\",\"breadcrumb\":{\"@id\":\"https:\/\/passeiosbariloche.com\/product\/culipatin-y-trineos-en-cerro-lopez\/#breadcrumb\"},\"inLanguage\":\"pt-BR\",\"potentialAction\":[{\"@type\":\"ReadAction\",\"target\":[\"https:\/\/passeiosbariloche.com\/product\/culipatin-y-trineos-en-cerro-lopez\/\"]}]},{\"@type\":\"ImageObject\",\"inLanguage\":\"pt-BR\",\"@id\":\"https:\/\/passeiosbariloche.com\/product\/culipatin-y-trineos-en-cerro-lopez\/#primaryimage\",\"url\":\"https:\/\/passeiosbariloche.com\/wp-content\/uploads\/2026\/04\/image_Pippit_202604071526-1.png\",\"contentUrl\":\"https:\/\/passeiosbariloche.com\/wp-content\/uploads\/2026\/04\/image_Pippit_202604071526-1.png\",\"width\":1133,\"height\":850},{\"@type\":\"BreadcrumbList\",\"@id\":\"https:\/\/passeiosbariloche.com\/product\/culipatin-y-trineos-en-cerro-lopez\/#breadcrumb\",\"itemListElement\":[{\"@type\":\"ListItem\",\"position\":1,\"name\":\"Home\",\"item\":\"https:\/\/passeiosbariloche.com\/\"},{\"@type\":\"ListItem\",\"position\":2,\"name\":\"Lista de excursiones\",\"item\":\"https:\/\/passeiosbariloche.com\/shop\/\"},{\"@type\":\"ListItem\",\"position\":3,\"name\":\"Culipat\u00edn y Trineos en Cerro L\u00f3pez\"}]},{\"@type\":\"WebSite\",\"@id\":\"https:\/\/passeiosbariloche.com\/#website\",\"url\":\"https:\/\/passeiosbariloche.com\/\",\"name\":\"Passeios em Bariloche | Aventura e natureza na Argentina\",\"description\":\"Planeje sua viagem para Bariloche com os melhores passeios! Atividades na neve, aventura e paisagens deslumbrantes na Patag\u00f4nia.\",\"potentialAction\":[{\"@type\":\"SearchAction\",\"target\":{\"@type\":\"EntryPoint\",\"urlTemplate\":\"https:\/\/passeiosbariloche.com\/?s={search_term_string}\"},\"query-input\":{\"@type\":\"PropertyValueSpecification\",\"valueRequired\":true,\"valueName\":\"search_term_string\"}}],\"inLanguage\":\"pt-BR\"}]}<\/script>\n<meta property=\"product:price:amount\" content=\"119500.00\" \/>\n<meta property=\"product:price:currency\" content=\"ARS\" \/>\n<meta property=\"og:availability\" content=\"instock\" \/>\n<meta property=\"product:availability\" content=\"instock\" \/>\n<meta property=\"product:retailer_item_id\" content=\"ADV2026CUTREN9X4M\" \/>\n<meta property=\"product:condition\" content=\"new\" \/>\n<!-- \/ Yoast SEO Premium plugin. -->","yoast_head_json":{"title":"Culipat\u00edn e tren\u00f3s no Cerro L\u00f3pez - Passeios em Bariloche | Neve, aventura e natureza na Argentina","robots":{"index":"index","follow":"follow","max-snippet":"max-snippet:-1","max-image-preview":"max-image-preview:large","max-video-preview":"max-video-preview:-1"},"canonical":"https:\/\/passeiosbariloche.com\/pt\/product\/culipatina-e-treno-no-cerro-lopez\/","og_locale":"pt_BR","og_type":"article","og_title":"Culipat\u00edn y Trineos en Cerro L\u00f3pez","og_description":"Diversi\u00f3n en la nieve para toda la familia La experiencia comienza con el traslado desde Bariloche hacia la base del","og_url":"https:\/\/passeiosbariloche.com\/pt\/product\/culipatina-e-treno-no-cerro-lopez\/","og_site_name":"Passeios em Bariloche | Neve, aventura e natureza na Argentina","article_modified_time":"2026-04-16T15:19:19+00:00","og_image":[{"width":1133,"height":850,"url":"https:\/\/passeiosbariloche.com\/wp-content\/uploads\/2026\/04\/image_Pippit_202604071526-1.png","type":"image\/png"}],"twitter_card":"summary_large_image","twitter_misc":{"Pre\u00e7o":"&#36;&nbsp;119.500,00","Disponibilidade":"Em Estoque"},"schema":{"@context":"https:\/\/schema.org","@graph":[{"@type":["WebPage","ItemPage"],"@id":"https:\/\/passeiosbariloche.com\/product\/culipatin-y-trineos-en-cerro-lopez\/","url":"https:\/\/passeiosbariloche.com\/product\/culipatin-y-trineos-en-cerro-lopez\/","name":"Culipat\u00edn e tren\u00f3s no Cerro L\u00f3pez - Passeios em Bariloche | Neve, aventura e natureza na Argentina","isPartOf":{"@id":"https:\/\/passeiosbariloche.com\/#website"},"primaryImageOfPage":{"@id":"https:\/\/passeiosbariloche.com\/product\/culipatin-y-trineos-en-cerro-lopez\/#primaryimage"},"image":{"@id":"https:\/\/passeiosbariloche.com\/product\/culipatin-y-trineos-en-cerro-lopez\/#primaryimage"},"thumbnailUrl":"https:\/\/passeiosbariloche.com\/wp-content\/uploads\/2026\/04\/image_Pippit_202604071526-1.png","datePublished":"2026-04-13T15:30:51+00:00","dateModified":"2026-04-16T15:19:19+00:00","breadcrumb":{"@id":"https:\/\/passeiosbariloche.com\/product\/culipatin-y-trineos-en-cerro-lopez\/#breadcrumb"},"inLanguage":"pt-BR","potentialAction":[{"@type":"ReadAction","target":["https:\/\/passeiosbariloche.com\/product\/culipatin-y-trineos-en-cerro-lopez\/"]}]},{"@type":"ImageObject","inLanguage":"pt-BR","@id":"https:\/\/passeiosbariloche.com\/product\/culipatin-y-trineos-en-cerro-lopez\/#primaryimage","url":"https:\/\/passeiosbariloche.com\/wp-content\/uploads\/2026\/04\/image_Pippit_202604071526-1.png","contentUrl":"https:\/\/passeiosbariloche.com\/wp-content\/uploads\/2026\/04\/image_Pippit_202604071526-1.png","width":1133,"height":850},{"@type":"BreadcrumbList","@id":"https:\/\/passeiosbariloche.com\/product\/culipatin-y-trineos-en-cerro-lopez\/#breadcrumb","itemListElement":[{"@type":"ListItem","position":1,"name":"Home","item":"https:\/\/passeiosbariloche.com\/"},{"@type":"ListItem","position":2,"name":"Lista de excursiones","item":"https:\/\/passeiosbariloche.com\/shop\/"},{"@type":"ListItem","position":3,"name":"Culipat\u00edn y Trineos en Cerro L\u00f3pez"}]},{"@type":"WebSite","@id":"https:\/\/passeiosbariloche.com\/#website","url":"https:\/\/passeiosbariloche.com\/","name":"Passeios em Bariloche | Aventura e natureza na Argentina","description":"Planeje sua viagem a Bariloche com as melhores viagens! Atividades na neve, aventura e paisagens deslumbrantes na Patag\u00f4nia.","potentialAction":[{"@type":"SearchAction","target":{"@type":"EntryPoint","urlTemplate":"https:\/\/passeiosbariloche.com\/?s={search_term_string}"},"query-input":{"@type":"PropertyValueSpecification","valueRequired":true,"valueName":"search_term_string"}}],"inLanguage":"pt-BR"}]},"product_price_amount":"119500.00","product_price_currency":"ARS","og_availability":"instock","product_availability":"instock","product_retailer_item_id":"ADV2026CUTREN9X4M","product_condition":"new"},"_links":{"self":[{"href":"https:\/\/passeiosbariloche.com\/pt\/wp-json\/wp\/v2\/product\/84496","targetHints":{"allow":["GET"]}}],"collection":[{"href":"https:\/\/passeiosbariloche.com\/pt\/wp-json\/wp\/v2\/product"}],"about":[{"href":"https:\/\/passeiosbariloche.com\/pt\/wp-json\/wp\/v2\/types\/product"}],"replies":[{"embeddable":true,"href":"https:\/\/passeiosbariloche.com\/pt\/wp-json\/wp\/v2\/comments?post=84496"}],"version-history":[{"count":3,"href":"https:\/\/passeiosbariloche.com\/pt\/wp-json\/wp\/v2\/product\/84496\/revisions"}],"predecessor-version":[{"id":84503,"href":"https:\/\/passeiosbariloche.com\/pt\/wp-json\/wp\/v2\/product\/84496\/revisions\/84503"}],"wp:featuredmedia":[{"embeddable":true,"href":"https:\/\/passeiosbariloche.com\/pt\/wp-json\/wp\/v2\/media\/84515"}],"wp:attachment":[{"href":"https:\/\/passeiosbariloche.com\/pt\/wp-json\/wp\/v2\/media?parent=84496"}],"wp:term":[{"taxonomy":"product_brand","embeddable":true,"href":"https:\/\/passeiosbariloche.com\/pt\/wp-json\/wp\/v2\/product_brand?post=84496"},{"taxonomy":"product_cat","embeddable":true,"href":"https:\/\/passeiosbariloche.com\/pt\/wp-json\/wp\/v2\/product_cat?post=84496"},{"taxonomy":"product_tag","embeddable":true,"href":"https:\/\/passeiosbariloche.com\/pt\/wp-json\/wp\/v2\/product_tag?post=84496"}],"curies":[{"name":"wp","href":"https:\/\/api.w.org\/{rel}","templated":true}]}}